{"id":1336,"date":"2023-04-26T13:17:41","date_gmt":"2023-04-26T11:17:41","guid":{"rendered":"https:\/\/www.cesenaticohotel.com\/hotels\/hotel-atlantica"},"modified":"2023-08-22T09:07:36","modified_gmt":"2023-08-22T07:07:36","slug":"hotel-atlantica","status":"publish","type":"page","link":"https:\/\/www.cesenaticohotel.com\/fr\/hotels\/hotel-atlantica","title":{"rendered":"H\u00f4tel Atlantica"},"content":{"rendered":"\n<p>L&#039;<b>H\u00f4tel Atlantica de Cesenatico <\/b>est situ\u00e9 en front de mer, il suffit de traverser le jardin pour arriver dans le magnifique <b>\u00e9tablissement de 10 000 m\u00e8tres carr\u00e9s<\/b> avec des terrains de beach volley, de beach tennis, de foot volley, de teqball, des cours de fitness et de yoga, une terrasse panoramique. Pour les <b>enfants, il y a Ludomare<\/b>, une aire de jeux avec des ateliers et des jeux, des activit\u00e9s sportives et de fantastiques f\u00eates.<\/p>\n\n\n\n<!--more-->\n\n\n\n<p>Vous pouvez opter pour la<b> formule all inclusive, <\/b>pour des vacances sans soucis qui comprennent \u00e9galement des parasols et des chaises longues r\u00e9serv\u00e9s, de l&#039;eau, du vin et des boissons non alcoolis\u00e9es pendant les repas, l&#039;animation hebdomadaire, les cours de fitness et d&#039;aquagym, les v\u00e9los, le parking.<\/p>\n\n\n\n<p>Pour les <b>cyclistes<\/b>, l&#039;Hotel Atlantica propose des <b>services sp\u00e9cifiques pour les cyclistes<\/b>, tels que la bike room, l&#039;atelier pour les petites r\u00e9parations, la buanderie pour les v\u00eatements de sport, un petit-d\u00e9jeuner renforc\u00e9 \u00e0 horaire anticip\u00e9, un d\u00eener avec des menus sp\u00e9cifiques pour les cyclistes, des guides cyclistes et la possibilit\u00e9 de r\u00e9server des circuits en v\u00e9lo sur mesure.<\/p>\n\n\n\n<p>Les vacances se poursuivent \u00e9galement \u00e0 table, avec une exp\u00e9rience de v\u00e9ritables gourmets. <b>Le petit-d\u00e9jeuner, de 7h30 \u00e0 10h00<\/b>, <b>est un buffet<\/b> avec des g\u00e2teaux, des tartes et des biscuits faits maison, des cr\u00eapes, des gaufres, des \u0153ufs cuits \u00e0 la demande, des charcuteries et des fromages locaux, des fruits et des jus de l\u00e9gumes pr\u00e9par\u00e9s avec les produits frais du mara\u00eecher de confiance, des yaourts, des c\u00e9r\u00e9ales, du caf\u00e9. <b>Pour le d\u00e9jeuner et le d\u00eener<\/b>, vous pouvez choisir o\u00f9 manger, que ce soit dans la grande salle climatis\u00e9e et lumineuse, dans la v\u00e9randa de style Liberty ou \u00e0 l&#039;ext\u00e9rieur sur la terrasse. Vous pouvez \u00e9galement d\u00e9jeuner au restaurant de plage. Chaque jour, vous pourrez d\u00e9guster de d\u00e9licieux plats de p\u00e2tes fra\u00eeches, \u00e9galement faits \u00e0 la main, de la viande et du poisson, de savoureuses entr\u00e9es, des fritures de poisson, d&#039;excellentes l\u00e9gumes et des desserts de la p\u00e2tisserie interne.<\/p>\n","protected":false},"excerpt":{"rendered":"<p>L&#039;H\u00f4tel Atlantica de Cesenatico est situ\u00e9 en front de mer, il suffit de traverser le jardin pour arriver dans le magnifique \u00e9tablissement de 10 000 m\u00e8tres carr\u00e9s avec des terrains de beach volley, de beach tennis, de foot volley, de teqball, des cours de fitness et de yoga, une terrasse panoramique. Pour les enfants, il &hellip;<\/p>\n","protected":false},"author":1,"featured_media":0,"parent":513,"menu_order":0,"comment_status":"closed","ping_status":"closed","template":"page-templates\/scheda_hotel.php","meta":{"_acf_changed":false,"inline_featured_image":false,"footnotes":""},"class_list":["post-1336","page","type-page","status-publish","hentry"],"acf":[],"yoast_head":"<!-- This site is optimized with the Yoast SEO plugin v27.6 - https:\/\/yoast.com\/product\/yoast-seo-wordpress\/ -->\n<title>H\u00f4tel Atlantica***s \u00e0 Cesenatico: h\u00f4tel pour sportifs et familles<\/title>\n<meta name=\"description\" content=\"L&#039;H\u00f4tel Atlantica est en bord de mer, avec plage priv\u00e9e accessible depuis le jardin int\u00e9rieur. Formule tout compris et cuisine pour les intol\u00e9rances et le bio.\" \/>\n<meta name=\"robots\" content=\"index, follow, max-snippet:-1, max-image-preview:large, max-video-preview:-1\" \/>\n<link rel=\"canonical\" href=\"https:\/\/www.cesenaticohotel.com\/fr\/hotels\/hotel-atlantica\" \/>\n<meta property=\"og:locale\" content=\"fr_FR\" \/>\n<meta property=\"og:type\" content=\"article\" \/>\n<meta property=\"og:title\" content=\"H\u00f4tel Atlantica***s \u00e0 Cesenatico: h\u00f4tel pour sportifs et familles\" \/>\n<meta property=\"og:description\" content=\"L&#039;H\u00f4tel Atlantica est en bord de mer, avec plage priv\u00e9e accessible depuis le jardin int\u00e9rieur. Formule tout compris et cuisine pour les intol\u00e9rances et le bio.\" \/>\n<meta property=\"og:url\" content=\"https:\/\/www.cesenaticohotel.com\/fr\/hotels\/hotel-atlantica\" \/>\n<meta property=\"og:site_name\" content=\"Cesenatico Hotel\" \/>\n<meta property=\"article:modified_time\" content=\"2023-08-22T07:07:36+00:00\" \/>\n<meta property=\"og:image\" content=\"https:\/\/www.cesenaticohotel.com\/wp-content\/uploads\/2023\/05\/immagine-sito.jpg\" \/>\n\t<meta property=\"og:image:width\" content=\"1200\" \/>\n\t<meta property=\"og:image:height\" content=\"675\" \/>\n\t<meta property=\"og:image:type\" content=\"image\/jpeg\" \/>\n<meta name=\"twitter:card\" content=\"summary_large_image\" \/>\n<meta name=\"twitter:label1\" content=\"Dur\u00e9e de lecture estim\u00e9e\" \/>\n\t<meta name=\"twitter:data1\" content=\"2 minutes\" \/>\n<script type=\"application\/ld+json\" class=\"yoast-schema-graph\">{\"@context\":\"https:\\\/\\\/schema.org\",\"@graph\":[{\"@type\":\"WebPage\",\"@id\":\"https:\\\/\\\/www.cesenaticohotel.com\\\/fr\\\/hotels\\\/hotel-atlantica\",\"url\":\"https:\\\/\\\/www.cesenaticohotel.com\\\/fr\\\/hotels\\\/hotel-atlantica\",\"name\":\"H\u00f4tel Atlantica***s \u00e0 Cesenatico: h\u00f4tel pour sportifs et familles\",\"isPartOf\":{\"@id\":\"https:\\\/\\\/www.cesenaticohotel.com\\\/fr\\\/#website\"},\"datePublished\":\"2023-04-26T11:17:41+00:00\",\"dateModified\":\"2023-08-22T07:07:36+00:00\",\"description\":\"L'H\u00f4tel Atlantica est en bord de mer, avec plage priv\u00e9e accessible depuis le jardin int\u00e9rieur. Formule tout compris et cuisine pour les intol\u00e9rances et le bio.\",\"breadcrumb\":{\"@id\":\"https:\\\/\\\/www.cesenaticohotel.com\\\/fr\\\/hotels\\\/hotel-atlantica#breadcrumb\"},\"inLanguage\":\"fr-FR\",\"potentialAction\":[{\"@type\":\"ReadAction\",\"target\":[\"https:\\\/\\\/www.cesenaticohotel.com\\\/fr\\\/hotels\\\/hotel-atlantica\"]}]},{\"@type\":\"BreadcrumbList\",\"@id\":\"https:\\\/\\\/www.cesenaticohotel.com\\\/fr\\\/hotels\\\/hotel-atlantica#breadcrumb\",\"itemListElement\":[{\"@type\":\"ListItem\",\"position\":1,\"name\":\"Home\",\"item\":\"https:\\\/\\\/www.cesenaticohotel.com\\\/fr\"},{\"@type\":\"ListItem\",\"position\":2,\"name\":\"H\u00f4tel\",\"item\":\"https:\\\/\\\/www.cesenaticohotel.com\\\/fr\\\/hotels\"},{\"@type\":\"ListItem\",\"position\":3,\"name\":\"H\u00f4tel Atlantica\"}]},{\"@type\":\"WebSite\",\"@id\":\"https:\\\/\\\/www.cesenaticohotel.com\\\/fr\\\/#website\",\"url\":\"https:\\\/\\\/www.cesenaticohotel.com\\\/fr\\\/\",\"name\":\"Cesenatico Hotel\",\"description\":\"\",\"publisher\":{\"@id\":\"https:\\\/\\\/www.cesenaticohotel.com\\\/fr\\\/#organization\"},\"potentialAction\":[{\"@type\":\"SearchAction\",\"target\":{\"@type\":\"EntryPoint\",\"urlTemplate\":\"https:\\\/\\\/www.cesenaticohotel.com\\\/fr\\\/?s={search_term_string}\"},\"query-input\":{\"@type\":\"PropertyValueSpecification\",\"valueRequired\":true,\"valueName\":\"search_term_string\"}}],\"inLanguage\":\"fr-FR\"},{\"@type\":\"Organization\",\"@id\":\"https:\\\/\\\/www.cesenaticohotel.com\\\/fr\\\/#organization\",\"name\":\"Cesenatico Hotel\",\"url\":\"https:\\\/\\\/www.cesenaticohotel.com\\\/fr\\\/\",\"logo\":{\"@type\":\"ImageObject\",\"inLanguage\":\"fr-FR\",\"@id\":\"https:\\\/\\\/www.cesenaticohotel.com\\\/fr\\\/#\\\/schema\\\/logo\\\/image\\\/\",\"url\":\"https:\\\/\\\/www.cesenaticohotel.com\\\/wp-content\\\/uploads\\\/2023\\\/05\\\/logo-organizzazione.jpg\",\"contentUrl\":\"https:\\\/\\\/www.cesenaticohotel.com\\\/wp-content\\\/uploads\\\/2023\\\/05\\\/logo-organizzazione.jpg\",\"width\":696,\"height\":696,\"caption\":\"Cesenatico Hotel\"},\"image\":{\"@id\":\"https:\\\/\\\/www.cesenaticohotel.com\\\/fr\\\/#\\\/schema\\\/logo\\\/image\\\/\"}}]}<\/script>\n<!-- \/ Yoast SEO plugin. -->","yoast_head_json":{"title":"H\u00f4tel Atlantica***s \u00e0 Cesenatico: h\u00f4tel pour sportifs et familles","description":"L'H\u00f4tel Atlantica est en bord de mer, avec plage priv\u00e9e accessible depuis le jardin int\u00e9rieur. Formule tout compris et cuisine pour les intol\u00e9rances et le bio.","robots":{"index":"index","follow":"follow","max-snippet":"max-snippet:-1","max-image-preview":"max-image-preview:large","max-video-preview":"max-video-preview:-1"},"canonical":"https:\/\/www.cesenaticohotel.com\/fr\/hotels\/hotel-atlantica","og_locale":"fr_FR","og_type":"article","og_title":"H\u00f4tel Atlantica***s \u00e0 Cesenatico: h\u00f4tel pour sportifs et familles","og_description":"L'H\u00f4tel Atlantica est en bord de mer, avec plage priv\u00e9e accessible depuis le jardin int\u00e9rieur. Formule tout compris et cuisine pour les intol\u00e9rances et le bio.","og_url":"https:\/\/www.cesenaticohotel.com\/fr\/hotels\/hotel-atlantica","og_site_name":"Cesenatico Hotel","article_modified_time":"2023-08-22T07:07:36+00:00","og_image":[{"width":1200,"height":675,"url":"https:\/\/www.cesenaticohotel.com\/wp-content\/uploads\/2023\/05\/immagine-sito.jpg","type":"image\/jpeg"}],"twitter_card":"summary_large_image","twitter_misc":{"Dur\u00e9e de lecture estim\u00e9e":"2 minutes"},"schema":{"@context":"https:\/\/schema.org","@graph":[{"@type":"WebPage","@id":"https:\/\/www.cesenaticohotel.com\/fr\/hotels\/hotel-atlantica","url":"https:\/\/www.cesenaticohotel.com\/fr\/hotels\/hotel-atlantica","name":"H\u00f4tel Atlantica***s \u00e0 Cesenatico: h\u00f4tel pour sportifs et familles","isPartOf":{"@id":"https:\/\/www.cesenaticohotel.com\/fr\/#website"},"datePublished":"2023-04-26T11:17:41+00:00","dateModified":"2023-08-22T07:07:36+00:00","description":"L'H\u00f4tel Atlantica est en bord de mer, avec plage priv\u00e9e accessible depuis le jardin int\u00e9rieur. Formule tout compris et cuisine pour les intol\u00e9rances et le bio.","breadcrumb":{"@id":"https:\/\/www.cesenaticohotel.com\/fr\/hotels\/hotel-atlantica#breadcrumb"},"inLanguage":"fr-FR","potentialAction":[{"@type":"ReadAction","target":["https:\/\/www.cesenaticohotel.com\/fr\/hotels\/hotel-atlantica"]}]},{"@type":"BreadcrumbList","@id":"https:\/\/www.cesenaticohotel.com\/fr\/hotels\/hotel-atlantica#breadcrumb","itemListElement":[{"@type":"ListItem","position":1,"name":"Home","item":"https:\/\/www.cesenaticohotel.com\/fr"},{"@type":"ListItem","position":2,"name":"H\u00f4tel","item":"https:\/\/www.cesenaticohotel.com\/fr\/hotels"},{"@type":"ListItem","position":3,"name":"H\u00f4tel Atlantica"}]},{"@type":"WebSite","@id":"https:\/\/www.cesenaticohotel.com\/fr\/#website","url":"https:\/\/www.cesenaticohotel.com\/fr\/","name":"Cesenatico Hotel","description":"","publisher":{"@id":"https:\/\/www.cesenaticohotel.com\/fr\/#organization"},"potentialAction":[{"@type":"SearchAction","target":{"@type":"EntryPoint","urlTemplate":"https:\/\/www.cesenaticohotel.com\/fr\/?s={search_term_string}"},"query-input":{"@type":"PropertyValueSpecification","valueRequired":true,"valueName":"search_term_string"}}],"inLanguage":"fr-FR"},{"@type":"Organization","@id":"https:\/\/www.cesenaticohotel.com\/fr\/#organization","name":"Cesenatico Hotel","url":"https:\/\/www.cesenaticohotel.com\/fr\/","logo":{"@type":"ImageObject","inLanguage":"fr-FR","@id":"https:\/\/www.cesenaticohotel.com\/fr\/#\/schema\/logo\/image\/","url":"https:\/\/www.cesenaticohotel.com\/wp-content\/uploads\/2023\/05\/logo-organizzazione.jpg","contentUrl":"https:\/\/www.cesenaticohotel.com\/wp-content\/uploads\/2023\/05\/logo-organizzazione.jpg","width":696,"height":696,"caption":"Cesenatico Hotel"},"image":{"@id":"https:\/\/www.cesenaticohotel.com\/fr\/#\/schema\/logo\/image\/"}}]}},"_links":{"self":[{"href":"https:\/\/www.cesenaticohotel.com\/fr\/wp-json\/wp\/v2\/pages\/1336","targetHints":{"allow":["GET"]}}],"collection":[{"href":"https:\/\/www.cesenaticohotel.com\/fr\/wp-json\/wp\/v2\/pages"}],"about":[{"href":"https:\/\/www.cesenaticohotel.com\/fr\/wp-json\/wp\/v2\/types\/page"}],"author":[{"embeddable":true,"href":"https:\/\/www.cesenaticohotel.com\/fr\/wp-json\/wp\/v2\/users\/1"}],"replies":[{"embeddable":true,"href":"https:\/\/www.cesenaticohotel.com\/fr\/wp-json\/wp\/v2\/comments?post=1336"}],"version-history":[{"count":3,"href":"https:\/\/www.cesenaticohotel.com\/fr\/wp-json\/wp\/v2\/pages\/1336\/revisions"}],"predecessor-version":[{"id":5774,"href":"https:\/\/www.cesenaticohotel.com\/fr\/wp-json\/wp\/v2\/pages\/1336\/revisions\/5774"}],"up":[{"embeddable":true,"href":"https:\/\/www.cesenaticohotel.com\/fr\/wp-json\/wp\/v2\/pages\/513"}],"wp:attachment":[{"href":"https:\/\/www.cesenaticohotel.com\/fr\/wp-json\/wp\/v2\/media?parent=1336"}],"curies":[{"name":"wp","href":"https:\/\/api.w.org\/{rel}","templated":true}]}}