{"id":1352,"date":"2023-04-26T13:20:18","date_gmt":"2023-04-26T11:20:18","guid":{"rendered":"https:\/\/www.cesenaticohotel.com\/hotels\/hotel-prestigio"},"modified":"2023-08-22T09:07:38","modified_gmt":"2023-08-22T07:07:38","slug":"hotel-prestigio","status":"publish","type":"page","link":"https:\/\/www.cesenaticohotel.com\/fr\/hotels\/hotel-prestigio","title":{"rendered":"H\u00f4tel Prestigio"},"content":{"rendered":"\n<p>L&#039;<b>H\u00f4tel Prestigio <\/b>est un endroit calme et paisible, o\u00f9 les clients disposent d&#039;un grand espace pour se d\u00e9tendre \u00e0 tout moment de la journ\u00e9e. Dans le<b> jardin<\/b>, il y a une grande <b>piscine chauff\u00e9e \u00e0 29\u00b0C<\/b>, avec bain \u00e0 remous, o\u00f9 vous pouvez passer des heures agr\u00e9ables.<\/p>\n\n\n\n<!--more-->\n\n\n\n<p>Pour les plus petits, il y a une aire de jeux dans le jardin et une salle de jeux int\u00e9rieure, un <b>Mini Club sur la plage et \u00e0 l&#039;h\u00f4tel<\/b>, avec <b>assistance aux repas<\/b>, ainsi les enfants peuvent jouer dans le jardin avec les animateurs pendant que les parents d\u00e9jeunent et d\u00eenent tranquillement, location de poussettes, kit pour la chambre, entr\u00e9e anticip\u00e9e \u00e0 la salle \u00e0 manger, possibilit\u00e9 de demander au chef des plats sur mesure, des pur\u00e9es et des bouillons pour la diversification alimentaire, un coin \u00e9quip\u00e9 pour pr\u00e9parer les repas pour b\u00e9b\u00e9.<\/p>\n\n\n\n<p>En plus de tous les services de l&#039;h\u00f4tel, avec la <b>formule tout compris<\/b>, vous avez un parasol et deux chaises longues sur la plage priv\u00e9e, et les boissons sont incluses pendant les repas.<\/p>\n\n\n\n<p>\u00c0 table, vous pourrez d\u00e9guster chaque jour toutes les d\u00e9lices de <b>la cuisine locale<\/b>, avec des plats pr\u00e9par\u00e9s selon la tradition et servis confortablement \u00e0 table. Pour le d\u00e9jeuner et le d\u00eener, vous pourrez choisir entre 3 ou 4 propositions de plats principaux, toujours \u00e0 base de viande et de poisson, accompagn\u00e9es d&#039;un buffet d&#039;entr\u00e9es vari\u00e9es, de l\u00e9gumes de tous types, de garnitures. Ne manquez pas les <b>lasagnes, les cannellonis et les desserts faits maison<\/b>.<\/p>\n\n\n\n<p>L&#039;h\u00f4tel met \u00e0 disposition des clients un <b>parking<\/b> priv\u00e9 cl\u00f4tur\u00e9, des <b>v\u00e9los <\/b>gratuits, une <b>salle de fitness<\/b> avec des \u00e9quipements Technogym, la possibilit\u00e9 de r\u00e9server des massages et des traitements.<\/p>\n","protected":false},"excerpt":{"rendered":"<p>L&#039;H\u00f4tel Prestigio est un endroit calme et paisible, o\u00f9 les clients disposent d&#039;un grand espace pour se d\u00e9tendre \u00e0 tout moment de la journ\u00e9e. Dans le jardin, il y a une grande piscine chauff\u00e9e \u00e0 29\u00b0C, avec bain \u00e0 remous, o\u00f9 vous pouvez passer des heures agr\u00e9ables.<\/p>\n","protected":false},"author":1,"featured_media":0,"parent":513,"menu_order":0,"comment_status":"closed","ping_status":"closed","template":"page-templates\/scheda_hotel.php","meta":{"_acf_changed":false,"inline_featured_image":false,"footnotes":""},"class_list":["post-1352","page","type-page","status-publish","hentry"],"acf":[],"yoast_head":"<!-- This site is optimized with the Yoast SEO plugin v27.0 - https:\/\/yoast.com\/product\/yoast-seo-wordpress\/ -->\n<title>H\u00f4tel Prestigio***s \u00e0 Cesenatico: h\u00f4tel pour familles et d\u00e9tente<\/title>\n<meta name=\"description\" content=\"L&#039;H\u00f4tel Prestigio propose un service tout compris. Il poss\u00e8de une plage affili\u00e9e et une piscine chauff\u00e9e avec hydromassage. Mini-club, v\u00e9los et parking.\" \/>\n<meta name=\"robots\" content=\"index, follow, max-snippet:-1, max-image-preview:large, max-video-preview:-1\" \/>\n<link rel=\"canonical\" href=\"https:\/\/www.cesenaticohotel.com\/fr\/hotels\/hotel-prestigio\" \/>\n<meta property=\"og:locale\" content=\"fr_FR\" \/>\n<meta property=\"og:type\" content=\"article\" \/>\n<meta property=\"og:title\" content=\"H\u00f4tel Prestigio***s \u00e0 Cesenatico: h\u00f4tel pour familles et d\u00e9tente\" \/>\n<meta property=\"og:description\" content=\"L&#039;H\u00f4tel Prestigio propose un service tout compris. Il poss\u00e8de une plage affili\u00e9e et une piscine chauff\u00e9e avec hydromassage. Mini-club, v\u00e9los et parking.\" \/>\n<meta property=\"og:url\" content=\"https:\/\/www.cesenaticohotel.com\/fr\/hotels\/hotel-prestigio\" \/>\n<meta property=\"og:site_name\" content=\"Cesenatico Hotel\" \/>\n<meta property=\"article:modified_time\" content=\"2023-08-22T07:07:38+00:00\" \/>\n<meta property=\"og:image\" content=\"https:\/\/www.cesenaticohotel.com\/wp-content\/uploads\/2023\/05\/immagine-sito.jpg\" \/>\n\t<meta property=\"og:image:width\" content=\"1200\" \/>\n\t<meta property=\"og:image:height\" content=\"675\" \/>\n\t<meta property=\"og:image:type\" content=\"image\/jpeg\" \/>\n<meta name=\"twitter:card\" content=\"summary_large_image\" \/>\n<meta name=\"twitter:label1\" content=\"Dur\u00e9e de lecture estim\u00e9e\" \/>\n\t<meta name=\"twitter:data1\" content=\"2 minutes\" \/>\n<script type=\"application\/ld+json\" class=\"yoast-schema-graph\">{\"@context\":\"https:\/\/schema.org\",\"@graph\":[{\"@type\":\"WebPage\",\"@id\":\"https:\/\/www.cesenaticohotel.com\/fr\/hotels\/hotel-prestigio\",\"url\":\"https:\/\/www.cesenaticohotel.com\/fr\/hotels\/hotel-prestigio\",\"name\":\"H\u00f4tel Prestigio***s \u00e0 Cesenatico: h\u00f4tel pour familles et d\u00e9tente\",\"isPartOf\":{\"@id\":\"https:\/\/www.cesenaticohotel.com\/fr\/#website\"},\"datePublished\":\"2023-04-26T11:20:18+00:00\",\"dateModified\":\"2023-08-22T07:07:38+00:00\",\"description\":\"L'H\u00f4tel Prestigio propose un service tout compris. Il poss\u00e8de une plage affili\u00e9e et une piscine chauff\u00e9e avec hydromassage. Mini-club, v\u00e9los et parking.\",\"breadcrumb\":{\"@id\":\"https:\/\/www.cesenaticohotel.com\/fr\/hotels\/hotel-prestigio#breadcrumb\"},\"inLanguage\":\"fr-FR\",\"potentialAction\":[{\"@type\":\"ReadAction\",\"target\":[\"https:\/\/www.cesenaticohotel.com\/fr\/hotels\/hotel-prestigio\"]}]},{\"@type\":\"BreadcrumbList\",\"@id\":\"https:\/\/www.cesenaticohotel.com\/fr\/hotels\/hotel-prestigio#breadcrumb\",\"itemListElement\":[{\"@type\":\"ListItem\",\"position\":1,\"name\":\"Home\",\"item\":\"https:\/\/www.cesenaticohotel.com\/fr\"},{\"@type\":\"ListItem\",\"position\":2,\"name\":\"H\u00f4tel\",\"item\":\"https:\/\/www.cesenaticohotel.com\/fr\/hotels\"},{\"@type\":\"ListItem\",\"position\":3,\"name\":\"H\u00f4tel Prestigio\"}]},{\"@type\":\"WebSite\",\"@id\":\"https:\/\/www.cesenaticohotel.com\/fr\/#website\",\"url\":\"https:\/\/www.cesenaticohotel.com\/fr\/\",\"name\":\"Cesenatico Hotel\",\"description\":\"\",\"publisher\":{\"@id\":\"https:\/\/www.cesenaticohotel.com\/fr\/#organization\"},\"potentialAction\":[{\"@type\":\"SearchAction\",\"target\":{\"@type\":\"EntryPoint\",\"urlTemplate\":\"https:\/\/www.cesenaticohotel.com\/fr\/?s={search_term_string}\"},\"query-input\":{\"@type\":\"PropertyValueSpecification\",\"valueRequired\":true,\"valueName\":\"search_term_string\"}}],\"inLanguage\":\"fr-FR\"},{\"@type\":\"Organization\",\"@id\":\"https:\/\/www.cesenaticohotel.com\/fr\/#organization\",\"name\":\"Cesenatico Hotel\",\"url\":\"https:\/\/www.cesenaticohotel.com\/fr\/\",\"logo\":{\"@type\":\"ImageObject\",\"inLanguage\":\"fr-FR\",\"@id\":\"https:\/\/www.cesenaticohotel.com\/fr\/#\/schema\/logo\/image\/\",\"url\":\"https:\/\/www.cesenaticohotel.com\/wp-content\/uploads\/2023\/05\/logo-organizzazione.jpg\",\"contentUrl\":\"https:\/\/www.cesenaticohotel.com\/wp-content\/uploads\/2023\/05\/logo-organizzazione.jpg\",\"width\":696,\"height\":696,\"caption\":\"Cesenatico Hotel\"},\"image\":{\"@id\":\"https:\/\/www.cesenaticohotel.com\/fr\/#\/schema\/logo\/image\/\"}}]}<\/script>\n<!-- \/ Yoast SEO plugin. -->","yoast_head_json":{"title":"H\u00f4tel Prestigio***s \u00e0 Cesenatico: h\u00f4tel pour familles et d\u00e9tente","description":"L'H\u00f4tel Prestigio propose un service tout compris. Il poss\u00e8de une plage affili\u00e9e et une piscine chauff\u00e9e avec hydromassage. Mini-club, v\u00e9los et parking.","robots":{"index":"index","follow":"follow","max-snippet":"max-snippet:-1","max-image-preview":"max-image-preview:large","max-video-preview":"max-video-preview:-1"},"canonical":"https:\/\/www.cesenaticohotel.com\/fr\/hotels\/hotel-prestigio","og_locale":"fr_FR","og_type":"article","og_title":"H\u00f4tel Prestigio***s \u00e0 Cesenatico: h\u00f4tel pour familles et d\u00e9tente","og_description":"L'H\u00f4tel Prestigio propose un service tout compris. Il poss\u00e8de une plage affili\u00e9e et une piscine chauff\u00e9e avec hydromassage. Mini-club, v\u00e9los et parking.","og_url":"https:\/\/www.cesenaticohotel.com\/fr\/hotels\/hotel-prestigio","og_site_name":"Cesenatico Hotel","article_modified_time":"2023-08-22T07:07:38+00:00","og_image":[{"width":1200,"height":675,"url":"https:\/\/www.cesenaticohotel.com\/wp-content\/uploads\/2023\/05\/immagine-sito.jpg","type":"image\/jpeg"}],"twitter_card":"summary_large_image","twitter_misc":{"Dur\u00e9e de lecture estim\u00e9e":"2 minutes"},"schema":{"@context":"https:\/\/schema.org","@graph":[{"@type":"WebPage","@id":"https:\/\/www.cesenaticohotel.com\/fr\/hotels\/hotel-prestigio","url":"https:\/\/www.cesenaticohotel.com\/fr\/hotels\/hotel-prestigio","name":"H\u00f4tel Prestigio***s \u00e0 Cesenatico: h\u00f4tel pour familles et d\u00e9tente","isPartOf":{"@id":"https:\/\/www.cesenaticohotel.com\/fr\/#website"},"datePublished":"2023-04-26T11:20:18+00:00","dateModified":"2023-08-22T07:07:38+00:00","description":"L'H\u00f4tel Prestigio propose un service tout compris. Il poss\u00e8de une plage affili\u00e9e et une piscine chauff\u00e9e avec hydromassage. Mini-club, v\u00e9los et parking.","breadcrumb":{"@id":"https:\/\/www.cesenaticohotel.com\/fr\/hotels\/hotel-prestigio#breadcrumb"},"inLanguage":"fr-FR","potentialAction":[{"@type":"ReadAction","target":["https:\/\/www.cesenaticohotel.com\/fr\/hotels\/hotel-prestigio"]}]},{"@type":"BreadcrumbList","@id":"https:\/\/www.cesenaticohotel.com\/fr\/hotels\/hotel-prestigio#breadcrumb","itemListElement":[{"@type":"ListItem","position":1,"name":"Home","item":"https:\/\/www.cesenaticohotel.com\/fr"},{"@type":"ListItem","position":2,"name":"H\u00f4tel","item":"https:\/\/www.cesenaticohotel.com\/fr\/hotels"},{"@type":"ListItem","position":3,"name":"H\u00f4tel Prestigio"}]},{"@type":"WebSite","@id":"https:\/\/www.cesenaticohotel.com\/fr\/#website","url":"https:\/\/www.cesenaticohotel.com\/fr\/","name":"Cesenatico Hotel","description":"","publisher":{"@id":"https:\/\/www.cesenaticohotel.com\/fr\/#organization"},"potentialAction":[{"@type":"SearchAction","target":{"@type":"EntryPoint","urlTemplate":"https:\/\/www.cesenaticohotel.com\/fr\/?s={search_term_string}"},"query-input":{"@type":"PropertyValueSpecification","valueRequired":true,"valueName":"search_term_string"}}],"inLanguage":"fr-FR"},{"@type":"Organization","@id":"https:\/\/www.cesenaticohotel.com\/fr\/#organization","name":"Cesenatico Hotel","url":"https:\/\/www.cesenaticohotel.com\/fr\/","logo":{"@type":"ImageObject","inLanguage":"fr-FR","@id":"https:\/\/www.cesenaticohotel.com\/fr\/#\/schema\/logo\/image\/","url":"https:\/\/www.cesenaticohotel.com\/wp-content\/uploads\/2023\/05\/logo-organizzazione.jpg","contentUrl":"https:\/\/www.cesenaticohotel.com\/wp-content\/uploads\/2023\/05\/logo-organizzazione.jpg","width":696,"height":696,"caption":"Cesenatico Hotel"},"image":{"@id":"https:\/\/www.cesenaticohotel.com\/fr\/#\/schema\/logo\/image\/"}}]}},"_links":{"self":[{"href":"https:\/\/www.cesenaticohotel.com\/fr\/wp-json\/wp\/v2\/pages\/1352","targetHints":{"allow":["GET"]}}],"collection":[{"href":"https:\/\/www.cesenaticohotel.com\/fr\/wp-json\/wp\/v2\/pages"}],"about":[{"href":"https:\/\/www.cesenaticohotel.com\/fr\/wp-json\/wp\/v2\/types\/page"}],"author":[{"embeddable":true,"href":"https:\/\/www.cesenaticohotel.com\/fr\/wp-json\/wp\/v2\/users\/1"}],"replies":[{"embeddable":true,"href":"https:\/\/www.cesenaticohotel.com\/fr\/wp-json\/wp\/v2\/comments?post=1352"}],"version-history":[{"count":3,"href":"https:\/\/www.cesenaticohotel.com\/fr\/wp-json\/wp\/v2\/pages\/1352\/revisions"}],"predecessor-version":[{"id":5777,"href":"https:\/\/www.cesenaticohotel.com\/fr\/wp-json\/wp\/v2\/pages\/1352\/revisions\/5777"}],"up":[{"embeddable":true,"href":"https:\/\/www.cesenaticohotel.com\/fr\/wp-json\/wp\/v2\/pages\/513"}],"wp:attachment":[{"href":"https:\/\/www.cesenaticohotel.com\/fr\/wp-json\/wp\/v2\/media?parent=1352"}],"curies":[{"name":"wp","href":"https:\/\/api.w.org\/{rel}","templated":true}]}}