{"id":163,"date":"2023-04-19T08:53:13","date_gmt":"2023-04-19T06:53:13","guid":{"rendered":"https:\/\/www.cesenaticohotel.com\/hotel-gattuccio"},"modified":"2023-08-22T09:06:10","modified_gmt":"2023-08-22T07:06:10","slug":"hotel-gattuccio","status":"publish","type":"page","link":"https:\/\/www.cesenaticohotel.com\/fr\/hotels\/hotel-gattuccio","title":{"rendered":"H\u00f4tel Gattuccio"},"content":{"rendered":"\n<p>L&#039;<b>H\u00f4tel Gattuccio \u00e0 Valverde de Cesenatico <\/b>est situ\u00e9 \u00e0 <b>300 m\u00e8tres de la plage<\/b>, dans un endroit pratique et calme, entour\u00e9 d&#039;espaces verts spacieux. Chaque chambre dispose <b>d&#039;un parasol et de 2<\/b> <b>chaises longues \u00e0 utiliser sur la plage partenaire<\/b>, o\u00f9 les petits animaux sont \u00e9galement admis.<\/p>\n\n\n\n<p>Si vous voyagez avec des enfants, vous trouverez une <b>grande aire de jeux<\/b> <b>ext\u00e9rieure<\/b>, des <b>services pour b\u00e9b\u00e9s<\/b> en chambre et dans la salle \u00e0 manger, des <b>repas pour b\u00e9b\u00e9s<\/b> sur demande et des horaires flexibles, ainsi qu&#039;une <b>animation sur la plage<\/b>.<\/p>\n\n\n\n<!--more-->\n\n\n\n<p>L&#039;h\u00f4tel propose un service de <b>demi-pension avec un petit-d\u00e9jeuner renforc\u00e9<\/b> servi jusqu&#039;\u00e0 10h30 et un <b>d\u00eener <\/b>\u00e0 base de plats traditionnels, toujours pr\u00e9par\u00e9s avec <b>d&#039;excellentes mati\u00e8res premi\u00e8res<\/b>, y compris km0. Chaque jour, vous pourrez d\u00e9guster des p\u00e2tes maison, des plats de la tradition romagnole, du poisson, de la viande et de nombreuses options v\u00e9g\u00e9tariennes. <b>L&#039;eau, Pepsi, vin rouge et blanc sont inclus pendant le repas.<\/b><\/p>\n\n\n\n<p>L&#039;h\u00f4tel Gattuccio organise <b>gratuitement des sorties dans l&#039;arri\u00e8re-pays<\/b>, \u00e0 <b>l&#039;hippodrome de Cesena<\/b> et des <b>soir\u00e9es dansantes<\/b>; en outre, des accords sont disponibles avec <b>la piscine<\/b> et le <b>mini-golf<\/b> \u00e0 proximit\u00e9, pour des vacances plac\u00e9es sous le signe du plaisir et de la d\u00e9tente.<\/p>\n\n\n\n<p>Sur place, un <b>parking pour voitures<\/b> est disponible, cl\u00f4tur\u00e9 et toujours accessible. <b>Les animaux de compagnie sont les bienvenus<\/b>.<\/p>\n","protected":false},"excerpt":{"rendered":"<p>L&#039;H\u00f4tel Gattuccio \u00e0 Valverde de Cesenatico est situ\u00e9 \u00e0 300 m\u00e8tres de la plage, dans un endroit pratique et calme, entour\u00e9 d&#039;espaces verts spacieux. Chaque chambre dispose d&#039;un parasol et de 2 chaises longues \u00e0 utiliser sur la plage partenaire, o\u00f9 les petits animaux sont \u00e9galement admis. Si vous voyagez avec des enfants, vous trouverez &hellip;<\/p>\n","protected":false},"author":1,"featured_media":0,"parent":513,"menu_order":0,"comment_status":"closed","ping_status":"closed","template":"page-templates\/scheda_hotel.php","meta":{"_acf_changed":false,"inline_featured_image":false,"footnotes":""},"class_list":["post-163","page","type-page","status-publish","hentry"],"acf":[],"yoast_head":"<!-- This site is optimized with the Yoast SEO plugin v27.0 - https:\/\/yoast.com\/product\/yoast-seo-wordpress\/ -->\n<title>H\u00f4tel Gattuccio*** \u00e0 Cesenatico: h\u00f4tel pour couples et familles<\/title>\n<meta name=\"description\" content=\"L&#039;H\u00f4tel Gattuccio est \u00e0 300 m\u00e8tres de la plage, avec une aire de jeux ext\u00e9rieure et des services pour enfants, animations, parking et piscine. Animaux bienvenus\" \/>\n<meta name=\"robots\" content=\"index, follow, max-snippet:-1, max-image-preview:large, max-video-preview:-1\" \/>\n<link rel=\"canonical\" href=\"https:\/\/www.cesenaticohotel.com\/fr\/hotels\/hotel-gattuccio\" \/>\n<meta property=\"og:locale\" content=\"fr_FR\" \/>\n<meta property=\"og:type\" content=\"article\" \/>\n<meta property=\"og:title\" content=\"H\u00f4tel Gattuccio*** \u00e0 Cesenatico: h\u00f4tel pour couples et familles\" \/>\n<meta property=\"og:description\" content=\"L&#039;H\u00f4tel Gattuccio est \u00e0 300 m\u00e8tres de la plage, avec une aire de jeux ext\u00e9rieure et des services pour enfants, animations, parking et piscine. Animaux bienvenus\" \/>\n<meta property=\"og:url\" content=\"https:\/\/www.cesenaticohotel.com\/fr\/hotels\/hotel-gattuccio\" \/>\n<meta property=\"og:site_name\" content=\"Cesenatico Hotel\" \/>\n<meta property=\"article:modified_time\" content=\"2023-08-22T07:06:10+00:00\" \/>\n<meta property=\"og:image\" content=\"https:\/\/www.cesenaticohotel.com\/wp-content\/uploads\/2023\/05\/immagine-sito.jpg\" \/>\n\t<meta property=\"og:image:width\" content=\"1200\" \/>\n\t<meta property=\"og:image:height\" content=\"675\" \/>\n\t<meta property=\"og:image:type\" content=\"image\/jpeg\" \/>\n<meta name=\"twitter:card\" content=\"summary_large_image\" \/>\n<meta name=\"twitter:label1\" content=\"Dur\u00e9e de lecture estim\u00e9e\" \/>\n\t<meta name=\"twitter:data1\" content=\"1 minute\" \/>\n<script type=\"application\/ld+json\" class=\"yoast-schema-graph\">{\"@context\":\"https:\/\/schema.org\",\"@graph\":[{\"@type\":\"WebPage\",\"@id\":\"https:\/\/www.cesenaticohotel.com\/fr\/hotels\/hotel-gattuccio\",\"url\":\"https:\/\/www.cesenaticohotel.com\/fr\/hotels\/hotel-gattuccio\",\"name\":\"H\u00f4tel Gattuccio*** \u00e0 Cesenatico: h\u00f4tel pour couples et familles\",\"isPartOf\":{\"@id\":\"https:\/\/www.cesenaticohotel.com\/fr\/#website\"},\"datePublished\":\"2023-04-19T06:53:13+00:00\",\"dateModified\":\"2023-08-22T07:06:10+00:00\",\"description\":\"L'H\u00f4tel Gattuccio est \u00e0 300 m\u00e8tres de la plage, avec une aire de jeux ext\u00e9rieure et des services pour enfants, animations, parking et piscine. Animaux bienvenus\",\"breadcrumb\":{\"@id\":\"https:\/\/www.cesenaticohotel.com\/fr\/hotels\/hotel-gattuccio#breadcrumb\"},\"inLanguage\":\"fr-FR\",\"potentialAction\":[{\"@type\":\"ReadAction\",\"target\":[\"https:\/\/www.cesenaticohotel.com\/fr\/hotels\/hotel-gattuccio\"]}]},{\"@type\":\"BreadcrumbList\",\"@id\":\"https:\/\/www.cesenaticohotel.com\/fr\/hotels\/hotel-gattuccio#breadcrumb\",\"itemListElement\":[{\"@type\":\"ListItem\",\"position\":1,\"name\":\"Home\",\"item\":\"https:\/\/www.cesenaticohotel.com\/fr\"},{\"@type\":\"ListItem\",\"position\":2,\"name\":\"H\u00f4tel\",\"item\":\"https:\/\/www.cesenaticohotel.com\/fr\/hotels\"},{\"@type\":\"ListItem\",\"position\":3,\"name\":\"H\u00f4tel Gattuccio\"}]},{\"@type\":\"WebSite\",\"@id\":\"https:\/\/www.cesenaticohotel.com\/fr\/#website\",\"url\":\"https:\/\/www.cesenaticohotel.com\/fr\/\",\"name\":\"Cesenatico Hotel\",\"description\":\"\",\"publisher\":{\"@id\":\"https:\/\/www.cesenaticohotel.com\/fr\/#organization\"},\"potentialAction\":[{\"@type\":\"SearchAction\",\"target\":{\"@type\":\"EntryPoint\",\"urlTemplate\":\"https:\/\/www.cesenaticohotel.com\/fr\/?s={search_term_string}\"},\"query-input\":{\"@type\":\"PropertyValueSpecification\",\"valueRequired\":true,\"valueName\":\"search_term_string\"}}],\"inLanguage\":\"fr-FR\"},{\"@type\":\"Organization\",\"@id\":\"https:\/\/www.cesenaticohotel.com\/fr\/#organization\",\"name\":\"Cesenatico Hotel\",\"url\":\"https:\/\/www.cesenaticohotel.com\/fr\/\",\"logo\":{\"@type\":\"ImageObject\",\"inLanguage\":\"fr-FR\",\"@id\":\"https:\/\/www.cesenaticohotel.com\/fr\/#\/schema\/logo\/image\/\",\"url\":\"https:\/\/www.cesenaticohotel.com\/wp-content\/uploads\/2023\/05\/logo-organizzazione.jpg\",\"contentUrl\":\"https:\/\/www.cesenaticohotel.com\/wp-content\/uploads\/2023\/05\/logo-organizzazione.jpg\",\"width\":696,\"height\":696,\"caption\":\"Cesenatico Hotel\"},\"image\":{\"@id\":\"https:\/\/www.cesenaticohotel.com\/fr\/#\/schema\/logo\/image\/\"}}]}<\/script>\n<!-- \/ Yoast SEO plugin. -->","yoast_head_json":{"title":"H\u00f4tel Gattuccio*** \u00e0 Cesenatico: h\u00f4tel pour couples et familles","description":"L'H\u00f4tel Gattuccio est \u00e0 300 m\u00e8tres de la plage, avec une aire de jeux ext\u00e9rieure et des services pour enfants, animations, parking et piscine. Animaux bienvenus","robots":{"index":"index","follow":"follow","max-snippet":"max-snippet:-1","max-image-preview":"max-image-preview:large","max-video-preview":"max-video-preview:-1"},"canonical":"https:\/\/www.cesenaticohotel.com\/fr\/hotels\/hotel-gattuccio","og_locale":"fr_FR","og_type":"article","og_title":"H\u00f4tel Gattuccio*** \u00e0 Cesenatico: h\u00f4tel pour couples et familles","og_description":"L'H\u00f4tel Gattuccio est \u00e0 300 m\u00e8tres de la plage, avec une aire de jeux ext\u00e9rieure et des services pour enfants, animations, parking et piscine. Animaux bienvenus","og_url":"https:\/\/www.cesenaticohotel.com\/fr\/hotels\/hotel-gattuccio","og_site_name":"Cesenatico Hotel","article_modified_time":"2023-08-22T07:06:10+00:00","og_image":[{"width":1200,"height":675,"url":"https:\/\/www.cesenaticohotel.com\/wp-content\/uploads\/2023\/05\/immagine-sito.jpg","type":"image\/jpeg"}],"twitter_card":"summary_large_image","twitter_misc":{"Dur\u00e9e de lecture estim\u00e9e":"1 minute"},"schema":{"@context":"https:\/\/schema.org","@graph":[{"@type":"WebPage","@id":"https:\/\/www.cesenaticohotel.com\/fr\/hotels\/hotel-gattuccio","url":"https:\/\/www.cesenaticohotel.com\/fr\/hotels\/hotel-gattuccio","name":"H\u00f4tel Gattuccio*** \u00e0 Cesenatico: h\u00f4tel pour couples et familles","isPartOf":{"@id":"https:\/\/www.cesenaticohotel.com\/fr\/#website"},"datePublished":"2023-04-19T06:53:13+00:00","dateModified":"2023-08-22T07:06:10+00:00","description":"L'H\u00f4tel Gattuccio est \u00e0 300 m\u00e8tres de la plage, avec une aire de jeux ext\u00e9rieure et des services pour enfants, animations, parking et piscine. Animaux bienvenus","breadcrumb":{"@id":"https:\/\/www.cesenaticohotel.com\/fr\/hotels\/hotel-gattuccio#breadcrumb"},"inLanguage":"fr-FR","potentialAction":[{"@type":"ReadAction","target":["https:\/\/www.cesenaticohotel.com\/fr\/hotels\/hotel-gattuccio"]}]},{"@type":"BreadcrumbList","@id":"https:\/\/www.cesenaticohotel.com\/fr\/hotels\/hotel-gattuccio#breadcrumb","itemListElement":[{"@type":"ListItem","position":1,"name":"Home","item":"https:\/\/www.cesenaticohotel.com\/fr"},{"@type":"ListItem","position":2,"name":"H\u00f4tel","item":"https:\/\/www.cesenaticohotel.com\/fr\/hotels"},{"@type":"ListItem","position":3,"name":"H\u00f4tel Gattuccio"}]},{"@type":"WebSite","@id":"https:\/\/www.cesenaticohotel.com\/fr\/#website","url":"https:\/\/www.cesenaticohotel.com\/fr\/","name":"Cesenatico Hotel","description":"","publisher":{"@id":"https:\/\/www.cesenaticohotel.com\/fr\/#organization"},"potentialAction":[{"@type":"SearchAction","target":{"@type":"EntryPoint","urlTemplate":"https:\/\/www.cesenaticohotel.com\/fr\/?s={search_term_string}"},"query-input":{"@type":"PropertyValueSpecification","valueRequired":true,"valueName":"search_term_string"}}],"inLanguage":"fr-FR"},{"@type":"Organization","@id":"https:\/\/www.cesenaticohotel.com\/fr\/#organization","name":"Cesenatico Hotel","url":"https:\/\/www.cesenaticohotel.com\/fr\/","logo":{"@type":"ImageObject","inLanguage":"fr-FR","@id":"https:\/\/www.cesenaticohotel.com\/fr\/#\/schema\/logo\/image\/","url":"https:\/\/www.cesenaticohotel.com\/wp-content\/uploads\/2023\/05\/logo-organizzazione.jpg","contentUrl":"https:\/\/www.cesenaticohotel.com\/wp-content\/uploads\/2023\/05\/logo-organizzazione.jpg","width":696,"height":696,"caption":"Cesenatico Hotel"},"image":{"@id":"https:\/\/www.cesenaticohotel.com\/fr\/#\/schema\/logo\/image\/"}}]}},"_links":{"self":[{"href":"https:\/\/www.cesenaticohotel.com\/fr\/wp-json\/wp\/v2\/pages\/163","targetHints":{"allow":["GET"]}}],"collection":[{"href":"https:\/\/www.cesenaticohotel.com\/fr\/wp-json\/wp\/v2\/pages"}],"about":[{"href":"https:\/\/www.cesenaticohotel.com\/fr\/wp-json\/wp\/v2\/types\/page"}],"author":[{"embeddable":true,"href":"https:\/\/www.cesenaticohotel.com\/fr\/wp-json\/wp\/v2\/users\/1"}],"replies":[{"embeddable":true,"href":"https:\/\/www.cesenaticohotel.com\/fr\/wp-json\/wp\/v2\/comments?post=163"}],"version-history":[{"count":3,"href":"https:\/\/www.cesenaticohotel.com\/fr\/wp-json\/wp\/v2\/pages\/163\/revisions"}],"predecessor-version":[{"id":5636,"href":"https:\/\/www.cesenaticohotel.com\/fr\/wp-json\/wp\/v2\/pages\/163\/revisions\/5636"}],"up":[{"embeddable":true,"href":"https:\/\/www.cesenaticohotel.com\/fr\/wp-json\/wp\/v2\/pages\/513"}],"wp:attachment":[{"href":"https:\/\/www.cesenaticohotel.com\/fr\/wp-json\/wp\/v2\/media?parent=163"}],"curies":[{"name":"wp","href":"https:\/\/api.w.org\/{rel}","templated":true}]}}