{"id":168,"date":"2023-04-19T09:15:41","date_gmt":"2023-04-19T07:15:41","guid":{"rendered":"https:\/\/www.cesenaticohotel.com\/hotel\/hotel-croce-del-sud"},"modified":"2023-08-22T09:06:12","modified_gmt":"2023-08-22T07:06:12","slug":"hotel-croce-del-sud","status":"publish","type":"page","link":"https:\/\/www.cesenaticohotel.com\/fr\/hotels\/hotel-croce-del-sud","title":{"rendered":"H\u00f4tel Croce del Sud"},"content":{"rendered":"\n<p>L&#039;<b>H\u00f4tel Croce del Sud \u00e0 Cesenatico <\/b>est situ\u00e9 \u00e0 <b>30 m\u00e8tres du front de mer<\/b> de Ponente et de la plage partenaire. Gr\u00e2ce \u00e0 son <b>emplacement id\u00e9al<\/b>, vous pouvez rejoindre \u00e0 pied ou \u00e0 <b>v\u00e9lo, mis gratuitement<\/b> \u00e0 votre disposition, le centre anim\u00e9 de Cesenatico avec le Port Canal L\u00e9onardesque, les magasins et les lieux de divertissement.<\/p>\n\n\n\n<!--more-->\n\n\n\n<p>L&#039;<b>exp\u00e9rience culinaire <\/b>est l&#039;un des points forts de l&#039;h\u00f4tel: des ingr\u00e9dients soigneusement s\u00e9lectionn\u00e9s, des recettes traditionnelles avec une touche de modernit\u00e9, des saveurs authentiques et une recherche constante sont \u00e0 la base de chaque plat. Le <b>petit-d\u00e9jeuner<\/b> est sous forme de buffet, avec des sp\u00e9cialit\u00e9s maison telles que des g\u00e2teaux, des biscuits, des pancakes, des cr\u00e8mes et de nombreuses options sal\u00e9es; aux <b>d\u00e9jeuners et d\u00eeners<\/b>, on trouve toujours des d\u00e9licieux hors-d&#039;\u0153uvre, d&#039;excellents plats de p\u00e2tes, du poisson frais local, une vari\u00e9t\u00e9 de l\u00e9gumes et de la viande. Pour les enfants, il y a des <b>menus pour b\u00e9b\u00e9s<\/b> et un <b>coin repas<\/b> sp\u00e9cialement d\u00e9di\u00e9.<\/p>\n\n\n\n<p>Chaque semaine, une soir\u00e9e sp\u00e9ciale <b>Festa Romagnola<\/b> est organis\u00e9e: vous pourrez d\u00e9couvrir le meilleur de la gastronomie locale, le vin Sangiovese, la piadina, les crescioni, le Squacquerone, le poisson frit de l&#039;Adriatique, les charcuteries locales, le tout accompagn\u00e9 de musique et de danses traditionnelles.<\/p>\n\n\n\n<p>L&#039;H\u00f4tel Croce del Sud propose des <b>chambres avec vue sur la mer<\/b>, un <b>parking<\/b> priv\u00e9 et un<b> bar <\/b>int\u00e9rieur. De plus, <b>les animaux de compagnie sont autoris\u00e9s<\/b>.<\/p>\n","protected":false},"excerpt":{"rendered":"<p>L&#039;H\u00f4tel Croce del Sud \u00e0 Cesenatico est situ\u00e9 \u00e0 30 m\u00e8tres du front de mer de Ponente et de la plage partenaire. Gr\u00e2ce \u00e0 son emplacement id\u00e9al, vous pouvez rejoindre \u00e0 pied ou \u00e0 v\u00e9lo, mis gratuitement \u00e0 votre disposition, le centre anim\u00e9 de Cesenatico avec le Port Canal L\u00e9onardesque, les magasins et les lieux &hellip;<\/p>\n","protected":false},"author":1,"featured_media":0,"parent":513,"menu_order":0,"comment_status":"closed","ping_status":"closed","template":"page-templates\/scheda_hotel.php","meta":{"_acf_changed":false,"inline_featured_image":false,"footnotes":""},"class_list":["post-168","page","type-page","status-publish","hentry"],"acf":[],"yoast_head":"<!-- This site is optimized with the Yoast SEO plugin v27.0 - https:\/\/yoast.com\/product\/yoast-seo-wordpress\/ -->\n<title>H\u00f4tel Croce del Sud*** \u00e0 Cesenatico: h\u00f4tel pour couples et familles<\/title>\n<meta name=\"description\" content=\"L&#039;H\u00f4tel Croce del Sud est situ\u00e9 \u00e0 seulement 30 m\u00e8tres de la plage affili\u00e9e et propose des chambres avec vue sur la mer. V\u00e9los gratuits et parking priv\u00e9\" \/>\n<meta name=\"robots\" content=\"index, follow, max-snippet:-1, max-image-preview:large, max-video-preview:-1\" \/>\n<link rel=\"canonical\" href=\"https:\/\/www.cesenaticohotel.com\/fr\/hotels\/hotel-croce-del-sud\" \/>\n<meta property=\"og:locale\" content=\"fr_FR\" \/>\n<meta property=\"og:type\" content=\"article\" \/>\n<meta property=\"og:title\" content=\"H\u00f4tel Croce del Sud*** \u00e0 Cesenatico: h\u00f4tel pour couples et familles\" \/>\n<meta property=\"og:description\" content=\"L&#039;H\u00f4tel Croce del Sud est situ\u00e9 \u00e0 seulement 30 m\u00e8tres de la plage affili\u00e9e et propose des chambres avec vue sur la mer. V\u00e9los gratuits et parking priv\u00e9\" \/>\n<meta property=\"og:url\" content=\"https:\/\/www.cesenaticohotel.com\/fr\/hotels\/hotel-croce-del-sud\" \/>\n<meta property=\"og:site_name\" content=\"Cesenatico Hotel\" \/>\n<meta property=\"article:modified_time\" content=\"2023-08-22T07:06:12+00:00\" \/>\n<meta property=\"og:image\" content=\"https:\/\/www.cesenaticohotel.com\/wp-content\/uploads\/2023\/05\/immagine-sito.jpg\" \/>\n\t<meta property=\"og:image:width\" content=\"1200\" \/>\n\t<meta property=\"og:image:height\" content=\"675\" \/>\n\t<meta property=\"og:image:type\" content=\"image\/jpeg\" \/>\n<meta name=\"twitter:card\" content=\"summary_large_image\" \/>\n<meta name=\"twitter:label1\" content=\"Dur\u00e9e de lecture estim\u00e9e\" \/>\n\t<meta name=\"twitter:data1\" content=\"1 minute\" \/>\n<script type=\"application\/ld+json\" class=\"yoast-schema-graph\">{\"@context\":\"https:\/\/schema.org\",\"@graph\":[{\"@type\":\"WebPage\",\"@id\":\"https:\/\/www.cesenaticohotel.com\/fr\/hotels\/hotel-croce-del-sud\",\"url\":\"https:\/\/www.cesenaticohotel.com\/fr\/hotels\/hotel-croce-del-sud\",\"name\":\"H\u00f4tel Croce del Sud*** \u00e0 Cesenatico: h\u00f4tel pour couples et familles\",\"isPartOf\":{\"@id\":\"https:\/\/www.cesenaticohotel.com\/fr\/#website\"},\"datePublished\":\"2023-04-19T07:15:41+00:00\",\"dateModified\":\"2023-08-22T07:06:12+00:00\",\"description\":\"L'H\u00f4tel Croce del Sud est situ\u00e9 \u00e0 seulement 30 m\u00e8tres de la plage affili\u00e9e et propose des chambres avec vue sur la mer. V\u00e9los gratuits et parking priv\u00e9\",\"breadcrumb\":{\"@id\":\"https:\/\/www.cesenaticohotel.com\/fr\/hotels\/hotel-croce-del-sud#breadcrumb\"},\"inLanguage\":\"fr-FR\",\"potentialAction\":[{\"@type\":\"ReadAction\",\"target\":[\"https:\/\/www.cesenaticohotel.com\/fr\/hotels\/hotel-croce-del-sud\"]}]},{\"@type\":\"BreadcrumbList\",\"@id\":\"https:\/\/www.cesenaticohotel.com\/fr\/hotels\/hotel-croce-del-sud#breadcrumb\",\"itemListElement\":[{\"@type\":\"ListItem\",\"position\":1,\"name\":\"Home\",\"item\":\"https:\/\/www.cesenaticohotel.com\/fr\"},{\"@type\":\"ListItem\",\"position\":2,\"name\":\"H\u00f4tel\",\"item\":\"https:\/\/www.cesenaticohotel.com\/fr\/hotels\"},{\"@type\":\"ListItem\",\"position\":3,\"name\":\"H\u00f4tel Croce del Sud\"}]},{\"@type\":\"WebSite\",\"@id\":\"https:\/\/www.cesenaticohotel.com\/fr\/#website\",\"url\":\"https:\/\/www.cesenaticohotel.com\/fr\/\",\"name\":\"Cesenatico Hotel\",\"description\":\"\",\"publisher\":{\"@id\":\"https:\/\/www.cesenaticohotel.com\/fr\/#organization\"},\"potentialAction\":[{\"@type\":\"SearchAction\",\"target\":{\"@type\":\"EntryPoint\",\"urlTemplate\":\"https:\/\/www.cesenaticohotel.com\/fr\/?s={search_term_string}\"},\"query-input\":{\"@type\":\"PropertyValueSpecification\",\"valueRequired\":true,\"valueName\":\"search_term_string\"}}],\"inLanguage\":\"fr-FR\"},{\"@type\":\"Organization\",\"@id\":\"https:\/\/www.cesenaticohotel.com\/fr\/#organization\",\"name\":\"Cesenatico Hotel\",\"url\":\"https:\/\/www.cesenaticohotel.com\/fr\/\",\"logo\":{\"@type\":\"ImageObject\",\"inLanguage\":\"fr-FR\",\"@id\":\"https:\/\/www.cesenaticohotel.com\/fr\/#\/schema\/logo\/image\/\",\"url\":\"https:\/\/www.cesenaticohotel.com\/wp-content\/uploads\/2023\/05\/logo-organizzazione.jpg\",\"contentUrl\":\"https:\/\/www.cesenaticohotel.com\/wp-content\/uploads\/2023\/05\/logo-organizzazione.jpg\",\"width\":696,\"height\":696,\"caption\":\"Cesenatico Hotel\"},\"image\":{\"@id\":\"https:\/\/www.cesenaticohotel.com\/fr\/#\/schema\/logo\/image\/\"}}]}<\/script>\n<!-- \/ Yoast SEO plugin. -->","yoast_head_json":{"title":"H\u00f4tel Croce del Sud*** \u00e0 Cesenatico: h\u00f4tel pour couples et familles","description":"L'H\u00f4tel Croce del Sud est situ\u00e9 \u00e0 seulement 30 m\u00e8tres de la plage affili\u00e9e et propose des chambres avec vue sur la mer. V\u00e9los gratuits et parking priv\u00e9","robots":{"index":"index","follow":"follow","max-snippet":"max-snippet:-1","max-image-preview":"max-image-preview:large","max-video-preview":"max-video-preview:-1"},"canonical":"https:\/\/www.cesenaticohotel.com\/fr\/hotels\/hotel-croce-del-sud","og_locale":"fr_FR","og_type":"article","og_title":"H\u00f4tel Croce del Sud*** \u00e0 Cesenatico: h\u00f4tel pour couples et familles","og_description":"L'H\u00f4tel Croce del Sud est situ\u00e9 \u00e0 seulement 30 m\u00e8tres de la plage affili\u00e9e et propose des chambres avec vue sur la mer. V\u00e9los gratuits et parking priv\u00e9","og_url":"https:\/\/www.cesenaticohotel.com\/fr\/hotels\/hotel-croce-del-sud","og_site_name":"Cesenatico Hotel","article_modified_time":"2023-08-22T07:06:12+00:00","og_image":[{"width":1200,"height":675,"url":"https:\/\/www.cesenaticohotel.com\/wp-content\/uploads\/2023\/05\/immagine-sito.jpg","type":"image\/jpeg"}],"twitter_card":"summary_large_image","twitter_misc":{"Dur\u00e9e de lecture estim\u00e9e":"1 minute"},"schema":{"@context":"https:\/\/schema.org","@graph":[{"@type":"WebPage","@id":"https:\/\/www.cesenaticohotel.com\/fr\/hotels\/hotel-croce-del-sud","url":"https:\/\/www.cesenaticohotel.com\/fr\/hotels\/hotel-croce-del-sud","name":"H\u00f4tel Croce del Sud*** \u00e0 Cesenatico: h\u00f4tel pour couples et familles","isPartOf":{"@id":"https:\/\/www.cesenaticohotel.com\/fr\/#website"},"datePublished":"2023-04-19T07:15:41+00:00","dateModified":"2023-08-22T07:06:12+00:00","description":"L'H\u00f4tel Croce del Sud est situ\u00e9 \u00e0 seulement 30 m\u00e8tres de la plage affili\u00e9e et propose des chambres avec vue sur la mer. V\u00e9los gratuits et parking priv\u00e9","breadcrumb":{"@id":"https:\/\/www.cesenaticohotel.com\/fr\/hotels\/hotel-croce-del-sud#breadcrumb"},"inLanguage":"fr-FR","potentialAction":[{"@type":"ReadAction","target":["https:\/\/www.cesenaticohotel.com\/fr\/hotels\/hotel-croce-del-sud"]}]},{"@type":"BreadcrumbList","@id":"https:\/\/www.cesenaticohotel.com\/fr\/hotels\/hotel-croce-del-sud#breadcrumb","itemListElement":[{"@type":"ListItem","position":1,"name":"Home","item":"https:\/\/www.cesenaticohotel.com\/fr"},{"@type":"ListItem","position":2,"name":"H\u00f4tel","item":"https:\/\/www.cesenaticohotel.com\/fr\/hotels"},{"@type":"ListItem","position":3,"name":"H\u00f4tel Croce del Sud"}]},{"@type":"WebSite","@id":"https:\/\/www.cesenaticohotel.com\/fr\/#website","url":"https:\/\/www.cesenaticohotel.com\/fr\/","name":"Cesenatico Hotel","description":"","publisher":{"@id":"https:\/\/www.cesenaticohotel.com\/fr\/#organization"},"potentialAction":[{"@type":"SearchAction","target":{"@type":"EntryPoint","urlTemplate":"https:\/\/www.cesenaticohotel.com\/fr\/?s={search_term_string}"},"query-input":{"@type":"PropertyValueSpecification","valueRequired":true,"valueName":"search_term_string"}}],"inLanguage":"fr-FR"},{"@type":"Organization","@id":"https:\/\/www.cesenaticohotel.com\/fr\/#organization","name":"Cesenatico Hotel","url":"https:\/\/www.cesenaticohotel.com\/fr\/","logo":{"@type":"ImageObject","inLanguage":"fr-FR","@id":"https:\/\/www.cesenaticohotel.com\/fr\/#\/schema\/logo\/image\/","url":"https:\/\/www.cesenaticohotel.com\/wp-content\/uploads\/2023\/05\/logo-organizzazione.jpg","contentUrl":"https:\/\/www.cesenaticohotel.com\/wp-content\/uploads\/2023\/05\/logo-organizzazione.jpg","width":696,"height":696,"caption":"Cesenatico Hotel"},"image":{"@id":"https:\/\/www.cesenaticohotel.com\/fr\/#\/schema\/logo\/image\/"}}]}},"_links":{"self":[{"href":"https:\/\/www.cesenaticohotel.com\/fr\/wp-json\/wp\/v2\/pages\/168","targetHints":{"allow":["GET"]}}],"collection":[{"href":"https:\/\/www.cesenaticohotel.com\/fr\/wp-json\/wp\/v2\/pages"}],"about":[{"href":"https:\/\/www.cesenaticohotel.com\/fr\/wp-json\/wp\/v2\/types\/page"}],"author":[{"embeddable":true,"href":"https:\/\/www.cesenaticohotel.com\/fr\/wp-json\/wp\/v2\/users\/1"}],"replies":[{"embeddable":true,"href":"https:\/\/www.cesenaticohotel.com\/fr\/wp-json\/wp\/v2\/comments?post=168"}],"version-history":[{"count":3,"href":"https:\/\/www.cesenaticohotel.com\/fr\/wp-json\/wp\/v2\/pages\/168\/revisions"}],"predecessor-version":[{"id":5638,"href":"https:\/\/www.cesenaticohotel.com\/fr\/wp-json\/wp\/v2\/pages\/168\/revisions\/5638"}],"up":[{"embeddable":true,"href":"https:\/\/www.cesenaticohotel.com\/fr\/wp-json\/wp\/v2\/pages\/513"}],"wp:attachment":[{"href":"https:\/\/www.cesenaticohotel.com\/fr\/wp-json\/wp\/v2\/media?parent=168"}],"curies":[{"name":"wp","href":"https:\/\/api.w.org\/{rel}","templated":true}]}}