{"id":1753,"date":"2023-04-26T14:21:38","date_gmt":"2023-04-26T12:21:38","guid":{"rendered":"https:\/\/www.cesenaticohotel.com\/experiences-cesenatico\/museo-della-marineria"},"modified":"2023-08-22T09:07:45","modified_gmt":"2023-08-22T07:07:45","slug":"museo-della-marineria","status":"publish","type":"page","link":"https:\/\/www.cesenaticohotel.com\/fr\/experiences-cesenatico\/museo-della-marineria","title":{"rendered":"Le Mus\u00e9e de la Marine"},"content":{"rendered":"\n<p><b>Un mus\u00e9e unique en Italie et rare dans le monde<\/b>, qui gr\u00e2ce aux bateaux historiques des marins, aux techniques et aux anciens instruments de navigation, vous fera d\u00e9couvrir le pass\u00e9 et les origines de Cesenatico, ancien village de p\u00eacheurs.<\/p>\n","protected":false},"excerpt":{"rendered":"<p>Un mus\u00e9e unique en Italie et rare dans le monde, qui gr\u00e2ce aux bateaux historiques des marins, aux techniques et aux anciens instruments de navigation, vous fera d\u00e9couvrir le pass\u00e9 et les origines de Cesenatico, ancien village de p\u00eacheurs.<\/p>\n","protected":false},"author":1,"featured_media":0,"parent":675,"menu_order":0,"comment_status":"closed","ping_status":"closed","template":"page-templates\/scheda_esperienza.php","meta":{"_acf_changed":false,"inline_featured_image":false,"footnotes":""},"class_list":["post-1753","page","type-page","status-publish","hentry"],"acf":[],"yoast_head":"<!-- This site is optimized with the Yoast SEO plugin v27.0 - https:\/\/yoast.com\/product\/yoast-seo-wordpress\/ -->\n<title>Le Mus\u00e9e de la Marine de Cesenatico: informations et billets<\/title>\n<meta name=\"description\" content=\"Venez d\u00e9couvrir les origines de l&#039;ancien village marin de Cesenatico. Instruments de navigation, techniques et embarcations vous attendent au mus\u00e9e.\" \/>\n<meta name=\"robots\" content=\"index, follow, max-snippet:-1, max-image-preview:large, max-video-preview:-1\" \/>\n<link rel=\"canonical\" href=\"https:\/\/www.cesenaticohotel.com\/fr\/experiences-cesenatico\/museo-della-marineria\" \/>\n<meta property=\"og:locale\" content=\"fr_FR\" \/>\n<meta property=\"og:type\" content=\"article\" \/>\n<meta property=\"og:title\" content=\"Le Mus\u00e9e de la Marine de Cesenatico: informations et billets\" \/>\n<meta property=\"og:description\" content=\"Venez d\u00e9couvrir les origines de l&#039;ancien village marin de Cesenatico. Instruments de navigation, techniques et embarcations vous attendent au mus\u00e9e.\" \/>\n<meta property=\"og:url\" content=\"https:\/\/www.cesenaticohotel.com\/fr\/experiences-cesenatico\/museo-della-marineria\" \/>\n<meta property=\"og:site_name\" content=\"Cesenatico Hotel\" \/>\n<meta property=\"article:modified_time\" content=\"2023-08-22T07:07:45+00:00\" \/>\n<meta property=\"og:image\" content=\"https:\/\/www.cesenaticohotel.com\/wp-content\/uploads\/2023\/05\/immagine-sito.jpg\" \/>\n\t<meta property=\"og:image:width\" content=\"1200\" \/>\n\t<meta property=\"og:image:height\" content=\"675\" \/>\n\t<meta property=\"og:image:type\" content=\"image\/jpeg\" \/>\n<meta name=\"twitter:card\" content=\"summary_large_image\" \/>\n<script type=\"application\/ld+json\" class=\"yoast-schema-graph\">{\"@context\":\"https:\/\/schema.org\",\"@graph\":[{\"@type\":\"WebPage\",\"@id\":\"https:\/\/www.cesenaticohotel.com\/fr\/experiences-cesenatico\/museo-della-marineria\",\"url\":\"https:\/\/www.cesenaticohotel.com\/fr\/experiences-cesenatico\/museo-della-marineria\",\"name\":\"Le Mus\u00e9e de la Marine de Cesenatico: informations et billets\",\"isPartOf\":{\"@id\":\"https:\/\/www.cesenaticohotel.com\/fr\/#website\"},\"datePublished\":\"2023-04-26T12:21:38+00:00\",\"dateModified\":\"2023-08-22T07:07:45+00:00\",\"description\":\"Venez d\u00e9couvrir les origines de l'ancien village marin de Cesenatico. Instruments de navigation, techniques et embarcations vous attendent au mus\u00e9e.\",\"breadcrumb\":{\"@id\":\"https:\/\/www.cesenaticohotel.com\/fr\/experiences-cesenatico\/museo-della-marineria#breadcrumb\"},\"inLanguage\":\"fr-FR\",\"potentialAction\":[{\"@type\":\"ReadAction\",\"target\":[\"https:\/\/www.cesenaticohotel.com\/fr\/experiences-cesenatico\/museo-della-marineria\"]}]},{\"@type\":\"BreadcrumbList\",\"@id\":\"https:\/\/www.cesenaticohotel.com\/fr\/experiences-cesenatico\/museo-della-marineria#breadcrumb\",\"itemListElement\":[{\"@type\":\"ListItem\",\"position\":1,\"name\":\"Home\",\"item\":\"https:\/\/www.cesenaticohotel.com\/fr\"},{\"@type\":\"ListItem\",\"position\":2,\"name\":\"Exp\u00e9riences\",\"item\":\"https:\/\/www.cesenaticohotel.com\/fr\/experiences-cesenatico\"},{\"@type\":\"ListItem\",\"position\":3,\"name\":\"Le Mus\u00e9e de la Marine\"}]},{\"@type\":\"WebSite\",\"@id\":\"https:\/\/www.cesenaticohotel.com\/fr\/#website\",\"url\":\"https:\/\/www.cesenaticohotel.com\/fr\/\",\"name\":\"Cesenatico Hotel\",\"description\":\"\",\"publisher\":{\"@id\":\"https:\/\/www.cesenaticohotel.com\/fr\/#organization\"},\"potentialAction\":[{\"@type\":\"SearchAction\",\"target\":{\"@type\":\"EntryPoint\",\"urlTemplate\":\"https:\/\/www.cesenaticohotel.com\/fr\/?s={search_term_string}\"},\"query-input\":{\"@type\":\"PropertyValueSpecification\",\"valueRequired\":true,\"valueName\":\"search_term_string\"}}],\"inLanguage\":\"fr-FR\"},{\"@type\":\"Organization\",\"@id\":\"https:\/\/www.cesenaticohotel.com\/fr\/#organization\",\"name\":\"Cesenatico Hotel\",\"url\":\"https:\/\/www.cesenaticohotel.com\/fr\/\",\"logo\":{\"@type\":\"ImageObject\",\"inLanguage\":\"fr-FR\",\"@id\":\"https:\/\/www.cesenaticohotel.com\/fr\/#\/schema\/logo\/image\/\",\"url\":\"https:\/\/www.cesenaticohotel.com\/wp-content\/uploads\/2023\/05\/logo-organizzazione.jpg\",\"contentUrl\":\"https:\/\/www.cesenaticohotel.com\/wp-content\/uploads\/2023\/05\/logo-organizzazione.jpg\",\"width\":696,\"height\":696,\"caption\":\"Cesenatico Hotel\"},\"image\":{\"@id\":\"https:\/\/www.cesenaticohotel.com\/fr\/#\/schema\/logo\/image\/\"}}]}<\/script>\n<!-- \/ Yoast SEO plugin. -->","yoast_head_json":{"title":"Le Mus\u00e9e de la Marine de Cesenatico: informations et billets","description":"Venez d\u00e9couvrir les origines de l'ancien village marin de Cesenatico. Instruments de navigation, techniques et embarcations vous attendent au mus\u00e9e.","robots":{"index":"index","follow":"follow","max-snippet":"max-snippet:-1","max-image-preview":"max-image-preview:large","max-video-preview":"max-video-preview:-1"},"canonical":"https:\/\/www.cesenaticohotel.com\/fr\/experiences-cesenatico\/museo-della-marineria","og_locale":"fr_FR","og_type":"article","og_title":"Le Mus\u00e9e de la Marine de Cesenatico: informations et billets","og_description":"Venez d\u00e9couvrir les origines de l'ancien village marin de Cesenatico. Instruments de navigation, techniques et embarcations vous attendent au mus\u00e9e.","og_url":"https:\/\/www.cesenaticohotel.com\/fr\/experiences-cesenatico\/museo-della-marineria","og_site_name":"Cesenatico Hotel","article_modified_time":"2023-08-22T07:07:45+00:00","og_image":[{"width":1200,"height":675,"url":"https:\/\/www.cesenaticohotel.com\/wp-content\/uploads\/2023\/05\/immagine-sito.jpg","type":"image\/jpeg"}],"twitter_card":"summary_large_image","schema":{"@context":"https:\/\/schema.org","@graph":[{"@type":"WebPage","@id":"https:\/\/www.cesenaticohotel.com\/fr\/experiences-cesenatico\/museo-della-marineria","url":"https:\/\/www.cesenaticohotel.com\/fr\/experiences-cesenatico\/museo-della-marineria","name":"Le Mus\u00e9e de la Marine de Cesenatico: informations et billets","isPartOf":{"@id":"https:\/\/www.cesenaticohotel.com\/fr\/#website"},"datePublished":"2023-04-26T12:21:38+00:00","dateModified":"2023-08-22T07:07:45+00:00","description":"Venez d\u00e9couvrir les origines de l'ancien village marin de Cesenatico. Instruments de navigation, techniques et embarcations vous attendent au mus\u00e9e.","breadcrumb":{"@id":"https:\/\/www.cesenaticohotel.com\/fr\/experiences-cesenatico\/museo-della-marineria#breadcrumb"},"inLanguage":"fr-FR","potentialAction":[{"@type":"ReadAction","target":["https:\/\/www.cesenaticohotel.com\/fr\/experiences-cesenatico\/museo-della-marineria"]}]},{"@type":"BreadcrumbList","@id":"https:\/\/www.cesenaticohotel.com\/fr\/experiences-cesenatico\/museo-della-marineria#breadcrumb","itemListElement":[{"@type":"ListItem","position":1,"name":"Home","item":"https:\/\/www.cesenaticohotel.com\/fr"},{"@type":"ListItem","position":2,"name":"Exp\u00e9riences","item":"https:\/\/www.cesenaticohotel.com\/fr\/experiences-cesenatico"},{"@type":"ListItem","position":3,"name":"Le Mus\u00e9e de la Marine"}]},{"@type":"WebSite","@id":"https:\/\/www.cesenaticohotel.com\/fr\/#website","url":"https:\/\/www.cesenaticohotel.com\/fr\/","name":"Cesenatico Hotel","description":"","publisher":{"@id":"https:\/\/www.cesenaticohotel.com\/fr\/#organization"},"potentialAction":[{"@type":"SearchAction","target":{"@type":"EntryPoint","urlTemplate":"https:\/\/www.cesenaticohotel.com\/fr\/?s={search_term_string}"},"query-input":{"@type":"PropertyValueSpecification","valueRequired":true,"valueName":"search_term_string"}}],"inLanguage":"fr-FR"},{"@type":"Organization","@id":"https:\/\/www.cesenaticohotel.com\/fr\/#organization","name":"Cesenatico Hotel","url":"https:\/\/www.cesenaticohotel.com\/fr\/","logo":{"@type":"ImageObject","inLanguage":"fr-FR","@id":"https:\/\/www.cesenaticohotel.com\/fr\/#\/schema\/logo\/image\/","url":"https:\/\/www.cesenaticohotel.com\/wp-content\/uploads\/2023\/05\/logo-organizzazione.jpg","contentUrl":"https:\/\/www.cesenaticohotel.com\/wp-content\/uploads\/2023\/05\/logo-organizzazione.jpg","width":696,"height":696,"caption":"Cesenatico Hotel"},"image":{"@id":"https:\/\/www.cesenaticohotel.com\/fr\/#\/schema\/logo\/image\/"}}]}},"_links":{"self":[{"href":"https:\/\/www.cesenaticohotel.com\/fr\/wp-json\/wp\/v2\/pages\/1753","targetHints":{"allow":["GET"]}}],"collection":[{"href":"https:\/\/www.cesenaticohotel.com\/fr\/wp-json\/wp\/v2\/pages"}],"about":[{"href":"https:\/\/www.cesenaticohotel.com\/fr\/wp-json\/wp\/v2\/types\/page"}],"author":[{"embeddable":true,"href":"https:\/\/www.cesenaticohotel.com\/fr\/wp-json\/wp\/v2\/users\/1"}],"replies":[{"embeddable":true,"href":"https:\/\/www.cesenaticohotel.com\/fr\/wp-json\/wp\/v2\/comments?post=1753"}],"version-history":[{"count":2,"href":"https:\/\/www.cesenaticohotel.com\/fr\/wp-json\/wp\/v2\/pages\/1753\/revisions"}],"predecessor-version":[{"id":5779,"href":"https:\/\/www.cesenaticohotel.com\/fr\/wp-json\/wp\/v2\/pages\/1753\/revisions\/5779"}],"up":[{"embeddable":true,"href":"https:\/\/www.cesenaticohotel.com\/fr\/wp-json\/wp\/v2\/pages\/675"}],"wp:attachment":[{"href":"https:\/\/www.cesenaticohotel.com\/fr\/wp-json\/wp\/v2\/media?parent=1753"}],"curies":[{"name":"wp","href":"https:\/\/api.w.org\/{rel}","templated":true}]}}