{"id":1967,"date":"2023-04-26T15:05:31","date_gmt":"2023-04-26T13:05:31","guid":{"rendered":"https:\/\/www.cesenaticohotel.com\/paquets\/attraverso-la-storia-della-romagna"},"modified":"2023-08-22T09:07:47","modified_gmt":"2023-08-22T07:07:47","slug":"attraverso-la-storia-della-romagna","status":"publish","type":"page","link":"https:\/\/www.cesenaticohotel.com\/fr\/paquets\/attraverso-la-storia-della-romagna","title":{"rendered":"\u00c0 travers l&rsquo;histoire de la Romagne"},"content":{"rendered":"\n<p>L&rsquo;arri\u00e8re-pays de Cesenatico propose des excellence mondialement connues, de la culture \u00e0 la cuisine.<\/p>\n\n\n\n<p>En associant le plaisir de la table \u00e0 celui de la culture et gr\u00e2ce \u00e0 la pr\u00e9sence de la mer, vous pourrez combiner d\u00e9tente et exp\u00e9rience unique en visitant les lieux o\u00f9 notre histoire est n\u00e9e et o\u00f9 la gastronomie n&rsquo;a pas d&rsquo;\u00e9gal.<\/p>\n","protected":false},"excerpt":{"rendered":"<p>L&rsquo;arri\u00e8re-pays de Cesenatico propose des excellence mondialement connues, de la culture \u00e0 la cuisine. En associant le plaisir de la table \u00e0 celui de la culture et gr\u00e2ce \u00e0 la pr\u00e9sence de la mer, vous pourrez combiner d\u00e9tente et exp\u00e9rience unique en visitant les lieux o\u00f9 notre histoire est n\u00e9e et o\u00f9 la gastronomie n&rsquo;a &hellip;<\/p>\n","protected":false},"author":1,"featured_media":0,"parent":688,"menu_order":0,"comment_status":"closed","ping_status":"closed","template":"page-templates\/scheda_pacchetto.php","meta":{"_acf_changed":false,"inline_featured_image":false,"footnotes":""},"class_list":["post-1967","page","type-page","status-publish","hentry"],"acf":[],"yoast_head":"<!-- This site is optimized with the Yoast SEO plugin v27.6 - https:\/\/yoast.com\/product\/yoast-seo-wordpress\/ -->\n<title>Forfait vacances: \u00e0 travers l&#039;histoire de la Romagne<\/title>\n<meta name=\"description\" content=\"D\u00e9couvrez et savourez l&#039;histoire de la Romagne entre culture et gastronomie dans l&#039;arri\u00e8re-pays de Cesenatico. R\u00e9servez d\u00e8s maintenant votre exp\u00e9rience!\" \/>\n<meta name=\"robots\" content=\"index, follow, max-snippet:-1, max-image-preview:large, max-video-preview:-1\" \/>\n<link rel=\"canonical\" href=\"https:\/\/www.cesenaticohotel.com\/fr\/paquets\/attraverso-la-storia-della-romagna\" \/>\n<meta property=\"og:locale\" content=\"fr_FR\" \/>\n<meta property=\"og:type\" content=\"article\" \/>\n<meta property=\"og:title\" content=\"Forfait vacances: \u00e0 travers l&#039;histoire de la Romagne\" \/>\n<meta property=\"og:description\" content=\"D\u00e9couvrez et savourez l&#039;histoire de la Romagne entre culture et gastronomie dans l&#039;arri\u00e8re-pays de Cesenatico. R\u00e9servez d\u00e8s maintenant votre exp\u00e9rience!\" \/>\n<meta property=\"og:url\" content=\"https:\/\/www.cesenaticohotel.com\/fr\/paquets\/attraverso-la-storia-della-romagna\" \/>\n<meta property=\"og:site_name\" content=\"Cesenatico Hotel\" \/>\n<meta property=\"article:modified_time\" content=\"2023-08-22T07:07:47+00:00\" \/>\n<meta property=\"og:image\" content=\"https:\/\/www.cesenaticohotel.com\/wp-content\/uploads\/2023\/05\/immagine-sito.jpg\" \/>\n\t<meta property=\"og:image:width\" content=\"1200\" \/>\n\t<meta property=\"og:image:height\" content=\"675\" \/>\n\t<meta property=\"og:image:type\" content=\"image\/jpeg\" \/>\n<meta name=\"twitter:card\" content=\"summary_large_image\" \/>\n<script type=\"application\/ld+json\" class=\"yoast-schema-graph\">{\"@context\":\"https:\\\/\\\/schema.org\",\"@graph\":[{\"@type\":\"WebPage\",\"@id\":\"https:\\\/\\\/www.cesenaticohotel.com\\\/fr\\\/paquets\\\/attraverso-la-storia-della-romagna\",\"url\":\"https:\\\/\\\/www.cesenaticohotel.com\\\/fr\\\/paquets\\\/attraverso-la-storia-della-romagna\",\"name\":\"Forfait vacances: \u00e0 travers l'histoire de la Romagne\",\"isPartOf\":{\"@id\":\"https:\\\/\\\/www.cesenaticohotel.com\\\/fr\\\/#website\"},\"datePublished\":\"2023-04-26T13:05:31+00:00\",\"dateModified\":\"2023-08-22T07:07:47+00:00\",\"description\":\"D\u00e9couvrez et savourez l'histoire de la Romagne entre culture et gastronomie dans l'arri\u00e8re-pays de Cesenatico. R\u00e9servez d\u00e8s maintenant votre exp\u00e9rience!\",\"breadcrumb\":{\"@id\":\"https:\\\/\\\/www.cesenaticohotel.com\\\/fr\\\/paquets\\\/attraverso-la-storia-della-romagna#breadcrumb\"},\"inLanguage\":\"fr-FR\",\"potentialAction\":[{\"@type\":\"ReadAction\",\"target\":[\"https:\\\/\\\/www.cesenaticohotel.com\\\/fr\\\/paquets\\\/attraverso-la-storia-della-romagna\"]}]},{\"@type\":\"BreadcrumbList\",\"@id\":\"https:\\\/\\\/www.cesenaticohotel.com\\\/fr\\\/paquets\\\/attraverso-la-storia-della-romagna#breadcrumb\",\"itemListElement\":[{\"@type\":\"ListItem\",\"position\":1,\"name\":\"Home\",\"item\":\"https:\\\/\\\/www.cesenaticohotel.com\\\/fr\"},{\"@type\":\"ListItem\",\"position\":2,\"name\":\"Forfaits vacances\",\"item\":\"https:\\\/\\\/www.cesenaticohotel.com\\\/fr\\\/paquets\"},{\"@type\":\"ListItem\",\"position\":3,\"name\":\"\u00c0 travers l&#8217;histoire de la Romagne\"}]},{\"@type\":\"WebSite\",\"@id\":\"https:\\\/\\\/www.cesenaticohotel.com\\\/fr\\\/#website\",\"url\":\"https:\\\/\\\/www.cesenaticohotel.com\\\/fr\\\/\",\"name\":\"Cesenatico Hotel\",\"description\":\"\",\"publisher\":{\"@id\":\"https:\\\/\\\/www.cesenaticohotel.com\\\/fr\\\/#organization\"},\"potentialAction\":[{\"@type\":\"SearchAction\",\"target\":{\"@type\":\"EntryPoint\",\"urlTemplate\":\"https:\\\/\\\/www.cesenaticohotel.com\\\/fr\\\/?s={search_term_string}\"},\"query-input\":{\"@type\":\"PropertyValueSpecification\",\"valueRequired\":true,\"valueName\":\"search_term_string\"}}],\"inLanguage\":\"fr-FR\"},{\"@type\":\"Organization\",\"@id\":\"https:\\\/\\\/www.cesenaticohotel.com\\\/fr\\\/#organization\",\"name\":\"Cesenatico Hotel\",\"url\":\"https:\\\/\\\/www.cesenaticohotel.com\\\/fr\\\/\",\"logo\":{\"@type\":\"ImageObject\",\"inLanguage\":\"fr-FR\",\"@id\":\"https:\\\/\\\/www.cesenaticohotel.com\\\/fr\\\/#\\\/schema\\\/logo\\\/image\\\/\",\"url\":\"https:\\\/\\\/www.cesenaticohotel.com\\\/wp-content\\\/uploads\\\/2023\\\/05\\\/logo-organizzazione.jpg\",\"contentUrl\":\"https:\\\/\\\/www.cesenaticohotel.com\\\/wp-content\\\/uploads\\\/2023\\\/05\\\/logo-organizzazione.jpg\",\"width\":696,\"height\":696,\"caption\":\"Cesenatico Hotel\"},\"image\":{\"@id\":\"https:\\\/\\\/www.cesenaticohotel.com\\\/fr\\\/#\\\/schema\\\/logo\\\/image\\\/\"}}]}<\/script>\n<!-- \/ Yoast SEO plugin. -->","yoast_head_json":{"title":"Forfait vacances: \u00e0 travers l'histoire de la Romagne","description":"D\u00e9couvrez et savourez l'histoire de la Romagne entre culture et gastronomie dans l'arri\u00e8re-pays de Cesenatico. R\u00e9servez d\u00e8s maintenant votre exp\u00e9rience!","robots":{"index":"index","follow":"follow","max-snippet":"max-snippet:-1","max-image-preview":"max-image-preview:large","max-video-preview":"max-video-preview:-1"},"canonical":"https:\/\/www.cesenaticohotel.com\/fr\/paquets\/attraverso-la-storia-della-romagna","og_locale":"fr_FR","og_type":"article","og_title":"Forfait vacances: \u00e0 travers l'histoire de la Romagne","og_description":"D\u00e9couvrez et savourez l'histoire de la Romagne entre culture et gastronomie dans l'arri\u00e8re-pays de Cesenatico. R\u00e9servez d\u00e8s maintenant votre exp\u00e9rience!","og_url":"https:\/\/www.cesenaticohotel.com\/fr\/paquets\/attraverso-la-storia-della-romagna","og_site_name":"Cesenatico Hotel","article_modified_time":"2023-08-22T07:07:47+00:00","og_image":[{"width":1200,"height":675,"url":"https:\/\/www.cesenaticohotel.com\/wp-content\/uploads\/2023\/05\/immagine-sito.jpg","type":"image\/jpeg"}],"twitter_card":"summary_large_image","schema":{"@context":"https:\/\/schema.org","@graph":[{"@type":"WebPage","@id":"https:\/\/www.cesenaticohotel.com\/fr\/paquets\/attraverso-la-storia-della-romagna","url":"https:\/\/www.cesenaticohotel.com\/fr\/paquets\/attraverso-la-storia-della-romagna","name":"Forfait vacances: \u00e0 travers l'histoire de la Romagne","isPartOf":{"@id":"https:\/\/www.cesenaticohotel.com\/fr\/#website"},"datePublished":"2023-04-26T13:05:31+00:00","dateModified":"2023-08-22T07:07:47+00:00","description":"D\u00e9couvrez et savourez l'histoire de la Romagne entre culture et gastronomie dans l'arri\u00e8re-pays de Cesenatico. R\u00e9servez d\u00e8s maintenant votre exp\u00e9rience!","breadcrumb":{"@id":"https:\/\/www.cesenaticohotel.com\/fr\/paquets\/attraverso-la-storia-della-romagna#breadcrumb"},"inLanguage":"fr-FR","potentialAction":[{"@type":"ReadAction","target":["https:\/\/www.cesenaticohotel.com\/fr\/paquets\/attraverso-la-storia-della-romagna"]}]},{"@type":"BreadcrumbList","@id":"https:\/\/www.cesenaticohotel.com\/fr\/paquets\/attraverso-la-storia-della-romagna#breadcrumb","itemListElement":[{"@type":"ListItem","position":1,"name":"Home","item":"https:\/\/www.cesenaticohotel.com\/fr"},{"@type":"ListItem","position":2,"name":"Forfaits vacances","item":"https:\/\/www.cesenaticohotel.com\/fr\/paquets"},{"@type":"ListItem","position":3,"name":"\u00c0 travers l&#8217;histoire de la Romagne"}]},{"@type":"WebSite","@id":"https:\/\/www.cesenaticohotel.com\/fr\/#website","url":"https:\/\/www.cesenaticohotel.com\/fr\/","name":"Cesenatico Hotel","description":"","publisher":{"@id":"https:\/\/www.cesenaticohotel.com\/fr\/#organization"},"potentialAction":[{"@type":"SearchAction","target":{"@type":"EntryPoint","urlTemplate":"https:\/\/www.cesenaticohotel.com\/fr\/?s={search_term_string}"},"query-input":{"@type":"PropertyValueSpecification","valueRequired":true,"valueName":"search_term_string"}}],"inLanguage":"fr-FR"},{"@type":"Organization","@id":"https:\/\/www.cesenaticohotel.com\/fr\/#organization","name":"Cesenatico Hotel","url":"https:\/\/www.cesenaticohotel.com\/fr\/","logo":{"@type":"ImageObject","inLanguage":"fr-FR","@id":"https:\/\/www.cesenaticohotel.com\/fr\/#\/schema\/logo\/image\/","url":"https:\/\/www.cesenaticohotel.com\/wp-content\/uploads\/2023\/05\/logo-organizzazione.jpg","contentUrl":"https:\/\/www.cesenaticohotel.com\/wp-content\/uploads\/2023\/05\/logo-organizzazione.jpg","width":696,"height":696,"caption":"Cesenatico Hotel"},"image":{"@id":"https:\/\/www.cesenaticohotel.com\/fr\/#\/schema\/logo\/image\/"}}]}},"_links":{"self":[{"href":"https:\/\/www.cesenaticohotel.com\/fr\/wp-json\/wp\/v2\/pages\/1967","targetHints":{"allow":["GET"]}}],"collection":[{"href":"https:\/\/www.cesenaticohotel.com\/fr\/wp-json\/wp\/v2\/pages"}],"about":[{"href":"https:\/\/www.cesenaticohotel.com\/fr\/wp-json\/wp\/v2\/types\/page"}],"author":[{"embeddable":true,"href":"https:\/\/www.cesenaticohotel.com\/fr\/wp-json\/wp\/v2\/users\/1"}],"replies":[{"embeddable":true,"href":"https:\/\/www.cesenaticohotel.com\/fr\/wp-json\/wp\/v2\/comments?post=1967"}],"version-history":[{"count":2,"href":"https:\/\/www.cesenaticohotel.com\/fr\/wp-json\/wp\/v2\/pages\/1967\/revisions"}],"predecessor-version":[{"id":5784,"href":"https:\/\/www.cesenaticohotel.com\/fr\/wp-json\/wp\/v2\/pages\/1967\/revisions\/5784"}],"up":[{"embeddable":true,"href":"https:\/\/www.cesenaticohotel.com\/fr\/wp-json\/wp\/v2\/pages\/688"}],"wp:attachment":[{"href":"https:\/\/www.cesenaticohotel.com\/fr\/wp-json\/wp\/v2\/media?parent=1967"}],"curies":[{"name":"wp","href":"https:\/\/api.w.org\/{rel}","templated":true}]}}