{"id":227,"date":"2023-04-19T10:03:02","date_gmt":"2023-04-19T08:03:02","guid":{"rendered":"https:\/\/www.cesenaticohotel.com\/hotel\/hotel-promenade-universale"},"modified":"2023-08-22T09:06:14","modified_gmt":"2023-08-22T07:06:14","slug":"hotel-promenade-universale","status":"publish","type":"page","link":"https:\/\/www.cesenaticohotel.com\/fr\/hotels\/hotel-promenade-universale","title":{"rendered":"H\u00f4tel Promenade Universale"},"content":{"rendered":"\n<p>Si vous r\u00eavez de <b>vacances tout compris<\/b>, avec la possibilit\u00e9 d&#039;acc\u00e9der \u00e0 la plage en un instant, <b>l&#039;H\u00f4tel Promenade Universale \u00e0 Cesenatico<\/b> est la solution parfaite pour vous. Vous pourrez vous d\u00e9tendre sur la <b>plage priv\u00e9e<\/b>, o\u00f9 vous disposerez d&#039;un parasol et de deux transats, ainsi que de terrains de beach volley et de p\u00e9tanque, ainsi que des jeux pour les enfants. En alternative, l&#039;h\u00f4tel dispose <b>de deux piscines<\/b>, avec une <b>zone pour les b\u00e9b\u00e9s<\/b>, o\u00f9 vous pourrez passer des heures agr\u00e9ables et relaxantes, peut-\u00eatre en profitant du <b>Free Bar 8-24<\/b> pour siroter vos boissons pr\u00e9f\u00e9r\u00e9es au bord de la piscine.<\/p>\n\n\n\n<!--more-->\n\n\n\n<p>Si vous \u00eates en vacances avec des enfants<b>, le Mini Club et le Junior Club<\/b> sont disponibles tous les jours; en outre, il y a <b>350<\/b> <b>m\u00b2 de parc pour enfants <\/b>cl\u00f4tur\u00e9, entour\u00e9 de verdure, un grand <b>parc pour b\u00e9b\u00e9s int\u00e9rieur<\/b>, une <b>zone de jeux<\/b> avec Xbox et Wii. L&#039;h\u00f4tel propose \u00e9galement un d\u00e9licieux <b>menu pour enfants tous les jours<\/b> et le <b>go\u00fbter avec les animateurs<\/b>, tous les apr\u00e8s-midis \u00e0 16 heures.<\/p>\n\n\n\n<p>Le Promenade Universale est un <b>h\u00f4tel Pet <\/b>qui accueille les animaux de petite et moyenne taille, ainsi que diff\u00e9rentes sortes d&#039;animaux domestiques, avec un acc\u00e8s au restaurant et la possibilit\u00e9 de profiter d&#039;une<b> plage adapt\u00e9e aux animaux.<\/b><\/p>\n\n\n\n<p>Les vacances tout compris se poursuivent \u00e9galement \u00e0 table, avec une exp\u00e9rience qui vous permet de savourer le meilleur de <b>la cuisine romagnole, nationale et internationale<\/b> de qualit\u00e9. Le <b>buffet du petit-d\u00e9jeuner<\/b> regorge de propositions sucr\u00e9es et sal\u00e9es, \u00e0 accompagner de caf\u00e9, de jus de fruits et de smoothies. Pour le <b>d\u00e9jeuner et le d\u00eener<\/b>, servis sous forme de buffet, vous pourrez choisir parmi des plats de viande, de poisson, v\u00e9g\u00e9tariens et pizzas. En plus des<b> boissons pendant les repas <\/b>&#8211; eau, vin, bi\u00e8re, cola et orangeade &#8211; le <b>Free Bar 8-24<\/b> comprend \u00e9galement des boissons chaudes, des alcools, des boissons sans alcool, des super alcools, des glaces et des granit\u00e9s.<\/p>\n\n\n\n<p>L&#039;H\u00f4tel Promenade Universale met \u00e0 la disposition de ses clients un<b> parking int\u00e9rieur priv\u00e9 <\/b>avec place de parking <b>attribu\u00e9e<\/b>, ainsi que des <b>v\u00e9los<\/b> \u00e9quip\u00e9s de si\u00e8ges et de casques pour les plus petits.<\/p>\n","protected":false},"excerpt":{"rendered":"<p>Si vous r\u00eavez de vacances tout compris, avec la possibilit\u00e9 d&#039;acc\u00e9der \u00e0 la plage en un instant, l&#039;H\u00f4tel Promenade Universale \u00e0 Cesenatico est la solution parfaite pour vous. Vous pourrez vous d\u00e9tendre sur la plage priv\u00e9e, o\u00f9 vous disposerez d&#039;un parasol et de deux transats, ainsi que de terrains de beach volley et de p\u00e9tanque, &hellip;<\/p>\n","protected":false},"author":1,"featured_media":0,"parent":513,"menu_order":0,"comment_status":"closed","ping_status":"closed","template":"page-templates\/scheda_hotel.php","meta":{"_acf_changed":false,"inline_featured_image":false,"footnotes":""},"class_list":["post-227","page","type-page","status-publish","hentry"],"acf":[],"yoast_head":"<!-- This site is optimized with the Yoast SEO plugin v27.0 - https:\/\/yoast.com\/product\/yoast-seo-wordpress\/ -->\n<title>H\u00f4tel Promenade Universale*** \u00e0 Cesenatico: h\u00f4tel pour familles et animaux<\/title>\n<meta name=\"description\" content=\"L&#039;H\u00f4tel Promenade Universale offre une vue sur la mer, avec plage et piscines priv\u00e9es. Formule tout compris avec bar gratuit et place de parking garantie\" \/>\n<meta name=\"robots\" content=\"index, follow, max-snippet:-1, max-image-preview:large, max-video-preview:-1\" \/>\n<link rel=\"canonical\" href=\"https:\/\/www.cesenaticohotel.com\/fr\/hotels\/hotel-promenade-universale\" \/>\n<meta property=\"og:locale\" content=\"fr_FR\" \/>\n<meta property=\"og:type\" content=\"article\" \/>\n<meta property=\"og:title\" content=\"H\u00f4tel Promenade Universale*** \u00e0 Cesenatico: h\u00f4tel pour familles et animaux\" \/>\n<meta property=\"og:description\" content=\"L&#039;H\u00f4tel Promenade Universale offre une vue sur la mer, avec plage et piscines priv\u00e9es. Formule tout compris avec bar gratuit et place de parking garantie\" \/>\n<meta property=\"og:url\" content=\"https:\/\/www.cesenaticohotel.com\/fr\/hotels\/hotel-promenade-universale\" \/>\n<meta property=\"og:site_name\" content=\"Cesenatico Hotel\" \/>\n<meta property=\"article:modified_time\" content=\"2023-08-22T07:06:14+00:00\" \/>\n<meta property=\"og:image\" content=\"https:\/\/www.cesenaticohotel.com\/wp-content\/uploads\/2023\/05\/immagine-sito.jpg\" \/>\n\t<meta property=\"og:image:width\" content=\"1200\" \/>\n\t<meta property=\"og:image:height\" content=\"675\" \/>\n\t<meta property=\"og:image:type\" content=\"image\/jpeg\" \/>\n<meta name=\"twitter:card\" content=\"summary_large_image\" \/>\n<meta name=\"twitter:label1\" content=\"Dur\u00e9e de lecture estim\u00e9e\" \/>\n\t<meta name=\"twitter:data1\" content=\"2 minutes\" \/>\n<script type=\"application\/ld+json\" class=\"yoast-schema-graph\">{\"@context\":\"https:\/\/schema.org\",\"@graph\":[{\"@type\":\"WebPage\",\"@id\":\"https:\/\/www.cesenaticohotel.com\/fr\/hotels\/hotel-promenade-universale\",\"url\":\"https:\/\/www.cesenaticohotel.com\/fr\/hotels\/hotel-promenade-universale\",\"name\":\"H\u00f4tel Promenade Universale*** \u00e0 Cesenatico: h\u00f4tel pour familles et animaux\",\"isPartOf\":{\"@id\":\"https:\/\/www.cesenaticohotel.com\/fr\/#website\"},\"datePublished\":\"2023-04-19T08:03:02+00:00\",\"dateModified\":\"2023-08-22T07:06:14+00:00\",\"description\":\"L'H\u00f4tel Promenade Universale offre une vue sur la mer, avec plage et piscines priv\u00e9es. Formule tout compris avec bar gratuit et place de parking garantie\",\"breadcrumb\":{\"@id\":\"https:\/\/www.cesenaticohotel.com\/fr\/hotels\/hotel-promenade-universale#breadcrumb\"},\"inLanguage\":\"fr-FR\",\"potentialAction\":[{\"@type\":\"ReadAction\",\"target\":[\"https:\/\/www.cesenaticohotel.com\/fr\/hotels\/hotel-promenade-universale\"]}]},{\"@type\":\"BreadcrumbList\",\"@id\":\"https:\/\/www.cesenaticohotel.com\/fr\/hotels\/hotel-promenade-universale#breadcrumb\",\"itemListElement\":[{\"@type\":\"ListItem\",\"position\":1,\"name\":\"Home\",\"item\":\"https:\/\/www.cesenaticohotel.com\/fr\"},{\"@type\":\"ListItem\",\"position\":2,\"name\":\"H\u00f4tel\",\"item\":\"https:\/\/www.cesenaticohotel.com\/fr\/hotels\"},{\"@type\":\"ListItem\",\"position\":3,\"name\":\"H\u00f4tel Promenade Universale\"}]},{\"@type\":\"WebSite\",\"@id\":\"https:\/\/www.cesenaticohotel.com\/fr\/#website\",\"url\":\"https:\/\/www.cesenaticohotel.com\/fr\/\",\"name\":\"Cesenatico Hotel\",\"description\":\"\",\"publisher\":{\"@id\":\"https:\/\/www.cesenaticohotel.com\/fr\/#organization\"},\"potentialAction\":[{\"@type\":\"SearchAction\",\"target\":{\"@type\":\"EntryPoint\",\"urlTemplate\":\"https:\/\/www.cesenaticohotel.com\/fr\/?s={search_term_string}\"},\"query-input\":{\"@type\":\"PropertyValueSpecification\",\"valueRequired\":true,\"valueName\":\"search_term_string\"}}],\"inLanguage\":\"fr-FR\"},{\"@type\":\"Organization\",\"@id\":\"https:\/\/www.cesenaticohotel.com\/fr\/#organization\",\"name\":\"Cesenatico Hotel\",\"url\":\"https:\/\/www.cesenaticohotel.com\/fr\/\",\"logo\":{\"@type\":\"ImageObject\",\"inLanguage\":\"fr-FR\",\"@id\":\"https:\/\/www.cesenaticohotel.com\/fr\/#\/schema\/logo\/image\/\",\"url\":\"https:\/\/www.cesenaticohotel.com\/wp-content\/uploads\/2023\/05\/logo-organizzazione.jpg\",\"contentUrl\":\"https:\/\/www.cesenaticohotel.com\/wp-content\/uploads\/2023\/05\/logo-organizzazione.jpg\",\"width\":696,\"height\":696,\"caption\":\"Cesenatico Hotel\"},\"image\":{\"@id\":\"https:\/\/www.cesenaticohotel.com\/fr\/#\/schema\/logo\/image\/\"}}]}<\/script>\n<!-- \/ Yoast SEO plugin. -->","yoast_head_json":{"title":"H\u00f4tel Promenade Universale*** \u00e0 Cesenatico: h\u00f4tel pour familles et animaux","description":"L'H\u00f4tel Promenade Universale offre une vue sur la mer, avec plage et piscines priv\u00e9es. Formule tout compris avec bar gratuit et place de parking garantie","robots":{"index":"index","follow":"follow","max-snippet":"max-snippet:-1","max-image-preview":"max-image-preview:large","max-video-preview":"max-video-preview:-1"},"canonical":"https:\/\/www.cesenaticohotel.com\/fr\/hotels\/hotel-promenade-universale","og_locale":"fr_FR","og_type":"article","og_title":"H\u00f4tel Promenade Universale*** \u00e0 Cesenatico: h\u00f4tel pour familles et animaux","og_description":"L'H\u00f4tel Promenade Universale offre une vue sur la mer, avec plage et piscines priv\u00e9es. Formule tout compris avec bar gratuit et place de parking garantie","og_url":"https:\/\/www.cesenaticohotel.com\/fr\/hotels\/hotel-promenade-universale","og_site_name":"Cesenatico Hotel","article_modified_time":"2023-08-22T07:06:14+00:00","og_image":[{"width":1200,"height":675,"url":"https:\/\/www.cesenaticohotel.com\/wp-content\/uploads\/2023\/05\/immagine-sito.jpg","type":"image\/jpeg"}],"twitter_card":"summary_large_image","twitter_misc":{"Dur\u00e9e de lecture estim\u00e9e":"2 minutes"},"schema":{"@context":"https:\/\/schema.org","@graph":[{"@type":"WebPage","@id":"https:\/\/www.cesenaticohotel.com\/fr\/hotels\/hotel-promenade-universale","url":"https:\/\/www.cesenaticohotel.com\/fr\/hotels\/hotel-promenade-universale","name":"H\u00f4tel Promenade Universale*** \u00e0 Cesenatico: h\u00f4tel pour familles et animaux","isPartOf":{"@id":"https:\/\/www.cesenaticohotel.com\/fr\/#website"},"datePublished":"2023-04-19T08:03:02+00:00","dateModified":"2023-08-22T07:06:14+00:00","description":"L'H\u00f4tel Promenade Universale offre une vue sur la mer, avec plage et piscines priv\u00e9es. Formule tout compris avec bar gratuit et place de parking garantie","breadcrumb":{"@id":"https:\/\/www.cesenaticohotel.com\/fr\/hotels\/hotel-promenade-universale#breadcrumb"},"inLanguage":"fr-FR","potentialAction":[{"@type":"ReadAction","target":["https:\/\/www.cesenaticohotel.com\/fr\/hotels\/hotel-promenade-universale"]}]},{"@type":"BreadcrumbList","@id":"https:\/\/www.cesenaticohotel.com\/fr\/hotels\/hotel-promenade-universale#breadcrumb","itemListElement":[{"@type":"ListItem","position":1,"name":"Home","item":"https:\/\/www.cesenaticohotel.com\/fr"},{"@type":"ListItem","position":2,"name":"H\u00f4tel","item":"https:\/\/www.cesenaticohotel.com\/fr\/hotels"},{"@type":"ListItem","position":3,"name":"H\u00f4tel Promenade Universale"}]},{"@type":"WebSite","@id":"https:\/\/www.cesenaticohotel.com\/fr\/#website","url":"https:\/\/www.cesenaticohotel.com\/fr\/","name":"Cesenatico Hotel","description":"","publisher":{"@id":"https:\/\/www.cesenaticohotel.com\/fr\/#organization"},"potentialAction":[{"@type":"SearchAction","target":{"@type":"EntryPoint","urlTemplate":"https:\/\/www.cesenaticohotel.com\/fr\/?s={search_term_string}"},"query-input":{"@type":"PropertyValueSpecification","valueRequired":true,"valueName":"search_term_string"}}],"inLanguage":"fr-FR"},{"@type":"Organization","@id":"https:\/\/www.cesenaticohotel.com\/fr\/#organization","name":"Cesenatico Hotel","url":"https:\/\/www.cesenaticohotel.com\/fr\/","logo":{"@type":"ImageObject","inLanguage":"fr-FR","@id":"https:\/\/www.cesenaticohotel.com\/fr\/#\/schema\/logo\/image\/","url":"https:\/\/www.cesenaticohotel.com\/wp-content\/uploads\/2023\/05\/logo-organizzazione.jpg","contentUrl":"https:\/\/www.cesenaticohotel.com\/wp-content\/uploads\/2023\/05\/logo-organizzazione.jpg","width":696,"height":696,"caption":"Cesenatico Hotel"},"image":{"@id":"https:\/\/www.cesenaticohotel.com\/fr\/#\/schema\/logo\/image\/"}}]}},"_links":{"self":[{"href":"https:\/\/www.cesenaticohotel.com\/fr\/wp-json\/wp\/v2\/pages\/227","targetHints":{"allow":["GET"]}}],"collection":[{"href":"https:\/\/www.cesenaticohotel.com\/fr\/wp-json\/wp\/v2\/pages"}],"about":[{"href":"https:\/\/www.cesenaticohotel.com\/fr\/wp-json\/wp\/v2\/types\/page"}],"author":[{"embeddable":true,"href":"https:\/\/www.cesenaticohotel.com\/fr\/wp-json\/wp\/v2\/users\/1"}],"replies":[{"embeddable":true,"href":"https:\/\/www.cesenaticohotel.com\/fr\/wp-json\/wp\/v2\/comments?post=227"}],"version-history":[{"count":3,"href":"https:\/\/www.cesenaticohotel.com\/fr\/wp-json\/wp\/v2\/pages\/227\/revisions"}],"predecessor-version":[{"id":5640,"href":"https:\/\/www.cesenaticohotel.com\/fr\/wp-json\/wp\/v2\/pages\/227\/revisions\/5640"}],"up":[{"embeddable":true,"href":"https:\/\/www.cesenaticohotel.com\/fr\/wp-json\/wp\/v2\/pages\/513"}],"wp:attachment":[{"href":"https:\/\/www.cesenaticohotel.com\/fr\/wp-json\/wp\/v2\/media?parent=227"}],"curies":[{"name":"wp","href":"https:\/\/api.w.org\/{rel}","templated":true}]}}