{"id":241,"date":"2023-04-19T10:54:50","date_gmt":"2023-04-19T08:54:50","guid":{"rendered":"https:\/\/www.cesenaticohotel.com\/hotel\/hotel-stefania"},"modified":"2023-08-22T09:06:16","modified_gmt":"2023-08-22T07:06:16","slug":"hotel-stefania","status":"publish","type":"page","link":"https:\/\/www.cesenaticohotel.com\/fr\/hotels\/hotel-stefania","title":{"rendered":"H\u00f4tel Stefania"},"content":{"rendered":"\n<p>L&#039;<b>H\u00f4tel Stefania <\/b>est id\u00e9alement situ\u00e9, <b>directement sur la promenade en front de mer de Cesenatico<\/b>. L&#039;acc\u00e8s \u00e0 la plage est direct, mais si vous pr\u00e9f\u00e9rez, vous pouvez vous d\u00e9tendre \u00e0 l&#039;h\u00f4tel et profiter <b>du grand et paisible jardin<\/b>, avec sa belle <b>piscine toujours ensoleill\u00e9e<\/b>, entour\u00e9e de parasols, de chaises longues et d&#039;une <b>terrasse solarium panoramique<\/b>. L&#039;h\u00f4tel fournit \u00e9galement des <b>serviettes de plage moelleuses gratuites<\/b>, \u00e0 utiliser \u00e0 la fois \u00e0 la piscine et \u00e0 la plage.<\/p>\n\n\n\n<!--more-->\n\n\n\n<p>Avec la formule <b>Soft All Inclusive<\/b>, vous pouvez savourer tous les jours le <b>petit-d\u00e9jeuner, le brunch et le d\u00eener<\/b> sous forme de buffet dans l&#039;\u00e9l\u00e9gante salle de restaurant donnant sur le jardin ou en plein air. <b>L&#039;eau, le cola et l&#039;orangeade sont inclus<\/b>. Le<b> petit-d\u00e9jeuner<\/b> est servi de 8h \u00e0 11h: avec des g\u00e2teaux sucr\u00e9s et sal\u00e9s faits maison, des charcuteries, des \u0153ufs, du bacon, des fruits frais, des boissons chaudes et des jus de fruits. De 12h \u00e0 13h30, c&#039;est l&#039;heure du <b>brunch copieux<\/b>, avec de nombreuses propositions savoureuses de viandes et de poissons, de plats de p\u00e2tes, de finger food et de desserts. Pour le <b>d\u00eener<\/b>, de 19h30 \u00e0 21h, vous d\u00e9couvrirez les saveurs authentiques de la tradition romagnole, auxquelles s&#039;ajoutent des pizzas, des salades et des douceurs sal\u00e9es et sucr\u00e9es.<\/p>\n\n\n\n<p>L&#039;h\u00f4tel dispose d&#039;un <b>bar int\u00e9rieur<\/b> et <b>ext\u00e9rieur<\/b> pour les cocktails et les ap\u00e9ritifs, d&#039;un <b>parking <\/b>int\u00e9rieur gratuit, d&#039;une <b>aire de jeux<\/b> pour les enfants et de <b>v\u00e9los <\/b>gratuits. Les <b>animaux domestiques sont les bienvenus.<\/b><\/p>\n","protected":false},"excerpt":{"rendered":"<p>L&#039;H\u00f4tel Stefania est id\u00e9alement situ\u00e9, directement sur la promenade en front de mer de Cesenatico. L&#039;acc\u00e8s \u00e0 la plage est direct, mais si vous pr\u00e9f\u00e9rez, vous pouvez vous d\u00e9tendre \u00e0 l&#039;h\u00f4tel et profiter du grand et paisible jardin, avec sa belle piscine toujours ensoleill\u00e9e, entour\u00e9e de parasols, de chaises longues et d&#039;une terrasse solarium panoramique. &hellip;<\/p>\n","protected":false},"author":1,"featured_media":0,"parent":513,"menu_order":0,"comment_status":"closed","ping_status":"closed","template":"page-templates\/scheda_hotel.php","meta":{"_acf_changed":false,"inline_featured_image":false,"footnotes":""},"class_list":["post-241","page","type-page","status-publish","hentry"],"acf":[],"yoast_head":"<!-- This site is optimized with the Yoast SEO plugin v27.0 - https:\/\/yoast.com\/product\/yoast-seo-wordpress\/ -->\n<title>H\u00f4tel Stefania*** \u00e0 Cesenatico: h\u00f4tel pour couples et familles<\/title>\n<meta name=\"description\" content=\"L&#039;H\u00f4tel Stefania est en front de mer avec acc\u00e8s \u00e0 la plage affili\u00e9e. Jardin avec piscine, terrasse panoramique. Formule tout compris douce et yoga\" \/>\n<meta name=\"robots\" content=\"index, follow, max-snippet:-1, max-image-preview:large, max-video-preview:-1\" \/>\n<link rel=\"canonical\" href=\"https:\/\/www.cesenaticohotel.com\/fr\/hotels\/hotel-stefania\" \/>\n<meta property=\"og:locale\" content=\"fr_FR\" \/>\n<meta property=\"og:type\" content=\"article\" \/>\n<meta property=\"og:title\" content=\"H\u00f4tel Stefania*** \u00e0 Cesenatico: h\u00f4tel pour couples et familles\" \/>\n<meta property=\"og:description\" content=\"L&#039;H\u00f4tel Stefania est en front de mer avec acc\u00e8s \u00e0 la plage affili\u00e9e. Jardin avec piscine, terrasse panoramique. Formule tout compris douce et yoga\" \/>\n<meta property=\"og:url\" content=\"https:\/\/www.cesenaticohotel.com\/fr\/hotels\/hotel-stefania\" \/>\n<meta property=\"og:site_name\" content=\"Cesenatico Hotel\" \/>\n<meta property=\"article:modified_time\" content=\"2023-08-22T07:06:16+00:00\" \/>\n<meta property=\"og:image\" content=\"https:\/\/www.cesenaticohotel.com\/wp-content\/uploads\/2023\/05\/immagine-sito.jpg\" \/>\n\t<meta property=\"og:image:width\" content=\"1200\" \/>\n\t<meta property=\"og:image:height\" content=\"675\" \/>\n\t<meta property=\"og:image:type\" content=\"image\/jpeg\" \/>\n<meta name=\"twitter:card\" content=\"summary_large_image\" \/>\n<meta name=\"twitter:label1\" content=\"Dur\u00e9e de lecture estim\u00e9e\" \/>\n\t<meta name=\"twitter:data1\" content=\"1 minute\" \/>\n<script type=\"application\/ld+json\" class=\"yoast-schema-graph\">{\"@context\":\"https:\/\/schema.org\",\"@graph\":[{\"@type\":\"WebPage\",\"@id\":\"https:\/\/www.cesenaticohotel.com\/fr\/hotels\/hotel-stefania\",\"url\":\"https:\/\/www.cesenaticohotel.com\/fr\/hotels\/hotel-stefania\",\"name\":\"H\u00f4tel Stefania*** \u00e0 Cesenatico: h\u00f4tel pour couples et familles\",\"isPartOf\":{\"@id\":\"https:\/\/www.cesenaticohotel.com\/fr\/#website\"},\"datePublished\":\"2023-04-19T08:54:50+00:00\",\"dateModified\":\"2023-08-22T07:06:16+00:00\",\"description\":\"L'H\u00f4tel Stefania est en front de mer avec acc\u00e8s \u00e0 la plage affili\u00e9e. Jardin avec piscine, terrasse panoramique. Formule tout compris douce et yoga\",\"breadcrumb\":{\"@id\":\"https:\/\/www.cesenaticohotel.com\/fr\/hotels\/hotel-stefania#breadcrumb\"},\"inLanguage\":\"fr-FR\",\"potentialAction\":[{\"@type\":\"ReadAction\",\"target\":[\"https:\/\/www.cesenaticohotel.com\/fr\/hotels\/hotel-stefania\"]}]},{\"@type\":\"BreadcrumbList\",\"@id\":\"https:\/\/www.cesenaticohotel.com\/fr\/hotels\/hotel-stefania#breadcrumb\",\"itemListElement\":[{\"@type\":\"ListItem\",\"position\":1,\"name\":\"Home\",\"item\":\"https:\/\/www.cesenaticohotel.com\/fr\"},{\"@type\":\"ListItem\",\"position\":2,\"name\":\"H\u00f4tel\",\"item\":\"https:\/\/www.cesenaticohotel.com\/fr\/hotels\"},{\"@type\":\"ListItem\",\"position\":3,\"name\":\"H\u00f4tel Stefania\"}]},{\"@type\":\"WebSite\",\"@id\":\"https:\/\/www.cesenaticohotel.com\/fr\/#website\",\"url\":\"https:\/\/www.cesenaticohotel.com\/fr\/\",\"name\":\"Cesenatico Hotel\",\"description\":\"\",\"publisher\":{\"@id\":\"https:\/\/www.cesenaticohotel.com\/fr\/#organization\"},\"potentialAction\":[{\"@type\":\"SearchAction\",\"target\":{\"@type\":\"EntryPoint\",\"urlTemplate\":\"https:\/\/www.cesenaticohotel.com\/fr\/?s={search_term_string}\"},\"query-input\":{\"@type\":\"PropertyValueSpecification\",\"valueRequired\":true,\"valueName\":\"search_term_string\"}}],\"inLanguage\":\"fr-FR\"},{\"@type\":\"Organization\",\"@id\":\"https:\/\/www.cesenaticohotel.com\/fr\/#organization\",\"name\":\"Cesenatico Hotel\",\"url\":\"https:\/\/www.cesenaticohotel.com\/fr\/\",\"logo\":{\"@type\":\"ImageObject\",\"inLanguage\":\"fr-FR\",\"@id\":\"https:\/\/www.cesenaticohotel.com\/fr\/#\/schema\/logo\/image\/\",\"url\":\"https:\/\/www.cesenaticohotel.com\/wp-content\/uploads\/2023\/05\/logo-organizzazione.jpg\",\"contentUrl\":\"https:\/\/www.cesenaticohotel.com\/wp-content\/uploads\/2023\/05\/logo-organizzazione.jpg\",\"width\":696,\"height\":696,\"caption\":\"Cesenatico Hotel\"},\"image\":{\"@id\":\"https:\/\/www.cesenaticohotel.com\/fr\/#\/schema\/logo\/image\/\"}}]}<\/script>\n<!-- \/ Yoast SEO plugin. -->","yoast_head_json":{"title":"H\u00f4tel Stefania*** \u00e0 Cesenatico: h\u00f4tel pour couples et familles","description":"L'H\u00f4tel Stefania est en front de mer avec acc\u00e8s \u00e0 la plage affili\u00e9e. Jardin avec piscine, terrasse panoramique. Formule tout compris douce et yoga","robots":{"index":"index","follow":"follow","max-snippet":"max-snippet:-1","max-image-preview":"max-image-preview:large","max-video-preview":"max-video-preview:-1"},"canonical":"https:\/\/www.cesenaticohotel.com\/fr\/hotels\/hotel-stefania","og_locale":"fr_FR","og_type":"article","og_title":"H\u00f4tel Stefania*** \u00e0 Cesenatico: h\u00f4tel pour couples et familles","og_description":"L'H\u00f4tel Stefania est en front de mer avec acc\u00e8s \u00e0 la plage affili\u00e9e. Jardin avec piscine, terrasse panoramique. Formule tout compris douce et yoga","og_url":"https:\/\/www.cesenaticohotel.com\/fr\/hotels\/hotel-stefania","og_site_name":"Cesenatico Hotel","article_modified_time":"2023-08-22T07:06:16+00:00","og_image":[{"width":1200,"height":675,"url":"https:\/\/www.cesenaticohotel.com\/wp-content\/uploads\/2023\/05\/immagine-sito.jpg","type":"image\/jpeg"}],"twitter_card":"summary_large_image","twitter_misc":{"Dur\u00e9e de lecture estim\u00e9e":"1 minute"},"schema":{"@context":"https:\/\/schema.org","@graph":[{"@type":"WebPage","@id":"https:\/\/www.cesenaticohotel.com\/fr\/hotels\/hotel-stefania","url":"https:\/\/www.cesenaticohotel.com\/fr\/hotels\/hotel-stefania","name":"H\u00f4tel Stefania*** \u00e0 Cesenatico: h\u00f4tel pour couples et familles","isPartOf":{"@id":"https:\/\/www.cesenaticohotel.com\/fr\/#website"},"datePublished":"2023-04-19T08:54:50+00:00","dateModified":"2023-08-22T07:06:16+00:00","description":"L'H\u00f4tel Stefania est en front de mer avec acc\u00e8s \u00e0 la plage affili\u00e9e. Jardin avec piscine, terrasse panoramique. Formule tout compris douce et yoga","breadcrumb":{"@id":"https:\/\/www.cesenaticohotel.com\/fr\/hotels\/hotel-stefania#breadcrumb"},"inLanguage":"fr-FR","potentialAction":[{"@type":"ReadAction","target":["https:\/\/www.cesenaticohotel.com\/fr\/hotels\/hotel-stefania"]}]},{"@type":"BreadcrumbList","@id":"https:\/\/www.cesenaticohotel.com\/fr\/hotels\/hotel-stefania#breadcrumb","itemListElement":[{"@type":"ListItem","position":1,"name":"Home","item":"https:\/\/www.cesenaticohotel.com\/fr"},{"@type":"ListItem","position":2,"name":"H\u00f4tel","item":"https:\/\/www.cesenaticohotel.com\/fr\/hotels"},{"@type":"ListItem","position":3,"name":"H\u00f4tel Stefania"}]},{"@type":"WebSite","@id":"https:\/\/www.cesenaticohotel.com\/fr\/#website","url":"https:\/\/www.cesenaticohotel.com\/fr\/","name":"Cesenatico Hotel","description":"","publisher":{"@id":"https:\/\/www.cesenaticohotel.com\/fr\/#organization"},"potentialAction":[{"@type":"SearchAction","target":{"@type":"EntryPoint","urlTemplate":"https:\/\/www.cesenaticohotel.com\/fr\/?s={search_term_string}"},"query-input":{"@type":"PropertyValueSpecification","valueRequired":true,"valueName":"search_term_string"}}],"inLanguage":"fr-FR"},{"@type":"Organization","@id":"https:\/\/www.cesenaticohotel.com\/fr\/#organization","name":"Cesenatico Hotel","url":"https:\/\/www.cesenaticohotel.com\/fr\/","logo":{"@type":"ImageObject","inLanguage":"fr-FR","@id":"https:\/\/www.cesenaticohotel.com\/fr\/#\/schema\/logo\/image\/","url":"https:\/\/www.cesenaticohotel.com\/wp-content\/uploads\/2023\/05\/logo-organizzazione.jpg","contentUrl":"https:\/\/www.cesenaticohotel.com\/wp-content\/uploads\/2023\/05\/logo-organizzazione.jpg","width":696,"height":696,"caption":"Cesenatico Hotel"},"image":{"@id":"https:\/\/www.cesenaticohotel.com\/fr\/#\/schema\/logo\/image\/"}}]}},"_links":{"self":[{"href":"https:\/\/www.cesenaticohotel.com\/fr\/wp-json\/wp\/v2\/pages\/241","targetHints":{"allow":["GET"]}}],"collection":[{"href":"https:\/\/www.cesenaticohotel.com\/fr\/wp-json\/wp\/v2\/pages"}],"about":[{"href":"https:\/\/www.cesenaticohotel.com\/fr\/wp-json\/wp\/v2\/types\/page"}],"author":[{"embeddable":true,"href":"https:\/\/www.cesenaticohotel.com\/fr\/wp-json\/wp\/v2\/users\/1"}],"replies":[{"embeddable":true,"href":"https:\/\/www.cesenaticohotel.com\/fr\/wp-json\/wp\/v2\/comments?post=241"}],"version-history":[{"count":3,"href":"https:\/\/www.cesenaticohotel.com\/fr\/wp-json\/wp\/v2\/pages\/241\/revisions"}],"predecessor-version":[{"id":5642,"href":"https:\/\/www.cesenaticohotel.com\/fr\/wp-json\/wp\/v2\/pages\/241\/revisions\/5642"}],"up":[{"embeddable":true,"href":"https:\/\/www.cesenaticohotel.com\/fr\/wp-json\/wp\/v2\/pages\/513"}],"wp:attachment":[{"href":"https:\/\/www.cesenaticohotel.com\/fr\/wp-json\/wp\/v2\/media?parent=241"}],"curies":[{"name":"wp","href":"https:\/\/api.w.org\/{rel}","templated":true}]}}