{"id":2440,"date":"2023-04-27T12:31:46","date_gmt":"2023-04-27T10:31:46","guid":{"rendered":"https:\/\/www.cesenaticohotel.com\/hotels\/hotel-lalla-beauty-relax"},"modified":"2024-09-20T09:14:27","modified_gmt":"2024-09-20T07:14:27","slug":"hotel-lalla-beauty-relax","status":"publish","type":"page","link":"https:\/\/www.cesenaticohotel.com\/fr\/hotels\/hotel-lalla-beauty-relax","title":{"rendered":"Hotel Lalla Beauty &#038; Relax"},"content":{"rendered":"\n<p>L&#039;<b>Hotel Lalla Beauty &amp; Relax <\/b>est proche de la plage de Ponente \u00e0 Cesenatico et du centre-ville, que vous pouvez facilement rejoindre \u00e0 pied. Si vous pr\u00e9f\u00e9rez vous d\u00e9tendre \u00e0 l&#039;h\u00f4tel, vous avez \u00e0 votre disposition une <b>piscine ext\u00e9rieure d&#039;eau sal\u00e9e chauff\u00e9e<\/b> avec jets d&#039;eau massants, ainsi que le <b>Centre de Bien-\u00eatre La Perla<\/b>.<\/p>\n\n\n\n<!--more-->\n\n\n\n<p><b>Sur 100m\u00b2 de parcours r\u00e9g\u00e9n\u00e9rants<\/b>, vous trouverez un sauna, un bain turc parfum\u00e9 \u00e0 l&#039;eucalyptus, des douches \u00e9motionnelles, des douches tropicales et aromatiques, des bains \u00e0 remous pour retrouver le bien-\u00eatre du corps et de l&#039;esprit, peut-\u00eatre apr\u00e8s une s\u00e9ance dans la <b>salle de sport<\/b> de l&#039;h\u00f4tel \u00e9quip\u00e9e d&#039;appareils Technogym.<\/p>\n\n\n\n<p>Au <b>restaurant gourmet L&#039;88 al Mare<\/b>, vous pouvez entreprendre un voyage \u00e0 travers les saveurs de la Romagne, avec \u00e9galement des plats pour les intol\u00e9rants et des options sans gluten. Les produits utilis\u00e9s sont locaux, authentiques et tr\u00e8s frais. Le petit-d\u00e9jeuner est servi en terrasse. Au <b>American Bar &amp; Lounge<\/b>, vous pouvez commander des cocktails, des ap\u00e9ritifs et des digestifs.<\/p>\n\n\n\n<p>L&#039;h\u00f4tel propose un <b>parking gratuit \u00e0 200 m\u00e8tres<\/b>, une connexion internet rapide et des <b>services pour les sportifs<\/b> <b>sur demande<\/b>, tels que des excursions organis\u00e9es, la location de v\u00e9los, des guides cyclistes et des arrangements sp\u00e9ciaux. Les petits<b> animaux domestiques <\/b>sont les bienvenus.<\/p>\n","protected":false},"excerpt":{"rendered":"<p>L&#039;Hotel Lalla Beauty &amp; Relax est proche de la plage de Ponente \u00e0 Cesenatico et du centre-ville, que vous pouvez facilement rejoindre \u00e0 pied. Si vous pr\u00e9f\u00e9rez vous d\u00e9tendre \u00e0 l&#039;h\u00f4tel, vous avez \u00e0 votre disposition une piscine ext\u00e9rieure d&#039;eau sal\u00e9e chauff\u00e9e avec jets d&#039;eau massants, ainsi que le Centre de Bien-\u00eatre La Perla.<\/p>\n","protected":false},"author":24,"featured_media":0,"parent":513,"menu_order":0,"comment_status":"closed","ping_status":"closed","template":"page-templates\/scheda_hotel.php","meta":{"_acf_changed":false,"inline_featured_image":false,"footnotes":""},"class_list":["post-2440","page","type-page","status-publish","hentry"],"acf":[],"yoast_head":"<!-- This site is optimized with the Yoast SEO plugin v27.0 - https:\/\/yoast.com\/product\/yoast-seo-wordpress\/ -->\n<title>H\u00f4tel Lalla Beauty &amp; Relax**** \u00e0 Cesenatico: h\u00f4tel pour le bien-\u00eatre<\/title>\n<meta name=\"description\" content=\"L&#039;H\u00f4tel Lalla Beauty &amp; Relax est id\u00e9alement situ\u00e9. Centre de bien-\u00eatre et piscine ext\u00e9rieure chauff\u00e9e. Salle de sport, solarium et parking.\" \/>\n<meta name=\"robots\" content=\"index, follow, max-snippet:-1, max-image-preview:large, max-video-preview:-1\" \/>\n<link rel=\"canonical\" href=\"https:\/\/www.cesenaticohotel.com\/fr\/hotels\/hotel-lalla-beauty-relax\" \/>\n<meta property=\"og:locale\" content=\"fr_FR\" \/>\n<meta property=\"og:type\" content=\"article\" \/>\n<meta property=\"og:title\" content=\"H\u00f4tel Lalla Beauty &amp; Relax**** \u00e0 Cesenatico: h\u00f4tel pour le bien-\u00eatre\" \/>\n<meta property=\"og:description\" content=\"L&#039;H\u00f4tel Lalla Beauty &amp; Relax est id\u00e9alement situ\u00e9. Centre de bien-\u00eatre et piscine ext\u00e9rieure chauff\u00e9e. Salle de sport, solarium et parking.\" \/>\n<meta property=\"og:url\" content=\"https:\/\/www.cesenaticohotel.com\/fr\/hotels\/hotel-lalla-beauty-relax\" \/>\n<meta property=\"og:site_name\" content=\"Cesenatico Hotel\" \/>\n<meta property=\"article:modified_time\" content=\"2024-09-20T07:14:27+00:00\" \/>\n<meta property=\"og:image\" content=\"https:\/\/www.cesenaticohotel.com\/wp-content\/uploads\/2023\/05\/immagine-sito.jpg\" \/>\n\t<meta property=\"og:image:width\" content=\"1200\" \/>\n\t<meta property=\"og:image:height\" content=\"675\" \/>\n\t<meta property=\"og:image:type\" content=\"image\/jpeg\" \/>\n<meta name=\"twitter:card\" content=\"summary_large_image\" \/>\n<meta name=\"twitter:label1\" content=\"Dur\u00e9e de lecture estim\u00e9e\" \/>\n\t<meta name=\"twitter:data1\" content=\"2 minutes\" \/>\n<script type=\"application\/ld+json\" class=\"yoast-schema-graph\">{\"@context\":\"https:\/\/schema.org\",\"@graph\":[{\"@type\":\"WebPage\",\"@id\":\"https:\/\/www.cesenaticohotel.com\/fr\/hotels\/hotel-lalla-beauty-relax\",\"url\":\"https:\/\/www.cesenaticohotel.com\/fr\/hotels\/hotel-lalla-beauty-relax\",\"name\":\"H\u00f4tel Lalla Beauty & Relax**** \u00e0 Cesenatico: h\u00f4tel pour le bien-\u00eatre\",\"isPartOf\":{\"@id\":\"https:\/\/www.cesenaticohotel.com\/fr\/#website\"},\"datePublished\":\"2023-04-27T10:31:46+00:00\",\"dateModified\":\"2024-09-20T07:14:27+00:00\",\"description\":\"L'H\u00f4tel Lalla Beauty & Relax est id\u00e9alement situ\u00e9. Centre de bien-\u00eatre et piscine ext\u00e9rieure chauff\u00e9e. Salle de sport, solarium et parking.\",\"breadcrumb\":{\"@id\":\"https:\/\/www.cesenaticohotel.com\/fr\/hotels\/hotel-lalla-beauty-relax#breadcrumb\"},\"inLanguage\":\"fr-FR\",\"potentialAction\":[{\"@type\":\"ReadAction\",\"target\":[\"https:\/\/www.cesenaticohotel.com\/fr\/hotels\/hotel-lalla-beauty-relax\"]}]},{\"@type\":\"BreadcrumbList\",\"@id\":\"https:\/\/www.cesenaticohotel.com\/fr\/hotels\/hotel-lalla-beauty-relax#breadcrumb\",\"itemListElement\":[{\"@type\":\"ListItem\",\"position\":1,\"name\":\"Home\",\"item\":\"https:\/\/www.cesenaticohotel.com\/fr\"},{\"@type\":\"ListItem\",\"position\":2,\"name\":\"H\u00f4tel\",\"item\":\"https:\/\/www.cesenaticohotel.com\/fr\/hotels\"},{\"@type\":\"ListItem\",\"position\":3,\"name\":\"Hotel Lalla Beauty &#038; Relax\"}]},{\"@type\":\"WebSite\",\"@id\":\"https:\/\/www.cesenaticohotel.com\/fr\/#website\",\"url\":\"https:\/\/www.cesenaticohotel.com\/fr\/\",\"name\":\"Cesenatico Hotel\",\"description\":\"\",\"publisher\":{\"@id\":\"https:\/\/www.cesenaticohotel.com\/fr\/#organization\"},\"potentialAction\":[{\"@type\":\"SearchAction\",\"target\":{\"@type\":\"EntryPoint\",\"urlTemplate\":\"https:\/\/www.cesenaticohotel.com\/fr\/?s={search_term_string}\"},\"query-input\":{\"@type\":\"PropertyValueSpecification\",\"valueRequired\":true,\"valueName\":\"search_term_string\"}}],\"inLanguage\":\"fr-FR\"},{\"@type\":\"Organization\",\"@id\":\"https:\/\/www.cesenaticohotel.com\/fr\/#organization\",\"name\":\"Cesenatico Hotel\",\"url\":\"https:\/\/www.cesenaticohotel.com\/fr\/\",\"logo\":{\"@type\":\"ImageObject\",\"inLanguage\":\"fr-FR\",\"@id\":\"https:\/\/www.cesenaticohotel.com\/fr\/#\/schema\/logo\/image\/\",\"url\":\"https:\/\/www.cesenaticohotel.com\/wp-content\/uploads\/2023\/05\/logo-organizzazione.jpg\",\"contentUrl\":\"https:\/\/www.cesenaticohotel.com\/wp-content\/uploads\/2023\/05\/logo-organizzazione.jpg\",\"width\":696,\"height\":696,\"caption\":\"Cesenatico Hotel\"},\"image\":{\"@id\":\"https:\/\/www.cesenaticohotel.com\/fr\/#\/schema\/logo\/image\/\"}}]}<\/script>\n<!-- \/ Yoast SEO plugin. -->","yoast_head_json":{"title":"H\u00f4tel Lalla Beauty & Relax**** \u00e0 Cesenatico: h\u00f4tel pour le bien-\u00eatre","description":"L'H\u00f4tel Lalla Beauty & Relax est id\u00e9alement situ\u00e9. Centre de bien-\u00eatre et piscine ext\u00e9rieure chauff\u00e9e. Salle de sport, solarium et parking.","robots":{"index":"index","follow":"follow","max-snippet":"max-snippet:-1","max-image-preview":"max-image-preview:large","max-video-preview":"max-video-preview:-1"},"canonical":"https:\/\/www.cesenaticohotel.com\/fr\/hotels\/hotel-lalla-beauty-relax","og_locale":"fr_FR","og_type":"article","og_title":"H\u00f4tel Lalla Beauty & Relax**** \u00e0 Cesenatico: h\u00f4tel pour le bien-\u00eatre","og_description":"L'H\u00f4tel Lalla Beauty & Relax est id\u00e9alement situ\u00e9. Centre de bien-\u00eatre et piscine ext\u00e9rieure chauff\u00e9e. Salle de sport, solarium et parking.","og_url":"https:\/\/www.cesenaticohotel.com\/fr\/hotels\/hotel-lalla-beauty-relax","og_site_name":"Cesenatico Hotel","article_modified_time":"2024-09-20T07:14:27+00:00","og_image":[{"width":1200,"height":675,"url":"https:\/\/www.cesenaticohotel.com\/wp-content\/uploads\/2023\/05\/immagine-sito.jpg","type":"image\/jpeg"}],"twitter_card":"summary_large_image","twitter_misc":{"Dur\u00e9e de lecture estim\u00e9e":"2 minutes"},"schema":{"@context":"https:\/\/schema.org","@graph":[{"@type":"WebPage","@id":"https:\/\/www.cesenaticohotel.com\/fr\/hotels\/hotel-lalla-beauty-relax","url":"https:\/\/www.cesenaticohotel.com\/fr\/hotels\/hotel-lalla-beauty-relax","name":"H\u00f4tel Lalla Beauty & Relax**** \u00e0 Cesenatico: h\u00f4tel pour le bien-\u00eatre","isPartOf":{"@id":"https:\/\/www.cesenaticohotel.com\/fr\/#website"},"datePublished":"2023-04-27T10:31:46+00:00","dateModified":"2024-09-20T07:14:27+00:00","description":"L'H\u00f4tel Lalla Beauty & Relax est id\u00e9alement situ\u00e9. Centre de bien-\u00eatre et piscine ext\u00e9rieure chauff\u00e9e. Salle de sport, solarium et parking.","breadcrumb":{"@id":"https:\/\/www.cesenaticohotel.com\/fr\/hotels\/hotel-lalla-beauty-relax#breadcrumb"},"inLanguage":"fr-FR","potentialAction":[{"@type":"ReadAction","target":["https:\/\/www.cesenaticohotel.com\/fr\/hotels\/hotel-lalla-beauty-relax"]}]},{"@type":"BreadcrumbList","@id":"https:\/\/www.cesenaticohotel.com\/fr\/hotels\/hotel-lalla-beauty-relax#breadcrumb","itemListElement":[{"@type":"ListItem","position":1,"name":"Home","item":"https:\/\/www.cesenaticohotel.com\/fr"},{"@type":"ListItem","position":2,"name":"H\u00f4tel","item":"https:\/\/www.cesenaticohotel.com\/fr\/hotels"},{"@type":"ListItem","position":3,"name":"Hotel Lalla Beauty &#038; Relax"}]},{"@type":"WebSite","@id":"https:\/\/www.cesenaticohotel.com\/fr\/#website","url":"https:\/\/www.cesenaticohotel.com\/fr\/","name":"Cesenatico Hotel","description":"","publisher":{"@id":"https:\/\/www.cesenaticohotel.com\/fr\/#organization"},"potentialAction":[{"@type":"SearchAction","target":{"@type":"EntryPoint","urlTemplate":"https:\/\/www.cesenaticohotel.com\/fr\/?s={search_term_string}"},"query-input":{"@type":"PropertyValueSpecification","valueRequired":true,"valueName":"search_term_string"}}],"inLanguage":"fr-FR"},{"@type":"Organization","@id":"https:\/\/www.cesenaticohotel.com\/fr\/#organization","name":"Cesenatico Hotel","url":"https:\/\/www.cesenaticohotel.com\/fr\/","logo":{"@type":"ImageObject","inLanguage":"fr-FR","@id":"https:\/\/www.cesenaticohotel.com\/fr\/#\/schema\/logo\/image\/","url":"https:\/\/www.cesenaticohotel.com\/wp-content\/uploads\/2023\/05\/logo-organizzazione.jpg","contentUrl":"https:\/\/www.cesenaticohotel.com\/wp-content\/uploads\/2023\/05\/logo-organizzazione.jpg","width":696,"height":696,"caption":"Cesenatico Hotel"},"image":{"@id":"https:\/\/www.cesenaticohotel.com\/fr\/#\/schema\/logo\/image\/"}}]}},"_links":{"self":[{"href":"https:\/\/www.cesenaticohotel.com\/fr\/wp-json\/wp\/v2\/pages\/2440","targetHints":{"allow":["GET"]}}],"collection":[{"href":"https:\/\/www.cesenaticohotel.com\/fr\/wp-json\/wp\/v2\/pages"}],"about":[{"href":"https:\/\/www.cesenaticohotel.com\/fr\/wp-json\/wp\/v2\/types\/page"}],"author":[{"embeddable":true,"href":"https:\/\/www.cesenaticohotel.com\/fr\/wp-json\/wp\/v2\/users\/24"}],"replies":[{"embeddable":true,"href":"https:\/\/www.cesenaticohotel.com\/fr\/wp-json\/wp\/v2\/comments?post=2440"}],"version-history":[{"count":4,"href":"https:\/\/www.cesenaticohotel.com\/fr\/wp-json\/wp\/v2\/pages\/2440\/revisions"}],"predecessor-version":[{"id":9249,"href":"https:\/\/www.cesenaticohotel.com\/fr\/wp-json\/wp\/v2\/pages\/2440\/revisions\/9249"}],"up":[{"embeddable":true,"href":"https:\/\/www.cesenaticohotel.com\/fr\/wp-json\/wp\/v2\/pages\/513"}],"wp:attachment":[{"href":"https:\/\/www.cesenaticohotel.com\/fr\/wp-json\/wp\/v2\/media?parent=2440"}],"curies":[{"name":"wp","href":"https:\/\/api.w.org\/{rel}","templated":true}]}}