{"id":283,"date":"2023-04-19T12:43:00","date_gmt":"2023-04-19T10:43:00","guid":{"rendered":"https:\/\/www.cesenaticohotel.com\/hotel\/hotel-stacchini"},"modified":"2023-08-22T09:06:24","modified_gmt":"2023-08-22T07:06:24","slug":"hotel-stacchini","status":"publish","type":"page","link":"https:\/\/www.cesenaticohotel.com\/fr\/hotels\/hotel-stacchini","title":{"rendered":"H\u00f4tel Stacchini"},"content":{"rendered":"\n<p>L&#039;<b>H\u00f4tel Stacchini de Cesenatico<\/b> est situ\u00e9 \u00e0 70 m\u00e8tres de la promenade et de la plage conventionn\u00e9e, o\u00f9 vous disposez d&#039;un <b>parasol et de deux<\/b> <b>chaises longues.<\/b> L&#039;h\u00f4tel est entour\u00e9 d&#039;un <b>vaste espace ext\u00e9rieur <\/b>bien organis\u00e9, pour vous d\u00e9tendre en toute tranquillit\u00e9 dans la <b>piscine<\/b> avec <b>hydromassage <\/b>toujours <b>ensoleill\u00e9e<\/b>, entour\u00e9e de chaises longues et de parasols \u00e0 votre disposition. Dans le <b>jardin<\/b>, il y a aussi des espaces de d\u00e9tente, une grande <b>terrasse<\/b> avec un service de bar et <b>deux aires de jeux color\u00e9es<\/b>.<\/p>\n\n\n\n<!--more-->\n\n\n\n<p>Dans l&#039;h\u00f4tel, une <b>\u00e9quipe d&#039;animation<\/b> s&#039;occupe des plus petits avec le Mini Club, la baby-dance et le maquillage pour enfants. De plus, il y a une <b>salle de jeux int\u00e9rieure<\/b> o\u00f9 vous pouvez faire des activit\u00e9s manuelles ou socialiser avec les autres enfants. Les plus grands peuvent se d\u00e9fier lors de passionnantes parties de ping-pong et de baby-foot. Le personnel de cuisine est \u00e9galement toujours disponible pour la <b>pr\u00e9paration des repas<\/b> pour b\u00e9b\u00e9s.<\/p>\n\n\n\n<p>\u00c0 table, vous avez chaque jour un large choix de plats, tous de qualit\u00e9. Le <b>petit-d\u00e9jeuner est servi en terrasse <\/b>de 7h30 \u00e0 10h00, avec de nombreuses propositions sucr\u00e9es et sal\u00e9es: g\u00e2teaux, p\u00e2tisseries, tartes, biscuits faits maison; brioches \u00e0 garnir de confitures, chocolat et miel en rayon; yaourts, c\u00e9r\u00e9ales, fruits frais; caf\u00e9, lait et jus. Pour le <b>d\u00e9jeuner<\/b> et le <b>d\u00eener<\/b>, vous pouvez choisir parmi <b>quatre premiers<\/b> plats et <b>quatre seconds plats<\/b>, avec de l&#039;eau, du Pepsi, de l&#039;orangeade, de la limonade, de la bi\u00e8re, du vin blanc et du vin rouge inclus.<\/p>\n\n\n\n<p>\u00c0 la disposition des clients, il y a un <b>parking priv\u00e9 pratique<\/b> et gratuit, des <b>v\u00e9los<\/b> et un service de concierge num\u00e9rique pour r\u00e9server des <b>excursions <\/b>dans la r\u00e9gion. <b>L&#039;H\u00f4tel Stacchini est un Pet Hotel<\/b>, o\u00f9 les chiens et les animaux domestiques sont admis.<\/p>\n","protected":false},"excerpt":{"rendered":"<p>L&#039;H\u00f4tel Stacchini de Cesenatico est situ\u00e9 \u00e0 70 m\u00e8tres de la promenade et de la plage conventionn\u00e9e, o\u00f9 vous disposez d&#039;un parasol et de deux chaises longues. L&#039;h\u00f4tel est entour\u00e9 d&#039;un vaste espace ext\u00e9rieur bien organis\u00e9, pour vous d\u00e9tendre en toute tranquillit\u00e9 dans la piscine avec hydromassage toujours ensoleill\u00e9e, entour\u00e9e de chaises longues et de &hellip;<\/p>\n","protected":false},"author":1,"featured_media":0,"parent":513,"menu_order":0,"comment_status":"closed","ping_status":"closed","template":"page-templates\/scheda_hotel.php","meta":{"_acf_changed":false,"inline_featured_image":false,"footnotes":""},"class_list":["post-283","page","type-page","status-publish","hentry"],"acf":[],"yoast_head":"<!-- This site is optimized with the Yoast SEO plugin v27.0 - https:\/\/yoast.com\/product\/yoast-seo-wordpress\/ -->\n<title>H\u00f4tel Stacchini*** \u00e0 Cesenatico: h\u00f4tel pour couples et familles<\/title>\n<meta name=\"description\" content=\"L&#039;H\u00f4tel Stacchini est situ\u00e9 \u00e0 seulement 70 m\u00e8tres de la mer. Grand jardin avec piscine \u00e0 hydromassage et aires de jeux pour enfants. Services sp\u00e9ciaux pour les animaux\" \/>\n<meta name=\"robots\" content=\"index, follow, max-snippet:-1, max-image-preview:large, max-video-preview:-1\" \/>\n<link rel=\"canonical\" href=\"https:\/\/www.cesenaticohotel.com\/fr\/hotels\/hotel-stacchini\" \/>\n<meta property=\"og:locale\" content=\"fr_FR\" \/>\n<meta property=\"og:type\" content=\"article\" \/>\n<meta property=\"og:title\" content=\"H\u00f4tel Stacchini*** \u00e0 Cesenatico: h\u00f4tel pour couples et familles\" \/>\n<meta property=\"og:description\" content=\"L&#039;H\u00f4tel Stacchini est situ\u00e9 \u00e0 seulement 70 m\u00e8tres de la mer. Grand jardin avec piscine \u00e0 hydromassage et aires de jeux pour enfants. Services sp\u00e9ciaux pour les animaux\" \/>\n<meta property=\"og:url\" content=\"https:\/\/www.cesenaticohotel.com\/fr\/hotels\/hotel-stacchini\" \/>\n<meta property=\"og:site_name\" content=\"Cesenatico Hotel\" \/>\n<meta property=\"article:modified_time\" content=\"2023-08-22T07:06:24+00:00\" \/>\n<meta property=\"og:image\" content=\"https:\/\/www.cesenaticohotel.com\/wp-content\/uploads\/2023\/05\/immagine-sito.jpg\" \/>\n\t<meta property=\"og:image:width\" content=\"1200\" \/>\n\t<meta property=\"og:image:height\" content=\"675\" \/>\n\t<meta property=\"og:image:type\" content=\"image\/jpeg\" \/>\n<meta name=\"twitter:card\" content=\"summary_large_image\" \/>\n<meta name=\"twitter:label1\" content=\"Dur\u00e9e de lecture estim\u00e9e\" \/>\n\t<meta name=\"twitter:data1\" content=\"2 minutes\" \/>\n<script type=\"application\/ld+json\" class=\"yoast-schema-graph\">{\"@context\":\"https:\/\/schema.org\",\"@graph\":[{\"@type\":\"WebPage\",\"@id\":\"https:\/\/www.cesenaticohotel.com\/fr\/hotels\/hotel-stacchini\",\"url\":\"https:\/\/www.cesenaticohotel.com\/fr\/hotels\/hotel-stacchini\",\"name\":\"H\u00f4tel Stacchini*** \u00e0 Cesenatico: h\u00f4tel pour couples et familles\",\"isPartOf\":{\"@id\":\"https:\/\/www.cesenaticohotel.com\/fr\/#website\"},\"datePublished\":\"2023-04-19T10:43:00+00:00\",\"dateModified\":\"2023-08-22T07:06:24+00:00\",\"description\":\"L'H\u00f4tel Stacchini est situ\u00e9 \u00e0 seulement 70 m\u00e8tres de la mer. Grand jardin avec piscine \u00e0 hydromassage et aires de jeux pour enfants. Services sp\u00e9ciaux pour les animaux\",\"breadcrumb\":{\"@id\":\"https:\/\/www.cesenaticohotel.com\/fr\/hotels\/hotel-stacchini#breadcrumb\"},\"inLanguage\":\"fr-FR\",\"potentialAction\":[{\"@type\":\"ReadAction\",\"target\":[\"https:\/\/www.cesenaticohotel.com\/fr\/hotels\/hotel-stacchini\"]}]},{\"@type\":\"BreadcrumbList\",\"@id\":\"https:\/\/www.cesenaticohotel.com\/fr\/hotels\/hotel-stacchini#breadcrumb\",\"itemListElement\":[{\"@type\":\"ListItem\",\"position\":1,\"name\":\"Home\",\"item\":\"https:\/\/www.cesenaticohotel.com\/fr\"},{\"@type\":\"ListItem\",\"position\":2,\"name\":\"H\u00f4tel\",\"item\":\"https:\/\/www.cesenaticohotel.com\/fr\/hotels\"},{\"@type\":\"ListItem\",\"position\":3,\"name\":\"H\u00f4tel Stacchini\"}]},{\"@type\":\"WebSite\",\"@id\":\"https:\/\/www.cesenaticohotel.com\/fr\/#website\",\"url\":\"https:\/\/www.cesenaticohotel.com\/fr\/\",\"name\":\"Cesenatico Hotel\",\"description\":\"\",\"publisher\":{\"@id\":\"https:\/\/www.cesenaticohotel.com\/fr\/#organization\"},\"potentialAction\":[{\"@type\":\"SearchAction\",\"target\":{\"@type\":\"EntryPoint\",\"urlTemplate\":\"https:\/\/www.cesenaticohotel.com\/fr\/?s={search_term_string}\"},\"query-input\":{\"@type\":\"PropertyValueSpecification\",\"valueRequired\":true,\"valueName\":\"search_term_string\"}}],\"inLanguage\":\"fr-FR\"},{\"@type\":\"Organization\",\"@id\":\"https:\/\/www.cesenaticohotel.com\/fr\/#organization\",\"name\":\"Cesenatico Hotel\",\"url\":\"https:\/\/www.cesenaticohotel.com\/fr\/\",\"logo\":{\"@type\":\"ImageObject\",\"inLanguage\":\"fr-FR\",\"@id\":\"https:\/\/www.cesenaticohotel.com\/fr\/#\/schema\/logo\/image\/\",\"url\":\"https:\/\/www.cesenaticohotel.com\/wp-content\/uploads\/2023\/05\/logo-organizzazione.jpg\",\"contentUrl\":\"https:\/\/www.cesenaticohotel.com\/wp-content\/uploads\/2023\/05\/logo-organizzazione.jpg\",\"width\":696,\"height\":696,\"caption\":\"Cesenatico Hotel\"},\"image\":{\"@id\":\"https:\/\/www.cesenaticohotel.com\/fr\/#\/schema\/logo\/image\/\"}}]}<\/script>\n<!-- \/ Yoast SEO plugin. -->","yoast_head_json":{"title":"H\u00f4tel Stacchini*** \u00e0 Cesenatico: h\u00f4tel pour couples et familles","description":"L'H\u00f4tel Stacchini est situ\u00e9 \u00e0 seulement 70 m\u00e8tres de la mer. Grand jardin avec piscine \u00e0 hydromassage et aires de jeux pour enfants. Services sp\u00e9ciaux pour les animaux","robots":{"index":"index","follow":"follow","max-snippet":"max-snippet:-1","max-image-preview":"max-image-preview:large","max-video-preview":"max-video-preview:-1"},"canonical":"https:\/\/www.cesenaticohotel.com\/fr\/hotels\/hotel-stacchini","og_locale":"fr_FR","og_type":"article","og_title":"H\u00f4tel Stacchini*** \u00e0 Cesenatico: h\u00f4tel pour couples et familles","og_description":"L'H\u00f4tel Stacchini est situ\u00e9 \u00e0 seulement 70 m\u00e8tres de la mer. Grand jardin avec piscine \u00e0 hydromassage et aires de jeux pour enfants. Services sp\u00e9ciaux pour les animaux","og_url":"https:\/\/www.cesenaticohotel.com\/fr\/hotels\/hotel-stacchini","og_site_name":"Cesenatico Hotel","article_modified_time":"2023-08-22T07:06:24+00:00","og_image":[{"width":1200,"height":675,"url":"https:\/\/www.cesenaticohotel.com\/wp-content\/uploads\/2023\/05\/immagine-sito.jpg","type":"image\/jpeg"}],"twitter_card":"summary_large_image","twitter_misc":{"Dur\u00e9e de lecture estim\u00e9e":"2 minutes"},"schema":{"@context":"https:\/\/schema.org","@graph":[{"@type":"WebPage","@id":"https:\/\/www.cesenaticohotel.com\/fr\/hotels\/hotel-stacchini","url":"https:\/\/www.cesenaticohotel.com\/fr\/hotels\/hotel-stacchini","name":"H\u00f4tel Stacchini*** \u00e0 Cesenatico: h\u00f4tel pour couples et familles","isPartOf":{"@id":"https:\/\/www.cesenaticohotel.com\/fr\/#website"},"datePublished":"2023-04-19T10:43:00+00:00","dateModified":"2023-08-22T07:06:24+00:00","description":"L'H\u00f4tel Stacchini est situ\u00e9 \u00e0 seulement 70 m\u00e8tres de la mer. Grand jardin avec piscine \u00e0 hydromassage et aires de jeux pour enfants. Services sp\u00e9ciaux pour les animaux","breadcrumb":{"@id":"https:\/\/www.cesenaticohotel.com\/fr\/hotels\/hotel-stacchini#breadcrumb"},"inLanguage":"fr-FR","potentialAction":[{"@type":"ReadAction","target":["https:\/\/www.cesenaticohotel.com\/fr\/hotels\/hotel-stacchini"]}]},{"@type":"BreadcrumbList","@id":"https:\/\/www.cesenaticohotel.com\/fr\/hotels\/hotel-stacchini#breadcrumb","itemListElement":[{"@type":"ListItem","position":1,"name":"Home","item":"https:\/\/www.cesenaticohotel.com\/fr"},{"@type":"ListItem","position":2,"name":"H\u00f4tel","item":"https:\/\/www.cesenaticohotel.com\/fr\/hotels"},{"@type":"ListItem","position":3,"name":"H\u00f4tel Stacchini"}]},{"@type":"WebSite","@id":"https:\/\/www.cesenaticohotel.com\/fr\/#website","url":"https:\/\/www.cesenaticohotel.com\/fr\/","name":"Cesenatico Hotel","description":"","publisher":{"@id":"https:\/\/www.cesenaticohotel.com\/fr\/#organization"},"potentialAction":[{"@type":"SearchAction","target":{"@type":"EntryPoint","urlTemplate":"https:\/\/www.cesenaticohotel.com\/fr\/?s={search_term_string}"},"query-input":{"@type":"PropertyValueSpecification","valueRequired":true,"valueName":"search_term_string"}}],"inLanguage":"fr-FR"},{"@type":"Organization","@id":"https:\/\/www.cesenaticohotel.com\/fr\/#organization","name":"Cesenatico Hotel","url":"https:\/\/www.cesenaticohotel.com\/fr\/","logo":{"@type":"ImageObject","inLanguage":"fr-FR","@id":"https:\/\/www.cesenaticohotel.com\/fr\/#\/schema\/logo\/image\/","url":"https:\/\/www.cesenaticohotel.com\/wp-content\/uploads\/2023\/05\/logo-organizzazione.jpg","contentUrl":"https:\/\/www.cesenaticohotel.com\/wp-content\/uploads\/2023\/05\/logo-organizzazione.jpg","width":696,"height":696,"caption":"Cesenatico Hotel"},"image":{"@id":"https:\/\/www.cesenaticohotel.com\/fr\/#\/schema\/logo\/image\/"}}]}},"_links":{"self":[{"href":"https:\/\/www.cesenaticohotel.com\/fr\/wp-json\/wp\/v2\/pages\/283","targetHints":{"allow":["GET"]}}],"collection":[{"href":"https:\/\/www.cesenaticohotel.com\/fr\/wp-json\/wp\/v2\/pages"}],"about":[{"href":"https:\/\/www.cesenaticohotel.com\/fr\/wp-json\/wp\/v2\/types\/page"}],"author":[{"embeddable":true,"href":"https:\/\/www.cesenaticohotel.com\/fr\/wp-json\/wp\/v2\/users\/1"}],"replies":[{"embeddable":true,"href":"https:\/\/www.cesenaticohotel.com\/fr\/wp-json\/wp\/v2\/comments?post=283"}],"version-history":[{"count":3,"href":"https:\/\/www.cesenaticohotel.com\/fr\/wp-json\/wp\/v2\/pages\/283\/revisions"}],"predecessor-version":[{"id":5652,"href":"https:\/\/www.cesenaticohotel.com\/fr\/wp-json\/wp\/v2\/pages\/283\/revisions\/5652"}],"up":[{"embeddable":true,"href":"https:\/\/www.cesenaticohotel.com\/fr\/wp-json\/wp\/v2\/pages\/513"}],"wp:attachment":[{"href":"https:\/\/www.cesenaticohotel.com\/fr\/wp-json\/wp\/v2\/media?parent=283"}],"curies":[{"name":"wp","href":"https:\/\/api.w.org\/{rel}","templated":true}]}}