{"id":351,"date":"2023-04-19T13:19:23","date_gmt":"2023-04-19T11:19:23","guid":{"rendered":"https:\/\/www.cesenaticohotel.com\/hotel\/hotel-donatello"},"modified":"2023-08-22T09:06:25","modified_gmt":"2023-08-22T07:06:25","slug":"hotel-donatello","status":"publish","type":"page","link":"https:\/\/www.cesenaticohotel.com\/fr\/hotels\/hotel-donatello","title":{"rendered":"H\u00f4tel Donatello"},"content":{"rendered":"\n<p>L&#039;<b>H\u00f4tel Donatello <\/b>est situ\u00e9 au <b>c\u0153ur de Cesenatico<\/b>, \u00e0 proximit\u00e9 de la plage conventionn\u00e9e. Il b\u00e9n\u00e9ficie d&#039;un <b>emplacement central<\/b> mais \u00e9galement <b>tr\u00e8s calme<\/b>, ce qui vous permet de vous d\u00e9placer facilement \u00e0 pied ou \u00e0 <b>v\u00e9lo mis \u00e0 disposition gratuitement<\/b> vers le Port Leonardesco et le Viale Carducci, o\u00f9 vous trouverez des boutiques et des clubs \u00e0 la mode.<\/p>\n\n\n\n<!--more-->\n\n\n\n<p>\u00c0 table, vous retrouvez le meilleur des <b>saveurs du territoire<\/b>, avec des produits frais, parfois km 0, pour des plats qui satisferont tous les go\u00fbts. <b>Le petit-d\u00e9jeuner<\/b> buffet est riche et vari\u00e9, avec de nombreuses propositions sucr\u00e9es et sal\u00e9es: g\u00e2teaux, charcuterie, fromages, yaourts, fruits, caf\u00e9, jus, et bien plus encore. Le <b>d\u00e9jeuner et le d\u00eener sont confortablement servis <\/b>\u00e0 table: chaque jour, vous pourrez choisir parmi des p\u00e2tes faites maison, des plats \u00e0 base de viande, du poisson frais et une vari\u00e9t\u00e9 de l\u00e9gumes. Des alternatives v\u00e9g\u00e9tariennes et sans gluten sont \u00e9galement disponibles sur demande. <b>L&#039;eau et le vin de la maison sont inclus<\/b>.<\/p>\n\n\n\n<p>Si vous \u00eates en vacances avec vos enfants, vous aurez \u00e0 disposition des chaises hautes et de la vaisselle pour b\u00e9b\u00e9, ainsi qu&#039;un <b>menu sur mesure pour les plus petits <\/b>et des <b>repas adapt\u00e9s<\/b> pour la diversification alimentaire.<\/p>\n\n\n\n<p>L&#039;h\u00f4tel dispose d&#039;un charmant <b>espace ext\u00e9rieur ombrag\u00e9<\/b>, avec une <b>aire de jeux<\/b> pour les enfants, ainsi que des espaces communs lumineux et un <b>parking<\/b> s\u00e9curis\u00e9 \u00e0 proximit\u00e9 imm\u00e9diate.<\/p>\n","protected":false},"excerpt":{"rendered":"<p>L&#039;H\u00f4tel Donatello est situ\u00e9 au c\u0153ur de Cesenatico, \u00e0 proximit\u00e9 de la plage conventionn\u00e9e. Il b\u00e9n\u00e9ficie d&#039;un emplacement central mais \u00e9galement tr\u00e8s calme, ce qui vous permet de vous d\u00e9placer facilement \u00e0 pied ou \u00e0 v\u00e9lo mis \u00e0 disposition gratuitement vers le Port Leonardesco et le Viale Carducci, o\u00f9 vous trouverez des boutiques et des &hellip;<\/p>\n","protected":false},"author":1,"featured_media":0,"parent":513,"menu_order":0,"comment_status":"closed","ping_status":"closed","template":"page-templates\/scheda_hotel.php","meta":{"_acf_changed":false,"inline_featured_image":false,"footnotes":""},"class_list":["post-351","page","type-page","status-publish","hentry"],"acf":[],"yoast_head":"<!-- This site is optimized with the Yoast SEO plugin v27.0 - https:\/\/yoast.com\/product\/yoast-seo-wordpress\/ -->\n<title>H\u00f4tel Donatello*** \u00e0 Cesenatico: h\u00f4tel pour couples et familles<\/title>\n<meta name=\"description\" content=\"L&#039;H\u00f4tel Donatello est id\u00e9alement situ\u00e9, pr\u00e8s de la promenade, du centre et du port. Parking et v\u00e9los gratuits, plage affili\u00e9e\" \/>\n<meta name=\"robots\" content=\"index, follow, max-snippet:-1, max-image-preview:large, max-video-preview:-1\" \/>\n<link rel=\"canonical\" href=\"https:\/\/www.cesenaticohotel.com\/fr\/hotels\/hotel-donatello\" \/>\n<meta property=\"og:locale\" content=\"fr_FR\" \/>\n<meta property=\"og:type\" content=\"article\" \/>\n<meta property=\"og:title\" content=\"H\u00f4tel Donatello*** \u00e0 Cesenatico: h\u00f4tel pour couples et familles\" \/>\n<meta property=\"og:description\" content=\"L&#039;H\u00f4tel Donatello est id\u00e9alement situ\u00e9, pr\u00e8s de la promenade, du centre et du port. Parking et v\u00e9los gratuits, plage affili\u00e9e\" \/>\n<meta property=\"og:url\" content=\"https:\/\/www.cesenaticohotel.com\/fr\/hotels\/hotel-donatello\" \/>\n<meta property=\"og:site_name\" content=\"Cesenatico Hotel\" \/>\n<meta property=\"article:modified_time\" content=\"2023-08-22T07:06:25+00:00\" \/>\n<meta property=\"og:image\" content=\"https:\/\/www.cesenaticohotel.com\/wp-content\/uploads\/2023\/05\/immagine-sito.jpg\" \/>\n\t<meta property=\"og:image:width\" content=\"1200\" \/>\n\t<meta property=\"og:image:height\" content=\"675\" \/>\n\t<meta property=\"og:image:type\" content=\"image\/jpeg\" \/>\n<meta name=\"twitter:card\" content=\"summary_large_image\" \/>\n<meta name=\"twitter:label1\" content=\"Dur\u00e9e de lecture estim\u00e9e\" \/>\n\t<meta name=\"twitter:data1\" content=\"1 minute\" \/>\n<script type=\"application\/ld+json\" class=\"yoast-schema-graph\">{\"@context\":\"https:\/\/schema.org\",\"@graph\":[{\"@type\":\"WebPage\",\"@id\":\"https:\/\/www.cesenaticohotel.com\/fr\/hotels\/hotel-donatello\",\"url\":\"https:\/\/www.cesenaticohotel.com\/fr\/hotels\/hotel-donatello\",\"name\":\"H\u00f4tel Donatello*** \u00e0 Cesenatico: h\u00f4tel pour couples et familles\",\"isPartOf\":{\"@id\":\"https:\/\/www.cesenaticohotel.com\/fr\/#website\"},\"datePublished\":\"2023-04-19T11:19:23+00:00\",\"dateModified\":\"2023-08-22T07:06:25+00:00\",\"description\":\"L'H\u00f4tel Donatello est id\u00e9alement situ\u00e9, pr\u00e8s de la promenade, du centre et du port. Parking et v\u00e9los gratuits, plage affili\u00e9e\",\"breadcrumb\":{\"@id\":\"https:\/\/www.cesenaticohotel.com\/fr\/hotels\/hotel-donatello#breadcrumb\"},\"inLanguage\":\"fr-FR\",\"potentialAction\":[{\"@type\":\"ReadAction\",\"target\":[\"https:\/\/www.cesenaticohotel.com\/fr\/hotels\/hotel-donatello\"]}]},{\"@type\":\"BreadcrumbList\",\"@id\":\"https:\/\/www.cesenaticohotel.com\/fr\/hotels\/hotel-donatello#breadcrumb\",\"itemListElement\":[{\"@type\":\"ListItem\",\"position\":1,\"name\":\"Home\",\"item\":\"https:\/\/www.cesenaticohotel.com\/fr\"},{\"@type\":\"ListItem\",\"position\":2,\"name\":\"H\u00f4tel\",\"item\":\"https:\/\/www.cesenaticohotel.com\/fr\/hotels\"},{\"@type\":\"ListItem\",\"position\":3,\"name\":\"H\u00f4tel Donatello\"}]},{\"@type\":\"WebSite\",\"@id\":\"https:\/\/www.cesenaticohotel.com\/fr\/#website\",\"url\":\"https:\/\/www.cesenaticohotel.com\/fr\/\",\"name\":\"Cesenatico Hotel\",\"description\":\"\",\"publisher\":{\"@id\":\"https:\/\/www.cesenaticohotel.com\/fr\/#organization\"},\"potentialAction\":[{\"@type\":\"SearchAction\",\"target\":{\"@type\":\"EntryPoint\",\"urlTemplate\":\"https:\/\/www.cesenaticohotel.com\/fr\/?s={search_term_string}\"},\"query-input\":{\"@type\":\"PropertyValueSpecification\",\"valueRequired\":true,\"valueName\":\"search_term_string\"}}],\"inLanguage\":\"fr-FR\"},{\"@type\":\"Organization\",\"@id\":\"https:\/\/www.cesenaticohotel.com\/fr\/#organization\",\"name\":\"Cesenatico Hotel\",\"url\":\"https:\/\/www.cesenaticohotel.com\/fr\/\",\"logo\":{\"@type\":\"ImageObject\",\"inLanguage\":\"fr-FR\",\"@id\":\"https:\/\/www.cesenaticohotel.com\/fr\/#\/schema\/logo\/image\/\",\"url\":\"https:\/\/www.cesenaticohotel.com\/wp-content\/uploads\/2023\/05\/logo-organizzazione.jpg\",\"contentUrl\":\"https:\/\/www.cesenaticohotel.com\/wp-content\/uploads\/2023\/05\/logo-organizzazione.jpg\",\"width\":696,\"height\":696,\"caption\":\"Cesenatico Hotel\"},\"image\":{\"@id\":\"https:\/\/www.cesenaticohotel.com\/fr\/#\/schema\/logo\/image\/\"}}]}<\/script>\n<!-- \/ Yoast SEO plugin. -->","yoast_head_json":{"title":"H\u00f4tel Donatello*** \u00e0 Cesenatico: h\u00f4tel pour couples et familles","description":"L'H\u00f4tel Donatello est id\u00e9alement situ\u00e9, pr\u00e8s de la promenade, du centre et du port. Parking et v\u00e9los gratuits, plage affili\u00e9e","robots":{"index":"index","follow":"follow","max-snippet":"max-snippet:-1","max-image-preview":"max-image-preview:large","max-video-preview":"max-video-preview:-1"},"canonical":"https:\/\/www.cesenaticohotel.com\/fr\/hotels\/hotel-donatello","og_locale":"fr_FR","og_type":"article","og_title":"H\u00f4tel Donatello*** \u00e0 Cesenatico: h\u00f4tel pour couples et familles","og_description":"L'H\u00f4tel Donatello est id\u00e9alement situ\u00e9, pr\u00e8s de la promenade, du centre et du port. Parking et v\u00e9los gratuits, plage affili\u00e9e","og_url":"https:\/\/www.cesenaticohotel.com\/fr\/hotels\/hotel-donatello","og_site_name":"Cesenatico Hotel","article_modified_time":"2023-08-22T07:06:25+00:00","og_image":[{"width":1200,"height":675,"url":"https:\/\/www.cesenaticohotel.com\/wp-content\/uploads\/2023\/05\/immagine-sito.jpg","type":"image\/jpeg"}],"twitter_card":"summary_large_image","twitter_misc":{"Dur\u00e9e de lecture estim\u00e9e":"1 minute"},"schema":{"@context":"https:\/\/schema.org","@graph":[{"@type":"WebPage","@id":"https:\/\/www.cesenaticohotel.com\/fr\/hotels\/hotel-donatello","url":"https:\/\/www.cesenaticohotel.com\/fr\/hotels\/hotel-donatello","name":"H\u00f4tel Donatello*** \u00e0 Cesenatico: h\u00f4tel pour couples et familles","isPartOf":{"@id":"https:\/\/www.cesenaticohotel.com\/fr\/#website"},"datePublished":"2023-04-19T11:19:23+00:00","dateModified":"2023-08-22T07:06:25+00:00","description":"L'H\u00f4tel Donatello est id\u00e9alement situ\u00e9, pr\u00e8s de la promenade, du centre et du port. Parking et v\u00e9los gratuits, plage affili\u00e9e","breadcrumb":{"@id":"https:\/\/www.cesenaticohotel.com\/fr\/hotels\/hotel-donatello#breadcrumb"},"inLanguage":"fr-FR","potentialAction":[{"@type":"ReadAction","target":["https:\/\/www.cesenaticohotel.com\/fr\/hotels\/hotel-donatello"]}]},{"@type":"BreadcrumbList","@id":"https:\/\/www.cesenaticohotel.com\/fr\/hotels\/hotel-donatello#breadcrumb","itemListElement":[{"@type":"ListItem","position":1,"name":"Home","item":"https:\/\/www.cesenaticohotel.com\/fr"},{"@type":"ListItem","position":2,"name":"H\u00f4tel","item":"https:\/\/www.cesenaticohotel.com\/fr\/hotels"},{"@type":"ListItem","position":3,"name":"H\u00f4tel Donatello"}]},{"@type":"WebSite","@id":"https:\/\/www.cesenaticohotel.com\/fr\/#website","url":"https:\/\/www.cesenaticohotel.com\/fr\/","name":"Cesenatico Hotel","description":"","publisher":{"@id":"https:\/\/www.cesenaticohotel.com\/fr\/#organization"},"potentialAction":[{"@type":"SearchAction","target":{"@type":"EntryPoint","urlTemplate":"https:\/\/www.cesenaticohotel.com\/fr\/?s={search_term_string}"},"query-input":{"@type":"PropertyValueSpecification","valueRequired":true,"valueName":"search_term_string"}}],"inLanguage":"fr-FR"},{"@type":"Organization","@id":"https:\/\/www.cesenaticohotel.com\/fr\/#organization","name":"Cesenatico Hotel","url":"https:\/\/www.cesenaticohotel.com\/fr\/","logo":{"@type":"ImageObject","inLanguage":"fr-FR","@id":"https:\/\/www.cesenaticohotel.com\/fr\/#\/schema\/logo\/image\/","url":"https:\/\/www.cesenaticohotel.com\/wp-content\/uploads\/2023\/05\/logo-organizzazione.jpg","contentUrl":"https:\/\/www.cesenaticohotel.com\/wp-content\/uploads\/2023\/05\/logo-organizzazione.jpg","width":696,"height":696,"caption":"Cesenatico Hotel"},"image":{"@id":"https:\/\/www.cesenaticohotel.com\/fr\/#\/schema\/logo\/image\/"}}]}},"_links":{"self":[{"href":"https:\/\/www.cesenaticohotel.com\/fr\/wp-json\/wp\/v2\/pages\/351","targetHints":{"allow":["GET"]}}],"collection":[{"href":"https:\/\/www.cesenaticohotel.com\/fr\/wp-json\/wp\/v2\/pages"}],"about":[{"href":"https:\/\/www.cesenaticohotel.com\/fr\/wp-json\/wp\/v2\/types\/page"}],"author":[{"embeddable":true,"href":"https:\/\/www.cesenaticohotel.com\/fr\/wp-json\/wp\/v2\/users\/1"}],"replies":[{"embeddable":true,"href":"https:\/\/www.cesenaticohotel.com\/fr\/wp-json\/wp\/v2\/comments?post=351"}],"version-history":[{"count":3,"href":"https:\/\/www.cesenaticohotel.com\/fr\/wp-json\/wp\/v2\/pages\/351\/revisions"}],"predecessor-version":[{"id":5654,"href":"https:\/\/www.cesenaticohotel.com\/fr\/wp-json\/wp\/v2\/pages\/351\/revisions\/5654"}],"up":[{"embeddable":true,"href":"https:\/\/www.cesenaticohotel.com\/fr\/wp-json\/wp\/v2\/pages\/513"}],"wp:attachment":[{"href":"https:\/\/www.cesenaticohotel.com\/fr\/wp-json\/wp\/v2\/media?parent=351"}],"curies":[{"name":"wp","href":"https:\/\/api.w.org\/{rel}","templated":true}]}}