{"id":360,"date":"2023-04-19T14:32:56","date_gmt":"2023-04-19T12:32:56","guid":{"rendered":"https:\/\/www.cesenaticohotel.com\/hotel\/hotel-tiffanyresort-spa"},"modified":"2023-08-22T09:06:27","modified_gmt":"2023-08-22T07:06:27","slug":"hotel-tiffanyresort-spa","status":"publish","type":"page","link":"https:\/\/www.cesenaticohotel.com\/fr\/hotels\/hotel-tiffanyresort-spa","title":{"rendered":"H\u00f4tel TiffanyResort &#038; Spa"},"content":{"rendered":"\n<p>Le <b>TiffanyResort &amp; Spa<\/b> est un \u00e9l\u00e9gant complexe h\u00f4telier immerg\u00e9 dans la tranquillit\u00e9 de <b>Valverde di Cesenatico<\/b>, un lieu exclusif et au design raffin\u00e9, id\u00e9al pour ceux qui aiment les vacances de bien-\u00eatre en famille sans soucis. <b>L&#039;h\u00f4tel dispose d&#039;un Spa<\/b> o\u00f9 vous pourrez vous ressourcer avec un parcours bien-\u00eatre comprenant un sauna, un bain turc, une cascade de glace, un bain \u00e0 remous, des jets d&#039;eau, une douche \u00e9motionnelle et des traitements professionnels.<\/p>\n\n\n\n<!--more-->\n\n\n\n<p>Une grande baie vitr\u00e9e s\u00e9pare le Spa de la <b>piscine ext\u00e9rieure chauff\u00e9e \u00e0 28\u00b0<\/b>, un espace magnifique o\u00f9 vous pourrez passer des heures de d\u00e9tente et de plaisir. En alternatif, vous avez \u00e0 disposition un <b>parasol et deux chaises longues<\/b> <b>sur la plage conventionn\u00e9e<\/b> situ\u00e9e \u00e0 seulement 100 m\u00e8tres.<\/p>\n\n\n\n<p>Le TiffanyResort &amp; Spa est \u00e9galement un <b>h\u00f4tel familial<\/b> <b>avec des espaces et des services adapt\u00e9s aux familles<\/b>: le Mini Club Tiffany Kids pour les enfants \u00e0 partir de 3 ans, avec de nombreuses activit\u00e9s quotidiennes; un espace de jeux ext\u00e9rieur ombrag\u00e9 et ouvert en permanence, qui se transforme en sc\u00e8ne pour de fantastiques spectacles le soir; une Baby Room avec cuisine \u00e9quip\u00e9e ouverte 24h\/24, o\u00f9 tous les produits frais pour pr\u00e9parer les repas sont mis \u00e0 disposition par le Chef; des menus sur mesure pour les enfants \u00e0 des horaires flexibles et un go\u00fbter d\u00e9licieux l&#039;apr\u00e8s-midi; des services en salle \u00e0 manger et en chambre.<\/p>\n\n\n\n<p>Si votre passion est le <b>cyclotourisme<\/b>, au Tiffany Resort &amp; Spa, vous avez \u00e0 votre disposition un local \u00e0 v\u00e9los s\u00e9curis\u00e9 avec un atelier pour de petites r\u00e9parations, une zone de lavage et un service de blanchisserie pour les v\u00eatements techniques, ainsi qu&#039;un guide sp\u00e9cialis\u00e9.<\/p>\n\n\n\n<p>Au TiffanyResort &amp; Spa, vous red\u00e9couvrirez l&#039;art de la bonne table, avec <b>des plats gastronomiques<\/b>, cuisin\u00e9s avec des produits locaux. Le <b>petit-d\u00e9jeuner buffet<\/b> est servi en plein air jusqu&#039;\u00e0 tard: beignets, tartes, g\u00e2teaux, biscuits, tout est fait maison; \u0153ufs, charcuterie et fromages; fruits, yaourts, confitures, miel, pain frais; jus et caf\u00e9. Pour le <b>d\u00e9jeuner et le d\u00eener<\/b>, ne manquez pas les p\u00e2tes faites \u00e0 la main, les viandes, les poissons et le riche buffet d&#039;entr\u00e9es et de l\u00e9gumes.<\/p>\n\n\n\n<p>Les <b>animaux domestiques<\/b> et les<b> petits chiens <\/b>sont les <b>bienvenus<\/b> \u00e0 l&#039;h\u00f4tel.<\/p>\n","protected":false},"excerpt":{"rendered":"<p>Le TiffanyResort &amp; Spa est un \u00e9l\u00e9gant complexe h\u00f4telier immerg\u00e9 dans la tranquillit\u00e9 de Valverde di Cesenatico, un lieu exclusif et au design raffin\u00e9, id\u00e9al pour ceux qui aiment les vacances de bien-\u00eatre en famille sans soucis. L&#039;h\u00f4tel dispose d&#039;un Spa o\u00f9 vous pourrez vous ressourcer avec un parcours bien-\u00eatre comprenant un sauna, un bain &hellip;<\/p>\n","protected":false},"author":1,"featured_media":0,"parent":513,"menu_order":0,"comment_status":"closed","ping_status":"closed","template":"page-templates\/scheda_hotel.php","meta":{"_acf_changed":false,"inline_featured_image":false,"footnotes":""},"class_list":["post-360","page","type-page","status-publish","hentry"],"acf":[],"yoast_head":"<!-- This site is optimized with the Yoast SEO plugin v27.0 - https:\/\/yoast.com\/product\/yoast-seo-wordpress\/ -->\n<title>H\u00f4tel TiffanyResort &amp; Spa***s \u00e0 Cesenatico: h\u00f4tel sportif y pour familles<\/title>\n<meta name=\"description\" content=\"L&#039;H\u00f4tel TiffanyResort &amp; Spa b\u00e9n\u00e9ficie d&#039;un emplacement exclusif, avec centre de bien-\u00eatre et piscine. Plage affili\u00e9e. Services sp\u00e9ciaux pour les cyclistes\" \/>\n<meta name=\"robots\" content=\"index, follow, max-snippet:-1, max-image-preview:large, max-video-preview:-1\" \/>\n<link rel=\"canonical\" href=\"https:\/\/www.cesenaticohotel.com\/fr\/hotels\/hotel-tiffanyresort-spa\" \/>\n<meta property=\"og:locale\" content=\"fr_FR\" \/>\n<meta property=\"og:type\" content=\"article\" \/>\n<meta property=\"og:title\" content=\"H\u00f4tel TiffanyResort &amp; Spa***s \u00e0 Cesenatico: h\u00f4tel sportif y pour familles\" \/>\n<meta property=\"og:description\" content=\"L&#039;H\u00f4tel TiffanyResort &amp; Spa b\u00e9n\u00e9ficie d&#039;un emplacement exclusif, avec centre de bien-\u00eatre et piscine. Plage affili\u00e9e. Services sp\u00e9ciaux pour les cyclistes\" \/>\n<meta property=\"og:url\" content=\"https:\/\/www.cesenaticohotel.com\/fr\/hotels\/hotel-tiffanyresort-spa\" \/>\n<meta property=\"og:site_name\" content=\"Cesenatico Hotel\" \/>\n<meta property=\"article:modified_time\" content=\"2023-08-22T07:06:27+00:00\" \/>\n<meta property=\"og:image\" content=\"https:\/\/www.cesenaticohotel.com\/wp-content\/uploads\/2023\/05\/immagine-sito.jpg\" \/>\n\t<meta property=\"og:image:width\" content=\"1200\" \/>\n\t<meta property=\"og:image:height\" content=\"675\" \/>\n\t<meta property=\"og:image:type\" content=\"image\/jpeg\" \/>\n<meta name=\"twitter:card\" content=\"summary_large_image\" \/>\n<meta name=\"twitter:label1\" content=\"Dur\u00e9e de lecture estim\u00e9e\" \/>\n\t<meta name=\"twitter:data1\" content=\"2 minutes\" \/>\n<script type=\"application\/ld+json\" class=\"yoast-schema-graph\">{\"@context\":\"https:\/\/schema.org\",\"@graph\":[{\"@type\":\"WebPage\",\"@id\":\"https:\/\/www.cesenaticohotel.com\/fr\/hotels\/hotel-tiffanyresort-spa\",\"url\":\"https:\/\/www.cesenaticohotel.com\/fr\/hotels\/hotel-tiffanyresort-spa\",\"name\":\"H\u00f4tel TiffanyResort & Spa***s \u00e0 Cesenatico: h\u00f4tel sportif y pour familles\",\"isPartOf\":{\"@id\":\"https:\/\/www.cesenaticohotel.com\/fr\/#website\"},\"datePublished\":\"2023-04-19T12:32:56+00:00\",\"dateModified\":\"2023-08-22T07:06:27+00:00\",\"description\":\"L'H\u00f4tel TiffanyResort & Spa b\u00e9n\u00e9ficie d'un emplacement exclusif, avec centre de bien-\u00eatre et piscine. Plage affili\u00e9e. Services sp\u00e9ciaux pour les cyclistes\",\"breadcrumb\":{\"@id\":\"https:\/\/www.cesenaticohotel.com\/fr\/hotels\/hotel-tiffanyresort-spa#breadcrumb\"},\"inLanguage\":\"fr-FR\",\"potentialAction\":[{\"@type\":\"ReadAction\",\"target\":[\"https:\/\/www.cesenaticohotel.com\/fr\/hotels\/hotel-tiffanyresort-spa\"]}]},{\"@type\":\"BreadcrumbList\",\"@id\":\"https:\/\/www.cesenaticohotel.com\/fr\/hotels\/hotel-tiffanyresort-spa#breadcrumb\",\"itemListElement\":[{\"@type\":\"ListItem\",\"position\":1,\"name\":\"Home\",\"item\":\"https:\/\/www.cesenaticohotel.com\/fr\"},{\"@type\":\"ListItem\",\"position\":2,\"name\":\"H\u00f4tel\",\"item\":\"https:\/\/www.cesenaticohotel.com\/fr\/hotels\"},{\"@type\":\"ListItem\",\"position\":3,\"name\":\"H\u00f4tel TiffanyResort &#038; Spa\"}]},{\"@type\":\"WebSite\",\"@id\":\"https:\/\/www.cesenaticohotel.com\/fr\/#website\",\"url\":\"https:\/\/www.cesenaticohotel.com\/fr\/\",\"name\":\"Cesenatico Hotel\",\"description\":\"\",\"publisher\":{\"@id\":\"https:\/\/www.cesenaticohotel.com\/fr\/#organization\"},\"potentialAction\":[{\"@type\":\"SearchAction\",\"target\":{\"@type\":\"EntryPoint\",\"urlTemplate\":\"https:\/\/www.cesenaticohotel.com\/fr\/?s={search_term_string}\"},\"query-input\":{\"@type\":\"PropertyValueSpecification\",\"valueRequired\":true,\"valueName\":\"search_term_string\"}}],\"inLanguage\":\"fr-FR\"},{\"@type\":\"Organization\",\"@id\":\"https:\/\/www.cesenaticohotel.com\/fr\/#organization\",\"name\":\"Cesenatico Hotel\",\"url\":\"https:\/\/www.cesenaticohotel.com\/fr\/\",\"logo\":{\"@type\":\"ImageObject\",\"inLanguage\":\"fr-FR\",\"@id\":\"https:\/\/www.cesenaticohotel.com\/fr\/#\/schema\/logo\/image\/\",\"url\":\"https:\/\/www.cesenaticohotel.com\/wp-content\/uploads\/2023\/05\/logo-organizzazione.jpg\",\"contentUrl\":\"https:\/\/www.cesenaticohotel.com\/wp-content\/uploads\/2023\/05\/logo-organizzazione.jpg\",\"width\":696,\"height\":696,\"caption\":\"Cesenatico Hotel\"},\"image\":{\"@id\":\"https:\/\/www.cesenaticohotel.com\/fr\/#\/schema\/logo\/image\/\"}}]}<\/script>\n<!-- \/ Yoast SEO plugin. -->","yoast_head_json":{"title":"H\u00f4tel TiffanyResort & Spa***s \u00e0 Cesenatico: h\u00f4tel sportif y pour familles","description":"L'H\u00f4tel TiffanyResort & Spa b\u00e9n\u00e9ficie d'un emplacement exclusif, avec centre de bien-\u00eatre et piscine. Plage affili\u00e9e. Services sp\u00e9ciaux pour les cyclistes","robots":{"index":"index","follow":"follow","max-snippet":"max-snippet:-1","max-image-preview":"max-image-preview:large","max-video-preview":"max-video-preview:-1"},"canonical":"https:\/\/www.cesenaticohotel.com\/fr\/hotels\/hotel-tiffanyresort-spa","og_locale":"fr_FR","og_type":"article","og_title":"H\u00f4tel TiffanyResort & Spa***s \u00e0 Cesenatico: h\u00f4tel sportif y pour familles","og_description":"L'H\u00f4tel TiffanyResort & Spa b\u00e9n\u00e9ficie d'un emplacement exclusif, avec centre de bien-\u00eatre et piscine. Plage affili\u00e9e. Services sp\u00e9ciaux pour les cyclistes","og_url":"https:\/\/www.cesenaticohotel.com\/fr\/hotels\/hotel-tiffanyresort-spa","og_site_name":"Cesenatico Hotel","article_modified_time":"2023-08-22T07:06:27+00:00","og_image":[{"width":1200,"height":675,"url":"https:\/\/www.cesenaticohotel.com\/wp-content\/uploads\/2023\/05\/immagine-sito.jpg","type":"image\/jpeg"}],"twitter_card":"summary_large_image","twitter_misc":{"Dur\u00e9e de lecture estim\u00e9e":"2 minutes"},"schema":{"@context":"https:\/\/schema.org","@graph":[{"@type":"WebPage","@id":"https:\/\/www.cesenaticohotel.com\/fr\/hotels\/hotel-tiffanyresort-spa","url":"https:\/\/www.cesenaticohotel.com\/fr\/hotels\/hotel-tiffanyresort-spa","name":"H\u00f4tel TiffanyResort & Spa***s \u00e0 Cesenatico: h\u00f4tel sportif y pour familles","isPartOf":{"@id":"https:\/\/www.cesenaticohotel.com\/fr\/#website"},"datePublished":"2023-04-19T12:32:56+00:00","dateModified":"2023-08-22T07:06:27+00:00","description":"L'H\u00f4tel TiffanyResort & Spa b\u00e9n\u00e9ficie d'un emplacement exclusif, avec centre de bien-\u00eatre et piscine. Plage affili\u00e9e. Services sp\u00e9ciaux pour les cyclistes","breadcrumb":{"@id":"https:\/\/www.cesenaticohotel.com\/fr\/hotels\/hotel-tiffanyresort-spa#breadcrumb"},"inLanguage":"fr-FR","potentialAction":[{"@type":"ReadAction","target":["https:\/\/www.cesenaticohotel.com\/fr\/hotels\/hotel-tiffanyresort-spa"]}]},{"@type":"BreadcrumbList","@id":"https:\/\/www.cesenaticohotel.com\/fr\/hotels\/hotel-tiffanyresort-spa#breadcrumb","itemListElement":[{"@type":"ListItem","position":1,"name":"Home","item":"https:\/\/www.cesenaticohotel.com\/fr"},{"@type":"ListItem","position":2,"name":"H\u00f4tel","item":"https:\/\/www.cesenaticohotel.com\/fr\/hotels"},{"@type":"ListItem","position":3,"name":"H\u00f4tel TiffanyResort &#038; Spa"}]},{"@type":"WebSite","@id":"https:\/\/www.cesenaticohotel.com\/fr\/#website","url":"https:\/\/www.cesenaticohotel.com\/fr\/","name":"Cesenatico Hotel","description":"","publisher":{"@id":"https:\/\/www.cesenaticohotel.com\/fr\/#organization"},"potentialAction":[{"@type":"SearchAction","target":{"@type":"EntryPoint","urlTemplate":"https:\/\/www.cesenaticohotel.com\/fr\/?s={search_term_string}"},"query-input":{"@type":"PropertyValueSpecification","valueRequired":true,"valueName":"search_term_string"}}],"inLanguage":"fr-FR"},{"@type":"Organization","@id":"https:\/\/www.cesenaticohotel.com\/fr\/#organization","name":"Cesenatico Hotel","url":"https:\/\/www.cesenaticohotel.com\/fr\/","logo":{"@type":"ImageObject","inLanguage":"fr-FR","@id":"https:\/\/www.cesenaticohotel.com\/fr\/#\/schema\/logo\/image\/","url":"https:\/\/www.cesenaticohotel.com\/wp-content\/uploads\/2023\/05\/logo-organizzazione.jpg","contentUrl":"https:\/\/www.cesenaticohotel.com\/wp-content\/uploads\/2023\/05\/logo-organizzazione.jpg","width":696,"height":696,"caption":"Cesenatico Hotel"},"image":{"@id":"https:\/\/www.cesenaticohotel.com\/fr\/#\/schema\/logo\/image\/"}}]}},"_links":{"self":[{"href":"https:\/\/www.cesenaticohotel.com\/fr\/wp-json\/wp\/v2\/pages\/360","targetHints":{"allow":["GET"]}}],"collection":[{"href":"https:\/\/www.cesenaticohotel.com\/fr\/wp-json\/wp\/v2\/pages"}],"about":[{"href":"https:\/\/www.cesenaticohotel.com\/fr\/wp-json\/wp\/v2\/types\/page"}],"author":[{"embeddable":true,"href":"https:\/\/www.cesenaticohotel.com\/fr\/wp-json\/wp\/v2\/users\/1"}],"replies":[{"embeddable":true,"href":"https:\/\/www.cesenaticohotel.com\/fr\/wp-json\/wp\/v2\/comments?post=360"}],"version-history":[{"count":3,"href":"https:\/\/www.cesenaticohotel.com\/fr\/wp-json\/wp\/v2\/pages\/360\/revisions"}],"predecessor-version":[{"id":5656,"href":"https:\/\/www.cesenaticohotel.com\/fr\/wp-json\/wp\/v2\/pages\/360\/revisions\/5656"}],"up":[{"embeddable":true,"href":"https:\/\/www.cesenaticohotel.com\/fr\/wp-json\/wp\/v2\/pages\/513"}],"wp:attachment":[{"href":"https:\/\/www.cesenaticohotel.com\/fr\/wp-json\/wp\/v2\/media?parent=360"}],"curies":[{"name":"wp","href":"https:\/\/api.w.org\/{rel}","templated":true}]}}