{"id":3732,"date":"2023-05-04T11:36:51","date_gmt":"2023-05-04T09:36:51","guid":{"rendered":"https:\/\/www.cesenaticohotel.com\/experiences-cesenatico\/wine-festival-cesenatico"},"modified":"2026-04-30T11:32:55","modified_gmt":"2026-04-30T09:32:55","slug":"wine-festival-cesenatico","status":"publish","type":"page","link":"https:\/\/www.cesenaticohotel.com\/fr\/experiences-cesenatico\/wine-festival-cesenatico","title":{"rendered":"Wine Festival Cesenatico"},"content":{"rendered":"\n<p>Dans le magnifique cadre de la Piazzetta delle Conserve, dans le charmant centre historique de Cesenatico, \u00e0 deux pas du c\u00e9l\u00e8bre port canale con\u00e7u par L\u00e9onard de Vinci, ne manquez pas le rendez-vous avec la troisi\u00e8me \u00e9dition du Wine Festival, g\u00e9r\u00e9 et organis\u00e9 par les Jeunes H\u00f4teliers de Adac Federalberghi Cesenatico.<\/p>\n","protected":false},"excerpt":{"rendered":"<p>Dans le magnifique cadre de la Piazzetta delle Conserve, dans le charmant centre historique de Cesenatico, \u00e0 deux pas du c\u00e9l\u00e8bre port canale con\u00e7u par L\u00e9onard de Vinci, ne manquez pas le rendez-vous avec la troisi\u00e8me \u00e9dition du Wine Festival, g\u00e9r\u00e9 et organis\u00e9 par les Jeunes H\u00f4teliers de Adac Federalberghi Cesenatico.<\/p>\n","protected":false},"author":19,"featured_media":0,"parent":675,"menu_order":0,"comment_status":"closed","ping_status":"closed","template":"page-templates\/scheda_esperienza.php","meta":{"_acf_changed":false,"inline_featured_image":false,"footnotes":""},"class_list":["post-3732","page","type-page","status-publish","hentry"],"acf":[],"yoast_head":"<!-- This site is optimized with the Yoast SEO plugin v27.0 - https:\/\/yoast.com\/product\/yoast-seo-wordpress\/ -->\n<title>Le Festival du Vin au centre de Cesenatico: informations et billets<\/title>\n<meta name=\"description\" content=\"La 3\u00e8me \u00e9dition du Festival du Vin de Cesenatico, organis\u00e9e par les h\u00f4teliers de l&#039;ADAC, vous attend dans le centre historique pour une soir\u00e9e de divertissement.\" \/>\n<meta name=\"robots\" content=\"index, follow, max-snippet:-1, max-image-preview:large, max-video-preview:-1\" \/>\n<link rel=\"canonical\" href=\"https:\/\/www.cesenaticohotel.com\/fr\/experiences-cesenatico\/wine-festival-cesenatico\" \/>\n<meta property=\"og:locale\" content=\"fr_FR\" \/>\n<meta property=\"og:type\" content=\"article\" \/>\n<meta property=\"og:title\" content=\"Le Festival du Vin au centre de Cesenatico: informations et billets\" \/>\n<meta property=\"og:description\" content=\"La 3\u00e8me \u00e9dition du Festival du Vin de Cesenatico, organis\u00e9e par les h\u00f4teliers de l&#039;ADAC, vous attend dans le centre historique pour une soir\u00e9e de divertissement.\" \/>\n<meta property=\"og:url\" content=\"https:\/\/www.cesenaticohotel.com\/fr\/experiences-cesenatico\/wine-festival-cesenatico\" \/>\n<meta property=\"og:site_name\" content=\"Cesenatico Hotel\" \/>\n<meta property=\"article:modified_time\" content=\"2026-04-30T09:32:55+00:00\" \/>\n<meta property=\"og:image\" content=\"https:\/\/www.cesenaticohotel.com\/wp-content\/uploads\/2023\/05\/immagine-sito.jpg\" \/>\n\t<meta property=\"og:image:width\" content=\"1200\" \/>\n\t<meta property=\"og:image:height\" content=\"675\" \/>\n\t<meta property=\"og:image:type\" content=\"image\/jpeg\" \/>\n<meta name=\"twitter:card\" content=\"summary_large_image\" \/>\n<script type=\"application\/ld+json\" class=\"yoast-schema-graph\">{\"@context\":\"https:\/\/schema.org\",\"@graph\":[{\"@type\":\"WebPage\",\"@id\":\"https:\/\/www.cesenaticohotel.com\/fr\/experiences-cesenatico\/wine-festival-cesenatico\",\"url\":\"https:\/\/www.cesenaticohotel.com\/fr\/experiences-cesenatico\/wine-festival-cesenatico\",\"name\":\"Le Festival du Vin au centre de Cesenatico: informations et billets\",\"isPartOf\":{\"@id\":\"https:\/\/www.cesenaticohotel.com\/fr\/#website\"},\"datePublished\":\"2023-05-04T09:36:51+00:00\",\"dateModified\":\"2026-04-30T09:32:55+00:00\",\"description\":\"La 3\u00e8me \u00e9dition du Festival du Vin de Cesenatico, organis\u00e9e par les h\u00f4teliers de l'ADAC, vous attend dans le centre historique pour une soir\u00e9e de divertissement.\",\"breadcrumb\":{\"@id\":\"https:\/\/www.cesenaticohotel.com\/fr\/experiences-cesenatico\/wine-festival-cesenatico#breadcrumb\"},\"inLanguage\":\"fr-FR\",\"potentialAction\":[{\"@type\":\"ReadAction\",\"target\":[\"https:\/\/www.cesenaticohotel.com\/fr\/experiences-cesenatico\/wine-festival-cesenatico\"]}]},{\"@type\":\"BreadcrumbList\",\"@id\":\"https:\/\/www.cesenaticohotel.com\/fr\/experiences-cesenatico\/wine-festival-cesenatico#breadcrumb\",\"itemListElement\":[{\"@type\":\"ListItem\",\"position\":1,\"name\":\"Home\",\"item\":\"https:\/\/www.cesenaticohotel.com\/fr\"},{\"@type\":\"ListItem\",\"position\":2,\"name\":\"Exp\u00e9riences\",\"item\":\"https:\/\/www.cesenaticohotel.com\/fr\/experiences-cesenatico\"},{\"@type\":\"ListItem\",\"position\":3,\"name\":\"Wine Festival Cesenatico\"}]},{\"@type\":\"WebSite\",\"@id\":\"https:\/\/www.cesenaticohotel.com\/fr\/#website\",\"url\":\"https:\/\/www.cesenaticohotel.com\/fr\/\",\"name\":\"Cesenatico Hotel\",\"description\":\"\",\"publisher\":{\"@id\":\"https:\/\/www.cesenaticohotel.com\/fr\/#organization\"},\"potentialAction\":[{\"@type\":\"SearchAction\",\"target\":{\"@type\":\"EntryPoint\",\"urlTemplate\":\"https:\/\/www.cesenaticohotel.com\/fr\/?s={search_term_string}\"},\"query-input\":{\"@type\":\"PropertyValueSpecification\",\"valueRequired\":true,\"valueName\":\"search_term_string\"}}],\"inLanguage\":\"fr-FR\"},{\"@type\":\"Organization\",\"@id\":\"https:\/\/www.cesenaticohotel.com\/fr\/#organization\",\"name\":\"Cesenatico Hotel\",\"url\":\"https:\/\/www.cesenaticohotel.com\/fr\/\",\"logo\":{\"@type\":\"ImageObject\",\"inLanguage\":\"fr-FR\",\"@id\":\"https:\/\/www.cesenaticohotel.com\/fr\/#\/schema\/logo\/image\/\",\"url\":\"https:\/\/www.cesenaticohotel.com\/wp-content\/uploads\/2023\/05\/logo-organizzazione.jpg\",\"contentUrl\":\"https:\/\/www.cesenaticohotel.com\/wp-content\/uploads\/2023\/05\/logo-organizzazione.jpg\",\"width\":696,\"height\":696,\"caption\":\"Cesenatico Hotel\"},\"image\":{\"@id\":\"https:\/\/www.cesenaticohotel.com\/fr\/#\/schema\/logo\/image\/\"}}]}<\/script>\n<!-- \/ Yoast SEO plugin. -->","yoast_head_json":{"title":"Le Festival du Vin au centre de Cesenatico: informations et billets","description":"La 3\u00e8me \u00e9dition du Festival du Vin de Cesenatico, organis\u00e9e par les h\u00f4teliers de l'ADAC, vous attend dans le centre historique pour une soir\u00e9e de divertissement.","robots":{"index":"index","follow":"follow","max-snippet":"max-snippet:-1","max-image-preview":"max-image-preview:large","max-video-preview":"max-video-preview:-1"},"canonical":"https:\/\/www.cesenaticohotel.com\/fr\/experiences-cesenatico\/wine-festival-cesenatico","og_locale":"fr_FR","og_type":"article","og_title":"Le Festival du Vin au centre de Cesenatico: informations et billets","og_description":"La 3\u00e8me \u00e9dition du Festival du Vin de Cesenatico, organis\u00e9e par les h\u00f4teliers de l'ADAC, vous attend dans le centre historique pour une soir\u00e9e de divertissement.","og_url":"https:\/\/www.cesenaticohotel.com\/fr\/experiences-cesenatico\/wine-festival-cesenatico","og_site_name":"Cesenatico Hotel","article_modified_time":"2026-04-30T09:32:55+00:00","og_image":[{"width":1200,"height":675,"url":"https:\/\/www.cesenaticohotel.com\/wp-content\/uploads\/2023\/05\/immagine-sito.jpg","type":"image\/jpeg"}],"twitter_card":"summary_large_image","schema":{"@context":"https:\/\/schema.org","@graph":[{"@type":"WebPage","@id":"https:\/\/www.cesenaticohotel.com\/fr\/experiences-cesenatico\/wine-festival-cesenatico","url":"https:\/\/www.cesenaticohotel.com\/fr\/experiences-cesenatico\/wine-festival-cesenatico","name":"Le Festival du Vin au centre de Cesenatico: informations et billets","isPartOf":{"@id":"https:\/\/www.cesenaticohotel.com\/fr\/#website"},"datePublished":"2023-05-04T09:36:51+00:00","dateModified":"2026-04-30T09:32:55+00:00","description":"La 3\u00e8me \u00e9dition du Festival du Vin de Cesenatico, organis\u00e9e par les h\u00f4teliers de l'ADAC, vous attend dans le centre historique pour une soir\u00e9e de divertissement.","breadcrumb":{"@id":"https:\/\/www.cesenaticohotel.com\/fr\/experiences-cesenatico\/wine-festival-cesenatico#breadcrumb"},"inLanguage":"fr-FR","potentialAction":[{"@type":"ReadAction","target":["https:\/\/www.cesenaticohotel.com\/fr\/experiences-cesenatico\/wine-festival-cesenatico"]}]},{"@type":"BreadcrumbList","@id":"https:\/\/www.cesenaticohotel.com\/fr\/experiences-cesenatico\/wine-festival-cesenatico#breadcrumb","itemListElement":[{"@type":"ListItem","position":1,"name":"Home","item":"https:\/\/www.cesenaticohotel.com\/fr"},{"@type":"ListItem","position":2,"name":"Exp\u00e9riences","item":"https:\/\/www.cesenaticohotel.com\/fr\/experiences-cesenatico"},{"@type":"ListItem","position":3,"name":"Wine Festival Cesenatico"}]},{"@type":"WebSite","@id":"https:\/\/www.cesenaticohotel.com\/fr\/#website","url":"https:\/\/www.cesenaticohotel.com\/fr\/","name":"Cesenatico Hotel","description":"","publisher":{"@id":"https:\/\/www.cesenaticohotel.com\/fr\/#organization"},"potentialAction":[{"@type":"SearchAction","target":{"@type":"EntryPoint","urlTemplate":"https:\/\/www.cesenaticohotel.com\/fr\/?s={search_term_string}"},"query-input":{"@type":"PropertyValueSpecification","valueRequired":true,"valueName":"search_term_string"}}],"inLanguage":"fr-FR"},{"@type":"Organization","@id":"https:\/\/www.cesenaticohotel.com\/fr\/#organization","name":"Cesenatico Hotel","url":"https:\/\/www.cesenaticohotel.com\/fr\/","logo":{"@type":"ImageObject","inLanguage":"fr-FR","@id":"https:\/\/www.cesenaticohotel.com\/fr\/#\/schema\/logo\/image\/","url":"https:\/\/www.cesenaticohotel.com\/wp-content\/uploads\/2023\/05\/logo-organizzazione.jpg","contentUrl":"https:\/\/www.cesenaticohotel.com\/wp-content\/uploads\/2023\/05\/logo-organizzazione.jpg","width":696,"height":696,"caption":"Cesenatico Hotel"},"image":{"@id":"https:\/\/www.cesenaticohotel.com\/fr\/#\/schema\/logo\/image\/"}}]}},"_links":{"self":[{"href":"https:\/\/www.cesenaticohotel.com\/fr\/wp-json\/wp\/v2\/pages\/3732","targetHints":{"allow":["GET"]}}],"collection":[{"href":"https:\/\/www.cesenaticohotel.com\/fr\/wp-json\/wp\/v2\/pages"}],"about":[{"href":"https:\/\/www.cesenaticohotel.com\/fr\/wp-json\/wp\/v2\/types\/page"}],"author":[{"embeddable":true,"href":"https:\/\/www.cesenaticohotel.com\/fr\/wp-json\/wp\/v2\/users\/19"}],"replies":[{"embeddable":true,"href":"https:\/\/www.cesenaticohotel.com\/fr\/wp-json\/wp\/v2\/comments?post=3732"}],"version-history":[{"count":2,"href":"https:\/\/www.cesenaticohotel.com\/fr\/wp-json\/wp\/v2\/pages\/3732\/revisions"}],"predecessor-version":[{"id":5802,"href":"https:\/\/www.cesenaticohotel.com\/fr\/wp-json\/wp\/v2\/pages\/3732\/revisions\/5802"}],"up":[{"embeddable":true,"href":"https:\/\/www.cesenaticohotel.com\/fr\/wp-json\/wp\/v2\/pages\/675"}],"wp:attachment":[{"href":"https:\/\/www.cesenaticohotel.com\/fr\/wp-json\/wp\/v2\/media?parent=3732"}],"curies":[{"name":"wp","href":"https:\/\/api.w.org\/{rel}","templated":true}]}}