{"id":379,"date":"2023-04-19T14:51:44","date_gmt":"2023-04-19T12:51:44","guid":{"rendered":"https:\/\/www.cesenaticohotel.com\/hotel\/hotel-renzo"},"modified":"2023-08-22T09:06:30","modified_gmt":"2023-08-22T07:06:30","slug":"hotel-renzo","status":"publish","type":"page","link":"https:\/\/www.cesenaticohotel.com\/fr\/hotels\/hotel-renzo","title":{"rendered":"H\u00f4tel Renzo"},"content":{"rendered":"\n<p>L&#039;<b>H\u00f4tel Renzo <\/b>b\u00e9n\u00e9ficie d&#039;une situation pratique <b>en bord de mer<\/b>, avec un <b>acc\u00e8s direct \u00e0 la plage conventionn\u00e9e<\/b> \u00e0 travers le luxuriant parc de pins de <b>Zadina di Cesenatico<\/b>. En plus des <b>espaces<\/b> <b>ext\u00e9rieurs <\/b>soign\u00e9s, que l&#039;on peut appr\u00e9cier en toute tranquillit\u00e9, l&#039;H\u00f4tel Renzo dispose <b>d&#039;une terrasse moderne avec piscine panoramique<\/b> et <b>solarium<\/b>, offrant une vue exceptionnelle sur la mer et la pin\u00e8de, o\u00f9 l&#039;on peut se d\u00e9tendre en prenant le soleil, en lisant un bon livre ou en sirotant un cocktail rafra\u00eechissant.<\/p>\n\n\n\n<!--more-->\n\n\n\n<p>\u00c0 <b>table<\/b>, on trouve <b>les saveurs authentiques de la v\u00e9ritable cuisine romagnole<\/b>, revisit\u00e9es de mani\u00e8re cr\u00e9ative par le chef, avec <b>menus gourmands r\u00e9serv\u00e9s aux enfants<\/b> et des pr\u00e9parations alternatives pour les personnes atteintes de la maladie <b>c\u0153liaque <\/b>et les<b> intol\u00e9rants<\/b>. Les mati\u00e8res premi\u00e8res sont soigneusement s\u00e9lectionn\u00e9es parmi les meilleures du march\u00e9, de pr\u00e9f\u00e9rence \u00e0 km0, et travaill\u00e9es fra\u00eeches chaque jour.<\/p>\n\n\n\n<p>Le <b>petit-d\u00e9jeuner buffet<\/b> est compos\u00e9 de desserts faits maison, accompagn\u00e9s de propositions sal\u00e9es telles que charcuteries et fromages, \u0153ufs, ainsi qu&#039;un coin bien-\u00eatre avec c\u00e9r\u00e9ales, fruits secs et yaourts. Au <b>d\u00e9jeune<\/b>r et au<b> d\u00eener<\/b>, des plats \u00e0 base de poisson, de viande et v\u00e9g\u00e9tariens sont toujours propos\u00e9s; les <b>p\u00e2tes fra\u00eeches faites maison<\/b> sont incontournables, en particulier les lasagnes, les tagliatelles et les strozzapreti. Des <b>soir\u00e9es \u00e0 th\u00e8me<\/b> avec d\u00e9gustation de produits locaux sont organis\u00e9es chaque semaine.<\/p>\n\n\n\n<p>L&#039;H\u00f4tel Renzo met \u00e0 disposition des clients un <b>parking<\/b>, des <b>v\u00e9los<\/b> gratuits ; de plus, les <b>animaux domestiques sont les bienvenus<\/b>.<\/p>\n","protected":false},"excerpt":{"rendered":"<p>L&#039;H\u00f4tel Renzo b\u00e9n\u00e9ficie d&#039;une situation pratique en bord de mer, avec un acc\u00e8s direct \u00e0 la plage conventionn\u00e9e \u00e0 travers le luxuriant parc de pins de Zadina di Cesenatico. En plus des espaces ext\u00e9rieurs soign\u00e9s, que l&#039;on peut appr\u00e9cier en toute tranquillit\u00e9, l&#039;H\u00f4tel Renzo dispose d&#039;une terrasse moderne avec piscine panoramique et solarium, offrant une &hellip;<\/p>\n","protected":false},"author":1,"featured_media":0,"parent":513,"menu_order":0,"comment_status":"closed","ping_status":"closed","template":"page-templates\/scheda_hotel.php","meta":{"_acf_changed":false,"inline_featured_image":false,"footnotes":""},"class_list":["post-379","page","type-page","status-publish","hentry"],"acf":[],"yoast_head":"<!-- This site is optimized with the Yoast SEO plugin v27.0 - https:\/\/yoast.com\/product\/yoast-seo-wordpress\/ -->\n<title>H\u00f4tel Renzo***s \u00e0 Cesenatico: h\u00f4tel pour sportifs, couples et familles<\/title>\n<meta name=\"description\" content=\"L&#039;H\u00f4tel Renzo est situ\u00e9 tr\u00e8s pr\u00e8s de la plage affili\u00e9e. Piscine panoramique sur le toit avec vue sur la mer. Animaux de compagnie bienvenus.\" \/>\n<meta name=\"robots\" content=\"index, follow, max-snippet:-1, max-image-preview:large, max-video-preview:-1\" \/>\n<link rel=\"canonical\" href=\"https:\/\/www.cesenaticohotel.com\/fr\/hotels\/hotel-renzo\" \/>\n<meta property=\"og:locale\" content=\"fr_FR\" \/>\n<meta property=\"og:type\" content=\"article\" \/>\n<meta property=\"og:title\" content=\"H\u00f4tel Renzo***s \u00e0 Cesenatico: h\u00f4tel pour sportifs, couples et familles\" \/>\n<meta property=\"og:description\" content=\"L&#039;H\u00f4tel Renzo est situ\u00e9 tr\u00e8s pr\u00e8s de la plage affili\u00e9e. Piscine panoramique sur le toit avec vue sur la mer. Animaux de compagnie bienvenus.\" \/>\n<meta property=\"og:url\" content=\"https:\/\/www.cesenaticohotel.com\/fr\/hotels\/hotel-renzo\" \/>\n<meta property=\"og:site_name\" content=\"Cesenatico Hotel\" \/>\n<meta property=\"article:modified_time\" content=\"2023-08-22T07:06:30+00:00\" \/>\n<meta property=\"og:image\" content=\"https:\/\/www.cesenaticohotel.com\/wp-content\/uploads\/2023\/05\/immagine-sito.jpg\" \/>\n\t<meta property=\"og:image:width\" content=\"1200\" \/>\n\t<meta property=\"og:image:height\" content=\"675\" \/>\n\t<meta property=\"og:image:type\" content=\"image\/jpeg\" \/>\n<meta name=\"twitter:card\" content=\"summary_large_image\" \/>\n<meta name=\"twitter:label1\" content=\"Dur\u00e9e de lecture estim\u00e9e\" \/>\n\t<meta name=\"twitter:data1\" content=\"1 minute\" \/>\n<script type=\"application\/ld+json\" class=\"yoast-schema-graph\">{\"@context\":\"https:\/\/schema.org\",\"@graph\":[{\"@type\":\"WebPage\",\"@id\":\"https:\/\/www.cesenaticohotel.com\/fr\/hotels\/hotel-renzo\",\"url\":\"https:\/\/www.cesenaticohotel.com\/fr\/hotels\/hotel-renzo\",\"name\":\"H\u00f4tel Renzo***s \u00e0 Cesenatico: h\u00f4tel pour sportifs, couples et familles\",\"isPartOf\":{\"@id\":\"https:\/\/www.cesenaticohotel.com\/fr\/#website\"},\"datePublished\":\"2023-04-19T12:51:44+00:00\",\"dateModified\":\"2023-08-22T07:06:30+00:00\",\"description\":\"L'H\u00f4tel Renzo est situ\u00e9 tr\u00e8s pr\u00e8s de la plage affili\u00e9e. Piscine panoramique sur le toit avec vue sur la mer. Animaux de compagnie bienvenus.\",\"breadcrumb\":{\"@id\":\"https:\/\/www.cesenaticohotel.com\/fr\/hotels\/hotel-renzo#breadcrumb\"},\"inLanguage\":\"fr-FR\",\"potentialAction\":[{\"@type\":\"ReadAction\",\"target\":[\"https:\/\/www.cesenaticohotel.com\/fr\/hotels\/hotel-renzo\"]}]},{\"@type\":\"BreadcrumbList\",\"@id\":\"https:\/\/www.cesenaticohotel.com\/fr\/hotels\/hotel-renzo#breadcrumb\",\"itemListElement\":[{\"@type\":\"ListItem\",\"position\":1,\"name\":\"Home\",\"item\":\"https:\/\/www.cesenaticohotel.com\/fr\"},{\"@type\":\"ListItem\",\"position\":2,\"name\":\"H\u00f4tel\",\"item\":\"https:\/\/www.cesenaticohotel.com\/fr\/hotels\"},{\"@type\":\"ListItem\",\"position\":3,\"name\":\"H\u00f4tel Renzo\"}]},{\"@type\":\"WebSite\",\"@id\":\"https:\/\/www.cesenaticohotel.com\/fr\/#website\",\"url\":\"https:\/\/www.cesenaticohotel.com\/fr\/\",\"name\":\"Cesenatico Hotel\",\"description\":\"\",\"publisher\":{\"@id\":\"https:\/\/www.cesenaticohotel.com\/fr\/#organization\"},\"potentialAction\":[{\"@type\":\"SearchAction\",\"target\":{\"@type\":\"EntryPoint\",\"urlTemplate\":\"https:\/\/www.cesenaticohotel.com\/fr\/?s={search_term_string}\"},\"query-input\":{\"@type\":\"PropertyValueSpecification\",\"valueRequired\":true,\"valueName\":\"search_term_string\"}}],\"inLanguage\":\"fr-FR\"},{\"@type\":\"Organization\",\"@id\":\"https:\/\/www.cesenaticohotel.com\/fr\/#organization\",\"name\":\"Cesenatico Hotel\",\"url\":\"https:\/\/www.cesenaticohotel.com\/fr\/\",\"logo\":{\"@type\":\"ImageObject\",\"inLanguage\":\"fr-FR\",\"@id\":\"https:\/\/www.cesenaticohotel.com\/fr\/#\/schema\/logo\/image\/\",\"url\":\"https:\/\/www.cesenaticohotel.com\/wp-content\/uploads\/2023\/05\/logo-organizzazione.jpg\",\"contentUrl\":\"https:\/\/www.cesenaticohotel.com\/wp-content\/uploads\/2023\/05\/logo-organizzazione.jpg\",\"width\":696,\"height\":696,\"caption\":\"Cesenatico Hotel\"},\"image\":{\"@id\":\"https:\/\/www.cesenaticohotel.com\/fr\/#\/schema\/logo\/image\/\"}}]}<\/script>\n<!-- \/ Yoast SEO plugin. -->","yoast_head_json":{"title":"H\u00f4tel Renzo***s \u00e0 Cesenatico: h\u00f4tel pour sportifs, couples et familles","description":"L'H\u00f4tel Renzo est situ\u00e9 tr\u00e8s pr\u00e8s de la plage affili\u00e9e. Piscine panoramique sur le toit avec vue sur la mer. Animaux de compagnie bienvenus.","robots":{"index":"index","follow":"follow","max-snippet":"max-snippet:-1","max-image-preview":"max-image-preview:large","max-video-preview":"max-video-preview:-1"},"canonical":"https:\/\/www.cesenaticohotel.com\/fr\/hotels\/hotel-renzo","og_locale":"fr_FR","og_type":"article","og_title":"H\u00f4tel Renzo***s \u00e0 Cesenatico: h\u00f4tel pour sportifs, couples et familles","og_description":"L'H\u00f4tel Renzo est situ\u00e9 tr\u00e8s pr\u00e8s de la plage affili\u00e9e. Piscine panoramique sur le toit avec vue sur la mer. Animaux de compagnie bienvenus.","og_url":"https:\/\/www.cesenaticohotel.com\/fr\/hotels\/hotel-renzo","og_site_name":"Cesenatico Hotel","article_modified_time":"2023-08-22T07:06:30+00:00","og_image":[{"width":1200,"height":675,"url":"https:\/\/www.cesenaticohotel.com\/wp-content\/uploads\/2023\/05\/immagine-sito.jpg","type":"image\/jpeg"}],"twitter_card":"summary_large_image","twitter_misc":{"Dur\u00e9e de lecture estim\u00e9e":"1 minute"},"schema":{"@context":"https:\/\/schema.org","@graph":[{"@type":"WebPage","@id":"https:\/\/www.cesenaticohotel.com\/fr\/hotels\/hotel-renzo","url":"https:\/\/www.cesenaticohotel.com\/fr\/hotels\/hotel-renzo","name":"H\u00f4tel Renzo***s \u00e0 Cesenatico: h\u00f4tel pour sportifs, couples et familles","isPartOf":{"@id":"https:\/\/www.cesenaticohotel.com\/fr\/#website"},"datePublished":"2023-04-19T12:51:44+00:00","dateModified":"2023-08-22T07:06:30+00:00","description":"L'H\u00f4tel Renzo est situ\u00e9 tr\u00e8s pr\u00e8s de la plage affili\u00e9e. Piscine panoramique sur le toit avec vue sur la mer. Animaux de compagnie bienvenus.","breadcrumb":{"@id":"https:\/\/www.cesenaticohotel.com\/fr\/hotels\/hotel-renzo#breadcrumb"},"inLanguage":"fr-FR","potentialAction":[{"@type":"ReadAction","target":["https:\/\/www.cesenaticohotel.com\/fr\/hotels\/hotel-renzo"]}]},{"@type":"BreadcrumbList","@id":"https:\/\/www.cesenaticohotel.com\/fr\/hotels\/hotel-renzo#breadcrumb","itemListElement":[{"@type":"ListItem","position":1,"name":"Home","item":"https:\/\/www.cesenaticohotel.com\/fr"},{"@type":"ListItem","position":2,"name":"H\u00f4tel","item":"https:\/\/www.cesenaticohotel.com\/fr\/hotels"},{"@type":"ListItem","position":3,"name":"H\u00f4tel Renzo"}]},{"@type":"WebSite","@id":"https:\/\/www.cesenaticohotel.com\/fr\/#website","url":"https:\/\/www.cesenaticohotel.com\/fr\/","name":"Cesenatico Hotel","description":"","publisher":{"@id":"https:\/\/www.cesenaticohotel.com\/fr\/#organization"},"potentialAction":[{"@type":"SearchAction","target":{"@type":"EntryPoint","urlTemplate":"https:\/\/www.cesenaticohotel.com\/fr\/?s={search_term_string}"},"query-input":{"@type":"PropertyValueSpecification","valueRequired":true,"valueName":"search_term_string"}}],"inLanguage":"fr-FR"},{"@type":"Organization","@id":"https:\/\/www.cesenaticohotel.com\/fr\/#organization","name":"Cesenatico Hotel","url":"https:\/\/www.cesenaticohotel.com\/fr\/","logo":{"@type":"ImageObject","inLanguage":"fr-FR","@id":"https:\/\/www.cesenaticohotel.com\/fr\/#\/schema\/logo\/image\/","url":"https:\/\/www.cesenaticohotel.com\/wp-content\/uploads\/2023\/05\/logo-organizzazione.jpg","contentUrl":"https:\/\/www.cesenaticohotel.com\/wp-content\/uploads\/2023\/05\/logo-organizzazione.jpg","width":696,"height":696,"caption":"Cesenatico Hotel"},"image":{"@id":"https:\/\/www.cesenaticohotel.com\/fr\/#\/schema\/logo\/image\/"}}]}},"_links":{"self":[{"href":"https:\/\/www.cesenaticohotel.com\/fr\/wp-json\/wp\/v2\/pages\/379","targetHints":{"allow":["GET"]}}],"collection":[{"href":"https:\/\/www.cesenaticohotel.com\/fr\/wp-json\/wp\/v2\/pages"}],"about":[{"href":"https:\/\/www.cesenaticohotel.com\/fr\/wp-json\/wp\/v2\/types\/page"}],"author":[{"embeddable":true,"href":"https:\/\/www.cesenaticohotel.com\/fr\/wp-json\/wp\/v2\/users\/1"}],"replies":[{"embeddable":true,"href":"https:\/\/www.cesenaticohotel.com\/fr\/wp-json\/wp\/v2\/comments?post=379"}],"version-history":[{"count":3,"href":"https:\/\/www.cesenaticohotel.com\/fr\/wp-json\/wp\/v2\/pages\/379\/revisions"}],"predecessor-version":[{"id":5660,"href":"https:\/\/www.cesenaticohotel.com\/fr\/wp-json\/wp\/v2\/pages\/379\/revisions\/5660"}],"up":[{"embeddable":true,"href":"https:\/\/www.cesenaticohotel.com\/fr\/wp-json\/wp\/v2\/pages\/513"}],"wp:attachment":[{"href":"https:\/\/www.cesenaticohotel.com\/fr\/wp-json\/wp\/v2\/media?parent=379"}],"curies":[{"name":"wp","href":"https:\/\/api.w.org\/{rel}","templated":true}]}}