{"id":3815,"date":"2023-05-08T12:23:05","date_gmt":"2023-05-08T10:23:05","guid":{"rendered":"https:\/\/www.cesenaticohotel.com\/hotels\/villa-lina-ricci-curbastro"},"modified":"2023-08-22T09:08:04","modified_gmt":"2023-08-22T07:08:04","slug":"villa-lina-ricci-curbastro","status":"publish","type":"page","link":"https:\/\/www.cesenaticohotel.com\/fr\/hotels\/villa-lina-ricci-curbastro","title":{"rendered":"Villa Lina Ricci Curbastro"},"content":{"rendered":"\n<p><b>La Villa Lina Ricci Curbastro<\/b> b\u00e9n\u00e9ficie d&#039;un emplacement central, juste sur le L<b>ungomare Carducci de Cesenatico<\/b>, \u00e0 100 m\u00e8tres de la mer. Un endroit sp\u00e9cial, compos\u00e9 de trois villas et d&#039;une petite \u00e9glise, immerg\u00e9es dans un <b>vaste et soign\u00e9 jardin<\/b> \u00e9quip\u00e9, o\u00f9 vous pourrez profiter de moments de tranquillit\u00e9 et d&#039;intimit\u00e9 \u00e0 l&#039;ombre, envelopp\u00e9 par la brise de la mer, tandis que les enfants s&#039;amusent en toute s\u00e9curit\u00e9 dans leur <b>aire de jeux<\/b> d\u00e9di\u00e9e.<\/p>\n\n\n\n<!--more-->\n\n\n\n<p>\u00c0 la Villa Lina Ricci Curbastro, vous avez la possibilit\u00e9 de passer des vacances en toute s\u00e9r\u00e9nit\u00e9 et dans une atmosph\u00e8re familiale, le tout \u00e0 quelques m\u00e8tres des principales attractions de Cesenatico.<\/p>\n\n\n\n<p>\u00c0 table, vous go\u00fbterez \u00e0 une authentique cuisine romagnole. <b>Le petit-d\u00e9jeuner buffet<\/b> est <b>copieux<\/b> et <b>authentique<\/b>, avec des p\u00e2tisseries faites maison, des brioches parfum\u00e9es, du yaourt, des c\u00e9r\u00e9ales, des charcuteries et des fromages. Pour le d\u00e9jeuner et le d\u00eener, vous pouvez choisir entre <b>deux menus de viande et de poisson<\/b>, toujours pr\u00e9par\u00e9s frais chaque jour. Les p\u00e2tes faites maison, les grillades et les fritures de poisson sont incontournables.<\/p>\n\n\n\n<p>L&#039;eau est toujours incluse aux repas, et vous pouvez accompagner vos plats avec des vins de caves locales et des bi\u00e8res artisanales. L&#039;h\u00f4tel organise des <b>d\u00eeners \u00e0 th\u00e8me<\/b>, et le personnel est disponible pour pr\u00e9parer <b>des menus pour les enfants <\/b>et des repas adapt\u00e9s aux intol\u00e9rants.<\/p>\n\n\n\n\n\n<p>Un <b>parking priv\u00e9 gratuit<\/b> est \u00e9galement \u00e0 la disposition des clients. Les <b>animaux sont les bienvenus<\/b>, m\u00eame dans la salle du restaurant.<\/p>\n","protected":false},"excerpt":{"rendered":"<p>La Villa Lina Ricci Curbastro b\u00e9n\u00e9ficie d&#039;un emplacement central, juste sur le Lungomare Carducci de Cesenatico, \u00e0 100 m\u00e8tres de la mer. Un endroit sp\u00e9cial, compos\u00e9 de trois villas et d&#039;une petite \u00e9glise, immerg\u00e9es dans un vaste et soign\u00e9 jardin \u00e9quip\u00e9, o\u00f9 vous pourrez profiter de moments de tranquillit\u00e9 et d&#039;intimit\u00e9 \u00e0 l&#039;ombre, envelopp\u00e9 par &hellip;<\/p>\n","protected":false},"author":1,"featured_media":0,"parent":513,"menu_order":0,"comment_status":"closed","ping_status":"closed","template":"page-templates\/scheda_hotel.php","meta":{"_acf_changed":false,"inline_featured_image":false,"footnotes":""},"class_list":["post-3815","page","type-page","status-publish","hentry"],"acf":[],"yoast_head":"<!-- This site is optimized with the Yoast SEO plugin v27.0 - https:\/\/yoast.com\/product\/yoast-seo-wordpress\/ -->\n<title>Villa Lina Ricci Curbastro* \u00e0 Cesenatico: pour couples et familles<\/title>\n<meta name=\"description\" content=\"La Villa Lina Ricci Curbastro est \u00e0 seulement 100 m\u00e8tres de la mer. Grand jardin avec piscine et parking priv\u00e9. Services sp\u00e9ciaux pour les animaux.\" \/>\n<meta name=\"robots\" content=\"index, follow, max-snippet:-1, max-image-preview:large, max-video-preview:-1\" \/>\n<link rel=\"canonical\" href=\"https:\/\/www.cesenaticohotel.com\/fr\/hotels\/villa-lina-ricci-curbastro\" \/>\n<meta property=\"og:locale\" content=\"fr_FR\" \/>\n<meta property=\"og:type\" content=\"article\" \/>\n<meta property=\"og:title\" content=\"Villa Lina Ricci Curbastro* \u00e0 Cesenatico: pour couples et familles\" \/>\n<meta property=\"og:description\" content=\"La Villa Lina Ricci Curbastro est \u00e0 seulement 100 m\u00e8tres de la mer. Grand jardin avec piscine et parking priv\u00e9. Services sp\u00e9ciaux pour les animaux.\" \/>\n<meta property=\"og:url\" content=\"https:\/\/www.cesenaticohotel.com\/fr\/hotels\/villa-lina-ricci-curbastro\" \/>\n<meta property=\"og:site_name\" content=\"Cesenatico Hotel\" \/>\n<meta property=\"article:modified_time\" content=\"2023-08-22T07:08:04+00:00\" \/>\n<meta property=\"og:image\" content=\"https:\/\/www.cesenaticohotel.com\/wp-content\/uploads\/2023\/05\/immagine-sito.jpg\" \/>\n\t<meta property=\"og:image:width\" content=\"1200\" \/>\n\t<meta property=\"og:image:height\" content=\"675\" \/>\n\t<meta property=\"og:image:type\" content=\"image\/jpeg\" \/>\n<meta name=\"twitter:card\" content=\"summary_large_image\" \/>\n<meta name=\"twitter:label1\" content=\"Dur\u00e9e de lecture estim\u00e9e\" \/>\n\t<meta name=\"twitter:data1\" content=\"1 minute\" \/>\n<script type=\"application\/ld+json\" class=\"yoast-schema-graph\">{\"@context\":\"https:\/\/schema.org\",\"@graph\":[{\"@type\":\"WebPage\",\"@id\":\"https:\/\/www.cesenaticohotel.com\/fr\/hotels\/villa-lina-ricci-curbastro\",\"url\":\"https:\/\/www.cesenaticohotel.com\/fr\/hotels\/villa-lina-ricci-curbastro\",\"name\":\"Villa Lina Ricci Curbastro* \u00e0 Cesenatico: pour couples et familles\",\"isPartOf\":{\"@id\":\"https:\/\/www.cesenaticohotel.com\/fr\/#website\"},\"datePublished\":\"2023-05-08T10:23:05+00:00\",\"dateModified\":\"2023-08-22T07:08:04+00:00\",\"description\":\"La Villa Lina Ricci Curbastro est \u00e0 seulement 100 m\u00e8tres de la mer. Grand jardin avec piscine et parking priv\u00e9. Services sp\u00e9ciaux pour les animaux.\",\"breadcrumb\":{\"@id\":\"https:\/\/www.cesenaticohotel.com\/fr\/hotels\/villa-lina-ricci-curbastro#breadcrumb\"},\"inLanguage\":\"fr-FR\",\"potentialAction\":[{\"@type\":\"ReadAction\",\"target\":[\"https:\/\/www.cesenaticohotel.com\/fr\/hotels\/villa-lina-ricci-curbastro\"]}]},{\"@type\":\"BreadcrumbList\",\"@id\":\"https:\/\/www.cesenaticohotel.com\/fr\/hotels\/villa-lina-ricci-curbastro#breadcrumb\",\"itemListElement\":[{\"@type\":\"ListItem\",\"position\":1,\"name\":\"Home\",\"item\":\"https:\/\/www.cesenaticohotel.com\/fr\"},{\"@type\":\"ListItem\",\"position\":2,\"name\":\"H\u00f4tel\",\"item\":\"https:\/\/www.cesenaticohotel.com\/fr\/hotels\"},{\"@type\":\"ListItem\",\"position\":3,\"name\":\"Villa Lina Ricci Curbastro\"}]},{\"@type\":\"WebSite\",\"@id\":\"https:\/\/www.cesenaticohotel.com\/fr\/#website\",\"url\":\"https:\/\/www.cesenaticohotel.com\/fr\/\",\"name\":\"Cesenatico Hotel\",\"description\":\"\",\"publisher\":{\"@id\":\"https:\/\/www.cesenaticohotel.com\/fr\/#organization\"},\"potentialAction\":[{\"@type\":\"SearchAction\",\"target\":{\"@type\":\"EntryPoint\",\"urlTemplate\":\"https:\/\/www.cesenaticohotel.com\/fr\/?s={search_term_string}\"},\"query-input\":{\"@type\":\"PropertyValueSpecification\",\"valueRequired\":true,\"valueName\":\"search_term_string\"}}],\"inLanguage\":\"fr-FR\"},{\"@type\":\"Organization\",\"@id\":\"https:\/\/www.cesenaticohotel.com\/fr\/#organization\",\"name\":\"Cesenatico Hotel\",\"url\":\"https:\/\/www.cesenaticohotel.com\/fr\/\",\"logo\":{\"@type\":\"ImageObject\",\"inLanguage\":\"fr-FR\",\"@id\":\"https:\/\/www.cesenaticohotel.com\/fr\/#\/schema\/logo\/image\/\",\"url\":\"https:\/\/www.cesenaticohotel.com\/wp-content\/uploads\/2023\/05\/logo-organizzazione.jpg\",\"contentUrl\":\"https:\/\/www.cesenaticohotel.com\/wp-content\/uploads\/2023\/05\/logo-organizzazione.jpg\",\"width\":696,\"height\":696,\"caption\":\"Cesenatico Hotel\"},\"image\":{\"@id\":\"https:\/\/www.cesenaticohotel.com\/fr\/#\/schema\/logo\/image\/\"}}]}<\/script>\n<!-- \/ Yoast SEO plugin. -->","yoast_head_json":{"title":"Villa Lina Ricci Curbastro* \u00e0 Cesenatico: pour couples et familles","description":"La Villa Lina Ricci Curbastro est \u00e0 seulement 100 m\u00e8tres de la mer. Grand jardin avec piscine et parking priv\u00e9. Services sp\u00e9ciaux pour les animaux.","robots":{"index":"index","follow":"follow","max-snippet":"max-snippet:-1","max-image-preview":"max-image-preview:large","max-video-preview":"max-video-preview:-1"},"canonical":"https:\/\/www.cesenaticohotel.com\/fr\/hotels\/villa-lina-ricci-curbastro","og_locale":"fr_FR","og_type":"article","og_title":"Villa Lina Ricci Curbastro* \u00e0 Cesenatico: pour couples et familles","og_description":"La Villa Lina Ricci Curbastro est \u00e0 seulement 100 m\u00e8tres de la mer. Grand jardin avec piscine et parking priv\u00e9. Services sp\u00e9ciaux pour les animaux.","og_url":"https:\/\/www.cesenaticohotel.com\/fr\/hotels\/villa-lina-ricci-curbastro","og_site_name":"Cesenatico Hotel","article_modified_time":"2023-08-22T07:08:04+00:00","og_image":[{"width":1200,"height":675,"url":"https:\/\/www.cesenaticohotel.com\/wp-content\/uploads\/2023\/05\/immagine-sito.jpg","type":"image\/jpeg"}],"twitter_card":"summary_large_image","twitter_misc":{"Dur\u00e9e de lecture estim\u00e9e":"1 minute"},"schema":{"@context":"https:\/\/schema.org","@graph":[{"@type":"WebPage","@id":"https:\/\/www.cesenaticohotel.com\/fr\/hotels\/villa-lina-ricci-curbastro","url":"https:\/\/www.cesenaticohotel.com\/fr\/hotels\/villa-lina-ricci-curbastro","name":"Villa Lina Ricci Curbastro* \u00e0 Cesenatico: pour couples et familles","isPartOf":{"@id":"https:\/\/www.cesenaticohotel.com\/fr\/#website"},"datePublished":"2023-05-08T10:23:05+00:00","dateModified":"2023-08-22T07:08:04+00:00","description":"La Villa Lina Ricci Curbastro est \u00e0 seulement 100 m\u00e8tres de la mer. Grand jardin avec piscine et parking priv\u00e9. Services sp\u00e9ciaux pour les animaux.","breadcrumb":{"@id":"https:\/\/www.cesenaticohotel.com\/fr\/hotels\/villa-lina-ricci-curbastro#breadcrumb"},"inLanguage":"fr-FR","potentialAction":[{"@type":"ReadAction","target":["https:\/\/www.cesenaticohotel.com\/fr\/hotels\/villa-lina-ricci-curbastro"]}]},{"@type":"BreadcrumbList","@id":"https:\/\/www.cesenaticohotel.com\/fr\/hotels\/villa-lina-ricci-curbastro#breadcrumb","itemListElement":[{"@type":"ListItem","position":1,"name":"Home","item":"https:\/\/www.cesenaticohotel.com\/fr"},{"@type":"ListItem","position":2,"name":"H\u00f4tel","item":"https:\/\/www.cesenaticohotel.com\/fr\/hotels"},{"@type":"ListItem","position":3,"name":"Villa Lina Ricci Curbastro"}]},{"@type":"WebSite","@id":"https:\/\/www.cesenaticohotel.com\/fr\/#website","url":"https:\/\/www.cesenaticohotel.com\/fr\/","name":"Cesenatico Hotel","description":"","publisher":{"@id":"https:\/\/www.cesenaticohotel.com\/fr\/#organization"},"potentialAction":[{"@type":"SearchAction","target":{"@type":"EntryPoint","urlTemplate":"https:\/\/www.cesenaticohotel.com\/fr\/?s={search_term_string}"},"query-input":{"@type":"PropertyValueSpecification","valueRequired":true,"valueName":"search_term_string"}}],"inLanguage":"fr-FR"},{"@type":"Organization","@id":"https:\/\/www.cesenaticohotel.com\/fr\/#organization","name":"Cesenatico Hotel","url":"https:\/\/www.cesenaticohotel.com\/fr\/","logo":{"@type":"ImageObject","inLanguage":"fr-FR","@id":"https:\/\/www.cesenaticohotel.com\/fr\/#\/schema\/logo\/image\/","url":"https:\/\/www.cesenaticohotel.com\/wp-content\/uploads\/2023\/05\/logo-organizzazione.jpg","contentUrl":"https:\/\/www.cesenaticohotel.com\/wp-content\/uploads\/2023\/05\/logo-organizzazione.jpg","width":696,"height":696,"caption":"Cesenatico Hotel"},"image":{"@id":"https:\/\/www.cesenaticohotel.com\/fr\/#\/schema\/logo\/image\/"}}]}},"_links":{"self":[{"href":"https:\/\/www.cesenaticohotel.com\/fr\/wp-json\/wp\/v2\/pages\/3815","targetHints":{"allow":["GET"]}}],"collection":[{"href":"https:\/\/www.cesenaticohotel.com\/fr\/wp-json\/wp\/v2\/pages"}],"about":[{"href":"https:\/\/www.cesenaticohotel.com\/fr\/wp-json\/wp\/v2\/types\/page"}],"author":[{"embeddable":true,"href":"https:\/\/www.cesenaticohotel.com\/fr\/wp-json\/wp\/v2\/users\/1"}],"replies":[{"embeddable":true,"href":"https:\/\/www.cesenaticohotel.com\/fr\/wp-json\/wp\/v2\/comments?post=3815"}],"version-history":[{"count":2,"href":"https:\/\/www.cesenaticohotel.com\/fr\/wp-json\/wp\/v2\/pages\/3815\/revisions"}],"predecessor-version":[{"id":5803,"href":"https:\/\/www.cesenaticohotel.com\/fr\/wp-json\/wp\/v2\/pages\/3815\/revisions\/5803"}],"up":[{"embeddable":true,"href":"https:\/\/www.cesenaticohotel.com\/fr\/wp-json\/wp\/v2\/pages\/513"}],"wp:attachment":[{"href":"https:\/\/www.cesenaticohotel.com\/fr\/wp-json\/wp\/v2\/media?parent=3815"}],"curies":[{"name":"wp","href":"https:\/\/api.w.org\/{rel}","templated":true}]}}