{"id":3819,"date":"2023-05-08T12:37:20","date_gmt":"2023-05-08T10:37:20","guid":{"rendered":"https:\/\/www.cesenaticohotel.com\/hotels\/hotel-turquoise"},"modified":"2023-08-22T09:08:05","modified_gmt":"2023-08-22T07:08:05","slug":"hotel-turquoise","status":"publish","type":"page","link":"https:\/\/www.cesenaticohotel.com\/fr\/hotels\/hotel-turquoise","title":{"rendered":"Hotel Turquoise"},"content":{"rendered":"\n<p>L&#039;<b>h\u00f4tel Turquoise de Cesenatico <\/b>est situ\u00e9 \u00e0 proximit\u00e9 de la plage conventionn\u00e9e, entour\u00e9 d&#039;un <b>jardin meubl\u00e9 avec des canap\u00e9s ext\u00e9rieurs confortables<\/b>, o\u00f9 vous pourrez vous d\u00e9tendre en sirotant un ap\u00e9ritif du <b>bar \u00e0 cocktails<\/b>. L&#039;espace ext\u00e9rieur comprend une aire de jeux pour les enfants avec des jeux et des structures gonflables, une <b>piscine<\/b> et <b>deux bains \u00e0 remous chauff\u00e9s<\/b>, ainsi qu&#039;un <b>petit th\u00e9\u00e2tre<\/b> o\u00f9 le personnel organise des spectacles et des soir\u00e9es dansantes adapt\u00e9es aux petits et grands.<\/p>\n\n\n\n<!--more-->\n\n\n\n<p>Pour les enfants, des <b>activit\u00e9s d&#039;animation<\/b> sur la plage sont propos\u00e9es, ainsi qu&#039;une <b>assistance pendant les repas \u00e0 l&#039;h\u00f4tel<\/b>, de sorte que les plus petits puissent s&#039;amuser et socialiser. Des <b>kits b\u00e9b\u00e9<\/b> sont disponibles en chambre et en salle pour voyager l\u00e9ger, comprenant des lits b\u00e9b\u00e9, des lits avec des barri\u00e8res anti-chute, des baignoires pour b\u00e9b\u00e9s, des r\u00e9ducteurs de WC, des chaises hautes, de la vaisselle pour b\u00e9b\u00e9s, des sets de table et des verres.<\/p>\n\n\n\n<p>\u00c0 table, vous ne trouverez que des ingr\u00e9dients authentiques, une cuisine traditionnelle et une grande flexibilit\u00e9 horaire. Le <b>petit-d\u00e9jeuner est servi de 8h00 \u00e0 10h00<\/b> ; le <b>d\u00e9jeuner<\/b> et le <b>d\u00eener<\/b> sont un festival de saveurs, avec des plats fra\u00eechement pr\u00e9par\u00e9s chaque jour. Les passatelli, les cappelletti et les lasagnes sont incontournables. Pour les <b>enfants<\/b>, le personnel pr\u00e9pare <b>des menus sur mesure<\/b> et des repas. La cuisine de l&#039;H\u00f4tel Turquoise <b>est certifi\u00e9e AIC<\/b> pour de v\u00e9ritables vacances sans gluten \u00e0 Cesenatico. Cela signifie que les m\u00eames plats du menu classique sont cuisin\u00e9s, mais sans contamination.<\/p>\n\n\n\n<p>Les <b>animaux de petite taille sont les bienvenus<\/b> \u00e0 l&#039;h\u00f4tel Turquoise. Des places de parking sont disponibles le long de l&#039;avenue de l&#039;h\u00f4tel et \u00e0 proximit\u00e9 imm\u00e9diate, et gr\u00e2ce <b>aux v\u00e9los gratuits<\/b>, vous pouvez oublier la voiture et vous d\u00e9placer librement \u00e0 Cesenatico.<\/p>\n","protected":false},"excerpt":{"rendered":"<p>L&#039;h\u00f4tel Turquoise de Cesenatico est situ\u00e9 \u00e0 proximit\u00e9 de la plage conventionn\u00e9e, entour\u00e9 d&#039;un jardin meubl\u00e9 avec des canap\u00e9s ext\u00e9rieurs confortables, o\u00f9 vous pourrez vous d\u00e9tendre en sirotant un ap\u00e9ritif du bar \u00e0 cocktails. L&#039;espace ext\u00e9rieur comprend une aire de jeux pour les enfants avec des jeux et des structures gonflables, une piscine et deux &hellip;<\/p>\n","protected":false},"author":1,"featured_media":0,"parent":513,"menu_order":0,"comment_status":"closed","ping_status":"closed","template":"page-templates\/scheda_hotel.php","meta":{"_acf_changed":false,"inline_featured_image":false,"footnotes":""},"class_list":["post-3819","page","type-page","status-publish","hentry"],"acf":[],"yoast_head":"<!-- This site is optimized with the Yoast SEO plugin v27.0 - https:\/\/yoast.com\/product\/yoast-seo-wordpress\/ -->\n<title>H\u00f4tel Turquoise***s \u00e0 Cesenatico: pet hotel pour couples et familles<\/title>\n<meta name=\"description\" content=\"L&#039;H\u00f4tel Turquoise est situ\u00e9 \u00e0 proximit\u00e9 de la plage. Piscine et bains \u00e0 remous chauff\u00e9s. Sans gluten. Services sp\u00e9ciaux pour les enfants et les animaux.\" \/>\n<meta name=\"robots\" content=\"index, follow, max-snippet:-1, max-image-preview:large, max-video-preview:-1\" \/>\n<link rel=\"canonical\" href=\"https:\/\/www.cesenaticohotel.com\/fr\/hotels\/hotel-turquoise\" \/>\n<meta property=\"og:locale\" content=\"fr_FR\" \/>\n<meta property=\"og:type\" content=\"article\" \/>\n<meta property=\"og:title\" content=\"H\u00f4tel Turquoise***s \u00e0 Cesenatico: pet hotel pour couples et familles\" \/>\n<meta property=\"og:description\" content=\"L&#039;H\u00f4tel Turquoise est situ\u00e9 \u00e0 proximit\u00e9 de la plage. Piscine et bains \u00e0 remous chauff\u00e9s. Sans gluten. Services sp\u00e9ciaux pour les enfants et les animaux.\" \/>\n<meta property=\"og:url\" content=\"https:\/\/www.cesenaticohotel.com\/fr\/hotels\/hotel-turquoise\" \/>\n<meta property=\"og:site_name\" content=\"Cesenatico Hotel\" \/>\n<meta property=\"article:modified_time\" content=\"2023-08-22T07:08:05+00:00\" \/>\n<meta property=\"og:image\" content=\"https:\/\/www.cesenaticohotel.com\/wp-content\/uploads\/2023\/05\/immagine-sito.jpg\" \/>\n\t<meta property=\"og:image:width\" content=\"1200\" \/>\n\t<meta property=\"og:image:height\" content=\"675\" \/>\n\t<meta property=\"og:image:type\" content=\"image\/jpeg\" \/>\n<meta name=\"twitter:card\" content=\"summary_large_image\" \/>\n<meta name=\"twitter:label1\" content=\"Dur\u00e9e de lecture estim\u00e9e\" \/>\n\t<meta name=\"twitter:data1\" content=\"2 minutes\" \/>\n<script type=\"application\/ld+json\" class=\"yoast-schema-graph\">{\"@context\":\"https:\/\/schema.org\",\"@graph\":[{\"@type\":\"WebPage\",\"@id\":\"https:\/\/www.cesenaticohotel.com\/fr\/hotels\/hotel-turquoise\",\"url\":\"https:\/\/www.cesenaticohotel.com\/fr\/hotels\/hotel-turquoise\",\"name\":\"H\u00f4tel Turquoise***s \u00e0 Cesenatico: pet hotel pour couples et familles\",\"isPartOf\":{\"@id\":\"https:\/\/www.cesenaticohotel.com\/fr\/#website\"},\"datePublished\":\"2023-05-08T10:37:20+00:00\",\"dateModified\":\"2023-08-22T07:08:05+00:00\",\"description\":\"L'H\u00f4tel Turquoise est situ\u00e9 \u00e0 proximit\u00e9 de la plage. Piscine et bains \u00e0 remous chauff\u00e9s. Sans gluten. Services sp\u00e9ciaux pour les enfants et les animaux.\",\"breadcrumb\":{\"@id\":\"https:\/\/www.cesenaticohotel.com\/fr\/hotels\/hotel-turquoise#breadcrumb\"},\"inLanguage\":\"fr-FR\",\"potentialAction\":[{\"@type\":\"ReadAction\",\"target\":[\"https:\/\/www.cesenaticohotel.com\/fr\/hotels\/hotel-turquoise\"]}]},{\"@type\":\"BreadcrumbList\",\"@id\":\"https:\/\/www.cesenaticohotel.com\/fr\/hotels\/hotel-turquoise#breadcrumb\",\"itemListElement\":[{\"@type\":\"ListItem\",\"position\":1,\"name\":\"Home\",\"item\":\"https:\/\/www.cesenaticohotel.com\/fr\"},{\"@type\":\"ListItem\",\"position\":2,\"name\":\"H\u00f4tel\",\"item\":\"https:\/\/www.cesenaticohotel.com\/fr\/hotels\"},{\"@type\":\"ListItem\",\"position\":3,\"name\":\"Hotel Turquoise\"}]},{\"@type\":\"WebSite\",\"@id\":\"https:\/\/www.cesenaticohotel.com\/fr\/#website\",\"url\":\"https:\/\/www.cesenaticohotel.com\/fr\/\",\"name\":\"Cesenatico Hotel\",\"description\":\"\",\"publisher\":{\"@id\":\"https:\/\/www.cesenaticohotel.com\/fr\/#organization\"},\"potentialAction\":[{\"@type\":\"SearchAction\",\"target\":{\"@type\":\"EntryPoint\",\"urlTemplate\":\"https:\/\/www.cesenaticohotel.com\/fr\/?s={search_term_string}\"},\"query-input\":{\"@type\":\"PropertyValueSpecification\",\"valueRequired\":true,\"valueName\":\"search_term_string\"}}],\"inLanguage\":\"fr-FR\"},{\"@type\":\"Organization\",\"@id\":\"https:\/\/www.cesenaticohotel.com\/fr\/#organization\",\"name\":\"Cesenatico Hotel\",\"url\":\"https:\/\/www.cesenaticohotel.com\/fr\/\",\"logo\":{\"@type\":\"ImageObject\",\"inLanguage\":\"fr-FR\",\"@id\":\"https:\/\/www.cesenaticohotel.com\/fr\/#\/schema\/logo\/image\/\",\"url\":\"https:\/\/www.cesenaticohotel.com\/wp-content\/uploads\/2023\/05\/logo-organizzazione.jpg\",\"contentUrl\":\"https:\/\/www.cesenaticohotel.com\/wp-content\/uploads\/2023\/05\/logo-organizzazione.jpg\",\"width\":696,\"height\":696,\"caption\":\"Cesenatico Hotel\"},\"image\":{\"@id\":\"https:\/\/www.cesenaticohotel.com\/fr\/#\/schema\/logo\/image\/\"}}]}<\/script>\n<!-- \/ Yoast SEO plugin. -->","yoast_head_json":{"title":"H\u00f4tel Turquoise***s \u00e0 Cesenatico: pet hotel pour couples et familles","description":"L'H\u00f4tel Turquoise est situ\u00e9 \u00e0 proximit\u00e9 de la plage. Piscine et bains \u00e0 remous chauff\u00e9s. Sans gluten. Services sp\u00e9ciaux pour les enfants et les animaux.","robots":{"index":"index","follow":"follow","max-snippet":"max-snippet:-1","max-image-preview":"max-image-preview:large","max-video-preview":"max-video-preview:-1"},"canonical":"https:\/\/www.cesenaticohotel.com\/fr\/hotels\/hotel-turquoise","og_locale":"fr_FR","og_type":"article","og_title":"H\u00f4tel Turquoise***s \u00e0 Cesenatico: pet hotel pour couples et familles","og_description":"L'H\u00f4tel Turquoise est situ\u00e9 \u00e0 proximit\u00e9 de la plage. Piscine et bains \u00e0 remous chauff\u00e9s. Sans gluten. Services sp\u00e9ciaux pour les enfants et les animaux.","og_url":"https:\/\/www.cesenaticohotel.com\/fr\/hotels\/hotel-turquoise","og_site_name":"Cesenatico Hotel","article_modified_time":"2023-08-22T07:08:05+00:00","og_image":[{"width":1200,"height":675,"url":"https:\/\/www.cesenaticohotel.com\/wp-content\/uploads\/2023\/05\/immagine-sito.jpg","type":"image\/jpeg"}],"twitter_card":"summary_large_image","twitter_misc":{"Dur\u00e9e de lecture estim\u00e9e":"2 minutes"},"schema":{"@context":"https:\/\/schema.org","@graph":[{"@type":"WebPage","@id":"https:\/\/www.cesenaticohotel.com\/fr\/hotels\/hotel-turquoise","url":"https:\/\/www.cesenaticohotel.com\/fr\/hotels\/hotel-turquoise","name":"H\u00f4tel Turquoise***s \u00e0 Cesenatico: pet hotel pour couples et familles","isPartOf":{"@id":"https:\/\/www.cesenaticohotel.com\/fr\/#website"},"datePublished":"2023-05-08T10:37:20+00:00","dateModified":"2023-08-22T07:08:05+00:00","description":"L'H\u00f4tel Turquoise est situ\u00e9 \u00e0 proximit\u00e9 de la plage. Piscine et bains \u00e0 remous chauff\u00e9s. Sans gluten. Services sp\u00e9ciaux pour les enfants et les animaux.","breadcrumb":{"@id":"https:\/\/www.cesenaticohotel.com\/fr\/hotels\/hotel-turquoise#breadcrumb"},"inLanguage":"fr-FR","potentialAction":[{"@type":"ReadAction","target":["https:\/\/www.cesenaticohotel.com\/fr\/hotels\/hotel-turquoise"]}]},{"@type":"BreadcrumbList","@id":"https:\/\/www.cesenaticohotel.com\/fr\/hotels\/hotel-turquoise#breadcrumb","itemListElement":[{"@type":"ListItem","position":1,"name":"Home","item":"https:\/\/www.cesenaticohotel.com\/fr"},{"@type":"ListItem","position":2,"name":"H\u00f4tel","item":"https:\/\/www.cesenaticohotel.com\/fr\/hotels"},{"@type":"ListItem","position":3,"name":"Hotel Turquoise"}]},{"@type":"WebSite","@id":"https:\/\/www.cesenaticohotel.com\/fr\/#website","url":"https:\/\/www.cesenaticohotel.com\/fr\/","name":"Cesenatico Hotel","description":"","publisher":{"@id":"https:\/\/www.cesenaticohotel.com\/fr\/#organization"},"potentialAction":[{"@type":"SearchAction","target":{"@type":"EntryPoint","urlTemplate":"https:\/\/www.cesenaticohotel.com\/fr\/?s={search_term_string}"},"query-input":{"@type":"PropertyValueSpecification","valueRequired":true,"valueName":"search_term_string"}}],"inLanguage":"fr-FR"},{"@type":"Organization","@id":"https:\/\/www.cesenaticohotel.com\/fr\/#organization","name":"Cesenatico Hotel","url":"https:\/\/www.cesenaticohotel.com\/fr\/","logo":{"@type":"ImageObject","inLanguage":"fr-FR","@id":"https:\/\/www.cesenaticohotel.com\/fr\/#\/schema\/logo\/image\/","url":"https:\/\/www.cesenaticohotel.com\/wp-content\/uploads\/2023\/05\/logo-organizzazione.jpg","contentUrl":"https:\/\/www.cesenaticohotel.com\/wp-content\/uploads\/2023\/05\/logo-organizzazione.jpg","width":696,"height":696,"caption":"Cesenatico Hotel"},"image":{"@id":"https:\/\/www.cesenaticohotel.com\/fr\/#\/schema\/logo\/image\/"}}]}},"_links":{"self":[{"href":"https:\/\/www.cesenaticohotel.com\/fr\/wp-json\/wp\/v2\/pages\/3819","targetHints":{"allow":["GET"]}}],"collection":[{"href":"https:\/\/www.cesenaticohotel.com\/fr\/wp-json\/wp\/v2\/pages"}],"about":[{"href":"https:\/\/www.cesenaticohotel.com\/fr\/wp-json\/wp\/v2\/types\/page"}],"author":[{"embeddable":true,"href":"https:\/\/www.cesenaticohotel.com\/fr\/wp-json\/wp\/v2\/users\/1"}],"replies":[{"embeddable":true,"href":"https:\/\/www.cesenaticohotel.com\/fr\/wp-json\/wp\/v2\/comments?post=3819"}],"version-history":[{"count":2,"href":"https:\/\/www.cesenaticohotel.com\/fr\/wp-json\/wp\/v2\/pages\/3819\/revisions"}],"predecessor-version":[{"id":5804,"href":"https:\/\/www.cesenaticohotel.com\/fr\/wp-json\/wp\/v2\/pages\/3819\/revisions\/5804"}],"up":[{"embeddable":true,"href":"https:\/\/www.cesenaticohotel.com\/fr\/wp-json\/wp\/v2\/pages\/513"}],"wp:attachment":[{"href":"https:\/\/www.cesenaticohotel.com\/fr\/wp-json\/wp\/v2\/media?parent=3819"}],"curies":[{"name":"wp","href":"https:\/\/api.w.org\/{rel}","templated":true}]}}