{"id":3823,"date":"2023-05-08T12:48:22","date_gmt":"2023-05-08T10:48:22","guid":{"rendered":"https:\/\/www.cesenaticohotel.com\/hotels\/park-hotel-zadina"},"modified":"2023-08-22T09:08:07","modified_gmt":"2023-08-22T07:08:07","slug":"park-hotel-zadina","status":"publish","type":"page","link":"https:\/\/www.cesenaticohotel.com\/fr\/hotels\/park-hotel-zadina","title":{"rendered":"Park Hotel Zadina"},"content":{"rendered":"\n<p>Le Park Hotel Zadina de <b>Cesenatico<\/b> est entour\u00e9 de vastes espaces verts, un m\u00e9lange irr\u00e9sistible entre la pin\u00e8de de Zadina et le <b>jardin soign\u00e9 de 10.000 m\u00b2<\/b>, o\u00f9 vous trouverez la <b>piscine<\/b>, y compris une <b>piscine s\u00e9par\u00e9e pour les enfants<\/b>, un <b>solarium<\/b> \u00e9quip\u00e9 de parasols et de chaises longues. Le service de plage \u00e0 <b>l&#039;\u00e9tablissement partenaire, \u00e0 seulement 100 m\u00e8tres<\/b>, est inclus dans la formule tout compris.<\/p>\n\n\n\n<!--more-->\n\n\n\n<p>Le <b>personnel d&#039;animation<\/b> divertit petits et grands avec des activit\u00e9s r\u00e9cr\u00e9atives et sportives telles que l&#039;aquagym, le r\u00e9veil musculaire, le jeu ap\u00e9ritif, le Mini Club, des tournois amateurs. Les espaces ext\u00e9rieurs de l&#039;h\u00f4tel abritent \u00e9galement un <b>court de tennis<\/b>, un <b>terrain de p\u00e9tanque<\/b> et <b>tennis de table<\/b>. Les passionn\u00e9s de cyclotourisme ont \u00e0 leur disposition un <b>local \u00e0 v\u00e9los<\/b> s\u00e9curis\u00e9, la <b>location<\/b> de v\u00e9los et des <b>guides professionnels<\/b>.<\/p>\n\n\n\n<p>La cuisine est une exp\u00e9rience 5 \u00e9toiles: le <b>bar est toujours<\/b> ouvert pour les collations, les ap\u00e9ritifs et les pauses sucr\u00e9es; le <b>petit-d\u00e9jeuner buffet<\/b> propose un large choix de propositions sucr\u00e9es et sal\u00e9es; le <b>d\u00e9jeuner<\/b> et le <b>d\u00eener<\/b> laissent place aux recettes de tradition, r\u00e9interpr\u00e9t\u00e9es avec une touche de modernit\u00e9. Le <b>menu de choix<\/b> propose des plats de viande et de poisson, accompagn\u00e9s d&#039;un <b>buffet de l\u00e9gumes et de salades<\/b>. L&#039;h\u00f4tel organise \u00e9galement des <b>d\u00eeners en plein air avec musique<\/b> live.<\/p>\n\n\n\n<p>Oubliez la voiture dans le <b>parking r\u00e9serv\u00e9<\/b> aux clients et profitez des <b>v\u00e9los gratuits<\/b> et des <b>poussettes en location<\/b> pour des promenades agr\u00e9ables et paisibles. Les <b>animaux de compagnie de petite taille <\/b>sont les bienvenus \u00e0 l&#039;h\u00f4tel.<\/p>\n","protected":false},"excerpt":{"rendered":"<p>Le Park Hotel Zadina de Cesenatico est entour\u00e9 de vastes espaces verts, un m\u00e9lange irr\u00e9sistible entre la pin\u00e8de de Zadina et le jardin soign\u00e9 de 10.000 m\u00b2, o\u00f9 vous trouverez la piscine, y compris une piscine s\u00e9par\u00e9e pour les enfants, un solarium \u00e9quip\u00e9 de parasols et de chaises longues. Le service de plage \u00e0 l&#039;\u00e9tablissement &hellip;<\/p>\n","protected":false},"author":1,"featured_media":0,"parent":513,"menu_order":0,"comment_status":"closed","ping_status":"closed","template":"page-templates\/scheda_hotel.php","meta":{"_acf_changed":false,"inline_featured_image":false,"footnotes":""},"class_list":["post-3823","page","type-page","status-publish","hentry"],"acf":[],"yoast_head":"<!-- This site is optimized with the Yoast SEO plugin v27.0 - https:\/\/yoast.com\/product\/yoast-seo-wordpress\/ -->\n<title>Park Hotel Zadina*** \u00e0 Cesenatico: h\u00f4tel pour sportifs et familles<\/title>\n<meta name=\"description\" content=\"Le Park Hotel Zadina est \u00e0 seulement 100 m\u00e8tres de la plage affili\u00e9e. Grand jardin ext\u00e9rieur avec piscine et musique live.\" \/>\n<meta name=\"robots\" content=\"index, follow, max-snippet:-1, max-image-preview:large, max-video-preview:-1\" \/>\n<link rel=\"canonical\" href=\"https:\/\/www.cesenaticohotel.com\/fr\/hotels\/park-hotel-zadina\" \/>\n<meta property=\"og:locale\" content=\"fr_FR\" \/>\n<meta property=\"og:type\" content=\"article\" \/>\n<meta property=\"og:title\" content=\"Park Hotel Zadina*** \u00e0 Cesenatico: h\u00f4tel pour sportifs et familles\" \/>\n<meta property=\"og:description\" content=\"Le Park Hotel Zadina est \u00e0 seulement 100 m\u00e8tres de la plage affili\u00e9e. Grand jardin ext\u00e9rieur avec piscine et musique live.\" \/>\n<meta property=\"og:url\" content=\"https:\/\/www.cesenaticohotel.com\/fr\/hotels\/park-hotel-zadina\" \/>\n<meta property=\"og:site_name\" content=\"Cesenatico Hotel\" \/>\n<meta property=\"article:modified_time\" content=\"2023-08-22T07:08:07+00:00\" \/>\n<meta property=\"og:image\" content=\"https:\/\/www.cesenaticohotel.com\/wp-content\/uploads\/2023\/05\/immagine-sito.jpg\" \/>\n\t<meta property=\"og:image:width\" content=\"1200\" \/>\n\t<meta property=\"og:image:height\" content=\"675\" \/>\n\t<meta property=\"og:image:type\" content=\"image\/jpeg\" \/>\n<meta name=\"twitter:card\" content=\"summary_large_image\" \/>\n<meta name=\"twitter:label1\" content=\"Dur\u00e9e de lecture estim\u00e9e\" \/>\n\t<meta name=\"twitter:data1\" content=\"1 minute\" \/>\n<script type=\"application\/ld+json\" class=\"yoast-schema-graph\">{\"@context\":\"https:\/\/schema.org\",\"@graph\":[{\"@type\":\"WebPage\",\"@id\":\"https:\/\/www.cesenaticohotel.com\/fr\/hotels\/park-hotel-zadina\",\"url\":\"https:\/\/www.cesenaticohotel.com\/fr\/hotels\/park-hotel-zadina\",\"name\":\"Park Hotel Zadina*** \u00e0 Cesenatico: h\u00f4tel pour sportifs et familles\",\"isPartOf\":{\"@id\":\"https:\/\/www.cesenaticohotel.com\/fr\/#website\"},\"datePublished\":\"2023-05-08T10:48:22+00:00\",\"dateModified\":\"2023-08-22T07:08:07+00:00\",\"description\":\"Le Park Hotel Zadina est \u00e0 seulement 100 m\u00e8tres de la plage affili\u00e9e. Grand jardin ext\u00e9rieur avec piscine et musique live.\",\"breadcrumb\":{\"@id\":\"https:\/\/www.cesenaticohotel.com\/fr\/hotels\/park-hotel-zadina#breadcrumb\"},\"inLanguage\":\"fr-FR\",\"potentialAction\":[{\"@type\":\"ReadAction\",\"target\":[\"https:\/\/www.cesenaticohotel.com\/fr\/hotels\/park-hotel-zadina\"]}]},{\"@type\":\"BreadcrumbList\",\"@id\":\"https:\/\/www.cesenaticohotel.com\/fr\/hotels\/park-hotel-zadina#breadcrumb\",\"itemListElement\":[{\"@type\":\"ListItem\",\"position\":1,\"name\":\"Home\",\"item\":\"https:\/\/www.cesenaticohotel.com\/fr\"},{\"@type\":\"ListItem\",\"position\":2,\"name\":\"H\u00f4tel\",\"item\":\"https:\/\/www.cesenaticohotel.com\/fr\/hotels\"},{\"@type\":\"ListItem\",\"position\":3,\"name\":\"Park Hotel Zadina\"}]},{\"@type\":\"WebSite\",\"@id\":\"https:\/\/www.cesenaticohotel.com\/fr\/#website\",\"url\":\"https:\/\/www.cesenaticohotel.com\/fr\/\",\"name\":\"Cesenatico Hotel\",\"description\":\"\",\"publisher\":{\"@id\":\"https:\/\/www.cesenaticohotel.com\/fr\/#organization\"},\"potentialAction\":[{\"@type\":\"SearchAction\",\"target\":{\"@type\":\"EntryPoint\",\"urlTemplate\":\"https:\/\/www.cesenaticohotel.com\/fr\/?s={search_term_string}\"},\"query-input\":{\"@type\":\"PropertyValueSpecification\",\"valueRequired\":true,\"valueName\":\"search_term_string\"}}],\"inLanguage\":\"fr-FR\"},{\"@type\":\"Organization\",\"@id\":\"https:\/\/www.cesenaticohotel.com\/fr\/#organization\",\"name\":\"Cesenatico Hotel\",\"url\":\"https:\/\/www.cesenaticohotel.com\/fr\/\",\"logo\":{\"@type\":\"ImageObject\",\"inLanguage\":\"fr-FR\",\"@id\":\"https:\/\/www.cesenaticohotel.com\/fr\/#\/schema\/logo\/image\/\",\"url\":\"https:\/\/www.cesenaticohotel.com\/wp-content\/uploads\/2023\/05\/logo-organizzazione.jpg\",\"contentUrl\":\"https:\/\/www.cesenaticohotel.com\/wp-content\/uploads\/2023\/05\/logo-organizzazione.jpg\",\"width\":696,\"height\":696,\"caption\":\"Cesenatico Hotel\"},\"image\":{\"@id\":\"https:\/\/www.cesenaticohotel.com\/fr\/#\/schema\/logo\/image\/\"}}]}<\/script>\n<!-- \/ Yoast SEO plugin. -->","yoast_head_json":{"title":"Park Hotel Zadina*** \u00e0 Cesenatico: h\u00f4tel pour sportifs et familles","description":"Le Park Hotel Zadina est \u00e0 seulement 100 m\u00e8tres de la plage affili\u00e9e. Grand jardin ext\u00e9rieur avec piscine et musique live.","robots":{"index":"index","follow":"follow","max-snippet":"max-snippet:-1","max-image-preview":"max-image-preview:large","max-video-preview":"max-video-preview:-1"},"canonical":"https:\/\/www.cesenaticohotel.com\/fr\/hotels\/park-hotel-zadina","og_locale":"fr_FR","og_type":"article","og_title":"Park Hotel Zadina*** \u00e0 Cesenatico: h\u00f4tel pour sportifs et familles","og_description":"Le Park Hotel Zadina est \u00e0 seulement 100 m\u00e8tres de la plage affili\u00e9e. Grand jardin ext\u00e9rieur avec piscine et musique live.","og_url":"https:\/\/www.cesenaticohotel.com\/fr\/hotels\/park-hotel-zadina","og_site_name":"Cesenatico Hotel","article_modified_time":"2023-08-22T07:08:07+00:00","og_image":[{"width":1200,"height":675,"url":"https:\/\/www.cesenaticohotel.com\/wp-content\/uploads\/2023\/05\/immagine-sito.jpg","type":"image\/jpeg"}],"twitter_card":"summary_large_image","twitter_misc":{"Dur\u00e9e de lecture estim\u00e9e":"1 minute"},"schema":{"@context":"https:\/\/schema.org","@graph":[{"@type":"WebPage","@id":"https:\/\/www.cesenaticohotel.com\/fr\/hotels\/park-hotel-zadina","url":"https:\/\/www.cesenaticohotel.com\/fr\/hotels\/park-hotel-zadina","name":"Park Hotel Zadina*** \u00e0 Cesenatico: h\u00f4tel pour sportifs et familles","isPartOf":{"@id":"https:\/\/www.cesenaticohotel.com\/fr\/#website"},"datePublished":"2023-05-08T10:48:22+00:00","dateModified":"2023-08-22T07:08:07+00:00","description":"Le Park Hotel Zadina est \u00e0 seulement 100 m\u00e8tres de la plage affili\u00e9e. Grand jardin ext\u00e9rieur avec piscine et musique live.","breadcrumb":{"@id":"https:\/\/www.cesenaticohotel.com\/fr\/hotels\/park-hotel-zadina#breadcrumb"},"inLanguage":"fr-FR","potentialAction":[{"@type":"ReadAction","target":["https:\/\/www.cesenaticohotel.com\/fr\/hotels\/park-hotel-zadina"]}]},{"@type":"BreadcrumbList","@id":"https:\/\/www.cesenaticohotel.com\/fr\/hotels\/park-hotel-zadina#breadcrumb","itemListElement":[{"@type":"ListItem","position":1,"name":"Home","item":"https:\/\/www.cesenaticohotel.com\/fr"},{"@type":"ListItem","position":2,"name":"H\u00f4tel","item":"https:\/\/www.cesenaticohotel.com\/fr\/hotels"},{"@type":"ListItem","position":3,"name":"Park Hotel Zadina"}]},{"@type":"WebSite","@id":"https:\/\/www.cesenaticohotel.com\/fr\/#website","url":"https:\/\/www.cesenaticohotel.com\/fr\/","name":"Cesenatico Hotel","description":"","publisher":{"@id":"https:\/\/www.cesenaticohotel.com\/fr\/#organization"},"potentialAction":[{"@type":"SearchAction","target":{"@type":"EntryPoint","urlTemplate":"https:\/\/www.cesenaticohotel.com\/fr\/?s={search_term_string}"},"query-input":{"@type":"PropertyValueSpecification","valueRequired":true,"valueName":"search_term_string"}}],"inLanguage":"fr-FR"},{"@type":"Organization","@id":"https:\/\/www.cesenaticohotel.com\/fr\/#organization","name":"Cesenatico Hotel","url":"https:\/\/www.cesenaticohotel.com\/fr\/","logo":{"@type":"ImageObject","inLanguage":"fr-FR","@id":"https:\/\/www.cesenaticohotel.com\/fr\/#\/schema\/logo\/image\/","url":"https:\/\/www.cesenaticohotel.com\/wp-content\/uploads\/2023\/05\/logo-organizzazione.jpg","contentUrl":"https:\/\/www.cesenaticohotel.com\/wp-content\/uploads\/2023\/05\/logo-organizzazione.jpg","width":696,"height":696,"caption":"Cesenatico Hotel"},"image":{"@id":"https:\/\/www.cesenaticohotel.com\/fr\/#\/schema\/logo\/image\/"}}]}},"_links":{"self":[{"href":"https:\/\/www.cesenaticohotel.com\/fr\/wp-json\/wp\/v2\/pages\/3823","targetHints":{"allow":["GET"]}}],"collection":[{"href":"https:\/\/www.cesenaticohotel.com\/fr\/wp-json\/wp\/v2\/pages"}],"about":[{"href":"https:\/\/www.cesenaticohotel.com\/fr\/wp-json\/wp\/v2\/types\/page"}],"author":[{"embeddable":true,"href":"https:\/\/www.cesenaticohotel.com\/fr\/wp-json\/wp\/v2\/users\/1"}],"replies":[{"embeddable":true,"href":"https:\/\/www.cesenaticohotel.com\/fr\/wp-json\/wp\/v2\/comments?post=3823"}],"version-history":[{"count":2,"href":"https:\/\/www.cesenaticohotel.com\/fr\/wp-json\/wp\/v2\/pages\/3823\/revisions"}],"predecessor-version":[{"id":5805,"href":"https:\/\/www.cesenaticohotel.com\/fr\/wp-json\/wp\/v2\/pages\/3823\/revisions\/5805"}],"up":[{"embeddable":true,"href":"https:\/\/www.cesenaticohotel.com\/fr\/wp-json\/wp\/v2\/pages\/513"}],"wp:attachment":[{"href":"https:\/\/www.cesenaticohotel.com\/fr\/wp-json\/wp\/v2\/media?parent=3823"}],"curies":[{"name":"wp","href":"https:\/\/api.w.org\/{rel}","templated":true}]}}