{"id":387,"date":"2023-04-19T14:58:56","date_gmt":"2023-04-19T12:58:56","guid":{"rendered":"https:\/\/www.cesenaticohotel.com\/hotel\/hotel-michelangelo"},"modified":"2025-10-21T08:55:00","modified_gmt":"2025-10-21T06:55:00","slug":"hotel-michelangelo","status":"publish","type":"page","link":"https:\/\/www.cesenaticohotel.com\/fr\/hotels\/hotel-michelangelo","title":{"rendered":"H\u00f4tel Michelangelo"},"content":{"rendered":"\n<p>L&#039;<b>H\u00f4tel Michelangelo <\/b>de Cesenatico vous souhaite la bienvenue pour des vacances ressour\u00e7antes, dans un cadre \u00e9l\u00e9gant et soign\u00e9 dans les moindres d\u00e9tails. L&#039;h\u00f4tel dispose d&#039;une grande <b>terrasse-jardin<\/b> donnant sur une belle <b>piscine<\/b> avec coin hydromassage et une <b>piscine pour enfants de 40 cm,<\/b> o\u00f9 vous pourrez passer des heures tr\u00e8s agr\u00e9ables dans un total relax. En quelques pas, vous pouvez <b>rejoindre la plage conventionn\u00e9e<\/b>, avec un parasol et 2 chaises longues inclus dans la formule <b>Quality All Inclusive<\/b>.<\/p>\n\n\n\n<!--more-->\n\n\n\n<p>Le Michelangelo propose <b>des services exclusifs pour les familles: animations<\/b> quotidiennes et soir\u00e9es pour les enfants, avec ateliers cr\u00e9atifs, tournois sportifs, jeux dans la piscine, baby dance; une <b>salle de jeux<\/b> color\u00e9e \u00e0 l&#039;h\u00f4tel et un <b>espace \u00e9quip\u00e9 \u00e0 l&#039;ext\u00e9rieur<\/b>; <b>go\u00fbter l&#039;apr\u00e8s-midi<\/b> au bord de la piscine; un menu sp\u00e9cialement pens\u00e9 pour les plus petits, avec entr\u00e9e anticip\u00e9e dans la salle \u00e0 manger; des <b>v\u00e9los<\/b> \u00e9quip\u00e9s de si\u00e8ges pour enfants.<\/p>\n\n\n\n<p>L&#039;H\u00f4tel Michelangelo est \u00e9galement la solution parfaite pour ceux qui aiment des <b>vacances actives<\/b>, avec des services d\u00e9di\u00e9s aux <b>cyclistes<\/b> &#8211; local pour les v\u00e9los, menu pour les athl\u00e8tes, blanchisserie pour les v\u00eatements techniques, location de v\u00e9los de route et VTT, assistance physique sur demande &#8211; et une <b>salle de sport avec des machines Technogym<\/b> sur la terrasse panoramique.<\/p>\n\n\n\n<p>\u00c0 table, vous retrouverez le meilleur des <b>saveurs de la Romagne<\/b>, avec un service buffet et \u00e0 la carte, des produits locaux et des plats o\u00f9 le poisson frais, la viande de qualit\u00e9 et les l\u00e9gumes de saison ne manquent jamais. <b>Le petit-d\u00e9jeuner<\/b> est riche, vari\u00e9 et authentique, avec des p\u00e2tisseries faites maison, du pain frais, des charcuteries et des fromages, des c\u00e9r\u00e9ales, des \u0153ufs pr\u00e9par\u00e9s sur place, des boissons chaudes, des jus de fruits et des jus d&#039;orange press\u00e9s.<\/p>\n","protected":false},"excerpt":{"rendered":"<p>L&#039;H\u00f4tel Michelangelo de Cesenatico vous souhaite la bienvenue pour des vacances ressour\u00e7antes, dans un cadre \u00e9l\u00e9gant et soign\u00e9 dans les moindres d\u00e9tails. L&#039;h\u00f4tel dispose d&#039;une grande terrasse-jardin donnant sur une belle piscine avec coin hydromassage et une piscine pour enfants de 40 cm, o\u00f9 vous pourrez passer des heures tr\u00e8s agr\u00e9ables dans un total relax. &hellip;<\/p>\n","protected":false},"author":1,"featured_media":0,"parent":513,"menu_order":0,"comment_status":"closed","ping_status":"closed","template":"page-templates\/scheda_hotel.php","meta":{"_acf_changed":false,"inline_featured_image":false,"footnotes":""},"class_list":["post-387","page","type-page","status-publish","hentry"],"acf":[],"yoast_head":"<!-- This site is optimized with the Yoast SEO plugin v27.0 - https:\/\/yoast.com\/product\/yoast-seo-wordpress\/ -->\n<title>H\u00f4tel Michelangelo**** \u00e0 Cesenatico: h\u00f4tel pour couples et familles<\/title>\n<meta name=\"description\" content=\"L&#039;H\u00f4tel Michelangelo offre une vue sur la mer. Piscine pour adultes et pataugeoire pour enfants. Animation sp\u00e9cialis\u00e9e et plage affili\u00e9e. Salle de sport\" \/>\n<meta name=\"robots\" content=\"index, follow, max-snippet:-1, max-image-preview:large, max-video-preview:-1\" \/>\n<link rel=\"canonical\" href=\"https:\/\/www.cesenaticohotel.com\/fr\/hotels\/hotel-michelangelo\" \/>\n<meta property=\"og:locale\" content=\"fr_FR\" \/>\n<meta property=\"og:type\" content=\"article\" \/>\n<meta property=\"og:title\" content=\"H\u00f4tel Michelangelo**** \u00e0 Cesenatico: h\u00f4tel pour couples et familles\" \/>\n<meta property=\"og:description\" content=\"L&#039;H\u00f4tel Michelangelo offre une vue sur la mer. Piscine pour adultes et pataugeoire pour enfants. Animation sp\u00e9cialis\u00e9e et plage affili\u00e9e. Salle de sport\" \/>\n<meta property=\"og:url\" content=\"https:\/\/www.cesenaticohotel.com\/fr\/hotels\/hotel-michelangelo\" \/>\n<meta property=\"og:site_name\" content=\"Cesenatico Hotel\" \/>\n<meta property=\"article:modified_time\" content=\"2025-10-21T06:55:00+00:00\" \/>\n<meta property=\"og:image\" content=\"https:\/\/www.cesenaticohotel.com\/wp-content\/uploads\/2023\/05\/immagine-sito.jpg\" \/>\n\t<meta property=\"og:image:width\" content=\"1200\" \/>\n\t<meta property=\"og:image:height\" content=\"675\" \/>\n\t<meta property=\"og:image:type\" content=\"image\/jpeg\" \/>\n<meta name=\"twitter:card\" content=\"summary_large_image\" \/>\n<meta name=\"twitter:label1\" content=\"Dur\u00e9e de lecture estim\u00e9e\" \/>\n\t<meta name=\"twitter:data1\" content=\"2 minutes\" \/>\n<script type=\"application\/ld+json\" class=\"yoast-schema-graph\">{\"@context\":\"https:\/\/schema.org\",\"@graph\":[{\"@type\":\"WebPage\",\"@id\":\"https:\/\/www.cesenaticohotel.com\/fr\/hotels\/hotel-michelangelo\",\"url\":\"https:\/\/www.cesenaticohotel.com\/fr\/hotels\/hotel-michelangelo\",\"name\":\"H\u00f4tel Michelangelo**** \u00e0 Cesenatico: h\u00f4tel pour couples et familles\",\"isPartOf\":{\"@id\":\"https:\/\/www.cesenaticohotel.com\/fr\/#website\"},\"datePublished\":\"2023-04-19T12:58:56+00:00\",\"dateModified\":\"2025-10-21T06:55:00+00:00\",\"description\":\"L'H\u00f4tel Michelangelo offre une vue sur la mer. Piscine pour adultes et pataugeoire pour enfants. Animation sp\u00e9cialis\u00e9e et plage affili\u00e9e. Salle de sport\",\"breadcrumb\":{\"@id\":\"https:\/\/www.cesenaticohotel.com\/fr\/hotels\/hotel-michelangelo#breadcrumb\"},\"inLanguage\":\"fr-FR\",\"potentialAction\":[{\"@type\":\"ReadAction\",\"target\":[\"https:\/\/www.cesenaticohotel.com\/fr\/hotels\/hotel-michelangelo\"]}]},{\"@type\":\"BreadcrumbList\",\"@id\":\"https:\/\/www.cesenaticohotel.com\/fr\/hotels\/hotel-michelangelo#breadcrumb\",\"itemListElement\":[{\"@type\":\"ListItem\",\"position\":1,\"name\":\"Home\",\"item\":\"https:\/\/www.cesenaticohotel.com\/fr\"},{\"@type\":\"ListItem\",\"position\":2,\"name\":\"H\u00f4tel\",\"item\":\"https:\/\/www.cesenaticohotel.com\/fr\/hotels\"},{\"@type\":\"ListItem\",\"position\":3,\"name\":\"H\u00f4tel Michelangelo\"}]},{\"@type\":\"WebSite\",\"@id\":\"https:\/\/www.cesenaticohotel.com\/fr\/#website\",\"url\":\"https:\/\/www.cesenaticohotel.com\/fr\/\",\"name\":\"Cesenatico Hotel\",\"description\":\"\",\"publisher\":{\"@id\":\"https:\/\/www.cesenaticohotel.com\/fr\/#organization\"},\"potentialAction\":[{\"@type\":\"SearchAction\",\"target\":{\"@type\":\"EntryPoint\",\"urlTemplate\":\"https:\/\/www.cesenaticohotel.com\/fr\/?s={search_term_string}\"},\"query-input\":{\"@type\":\"PropertyValueSpecification\",\"valueRequired\":true,\"valueName\":\"search_term_string\"}}],\"inLanguage\":\"fr-FR\"},{\"@type\":\"Organization\",\"@id\":\"https:\/\/www.cesenaticohotel.com\/fr\/#organization\",\"name\":\"Cesenatico Hotel\",\"url\":\"https:\/\/www.cesenaticohotel.com\/fr\/\",\"logo\":{\"@type\":\"ImageObject\",\"inLanguage\":\"fr-FR\",\"@id\":\"https:\/\/www.cesenaticohotel.com\/fr\/#\/schema\/logo\/image\/\",\"url\":\"https:\/\/www.cesenaticohotel.com\/wp-content\/uploads\/2023\/05\/logo-organizzazione.jpg\",\"contentUrl\":\"https:\/\/www.cesenaticohotel.com\/wp-content\/uploads\/2023\/05\/logo-organizzazione.jpg\",\"width\":696,\"height\":696,\"caption\":\"Cesenatico Hotel\"},\"image\":{\"@id\":\"https:\/\/www.cesenaticohotel.com\/fr\/#\/schema\/logo\/image\/\"}}]}<\/script>\n<!-- \/ Yoast SEO plugin. -->","yoast_head_json":{"title":"H\u00f4tel Michelangelo**** \u00e0 Cesenatico: h\u00f4tel pour couples et familles","description":"L'H\u00f4tel Michelangelo offre une vue sur la mer. Piscine pour adultes et pataugeoire pour enfants. Animation sp\u00e9cialis\u00e9e et plage affili\u00e9e. Salle de sport","robots":{"index":"index","follow":"follow","max-snippet":"max-snippet:-1","max-image-preview":"max-image-preview:large","max-video-preview":"max-video-preview:-1"},"canonical":"https:\/\/www.cesenaticohotel.com\/fr\/hotels\/hotel-michelangelo","og_locale":"fr_FR","og_type":"article","og_title":"H\u00f4tel Michelangelo**** \u00e0 Cesenatico: h\u00f4tel pour couples et familles","og_description":"L'H\u00f4tel Michelangelo offre une vue sur la mer. Piscine pour adultes et pataugeoire pour enfants. Animation sp\u00e9cialis\u00e9e et plage affili\u00e9e. Salle de sport","og_url":"https:\/\/www.cesenaticohotel.com\/fr\/hotels\/hotel-michelangelo","og_site_name":"Cesenatico Hotel","article_modified_time":"2025-10-21T06:55:00+00:00","og_image":[{"width":1200,"height":675,"url":"https:\/\/www.cesenaticohotel.com\/wp-content\/uploads\/2023\/05\/immagine-sito.jpg","type":"image\/jpeg"}],"twitter_card":"summary_large_image","twitter_misc":{"Dur\u00e9e de lecture estim\u00e9e":"2 minutes"},"schema":{"@context":"https:\/\/schema.org","@graph":[{"@type":"WebPage","@id":"https:\/\/www.cesenaticohotel.com\/fr\/hotels\/hotel-michelangelo","url":"https:\/\/www.cesenaticohotel.com\/fr\/hotels\/hotel-michelangelo","name":"H\u00f4tel Michelangelo**** \u00e0 Cesenatico: h\u00f4tel pour couples et familles","isPartOf":{"@id":"https:\/\/www.cesenaticohotel.com\/fr\/#website"},"datePublished":"2023-04-19T12:58:56+00:00","dateModified":"2025-10-21T06:55:00+00:00","description":"L'H\u00f4tel Michelangelo offre une vue sur la mer. Piscine pour adultes et pataugeoire pour enfants. Animation sp\u00e9cialis\u00e9e et plage affili\u00e9e. Salle de sport","breadcrumb":{"@id":"https:\/\/www.cesenaticohotel.com\/fr\/hotels\/hotel-michelangelo#breadcrumb"},"inLanguage":"fr-FR","potentialAction":[{"@type":"ReadAction","target":["https:\/\/www.cesenaticohotel.com\/fr\/hotels\/hotel-michelangelo"]}]},{"@type":"BreadcrumbList","@id":"https:\/\/www.cesenaticohotel.com\/fr\/hotels\/hotel-michelangelo#breadcrumb","itemListElement":[{"@type":"ListItem","position":1,"name":"Home","item":"https:\/\/www.cesenaticohotel.com\/fr"},{"@type":"ListItem","position":2,"name":"H\u00f4tel","item":"https:\/\/www.cesenaticohotel.com\/fr\/hotels"},{"@type":"ListItem","position":3,"name":"H\u00f4tel Michelangelo"}]},{"@type":"WebSite","@id":"https:\/\/www.cesenaticohotel.com\/fr\/#website","url":"https:\/\/www.cesenaticohotel.com\/fr\/","name":"Cesenatico Hotel","description":"","publisher":{"@id":"https:\/\/www.cesenaticohotel.com\/fr\/#organization"},"potentialAction":[{"@type":"SearchAction","target":{"@type":"EntryPoint","urlTemplate":"https:\/\/www.cesenaticohotel.com\/fr\/?s={search_term_string}"},"query-input":{"@type":"PropertyValueSpecification","valueRequired":true,"valueName":"search_term_string"}}],"inLanguage":"fr-FR"},{"@type":"Organization","@id":"https:\/\/www.cesenaticohotel.com\/fr\/#organization","name":"Cesenatico Hotel","url":"https:\/\/www.cesenaticohotel.com\/fr\/","logo":{"@type":"ImageObject","inLanguage":"fr-FR","@id":"https:\/\/www.cesenaticohotel.com\/fr\/#\/schema\/logo\/image\/","url":"https:\/\/www.cesenaticohotel.com\/wp-content\/uploads\/2023\/05\/logo-organizzazione.jpg","contentUrl":"https:\/\/www.cesenaticohotel.com\/wp-content\/uploads\/2023\/05\/logo-organizzazione.jpg","width":696,"height":696,"caption":"Cesenatico Hotel"},"image":{"@id":"https:\/\/www.cesenaticohotel.com\/fr\/#\/schema\/logo\/image\/"}}]}},"_links":{"self":[{"href":"https:\/\/www.cesenaticohotel.com\/fr\/wp-json\/wp\/v2\/pages\/387","targetHints":{"allow":["GET"]}}],"collection":[{"href":"https:\/\/www.cesenaticohotel.com\/fr\/wp-json\/wp\/v2\/pages"}],"about":[{"href":"https:\/\/www.cesenaticohotel.com\/fr\/wp-json\/wp\/v2\/types\/page"}],"author":[{"embeddable":true,"href":"https:\/\/www.cesenaticohotel.com\/fr\/wp-json\/wp\/v2\/users\/1"}],"replies":[{"embeddable":true,"href":"https:\/\/www.cesenaticohotel.com\/fr\/wp-json\/wp\/v2\/comments?post=387"}],"version-history":[{"count":4,"href":"https:\/\/www.cesenaticohotel.com\/fr\/wp-json\/wp\/v2\/pages\/387\/revisions"}],"predecessor-version":[{"id":10540,"href":"https:\/\/www.cesenaticohotel.com\/fr\/wp-json\/wp\/v2\/pages\/387\/revisions\/10540"}],"up":[{"embeddable":true,"href":"https:\/\/www.cesenaticohotel.com\/fr\/wp-json\/wp\/v2\/pages\/513"}],"wp:attachment":[{"href":"https:\/\/www.cesenaticohotel.com\/fr\/wp-json\/wp\/v2\/media?parent=387"}],"curies":[{"name":"wp","href":"https:\/\/api.w.org\/{rel}","templated":true}]}}