{"id":395,"date":"2023-04-19T15:12:27","date_gmt":"2023-04-19T13:12:27","guid":{"rendered":"https:\/\/www.cesenaticohotel.com\/hotel\/hotel-joles"},"modified":"2023-08-22T09:06:34","modified_gmt":"2023-08-22T07:06:34","slug":"hotel-joles","status":"publish","type":"page","link":"https:\/\/www.cesenaticohotel.com\/fr\/hotels\/hotel-joles","title":{"rendered":"H\u00f4tel Jole"},"content":{"rendered":"\n<p>L&#039;<b>H\u00f4tel Jole <\/b>est situ\u00e9 \u00e0 <b>Cesenatico<\/b> dans un emplacement tr\u00e8s pratique <b>pr\u00e8s de la plage<\/b>, juste au d\u00e9but de Viale Carducci, la rue commer\u00e7ante. Vous pouvez laisser votre voiture dans le <b>parking cl\u00f4tur\u00e9 int\u00e9rieur<\/b>, puis vous d\u00e9placer \u00e0 pied ou \u00e0 v\u00e9lo avec les <b>v\u00e9los de ville <\/b>mis gratuitement \u00e0 disposition.<\/p>\n\n\n\n<!--more-->\n\n\n\n<p>Pour vos enfants, vous trouverez une <b>aire de jeux int\u00e9rieure<\/b> adjacente \u00e0 la salle \u00e0 manger, de sorte que vous pouvez profiter de vos repas pendant qu&#039;ils jouent en toute s\u00e9curit\u00e9, des <b>menus<\/b> sp\u00e9cifiques et la possibilit\u00e9 d&#039;horaires anticip\u00e9s pour le d\u00e9jeuner et le d\u00eener, un <b>p\u00e9diatre sur demande<\/b>. De plus, l&#039;h\u00f4tel propose des <b>services pour <\/b>b\u00e9b\u00e9s en chambre et en salle \u00e0 manger, tels que des barri\u00e8res de lit, des lits de camping, des chaises hautes, un four \u00e0 micro-ondes et un chauffe-biberon, des poussettes.<\/p>\n\n\n\n<p>\u00c0 l&#039;H\u00f4tel Jole, la <b>cuisine<\/b> est caract\u00e9ris\u00e9e par <b>l&#039;authenticit\u00e9 des produits<\/b> et les saveurs <b>simples,<\/b> toujours tr\u00e8s frais: le petit-d\u00e9jeuner est international, tandis que les plats sont de la cuisine des Pouilles.<\/p>\n\n\n\n\n\n<p>Les <b>animaux domestiques<\/b> de petite, moyenne et grande taille sont les <b>bienvenus<\/b> \u00e0 l&#039;h\u00f4tel.<\/p>\n\n\n","protected":false},"excerpt":{"rendered":"<p>L&#039;H\u00f4tel Jole est situ\u00e9 \u00e0 Cesenatico dans un emplacement tr\u00e8s pratique pr\u00e8s de la plage, juste au d\u00e9but de Viale Carducci, la rue commer\u00e7ante. Vous pouvez laisser votre voiture dans le parking cl\u00f4tur\u00e9 int\u00e9rieur, puis vous d\u00e9placer \u00e0 pied ou \u00e0 v\u00e9lo avec les v\u00e9los de ville mis gratuitement \u00e0 disposition.<\/p>\n","protected":false},"author":1,"featured_media":0,"parent":513,"menu_order":0,"comment_status":"closed","ping_status":"closed","template":"page-templates\/scheda_hotel.php","meta":{"_acf_changed":false,"inline_featured_image":false,"footnotes":""},"class_list":["post-395","page","type-page","status-publish","hentry"],"acf":[],"yoast_head":"<!-- This site is optimized with the Yoast SEO plugin v27.0 - https:\/\/yoast.com\/product\/yoast-seo-wordpress\/ -->\n<title>H\u00f4tel Jole***s \u00e0 Cesenatico: pet hotel pour sportifs et couples<\/title>\n<meta name=\"description\" content=\"L&#039;H\u00f4tel Jole est id\u00e9alement situ\u00e9. Parking int\u00e9rieur et plage affili\u00e9e. Animaux domestiques bienvenus et services sp\u00e9ciaux pour les sportifs\" \/>\n<meta name=\"robots\" content=\"index, follow, max-snippet:-1, max-image-preview:large, max-video-preview:-1\" \/>\n<link rel=\"canonical\" href=\"https:\/\/www.cesenaticohotel.com\/fr\/hotels\/hotel-joles\" \/>\n<meta property=\"og:locale\" content=\"fr_FR\" \/>\n<meta property=\"og:type\" content=\"article\" \/>\n<meta property=\"og:title\" content=\"H\u00f4tel Jole***s \u00e0 Cesenatico: pet hotel pour sportifs et couples\" \/>\n<meta property=\"og:description\" content=\"L&#039;H\u00f4tel Jole est id\u00e9alement situ\u00e9. Parking int\u00e9rieur et plage affili\u00e9e. Animaux domestiques bienvenus et services sp\u00e9ciaux pour les sportifs\" \/>\n<meta property=\"og:url\" content=\"https:\/\/www.cesenaticohotel.com\/fr\/hotels\/hotel-joles\" \/>\n<meta property=\"og:site_name\" content=\"Cesenatico Hotel\" \/>\n<meta property=\"article:modified_time\" content=\"2023-08-22T07:06:34+00:00\" \/>\n<meta property=\"og:image\" content=\"https:\/\/www.cesenaticohotel.com\/wp-content\/uploads\/2023\/05\/immagine-sito.jpg\" \/>\n\t<meta property=\"og:image:width\" content=\"1200\" \/>\n\t<meta property=\"og:image:height\" content=\"675\" \/>\n\t<meta property=\"og:image:type\" content=\"image\/jpeg\" \/>\n<meta name=\"twitter:card\" content=\"summary_large_image\" \/>\n<script type=\"application\/ld+json\" class=\"yoast-schema-graph\">{\"@context\":\"https:\/\/schema.org\",\"@graph\":[{\"@type\":\"WebPage\",\"@id\":\"https:\/\/www.cesenaticohotel.com\/fr\/hotels\/hotel-joles\",\"url\":\"https:\/\/www.cesenaticohotel.com\/fr\/hotels\/hotel-joles\",\"name\":\"H\u00f4tel Jole***s \u00e0 Cesenatico: pet hotel pour sportifs et couples\",\"isPartOf\":{\"@id\":\"https:\/\/www.cesenaticohotel.com\/fr\/#website\"},\"datePublished\":\"2023-04-19T13:12:27+00:00\",\"dateModified\":\"2023-08-22T07:06:34+00:00\",\"description\":\"L'H\u00f4tel Jole est id\u00e9alement situ\u00e9. Parking int\u00e9rieur et plage affili\u00e9e. Animaux domestiques bienvenus et services sp\u00e9ciaux pour les sportifs\",\"breadcrumb\":{\"@id\":\"https:\/\/www.cesenaticohotel.com\/fr\/hotels\/hotel-joles#breadcrumb\"},\"inLanguage\":\"fr-FR\",\"potentialAction\":[{\"@type\":\"ReadAction\",\"target\":[\"https:\/\/www.cesenaticohotel.com\/fr\/hotels\/hotel-joles\"]}]},{\"@type\":\"BreadcrumbList\",\"@id\":\"https:\/\/www.cesenaticohotel.com\/fr\/hotels\/hotel-joles#breadcrumb\",\"itemListElement\":[{\"@type\":\"ListItem\",\"position\":1,\"name\":\"Home\",\"item\":\"https:\/\/www.cesenaticohotel.com\/fr\"},{\"@type\":\"ListItem\",\"position\":2,\"name\":\"H\u00f4tel\",\"item\":\"https:\/\/www.cesenaticohotel.com\/fr\/hotels\"},{\"@type\":\"ListItem\",\"position\":3,\"name\":\"H\u00f4tel Jole\"}]},{\"@type\":\"WebSite\",\"@id\":\"https:\/\/www.cesenaticohotel.com\/fr\/#website\",\"url\":\"https:\/\/www.cesenaticohotel.com\/fr\/\",\"name\":\"Cesenatico Hotel\",\"description\":\"\",\"publisher\":{\"@id\":\"https:\/\/www.cesenaticohotel.com\/fr\/#organization\"},\"potentialAction\":[{\"@type\":\"SearchAction\",\"target\":{\"@type\":\"EntryPoint\",\"urlTemplate\":\"https:\/\/www.cesenaticohotel.com\/fr\/?s={search_term_string}\"},\"query-input\":{\"@type\":\"PropertyValueSpecification\",\"valueRequired\":true,\"valueName\":\"search_term_string\"}}],\"inLanguage\":\"fr-FR\"},{\"@type\":\"Organization\",\"@id\":\"https:\/\/www.cesenaticohotel.com\/fr\/#organization\",\"name\":\"Cesenatico Hotel\",\"url\":\"https:\/\/www.cesenaticohotel.com\/fr\/\",\"logo\":{\"@type\":\"ImageObject\",\"inLanguage\":\"fr-FR\",\"@id\":\"https:\/\/www.cesenaticohotel.com\/fr\/#\/schema\/logo\/image\/\",\"url\":\"https:\/\/www.cesenaticohotel.com\/wp-content\/uploads\/2023\/05\/logo-organizzazione.jpg\",\"contentUrl\":\"https:\/\/www.cesenaticohotel.com\/wp-content\/uploads\/2023\/05\/logo-organizzazione.jpg\",\"width\":696,\"height\":696,\"caption\":\"Cesenatico Hotel\"},\"image\":{\"@id\":\"https:\/\/www.cesenaticohotel.com\/fr\/#\/schema\/logo\/image\/\"}}]}<\/script>\n<!-- \/ Yoast SEO plugin. -->","yoast_head_json":{"title":"H\u00f4tel Jole***s \u00e0 Cesenatico: pet hotel pour sportifs et couples","description":"L'H\u00f4tel Jole est id\u00e9alement situ\u00e9. Parking int\u00e9rieur et plage affili\u00e9e. Animaux domestiques bienvenus et services sp\u00e9ciaux pour les sportifs","robots":{"index":"index","follow":"follow","max-snippet":"max-snippet:-1","max-image-preview":"max-image-preview:large","max-video-preview":"max-video-preview:-1"},"canonical":"https:\/\/www.cesenaticohotel.com\/fr\/hotels\/hotel-joles","og_locale":"fr_FR","og_type":"article","og_title":"H\u00f4tel Jole***s \u00e0 Cesenatico: pet hotel pour sportifs et couples","og_description":"L'H\u00f4tel Jole est id\u00e9alement situ\u00e9. Parking int\u00e9rieur et plage affili\u00e9e. Animaux domestiques bienvenus et services sp\u00e9ciaux pour les sportifs","og_url":"https:\/\/www.cesenaticohotel.com\/fr\/hotels\/hotel-joles","og_site_name":"Cesenatico Hotel","article_modified_time":"2023-08-22T07:06:34+00:00","og_image":[{"width":1200,"height":675,"url":"https:\/\/www.cesenaticohotel.com\/wp-content\/uploads\/2023\/05\/immagine-sito.jpg","type":"image\/jpeg"}],"twitter_card":"summary_large_image","schema":{"@context":"https:\/\/schema.org","@graph":[{"@type":"WebPage","@id":"https:\/\/www.cesenaticohotel.com\/fr\/hotels\/hotel-joles","url":"https:\/\/www.cesenaticohotel.com\/fr\/hotels\/hotel-joles","name":"H\u00f4tel Jole***s \u00e0 Cesenatico: pet hotel pour sportifs et couples","isPartOf":{"@id":"https:\/\/www.cesenaticohotel.com\/fr\/#website"},"datePublished":"2023-04-19T13:12:27+00:00","dateModified":"2023-08-22T07:06:34+00:00","description":"L'H\u00f4tel Jole est id\u00e9alement situ\u00e9. Parking int\u00e9rieur et plage affili\u00e9e. Animaux domestiques bienvenus et services sp\u00e9ciaux pour les sportifs","breadcrumb":{"@id":"https:\/\/www.cesenaticohotel.com\/fr\/hotels\/hotel-joles#breadcrumb"},"inLanguage":"fr-FR","potentialAction":[{"@type":"ReadAction","target":["https:\/\/www.cesenaticohotel.com\/fr\/hotels\/hotel-joles"]}]},{"@type":"BreadcrumbList","@id":"https:\/\/www.cesenaticohotel.com\/fr\/hotels\/hotel-joles#breadcrumb","itemListElement":[{"@type":"ListItem","position":1,"name":"Home","item":"https:\/\/www.cesenaticohotel.com\/fr"},{"@type":"ListItem","position":2,"name":"H\u00f4tel","item":"https:\/\/www.cesenaticohotel.com\/fr\/hotels"},{"@type":"ListItem","position":3,"name":"H\u00f4tel Jole"}]},{"@type":"WebSite","@id":"https:\/\/www.cesenaticohotel.com\/fr\/#website","url":"https:\/\/www.cesenaticohotel.com\/fr\/","name":"Cesenatico Hotel","description":"","publisher":{"@id":"https:\/\/www.cesenaticohotel.com\/fr\/#organization"},"potentialAction":[{"@type":"SearchAction","target":{"@type":"EntryPoint","urlTemplate":"https:\/\/www.cesenaticohotel.com\/fr\/?s={search_term_string}"},"query-input":{"@type":"PropertyValueSpecification","valueRequired":true,"valueName":"search_term_string"}}],"inLanguage":"fr-FR"},{"@type":"Organization","@id":"https:\/\/www.cesenaticohotel.com\/fr\/#organization","name":"Cesenatico Hotel","url":"https:\/\/www.cesenaticohotel.com\/fr\/","logo":{"@type":"ImageObject","inLanguage":"fr-FR","@id":"https:\/\/www.cesenaticohotel.com\/fr\/#\/schema\/logo\/image\/","url":"https:\/\/www.cesenaticohotel.com\/wp-content\/uploads\/2023\/05\/logo-organizzazione.jpg","contentUrl":"https:\/\/www.cesenaticohotel.com\/wp-content\/uploads\/2023\/05\/logo-organizzazione.jpg","width":696,"height":696,"caption":"Cesenatico Hotel"},"image":{"@id":"https:\/\/www.cesenaticohotel.com\/fr\/#\/schema\/logo\/image\/"}}]}},"_links":{"self":[{"href":"https:\/\/www.cesenaticohotel.com\/fr\/wp-json\/wp\/v2\/pages\/395","targetHints":{"allow":["GET"]}}],"collection":[{"href":"https:\/\/www.cesenaticohotel.com\/fr\/wp-json\/wp\/v2\/pages"}],"about":[{"href":"https:\/\/www.cesenaticohotel.com\/fr\/wp-json\/wp\/v2\/types\/page"}],"author":[{"embeddable":true,"href":"https:\/\/www.cesenaticohotel.com\/fr\/wp-json\/wp\/v2\/users\/1"}],"replies":[{"embeddable":true,"href":"https:\/\/www.cesenaticohotel.com\/fr\/wp-json\/wp\/v2\/comments?post=395"}],"version-history":[{"count":4,"href":"https:\/\/www.cesenaticohotel.com\/fr\/wp-json\/wp\/v2\/pages\/395\/revisions"}],"predecessor-version":[{"id":5664,"href":"https:\/\/www.cesenaticohotel.com\/fr\/wp-json\/wp\/v2\/pages\/395\/revisions\/5664"}],"up":[{"embeddable":true,"href":"https:\/\/www.cesenaticohotel.com\/fr\/wp-json\/wp\/v2\/pages\/513"}],"wp:attachment":[{"href":"https:\/\/www.cesenaticohotel.com\/fr\/wp-json\/wp\/v2\/media?parent=395"}],"curies":[{"name":"wp","href":"https:\/\/api.w.org\/{rel}","templated":true}]}}