{"id":410,"date":"2023-04-19T16:10:29","date_gmt":"2023-04-19T14:10:29","guid":{"rendered":"https:\/\/www.cesenaticohotel.com\/hotel\/hotel-gioiello"},"modified":"2023-08-22T09:06:36","modified_gmt":"2023-08-22T07:06:36","slug":"hotel-gioiello","status":"publish","type":"page","link":"https:\/\/www.cesenaticohotel.com\/fr\/hotels\/hotel-gioiello","title":{"rendered":"H\u00f4tel Gioiello"},"content":{"rendered":"\n<p>L&#039;<b>H\u00f4tel Gioiello <\/b>est situ\u00e9 \u00e0 seulement <b>170 m\u00e8tres de la plage<\/b> de Ponente, pr\u00e8s de la Darsena. Il suffit de quelques minutes \u00e0 pied pour rejoindre le ferry sur le Porto Canale Leonardesco et le c\u0153ur de Cesenatico. En plus de la d\u00e9tente sur la <b>plage conventionn\u00e9e<\/b>, vous pouvez vous arr\u00eater \u00e0 l&#039;h\u00f4tel et profiter de la belle <b>piscine ensoleill\u00e9e<\/b> avec <b>bain \u00e0 remous<\/b> \u00e0 6 places, en profitant du soleil ou en lisant un livre \u00e0 l&#039;ombre du jardin.<\/p>\n\n\n\n<!--more-->\n\n\n\n<p>\u00c0 <b>table,<\/b> l&#039;authenticit\u00e9 des produits et des recettes traditionnelles triomphe, combinant le meilleur des plats de viande et de poisson. Le riche <b>petit-d\u00e9jeuner buffet <\/b>est un moment gourmand \u00e0 d\u00e9guster en toute tranquillit\u00e9, o\u00f9 les <b>desserts faits maison<\/b> et les propositions sal\u00e9es ne manquent jamais. Au <b>d\u00e9jeuner <\/b>et au <b>d\u00eener<\/b>, vous pouvez choisir entre des <b>p\u00e2tes fra\u00eeches faites \u00e0 la main<\/b>, du poisson tous les jours et de nombreuses l\u00e9gumes, servis dans la salle lumineuse donnant sur la piscine. Pour les <b>enfants<\/b>, des <b>plats sur mesure<\/b> sont pr\u00e9par\u00e9s et un coin pur\u00e9e est disponible avec tout le n\u00e9cessaire pour le sevrage.<\/p>\n\n\n\n<p>L&#039;H\u00f4tel Gioiello dispose d&#039;un<b> parking <\/b>priv\u00e9 pour les voitures, d&#039;un <b>garage pour les v\u00e9los<\/b>, d&#039;un service de <b>bar <\/b>de 8h \u00e0 minuit, de <b>v\u00e9los<\/b> gratuits, <b>de v\u00e9los \u00e9lectriques<\/b> et de <b>trottinettes<\/b> \u00e0 louer, et d&#039;un <b>coin fitness<\/b>.<\/p>\n","protected":false},"excerpt":{"rendered":"<p>L&#039;H\u00f4tel Gioiello est situ\u00e9 \u00e0 seulement 170 m\u00e8tres de la plage de Ponente, pr\u00e8s de la Darsena. Il suffit de quelques minutes \u00e0 pied pour rejoindre le ferry sur le Porto Canale Leonardesco et le c\u0153ur de Cesenatico. En plus de la d\u00e9tente sur la plage conventionn\u00e9e, vous pouvez vous arr\u00eater \u00e0 l&#039;h\u00f4tel et profiter &hellip;<\/p>\n","protected":false},"author":1,"featured_media":0,"parent":513,"menu_order":0,"comment_status":"closed","ping_status":"closed","template":"page-templates\/scheda_hotel.php","meta":{"_acf_changed":false,"inline_featured_image":false,"footnotes":""},"class_list":["post-410","page","type-page","status-publish","hentry"],"acf":[],"yoast_head":"<!-- This site is optimized with the Yoast SEO plugin v27.0 - https:\/\/yoast.com\/product\/yoast-seo-wordpress\/ -->\n<title>H\u00f4tel Gioiello*** \u00e0 Cesenatico: h\u00f4tel pour couples et familles<\/title>\n<meta name=\"description\" content=\"L&#039;H\u00f4tel Gioiello est \u00e0 seulement 170 m\u00e8tres de la plage et proche du centre. Piscine int\u00e9rieure, solarium et plage affili\u00e9e. Parking\" \/>\n<meta name=\"robots\" content=\"index, follow, max-snippet:-1, max-image-preview:large, max-video-preview:-1\" \/>\n<link rel=\"canonical\" href=\"https:\/\/www.cesenaticohotel.com\/fr\/hotels\/hotel-gioiello\" \/>\n<meta property=\"og:locale\" content=\"fr_FR\" \/>\n<meta property=\"og:type\" content=\"article\" \/>\n<meta property=\"og:title\" content=\"H\u00f4tel Gioiello*** \u00e0 Cesenatico: h\u00f4tel pour couples et familles\" \/>\n<meta property=\"og:description\" content=\"L&#039;H\u00f4tel Gioiello est \u00e0 seulement 170 m\u00e8tres de la plage et proche du centre. Piscine int\u00e9rieure, solarium et plage affili\u00e9e. Parking\" \/>\n<meta property=\"og:url\" content=\"https:\/\/www.cesenaticohotel.com\/fr\/hotels\/hotel-gioiello\" \/>\n<meta property=\"og:site_name\" content=\"Cesenatico Hotel\" \/>\n<meta property=\"article:modified_time\" content=\"2023-08-22T07:06:36+00:00\" \/>\n<meta property=\"og:image\" content=\"https:\/\/www.cesenaticohotel.com\/wp-content\/uploads\/2023\/05\/immagine-sito.jpg\" \/>\n\t<meta property=\"og:image:width\" content=\"1200\" \/>\n\t<meta property=\"og:image:height\" content=\"675\" \/>\n\t<meta property=\"og:image:type\" content=\"image\/jpeg\" \/>\n<meta name=\"twitter:card\" content=\"summary_large_image\" \/>\n<meta name=\"twitter:label1\" content=\"Dur\u00e9e de lecture estim\u00e9e\" \/>\n\t<meta name=\"twitter:data1\" content=\"1 minute\" \/>\n<script type=\"application\/ld+json\" class=\"yoast-schema-graph\">{\"@context\":\"https:\/\/schema.org\",\"@graph\":[{\"@type\":\"WebPage\",\"@id\":\"https:\/\/www.cesenaticohotel.com\/fr\/hotels\/hotel-gioiello\",\"url\":\"https:\/\/www.cesenaticohotel.com\/fr\/hotels\/hotel-gioiello\",\"name\":\"H\u00f4tel Gioiello*** \u00e0 Cesenatico: h\u00f4tel pour couples et familles\",\"isPartOf\":{\"@id\":\"https:\/\/www.cesenaticohotel.com\/fr\/#website\"},\"datePublished\":\"2023-04-19T14:10:29+00:00\",\"dateModified\":\"2023-08-22T07:06:36+00:00\",\"description\":\"L'H\u00f4tel Gioiello est \u00e0 seulement 170 m\u00e8tres de la plage et proche du centre. Piscine int\u00e9rieure, solarium et plage affili\u00e9e. Parking\",\"breadcrumb\":{\"@id\":\"https:\/\/www.cesenaticohotel.com\/fr\/hotels\/hotel-gioiello#breadcrumb\"},\"inLanguage\":\"fr-FR\",\"potentialAction\":[{\"@type\":\"ReadAction\",\"target\":[\"https:\/\/www.cesenaticohotel.com\/fr\/hotels\/hotel-gioiello\"]}]},{\"@type\":\"BreadcrumbList\",\"@id\":\"https:\/\/www.cesenaticohotel.com\/fr\/hotels\/hotel-gioiello#breadcrumb\",\"itemListElement\":[{\"@type\":\"ListItem\",\"position\":1,\"name\":\"Home\",\"item\":\"https:\/\/www.cesenaticohotel.com\/fr\"},{\"@type\":\"ListItem\",\"position\":2,\"name\":\"H\u00f4tel\",\"item\":\"https:\/\/www.cesenaticohotel.com\/fr\/hotels\"},{\"@type\":\"ListItem\",\"position\":3,\"name\":\"H\u00f4tel Gioiello\"}]},{\"@type\":\"WebSite\",\"@id\":\"https:\/\/www.cesenaticohotel.com\/fr\/#website\",\"url\":\"https:\/\/www.cesenaticohotel.com\/fr\/\",\"name\":\"Cesenatico Hotel\",\"description\":\"\",\"publisher\":{\"@id\":\"https:\/\/www.cesenaticohotel.com\/fr\/#organization\"},\"potentialAction\":[{\"@type\":\"SearchAction\",\"target\":{\"@type\":\"EntryPoint\",\"urlTemplate\":\"https:\/\/www.cesenaticohotel.com\/fr\/?s={search_term_string}\"},\"query-input\":{\"@type\":\"PropertyValueSpecification\",\"valueRequired\":true,\"valueName\":\"search_term_string\"}}],\"inLanguage\":\"fr-FR\"},{\"@type\":\"Organization\",\"@id\":\"https:\/\/www.cesenaticohotel.com\/fr\/#organization\",\"name\":\"Cesenatico Hotel\",\"url\":\"https:\/\/www.cesenaticohotel.com\/fr\/\",\"logo\":{\"@type\":\"ImageObject\",\"inLanguage\":\"fr-FR\",\"@id\":\"https:\/\/www.cesenaticohotel.com\/fr\/#\/schema\/logo\/image\/\",\"url\":\"https:\/\/www.cesenaticohotel.com\/wp-content\/uploads\/2023\/05\/logo-organizzazione.jpg\",\"contentUrl\":\"https:\/\/www.cesenaticohotel.com\/wp-content\/uploads\/2023\/05\/logo-organizzazione.jpg\",\"width\":696,\"height\":696,\"caption\":\"Cesenatico Hotel\"},\"image\":{\"@id\":\"https:\/\/www.cesenaticohotel.com\/fr\/#\/schema\/logo\/image\/\"}}]}<\/script>\n<!-- \/ Yoast SEO plugin. -->","yoast_head_json":{"title":"H\u00f4tel Gioiello*** \u00e0 Cesenatico: h\u00f4tel pour couples et familles","description":"L'H\u00f4tel Gioiello est \u00e0 seulement 170 m\u00e8tres de la plage et proche du centre. Piscine int\u00e9rieure, solarium et plage affili\u00e9e. Parking","robots":{"index":"index","follow":"follow","max-snippet":"max-snippet:-1","max-image-preview":"max-image-preview:large","max-video-preview":"max-video-preview:-1"},"canonical":"https:\/\/www.cesenaticohotel.com\/fr\/hotels\/hotel-gioiello","og_locale":"fr_FR","og_type":"article","og_title":"H\u00f4tel Gioiello*** \u00e0 Cesenatico: h\u00f4tel pour couples et familles","og_description":"L'H\u00f4tel Gioiello est \u00e0 seulement 170 m\u00e8tres de la plage et proche du centre. Piscine int\u00e9rieure, solarium et plage affili\u00e9e. Parking","og_url":"https:\/\/www.cesenaticohotel.com\/fr\/hotels\/hotel-gioiello","og_site_name":"Cesenatico Hotel","article_modified_time":"2023-08-22T07:06:36+00:00","og_image":[{"width":1200,"height":675,"url":"https:\/\/www.cesenaticohotel.com\/wp-content\/uploads\/2023\/05\/immagine-sito.jpg","type":"image\/jpeg"}],"twitter_card":"summary_large_image","twitter_misc":{"Dur\u00e9e de lecture estim\u00e9e":"1 minute"},"schema":{"@context":"https:\/\/schema.org","@graph":[{"@type":"WebPage","@id":"https:\/\/www.cesenaticohotel.com\/fr\/hotels\/hotel-gioiello","url":"https:\/\/www.cesenaticohotel.com\/fr\/hotels\/hotel-gioiello","name":"H\u00f4tel Gioiello*** \u00e0 Cesenatico: h\u00f4tel pour couples et familles","isPartOf":{"@id":"https:\/\/www.cesenaticohotel.com\/fr\/#website"},"datePublished":"2023-04-19T14:10:29+00:00","dateModified":"2023-08-22T07:06:36+00:00","description":"L'H\u00f4tel Gioiello est \u00e0 seulement 170 m\u00e8tres de la plage et proche du centre. Piscine int\u00e9rieure, solarium et plage affili\u00e9e. Parking","breadcrumb":{"@id":"https:\/\/www.cesenaticohotel.com\/fr\/hotels\/hotel-gioiello#breadcrumb"},"inLanguage":"fr-FR","potentialAction":[{"@type":"ReadAction","target":["https:\/\/www.cesenaticohotel.com\/fr\/hotels\/hotel-gioiello"]}]},{"@type":"BreadcrumbList","@id":"https:\/\/www.cesenaticohotel.com\/fr\/hotels\/hotel-gioiello#breadcrumb","itemListElement":[{"@type":"ListItem","position":1,"name":"Home","item":"https:\/\/www.cesenaticohotel.com\/fr"},{"@type":"ListItem","position":2,"name":"H\u00f4tel","item":"https:\/\/www.cesenaticohotel.com\/fr\/hotels"},{"@type":"ListItem","position":3,"name":"H\u00f4tel Gioiello"}]},{"@type":"WebSite","@id":"https:\/\/www.cesenaticohotel.com\/fr\/#website","url":"https:\/\/www.cesenaticohotel.com\/fr\/","name":"Cesenatico Hotel","description":"","publisher":{"@id":"https:\/\/www.cesenaticohotel.com\/fr\/#organization"},"potentialAction":[{"@type":"SearchAction","target":{"@type":"EntryPoint","urlTemplate":"https:\/\/www.cesenaticohotel.com\/fr\/?s={search_term_string}"},"query-input":{"@type":"PropertyValueSpecification","valueRequired":true,"valueName":"search_term_string"}}],"inLanguage":"fr-FR"},{"@type":"Organization","@id":"https:\/\/www.cesenaticohotel.com\/fr\/#organization","name":"Cesenatico Hotel","url":"https:\/\/www.cesenaticohotel.com\/fr\/","logo":{"@type":"ImageObject","inLanguage":"fr-FR","@id":"https:\/\/www.cesenaticohotel.com\/fr\/#\/schema\/logo\/image\/","url":"https:\/\/www.cesenaticohotel.com\/wp-content\/uploads\/2023\/05\/logo-organizzazione.jpg","contentUrl":"https:\/\/www.cesenaticohotel.com\/wp-content\/uploads\/2023\/05\/logo-organizzazione.jpg","width":696,"height":696,"caption":"Cesenatico Hotel"},"image":{"@id":"https:\/\/www.cesenaticohotel.com\/fr\/#\/schema\/logo\/image\/"}}]}},"_links":{"self":[{"href":"https:\/\/www.cesenaticohotel.com\/fr\/wp-json\/wp\/v2\/pages\/410","targetHints":{"allow":["GET"]}}],"collection":[{"href":"https:\/\/www.cesenaticohotel.com\/fr\/wp-json\/wp\/v2\/pages"}],"about":[{"href":"https:\/\/www.cesenaticohotel.com\/fr\/wp-json\/wp\/v2\/types\/page"}],"author":[{"embeddable":true,"href":"https:\/\/www.cesenaticohotel.com\/fr\/wp-json\/wp\/v2\/users\/1"}],"replies":[{"embeddable":true,"href":"https:\/\/www.cesenaticohotel.com\/fr\/wp-json\/wp\/v2\/comments?post=410"}],"version-history":[{"count":3,"href":"https:\/\/www.cesenaticohotel.com\/fr\/wp-json\/wp\/v2\/pages\/410\/revisions"}],"predecessor-version":[{"id":5666,"href":"https:\/\/www.cesenaticohotel.com\/fr\/wp-json\/wp\/v2\/pages\/410\/revisions\/5666"}],"up":[{"embeddable":true,"href":"https:\/\/www.cesenaticohotel.com\/fr\/wp-json\/wp\/v2\/pages\/513"}],"wp:attachment":[{"href":"https:\/\/www.cesenaticohotel.com\/fr\/wp-json\/wp\/v2\/media?parent=410"}],"curies":[{"name":"wp","href":"https:\/\/api.w.org\/{rel}","templated":true}]}}