{"id":426,"date":"2023-04-19T16:37:52","date_gmt":"2023-04-19T14:37:52","guid":{"rendered":"https:\/\/www.cesenaticohotel.com\/hotel\/hotel-il-battello"},"modified":"2023-08-22T09:06:39","modified_gmt":"2023-08-22T07:06:39","slug":"il-battello","status":"publish","type":"page","link":"https:\/\/www.cesenaticohotel.com\/fr\/hotels\/il-battello","title":{"rendered":"Il Battello"},"content":{"rendered":"\n<p>L&#039;<b>H\u00f4tel il Battello <\/b>est un <b>charmant Bed &amp; Breakfast au c\u0153ur de Cesenatico<\/b>, dans un endroit pratique et paisible, pour profiter d&#039;un s\u00e9jour de d\u00e9tente en bord de mer tout en d\u00e9couvrant la beaut\u00e9 du vivant village marin.<\/p>\n\n\n\n<p>Les <b>am\u00e9nagements modernes<\/b>, le souci du d\u00e9tail et l&#039;accueil chaleureux rendent l&#039;exp\u00e9rience \u00e0 l&#039;h\u00f4tel sp\u00e9ciale, o\u00f9 <b>chaque chambre est unique<\/b> et repr\u00e9sente un hommage au Mus\u00e9e de la Marineria voisin.<\/p>\n\n\n\n<!--more-->\n\n\n\n<p>L&#039;h\u00f4tel propose un service de <b>self check-in<\/b>, une <b>plage conventionn\u00e9e<\/b> et des <b>v\u00e9los<\/b> gratuits pour les clients. Les <b>animaux<\/b> domestiques sont les <b>bienvenus.<\/b><\/p>\n","protected":false},"excerpt":{"rendered":"<p>L&#039;H\u00f4tel il Battello est un charmant Bed &amp; Breakfast au c\u0153ur de Cesenatico, dans un endroit pratique et paisible, pour profiter d&#039;un s\u00e9jour de d\u00e9tente en bord de mer tout en d\u00e9couvrant la beaut\u00e9 du vivant village marin. Les am\u00e9nagements modernes, le souci du d\u00e9tail et l&#039;accueil chaleureux rendent l&#039;exp\u00e9rience \u00e0 l&#039;h\u00f4tel sp\u00e9ciale, o\u00f9 chaque &hellip;<\/p>\n","protected":false},"author":1,"featured_media":0,"parent":513,"menu_order":0,"comment_status":"closed","ping_status":"closed","template":"page-templates\/scheda_hotel.php","meta":{"_acf_changed":false,"inline_featured_image":false,"footnotes":""},"class_list":["post-426","page","type-page","status-publish","hentry"],"acf":[],"yoast_head":"<!-- This site is optimized with the Yoast SEO plugin v27.0 - https:\/\/yoast.com\/product\/yoast-seo-wordpress\/ -->\n<title>H\u00f4tel Il Battello** \u00e0 Cesenatico: h\u00f4tel pour couples et familles<\/title>\n<meta name=\"description\" content=\"L&#039;H\u00f4tel Il Battello est id\u00e9alement situ\u00e9, pr\u00e8s de la plage affili\u00e9e. Animaux domestiques bienvenus et v\u00e9los inclus\" \/>\n<meta name=\"robots\" content=\"index, follow, max-snippet:-1, max-image-preview:large, max-video-preview:-1\" \/>\n<link rel=\"canonical\" href=\"https:\/\/www.cesenaticohotel.com\/fr\/hotels\/il-battello\" \/>\n<meta property=\"og:locale\" content=\"fr_FR\" \/>\n<meta property=\"og:type\" content=\"article\" \/>\n<meta property=\"og:title\" content=\"H\u00f4tel Il Battello** \u00e0 Cesenatico: h\u00f4tel pour couples et familles\" \/>\n<meta property=\"og:description\" content=\"L&#039;H\u00f4tel Il Battello est id\u00e9alement situ\u00e9, pr\u00e8s de la plage affili\u00e9e. Animaux domestiques bienvenus et v\u00e9los inclus\" \/>\n<meta property=\"og:url\" content=\"https:\/\/www.cesenaticohotel.com\/fr\/hotels\/il-battello\" \/>\n<meta property=\"og:site_name\" content=\"Cesenatico Hotel\" \/>\n<meta property=\"article:modified_time\" content=\"2023-08-22T07:06:39+00:00\" \/>\n<meta property=\"og:image\" content=\"https:\/\/www.cesenaticohotel.com\/wp-content\/uploads\/2023\/05\/immagine-sito.jpg\" \/>\n\t<meta property=\"og:image:width\" content=\"1200\" \/>\n\t<meta property=\"og:image:height\" content=\"675\" \/>\n\t<meta property=\"og:image:type\" content=\"image\/jpeg\" \/>\n<meta name=\"twitter:card\" content=\"summary_large_image\" \/>\n<script type=\"application\/ld+json\" class=\"yoast-schema-graph\">{\"@context\":\"https:\/\/schema.org\",\"@graph\":[{\"@type\":\"WebPage\",\"@id\":\"https:\/\/www.cesenaticohotel.com\/fr\/hotels\/il-battello\",\"url\":\"https:\/\/www.cesenaticohotel.com\/fr\/hotels\/il-battello\",\"name\":\"H\u00f4tel Il Battello** \u00e0 Cesenatico: h\u00f4tel pour couples et familles\",\"isPartOf\":{\"@id\":\"https:\/\/www.cesenaticohotel.com\/fr\/#website\"},\"datePublished\":\"2023-04-19T14:37:52+00:00\",\"dateModified\":\"2023-08-22T07:06:39+00:00\",\"description\":\"L'H\u00f4tel Il Battello est id\u00e9alement situ\u00e9, pr\u00e8s de la plage affili\u00e9e. Animaux domestiques bienvenus et v\u00e9los inclus\",\"breadcrumb\":{\"@id\":\"https:\/\/www.cesenaticohotel.com\/fr\/hotels\/il-battello#breadcrumb\"},\"inLanguage\":\"fr-FR\",\"potentialAction\":[{\"@type\":\"ReadAction\",\"target\":[\"https:\/\/www.cesenaticohotel.com\/fr\/hotels\/il-battello\"]}]},{\"@type\":\"BreadcrumbList\",\"@id\":\"https:\/\/www.cesenaticohotel.com\/fr\/hotels\/il-battello#breadcrumb\",\"itemListElement\":[{\"@type\":\"ListItem\",\"position\":1,\"name\":\"Home\",\"item\":\"https:\/\/www.cesenaticohotel.com\/fr\"},{\"@type\":\"ListItem\",\"position\":2,\"name\":\"H\u00f4tel\",\"item\":\"https:\/\/www.cesenaticohotel.com\/fr\/hotels\"},{\"@type\":\"ListItem\",\"position\":3,\"name\":\"Il Battello\"}]},{\"@type\":\"WebSite\",\"@id\":\"https:\/\/www.cesenaticohotel.com\/fr\/#website\",\"url\":\"https:\/\/www.cesenaticohotel.com\/fr\/\",\"name\":\"Cesenatico Hotel\",\"description\":\"\",\"publisher\":{\"@id\":\"https:\/\/www.cesenaticohotel.com\/fr\/#organization\"},\"potentialAction\":[{\"@type\":\"SearchAction\",\"target\":{\"@type\":\"EntryPoint\",\"urlTemplate\":\"https:\/\/www.cesenaticohotel.com\/fr\/?s={search_term_string}\"},\"query-input\":{\"@type\":\"PropertyValueSpecification\",\"valueRequired\":true,\"valueName\":\"search_term_string\"}}],\"inLanguage\":\"fr-FR\"},{\"@type\":\"Organization\",\"@id\":\"https:\/\/www.cesenaticohotel.com\/fr\/#organization\",\"name\":\"Cesenatico Hotel\",\"url\":\"https:\/\/www.cesenaticohotel.com\/fr\/\",\"logo\":{\"@type\":\"ImageObject\",\"inLanguage\":\"fr-FR\",\"@id\":\"https:\/\/www.cesenaticohotel.com\/fr\/#\/schema\/logo\/image\/\",\"url\":\"https:\/\/www.cesenaticohotel.com\/wp-content\/uploads\/2023\/05\/logo-organizzazione.jpg\",\"contentUrl\":\"https:\/\/www.cesenaticohotel.com\/wp-content\/uploads\/2023\/05\/logo-organizzazione.jpg\",\"width\":696,\"height\":696,\"caption\":\"Cesenatico Hotel\"},\"image\":{\"@id\":\"https:\/\/www.cesenaticohotel.com\/fr\/#\/schema\/logo\/image\/\"}}]}<\/script>\n<!-- \/ Yoast SEO plugin. -->","yoast_head_json":{"title":"H\u00f4tel Il Battello** \u00e0 Cesenatico: h\u00f4tel pour couples et familles","description":"L'H\u00f4tel Il Battello est id\u00e9alement situ\u00e9, pr\u00e8s de la plage affili\u00e9e. Animaux domestiques bienvenus et v\u00e9los inclus","robots":{"index":"index","follow":"follow","max-snippet":"max-snippet:-1","max-image-preview":"max-image-preview:large","max-video-preview":"max-video-preview:-1"},"canonical":"https:\/\/www.cesenaticohotel.com\/fr\/hotels\/il-battello","og_locale":"fr_FR","og_type":"article","og_title":"H\u00f4tel Il Battello** \u00e0 Cesenatico: h\u00f4tel pour couples et familles","og_description":"L'H\u00f4tel Il Battello est id\u00e9alement situ\u00e9, pr\u00e8s de la plage affili\u00e9e. Animaux domestiques bienvenus et v\u00e9los inclus","og_url":"https:\/\/www.cesenaticohotel.com\/fr\/hotels\/il-battello","og_site_name":"Cesenatico Hotel","article_modified_time":"2023-08-22T07:06:39+00:00","og_image":[{"width":1200,"height":675,"url":"https:\/\/www.cesenaticohotel.com\/wp-content\/uploads\/2023\/05\/immagine-sito.jpg","type":"image\/jpeg"}],"twitter_card":"summary_large_image","schema":{"@context":"https:\/\/schema.org","@graph":[{"@type":"WebPage","@id":"https:\/\/www.cesenaticohotel.com\/fr\/hotels\/il-battello","url":"https:\/\/www.cesenaticohotel.com\/fr\/hotels\/il-battello","name":"H\u00f4tel Il Battello** \u00e0 Cesenatico: h\u00f4tel pour couples et familles","isPartOf":{"@id":"https:\/\/www.cesenaticohotel.com\/fr\/#website"},"datePublished":"2023-04-19T14:37:52+00:00","dateModified":"2023-08-22T07:06:39+00:00","description":"L'H\u00f4tel Il Battello est id\u00e9alement situ\u00e9, pr\u00e8s de la plage affili\u00e9e. Animaux domestiques bienvenus et v\u00e9los inclus","breadcrumb":{"@id":"https:\/\/www.cesenaticohotel.com\/fr\/hotels\/il-battello#breadcrumb"},"inLanguage":"fr-FR","potentialAction":[{"@type":"ReadAction","target":["https:\/\/www.cesenaticohotel.com\/fr\/hotels\/il-battello"]}]},{"@type":"BreadcrumbList","@id":"https:\/\/www.cesenaticohotel.com\/fr\/hotels\/il-battello#breadcrumb","itemListElement":[{"@type":"ListItem","position":1,"name":"Home","item":"https:\/\/www.cesenaticohotel.com\/fr"},{"@type":"ListItem","position":2,"name":"H\u00f4tel","item":"https:\/\/www.cesenaticohotel.com\/fr\/hotels"},{"@type":"ListItem","position":3,"name":"Il Battello"}]},{"@type":"WebSite","@id":"https:\/\/www.cesenaticohotel.com\/fr\/#website","url":"https:\/\/www.cesenaticohotel.com\/fr\/","name":"Cesenatico Hotel","description":"","publisher":{"@id":"https:\/\/www.cesenaticohotel.com\/fr\/#organization"},"potentialAction":[{"@type":"SearchAction","target":{"@type":"EntryPoint","urlTemplate":"https:\/\/www.cesenaticohotel.com\/fr\/?s={search_term_string}"},"query-input":{"@type":"PropertyValueSpecification","valueRequired":true,"valueName":"search_term_string"}}],"inLanguage":"fr-FR"},{"@type":"Organization","@id":"https:\/\/www.cesenaticohotel.com\/fr\/#organization","name":"Cesenatico Hotel","url":"https:\/\/www.cesenaticohotel.com\/fr\/","logo":{"@type":"ImageObject","inLanguage":"fr-FR","@id":"https:\/\/www.cesenaticohotel.com\/fr\/#\/schema\/logo\/image\/","url":"https:\/\/www.cesenaticohotel.com\/wp-content\/uploads\/2023\/05\/logo-organizzazione.jpg","contentUrl":"https:\/\/www.cesenaticohotel.com\/wp-content\/uploads\/2023\/05\/logo-organizzazione.jpg","width":696,"height":696,"caption":"Cesenatico Hotel"},"image":{"@id":"https:\/\/www.cesenaticohotel.com\/fr\/#\/schema\/logo\/image\/"}}]}},"_links":{"self":[{"href":"https:\/\/www.cesenaticohotel.com\/fr\/wp-json\/wp\/v2\/pages\/426","targetHints":{"allow":["GET"]}}],"collection":[{"href":"https:\/\/www.cesenaticohotel.com\/fr\/wp-json\/wp\/v2\/pages"}],"about":[{"href":"https:\/\/www.cesenaticohotel.com\/fr\/wp-json\/wp\/v2\/types\/page"}],"author":[{"embeddable":true,"href":"https:\/\/www.cesenaticohotel.com\/fr\/wp-json\/wp\/v2\/users\/1"}],"replies":[{"embeddable":true,"href":"https:\/\/www.cesenaticohotel.com\/fr\/wp-json\/wp\/v2\/comments?post=426"}],"version-history":[{"count":3,"href":"https:\/\/www.cesenaticohotel.com\/fr\/wp-json\/wp\/v2\/pages\/426\/revisions"}],"predecessor-version":[{"id":5669,"href":"https:\/\/www.cesenaticohotel.com\/fr\/wp-json\/wp\/v2\/pages\/426\/revisions\/5669"}],"up":[{"embeddable":true,"href":"https:\/\/www.cesenaticohotel.com\/fr\/wp-json\/wp\/v2\/pages\/513"}],"wp:attachment":[{"href":"https:\/\/www.cesenaticohotel.com\/fr\/wp-json\/wp\/v2\/media?parent=426"}],"curies":[{"name":"wp","href":"https:\/\/api.w.org\/{rel}","templated":true}]}}