{"id":4379,"date":"2023-06-15T12:56:38","date_gmt":"2023-06-15T10:56:38","guid":{"rendered":"https:\/\/www.cesenaticohotel.com\/hotels\/hotel-colorado-cesenatico"},"modified":"2023-08-22T09:08:12","modified_gmt":"2023-08-22T07:08:12","slug":"hotel-colorado","status":"publish","type":"page","link":"https:\/\/www.cesenaticohotel.com\/fr\/hotels\/hotel-colorado","title":{"rendered":"Hotel Colorado"},"content":{"rendered":"\n<p>L&#039;<b>Hotel Colorado <\/b>\u00e0 <b>Valverde de Cesenatico<\/b> se trouve <b>en face de la plage<\/b> et b\u00e9n\u00e9ficie d&#039;une <b>vue splendide sur la mer<\/b> depuis les chambres et la salle de restaurant. Gr\u00e2ce \u00e0 sa <b>position<\/b> <b>centrale<\/b>, vous pouvez facilement rejoindre le centre \u00e0 pied ou avec les <b>v\u00e9los<\/b> mis \u00e0 disposition des clients.<\/p>\n\n\n\n<!--more-->\n\n\n\n<p>Le <b>jardin <\/b>de l&#039;h\u00f4tel, une belle zone de 500 m\u00b2, abrite une <b>piscine<\/b> avec coin jacuzzi toujours ensoleill\u00e9e, entour\u00e9e d&#039;un <b>solarium<\/b> \u00e9quip\u00e9 de parasols et de transats. Il y a \u00e9galement une<b> piscine<\/b> <b>pour les enfants<\/b> avec des jets amusants. Si vous pr\u00e9f\u00e9rez vous d\u00e9tendre sur la plage, en face de l&#039;h\u00f4tel se trouvent l&#039;\u00e9tablissement de <b>plage <\/b>conventionn\u00e9 o\u00f9, avec <b>la formule all inclusive<\/b>, vous avez \u00e0 disposition un parasol et deux transats, ainsi qu&#039;une plage libre avec des terrains de jeux.<\/p>\n\n\n\n<p>La spacieuse <b>salle \u00e0 manger donne sur la plage<\/b>, pour des exp\u00e9riences culinaires inoubliables face \u00e0 la mer. Une attention particuli\u00e8re est accord\u00e9e \u00e0 la <b>fra\u00eecheur<\/b> et \u00e0 la qualit\u00e9 des mati\u00e8res premi\u00e8res, de pr\u00e9f\u00e9rence locales comme le poisson de l&#039;Adriatique, \u00e0 la saisonnalit\u00e9 et aux cuissons simples, faibles en mati\u00e8res grasses.<\/p>\n\n\n\n<p>Chaque jour, vous pourrez choisir parmi un riche <b>buffet d&#039;entr\u00e9es<\/b> de viande, de poisson et de salades de fruits de mer, de <b>l\u00e9gumes<\/b> cuits et crus, <b>premier et deuxi\u00e8me plats<\/b> pr\u00e9par\u00e9s frais. Au <b>petit-d\u00e9jeuner<\/b>, \u00e0 d\u00e9guster dans le <b>jardin face \u00e0 la mer<\/b>, vous trouverez des produits de boulangerie fra\u00eechement pr\u00e9par\u00e9s, tels que des g\u00e2teaux, des tartes, des brioches, ainsi que des charcuteries, des fromages, des \u0153ufs, du bacon, des yaourts, du muesli, des c\u00e9r\u00e9ales et des fruits frais. La caf\u00e9t\u00e9ria et les jus de fruits sont en libre-service.<\/p>\n\n\n\n<p>L&#039;h\u00f4tel dispose de <b>deux parkings<\/b> <b>cl\u00f4tur\u00e9s<\/b>, l&#039;un disponible moyennant un suppl\u00e9ment dans la cour de l&#039;h\u00f4tel et l&#039;autre gratuit \u00e0 250 m\u00e8tres.<\/p>\n","protected":false},"excerpt":{"rendered":"<p>L&#039;Hotel Colorado \u00e0 Valverde de Cesenatico se trouve en face de la plage et b\u00e9n\u00e9ficie d&#039;une vue splendide sur la mer depuis les chambres et la salle de restaurant. Gr\u00e2ce \u00e0 sa position centrale, vous pouvez facilement rejoindre le centre \u00e0 pied ou avec les v\u00e9los mis \u00e0 disposition des clients.<\/p>\n","protected":false},"author":1,"featured_media":0,"parent":513,"menu_order":0,"comment_status":"closed","ping_status":"closed","template":"page-templates\/scheda_hotel.php","meta":{"_acf_changed":false,"inline_featured_image":false,"footnotes":""},"class_list":["post-4379","page","type-page","status-publish","hentry"],"acf":[],"yoast_head":"<!-- This site is optimized with the Yoast SEO plugin v27.0 - https:\/\/yoast.com\/product\/yoast-seo-wordpress\/ -->\n<title>H\u00f4tel Colorado**** \u00e0 Cesenatico: h\u00f4tel pour couples et familles<\/title>\n<meta name=\"description\" content=\"L&#039;H\u00f4tel Colorado de Cesenatico est en face de la plage et propose des chambres avec balcon face \u00e0 la mer. Jardin, piscine, deux parkings et restaurant.\" \/>\n<meta name=\"robots\" content=\"index, follow, max-snippet:-1, max-image-preview:large, max-video-preview:-1\" \/>\n<link rel=\"canonical\" href=\"https:\/\/www.cesenaticohotel.com\/fr\/hotels\/hotel-colorado\" \/>\n<meta property=\"og:locale\" content=\"fr_FR\" \/>\n<meta property=\"og:type\" content=\"article\" \/>\n<meta property=\"og:title\" content=\"H\u00f4tel Colorado**** \u00e0 Cesenatico: h\u00f4tel pour couples et familles\" \/>\n<meta property=\"og:description\" content=\"L&#039;H\u00f4tel Colorado de Cesenatico est en face de la plage et propose des chambres avec balcon face \u00e0 la mer. Jardin, piscine, deux parkings et restaurant.\" \/>\n<meta property=\"og:url\" content=\"https:\/\/www.cesenaticohotel.com\/fr\/hotels\/hotel-colorado\" \/>\n<meta property=\"og:site_name\" content=\"Cesenatico Hotel\" \/>\n<meta property=\"article:modified_time\" content=\"2023-08-22T07:08:12+00:00\" \/>\n<meta property=\"og:image\" content=\"https:\/\/www.cesenaticohotel.com\/wp-content\/uploads\/2023\/05\/immagine-sito.jpg\" \/>\n\t<meta property=\"og:image:width\" content=\"1200\" \/>\n\t<meta property=\"og:image:height\" content=\"675\" \/>\n\t<meta property=\"og:image:type\" content=\"image\/jpeg\" \/>\n<meta name=\"twitter:card\" content=\"summary_large_image\" \/>\n<script type=\"application\/ld+json\" class=\"yoast-schema-graph\">{\"@context\":\"https:\/\/schema.org\",\"@graph\":[{\"@type\":\"WebPage\",\"@id\":\"https:\/\/www.cesenaticohotel.com\/fr\/hotels\/hotel-colorado\",\"url\":\"https:\/\/www.cesenaticohotel.com\/fr\/hotels\/hotel-colorado\",\"name\":\"H\u00f4tel Colorado**** \u00e0 Cesenatico: h\u00f4tel pour couples et familles\",\"isPartOf\":{\"@id\":\"https:\/\/www.cesenaticohotel.com\/fr\/#website\"},\"datePublished\":\"2023-06-15T10:56:38+00:00\",\"dateModified\":\"2023-08-22T07:08:12+00:00\",\"description\":\"L'H\u00f4tel Colorado de Cesenatico est en face de la plage et propose des chambres avec balcon face \u00e0 la mer. Jardin, piscine, deux parkings et restaurant.\",\"breadcrumb\":{\"@id\":\"https:\/\/www.cesenaticohotel.com\/fr\/hotels\/hotel-colorado#breadcrumb\"},\"inLanguage\":\"fr-FR\",\"potentialAction\":[{\"@type\":\"ReadAction\",\"target\":[\"https:\/\/www.cesenaticohotel.com\/fr\/hotels\/hotel-colorado\"]}]},{\"@type\":\"BreadcrumbList\",\"@id\":\"https:\/\/www.cesenaticohotel.com\/fr\/hotels\/hotel-colorado#breadcrumb\",\"itemListElement\":[{\"@type\":\"ListItem\",\"position\":1,\"name\":\"Home\",\"item\":\"https:\/\/www.cesenaticohotel.com\/fr\"},{\"@type\":\"ListItem\",\"position\":2,\"name\":\"H\u00f4tel\",\"item\":\"https:\/\/www.cesenaticohotel.com\/fr\/hotels\"},{\"@type\":\"ListItem\",\"position\":3,\"name\":\"Hotel Colorado\"}]},{\"@type\":\"WebSite\",\"@id\":\"https:\/\/www.cesenaticohotel.com\/fr\/#website\",\"url\":\"https:\/\/www.cesenaticohotel.com\/fr\/\",\"name\":\"Cesenatico Hotel\",\"description\":\"\",\"publisher\":{\"@id\":\"https:\/\/www.cesenaticohotel.com\/fr\/#organization\"},\"potentialAction\":[{\"@type\":\"SearchAction\",\"target\":{\"@type\":\"EntryPoint\",\"urlTemplate\":\"https:\/\/www.cesenaticohotel.com\/fr\/?s={search_term_string}\"},\"query-input\":{\"@type\":\"PropertyValueSpecification\",\"valueRequired\":true,\"valueName\":\"search_term_string\"}}],\"inLanguage\":\"fr-FR\"},{\"@type\":\"Organization\",\"@id\":\"https:\/\/www.cesenaticohotel.com\/fr\/#organization\",\"name\":\"Cesenatico Hotel\",\"url\":\"https:\/\/www.cesenaticohotel.com\/fr\/\",\"logo\":{\"@type\":\"ImageObject\",\"inLanguage\":\"fr-FR\",\"@id\":\"https:\/\/www.cesenaticohotel.com\/fr\/#\/schema\/logo\/image\/\",\"url\":\"https:\/\/www.cesenaticohotel.com\/wp-content\/uploads\/2023\/05\/logo-organizzazione.jpg\",\"contentUrl\":\"https:\/\/www.cesenaticohotel.com\/wp-content\/uploads\/2023\/05\/logo-organizzazione.jpg\",\"width\":696,\"height\":696,\"caption\":\"Cesenatico Hotel\"},\"image\":{\"@id\":\"https:\/\/www.cesenaticohotel.com\/fr\/#\/schema\/logo\/image\/\"}}]}<\/script>\n<!-- \/ Yoast SEO plugin. -->","yoast_head_json":{"title":"H\u00f4tel Colorado**** \u00e0 Cesenatico: h\u00f4tel pour couples et familles","description":"L'H\u00f4tel Colorado de Cesenatico est en face de la plage et propose des chambres avec balcon face \u00e0 la mer. Jardin, piscine, deux parkings et restaurant.","robots":{"index":"index","follow":"follow","max-snippet":"max-snippet:-1","max-image-preview":"max-image-preview:large","max-video-preview":"max-video-preview:-1"},"canonical":"https:\/\/www.cesenaticohotel.com\/fr\/hotels\/hotel-colorado","og_locale":"fr_FR","og_type":"article","og_title":"H\u00f4tel Colorado**** \u00e0 Cesenatico: h\u00f4tel pour couples et familles","og_description":"L'H\u00f4tel Colorado de Cesenatico est en face de la plage et propose des chambres avec balcon face \u00e0 la mer. Jardin, piscine, deux parkings et restaurant.","og_url":"https:\/\/www.cesenaticohotel.com\/fr\/hotels\/hotel-colorado","og_site_name":"Cesenatico Hotel","article_modified_time":"2023-08-22T07:08:12+00:00","og_image":[{"width":1200,"height":675,"url":"https:\/\/www.cesenaticohotel.com\/wp-content\/uploads\/2023\/05\/immagine-sito.jpg","type":"image\/jpeg"}],"twitter_card":"summary_large_image","schema":{"@context":"https:\/\/schema.org","@graph":[{"@type":"WebPage","@id":"https:\/\/www.cesenaticohotel.com\/fr\/hotels\/hotel-colorado","url":"https:\/\/www.cesenaticohotel.com\/fr\/hotels\/hotel-colorado","name":"H\u00f4tel Colorado**** \u00e0 Cesenatico: h\u00f4tel pour couples et familles","isPartOf":{"@id":"https:\/\/www.cesenaticohotel.com\/fr\/#website"},"datePublished":"2023-06-15T10:56:38+00:00","dateModified":"2023-08-22T07:08:12+00:00","description":"L'H\u00f4tel Colorado de Cesenatico est en face de la plage et propose des chambres avec balcon face \u00e0 la mer. Jardin, piscine, deux parkings et restaurant.","breadcrumb":{"@id":"https:\/\/www.cesenaticohotel.com\/fr\/hotels\/hotel-colorado#breadcrumb"},"inLanguage":"fr-FR","potentialAction":[{"@type":"ReadAction","target":["https:\/\/www.cesenaticohotel.com\/fr\/hotels\/hotel-colorado"]}]},{"@type":"BreadcrumbList","@id":"https:\/\/www.cesenaticohotel.com\/fr\/hotels\/hotel-colorado#breadcrumb","itemListElement":[{"@type":"ListItem","position":1,"name":"Home","item":"https:\/\/www.cesenaticohotel.com\/fr"},{"@type":"ListItem","position":2,"name":"H\u00f4tel","item":"https:\/\/www.cesenaticohotel.com\/fr\/hotels"},{"@type":"ListItem","position":3,"name":"Hotel Colorado"}]},{"@type":"WebSite","@id":"https:\/\/www.cesenaticohotel.com\/fr\/#website","url":"https:\/\/www.cesenaticohotel.com\/fr\/","name":"Cesenatico Hotel","description":"","publisher":{"@id":"https:\/\/www.cesenaticohotel.com\/fr\/#organization"},"potentialAction":[{"@type":"SearchAction","target":{"@type":"EntryPoint","urlTemplate":"https:\/\/www.cesenaticohotel.com\/fr\/?s={search_term_string}"},"query-input":{"@type":"PropertyValueSpecification","valueRequired":true,"valueName":"search_term_string"}}],"inLanguage":"fr-FR"},{"@type":"Organization","@id":"https:\/\/www.cesenaticohotel.com\/fr\/#organization","name":"Cesenatico Hotel","url":"https:\/\/www.cesenaticohotel.com\/fr\/","logo":{"@type":"ImageObject","inLanguage":"fr-FR","@id":"https:\/\/www.cesenaticohotel.com\/fr\/#\/schema\/logo\/image\/","url":"https:\/\/www.cesenaticohotel.com\/wp-content\/uploads\/2023\/05\/logo-organizzazione.jpg","contentUrl":"https:\/\/www.cesenaticohotel.com\/wp-content\/uploads\/2023\/05\/logo-organizzazione.jpg","width":696,"height":696,"caption":"Cesenatico Hotel"},"image":{"@id":"https:\/\/www.cesenaticohotel.com\/fr\/#\/schema\/logo\/image\/"}}]}},"_links":{"self":[{"href":"https:\/\/www.cesenaticohotel.com\/fr\/wp-json\/wp\/v2\/pages\/4379","targetHints":{"allow":["GET"]}}],"collection":[{"href":"https:\/\/www.cesenaticohotel.com\/fr\/wp-json\/wp\/v2\/pages"}],"about":[{"href":"https:\/\/www.cesenaticohotel.com\/fr\/wp-json\/wp\/v2\/types\/page"}],"author":[{"embeddable":true,"href":"https:\/\/www.cesenaticohotel.com\/fr\/wp-json\/wp\/v2\/users\/1"}],"replies":[{"embeddable":true,"href":"https:\/\/www.cesenaticohotel.com\/fr\/wp-json\/wp\/v2\/comments?post=4379"}],"version-history":[{"count":2,"href":"https:\/\/www.cesenaticohotel.com\/fr\/wp-json\/wp\/v2\/pages\/4379\/revisions"}],"predecessor-version":[{"id":5828,"href":"https:\/\/www.cesenaticohotel.com\/fr\/wp-json\/wp\/v2\/pages\/4379\/revisions\/5828"}],"up":[{"embeddable":true,"href":"https:\/\/www.cesenaticohotel.com\/fr\/wp-json\/wp\/v2\/pages\/513"}],"wp:attachment":[{"href":"https:\/\/www.cesenaticohotel.com\/fr\/wp-json\/wp\/v2\/media?parent=4379"}],"curies":[{"name":"wp","href":"https:\/\/api.w.org\/{rel}","templated":true}]}}