{"id":4383,"date":"2023-06-15T13:09:08","date_gmt":"2023-06-15T11:09:08","guid":{"rendered":"https:\/\/www.cesenaticohotel.com\/hotels\/hotel-cavour"},"modified":"2023-08-22T09:08:14","modified_gmt":"2023-08-22T07:08:14","slug":"hotel-cavour","status":"publish","type":"page","link":"https:\/\/www.cesenaticohotel.com\/fr\/hotels\/hotel-cavour","title":{"rendered":"Hotel Cavour"},"content":{"rendered":"\n<p>L&#039;<b>Hotel Cavour <\/b>est situ\u00e9 dans un quartier calme \u00e0 <b>Valverde de <\/b><\/p>\n\n\n\n<p><b>Cesenatico<\/b>, d&#039;o\u00f9 vous pouvez rejoindre la <b>plage<\/b> en quelques minutes \u00e0 pied. \u00c0 proximit\u00e9 imm\u00e9diate, il y a \u00e9galement une <b>piscine conventionn\u00e9e<\/b>, toujours <b>accessible gratuitement<\/b> aux clients de l&#039;h\u00f4tel, entour\u00e9e d&#039;un solarium avec parasols et chaises longues.<\/p>\n\n\n\n\n\n<!--more-->\n\n\n\n\n\n<p>La <b>cuisine<\/b> est la fiert\u00e9 de l&#039;Hotel Cavour. En plus de rechercher les meilleures mati\u00e8res premi\u00e8res, de pr\u00e9f\u00e9rence <b>km 0<\/b> et <b>de saison<\/b>, le chef Nicola pr\u00e9pare d&#039;excellents <b>plats faits maison<\/b>, dont le pain et les p\u00e2tes fra\u00eeches. Commencez la journ\u00e9e avec un <b>petit-d\u00e9jeuner<\/b> copieux et vari\u00e9 <b>en terrasse<\/b>, en choisissant parmi de nombreuses propositions savoureuses : g\u00e2teaux et pains fra\u00eechement sortis du four, brioches, confitures, charcuteries, fromages, \u0153ufs, yaourts, miel, c\u00e9r\u00e9ales, jus de fruits, divers types de th\u00e9, cappuccino, lait. Le <b>d\u00e9jeuner<\/b> et le <b>d\u00eener<\/b> se composent d&#039;un menu \u00e0 choisir parmi trois premiers plats et trois plats principaux, d&#039;ap\u00e9ritifs d\u00e9licieux sous forme de buffet, d&#039;accompagnements, de desserts et de fruits.<\/p>\n\n\n\n\n\n<p>L&#039;h\u00f4tel met \u00e0 disposition des <b>v\u00e9los<\/b> gratuits pour les clients, une <b>zone ext\u00e9rieure<\/b> \u00e9quip\u00e9e, un <b>bar <\/b>pour les cocktails et le caf\u00e9, ainsi qu&#039;un <b>parking<\/b> ferm\u00e9 pour les voitures \u00e0 100 m\u00e8tres.<\/p>\n","protected":false},"excerpt":{"rendered":"<p>L&#039;Hotel Cavour est situ\u00e9 dans un quartier calme \u00e0 Valverde de Cesenatico, d&#039;o\u00f9 vous pouvez rejoindre la plage en quelques minutes \u00e0 pied. \u00c0 proximit\u00e9 imm\u00e9diate, il y a \u00e9galement une piscine conventionn\u00e9e, toujours accessible gratuitement aux clients de l&#039;h\u00f4tel, entour\u00e9e d&#039;un solarium avec parasols et chaises longues.<\/p>\n","protected":false},"author":1,"featured_media":0,"parent":513,"menu_order":0,"comment_status":"closed","ping_status":"closed","template":"page-templates\/scheda_hotel.php","meta":{"_acf_changed":false,"inline_featured_image":false,"footnotes":""},"class_list":["post-4383","page","type-page","status-publish","hentry"],"acf":[],"yoast_head":"<!-- This site is optimized with the Yoast SEO plugin v27.0 - https:\/\/yoast.com\/product\/yoast-seo-wordpress\/ -->\n<title>H\u00f4tel Cavour*** \u00e0 Cesenatico: h\u00f4tel pour familles, sportifs et couples<\/title>\n<meta name=\"description\" content=\"L&#039;H\u00f4tel Cavour est proche de la plage affili\u00e9e, avec restaurant interne, piscine affili\u00e9e gratuite, chambres avec balcon et parking.\" \/>\n<meta name=\"robots\" content=\"index, follow, max-snippet:-1, max-image-preview:large, max-video-preview:-1\" \/>\n<link rel=\"canonical\" href=\"https:\/\/www.cesenaticohotel.com\/fr\/hotels\/hotel-cavour\" \/>\n<meta property=\"og:locale\" content=\"fr_FR\" \/>\n<meta property=\"og:type\" content=\"article\" \/>\n<meta property=\"og:title\" content=\"H\u00f4tel Cavour*** \u00e0 Cesenatico: h\u00f4tel pour familles, sportifs et couples\" \/>\n<meta property=\"og:description\" content=\"L&#039;H\u00f4tel Cavour est proche de la plage affili\u00e9e, avec restaurant interne, piscine affili\u00e9e gratuite, chambres avec balcon et parking.\" \/>\n<meta property=\"og:url\" content=\"https:\/\/www.cesenaticohotel.com\/fr\/hotels\/hotel-cavour\" \/>\n<meta property=\"og:site_name\" content=\"Cesenatico Hotel\" \/>\n<meta property=\"article:modified_time\" content=\"2023-08-22T07:08:14+00:00\" \/>\n<meta property=\"og:image\" content=\"https:\/\/www.cesenaticohotel.com\/wp-content\/uploads\/2023\/05\/immagine-sito.jpg\" \/>\n\t<meta property=\"og:image:width\" content=\"1200\" \/>\n\t<meta property=\"og:image:height\" content=\"675\" \/>\n\t<meta property=\"og:image:type\" content=\"image\/jpeg\" \/>\n<meta name=\"twitter:card\" content=\"summary_large_image\" \/>\n<meta name=\"twitter:label1\" content=\"Dur\u00e9e de lecture estim\u00e9e\" \/>\n\t<meta name=\"twitter:data1\" content=\"1 minute\" \/>\n<script type=\"application\/ld+json\" class=\"yoast-schema-graph\">{\"@context\":\"https:\/\/schema.org\",\"@graph\":[{\"@type\":\"WebPage\",\"@id\":\"https:\/\/www.cesenaticohotel.com\/fr\/hotels\/hotel-cavour\",\"url\":\"https:\/\/www.cesenaticohotel.com\/fr\/hotels\/hotel-cavour\",\"name\":\"H\u00f4tel Cavour*** \u00e0 Cesenatico: h\u00f4tel pour familles, sportifs et couples\",\"isPartOf\":{\"@id\":\"https:\/\/www.cesenaticohotel.com\/fr\/#website\"},\"datePublished\":\"2023-06-15T11:09:08+00:00\",\"dateModified\":\"2023-08-22T07:08:14+00:00\",\"description\":\"L'H\u00f4tel Cavour est proche de la plage affili\u00e9e, avec restaurant interne, piscine affili\u00e9e gratuite, chambres avec balcon et parking.\",\"breadcrumb\":{\"@id\":\"https:\/\/www.cesenaticohotel.com\/fr\/hotels\/hotel-cavour#breadcrumb\"},\"inLanguage\":\"fr-FR\",\"potentialAction\":[{\"@type\":\"ReadAction\",\"target\":[\"https:\/\/www.cesenaticohotel.com\/fr\/hotels\/hotel-cavour\"]}]},{\"@type\":\"BreadcrumbList\",\"@id\":\"https:\/\/www.cesenaticohotel.com\/fr\/hotels\/hotel-cavour#breadcrumb\",\"itemListElement\":[{\"@type\":\"ListItem\",\"position\":1,\"name\":\"Home\",\"item\":\"https:\/\/www.cesenaticohotel.com\/fr\"},{\"@type\":\"ListItem\",\"position\":2,\"name\":\"H\u00f4tel\",\"item\":\"https:\/\/www.cesenaticohotel.com\/fr\/hotels\"},{\"@type\":\"ListItem\",\"position\":3,\"name\":\"Hotel Cavour\"}]},{\"@type\":\"WebSite\",\"@id\":\"https:\/\/www.cesenaticohotel.com\/fr\/#website\",\"url\":\"https:\/\/www.cesenaticohotel.com\/fr\/\",\"name\":\"Cesenatico Hotel\",\"description\":\"\",\"publisher\":{\"@id\":\"https:\/\/www.cesenaticohotel.com\/fr\/#organization\"},\"potentialAction\":[{\"@type\":\"SearchAction\",\"target\":{\"@type\":\"EntryPoint\",\"urlTemplate\":\"https:\/\/www.cesenaticohotel.com\/fr\/?s={search_term_string}\"},\"query-input\":{\"@type\":\"PropertyValueSpecification\",\"valueRequired\":true,\"valueName\":\"search_term_string\"}}],\"inLanguage\":\"fr-FR\"},{\"@type\":\"Organization\",\"@id\":\"https:\/\/www.cesenaticohotel.com\/fr\/#organization\",\"name\":\"Cesenatico Hotel\",\"url\":\"https:\/\/www.cesenaticohotel.com\/fr\/\",\"logo\":{\"@type\":\"ImageObject\",\"inLanguage\":\"fr-FR\",\"@id\":\"https:\/\/www.cesenaticohotel.com\/fr\/#\/schema\/logo\/image\/\",\"url\":\"https:\/\/www.cesenaticohotel.com\/wp-content\/uploads\/2023\/05\/logo-organizzazione.jpg\",\"contentUrl\":\"https:\/\/www.cesenaticohotel.com\/wp-content\/uploads\/2023\/05\/logo-organizzazione.jpg\",\"width\":696,\"height\":696,\"caption\":\"Cesenatico Hotel\"},\"image\":{\"@id\":\"https:\/\/www.cesenaticohotel.com\/fr\/#\/schema\/logo\/image\/\"}}]}<\/script>\n<!-- \/ Yoast SEO plugin. -->","yoast_head_json":{"title":"H\u00f4tel Cavour*** \u00e0 Cesenatico: h\u00f4tel pour familles, sportifs et couples","description":"L'H\u00f4tel Cavour est proche de la plage affili\u00e9e, avec restaurant interne, piscine affili\u00e9e gratuite, chambres avec balcon et parking.","robots":{"index":"index","follow":"follow","max-snippet":"max-snippet:-1","max-image-preview":"max-image-preview:large","max-video-preview":"max-video-preview:-1"},"canonical":"https:\/\/www.cesenaticohotel.com\/fr\/hotels\/hotel-cavour","og_locale":"fr_FR","og_type":"article","og_title":"H\u00f4tel Cavour*** \u00e0 Cesenatico: h\u00f4tel pour familles, sportifs et couples","og_description":"L'H\u00f4tel Cavour est proche de la plage affili\u00e9e, avec restaurant interne, piscine affili\u00e9e gratuite, chambres avec balcon et parking.","og_url":"https:\/\/www.cesenaticohotel.com\/fr\/hotels\/hotel-cavour","og_site_name":"Cesenatico Hotel","article_modified_time":"2023-08-22T07:08:14+00:00","og_image":[{"width":1200,"height":675,"url":"https:\/\/www.cesenaticohotel.com\/wp-content\/uploads\/2023\/05\/immagine-sito.jpg","type":"image\/jpeg"}],"twitter_card":"summary_large_image","twitter_misc":{"Dur\u00e9e de lecture estim\u00e9e":"1 minute"},"schema":{"@context":"https:\/\/schema.org","@graph":[{"@type":"WebPage","@id":"https:\/\/www.cesenaticohotel.com\/fr\/hotels\/hotel-cavour","url":"https:\/\/www.cesenaticohotel.com\/fr\/hotels\/hotel-cavour","name":"H\u00f4tel Cavour*** \u00e0 Cesenatico: h\u00f4tel pour familles, sportifs et couples","isPartOf":{"@id":"https:\/\/www.cesenaticohotel.com\/fr\/#website"},"datePublished":"2023-06-15T11:09:08+00:00","dateModified":"2023-08-22T07:08:14+00:00","description":"L'H\u00f4tel Cavour est proche de la plage affili\u00e9e, avec restaurant interne, piscine affili\u00e9e gratuite, chambres avec balcon et parking.","breadcrumb":{"@id":"https:\/\/www.cesenaticohotel.com\/fr\/hotels\/hotel-cavour#breadcrumb"},"inLanguage":"fr-FR","potentialAction":[{"@type":"ReadAction","target":["https:\/\/www.cesenaticohotel.com\/fr\/hotels\/hotel-cavour"]}]},{"@type":"BreadcrumbList","@id":"https:\/\/www.cesenaticohotel.com\/fr\/hotels\/hotel-cavour#breadcrumb","itemListElement":[{"@type":"ListItem","position":1,"name":"Home","item":"https:\/\/www.cesenaticohotel.com\/fr"},{"@type":"ListItem","position":2,"name":"H\u00f4tel","item":"https:\/\/www.cesenaticohotel.com\/fr\/hotels"},{"@type":"ListItem","position":3,"name":"Hotel Cavour"}]},{"@type":"WebSite","@id":"https:\/\/www.cesenaticohotel.com\/fr\/#website","url":"https:\/\/www.cesenaticohotel.com\/fr\/","name":"Cesenatico Hotel","description":"","publisher":{"@id":"https:\/\/www.cesenaticohotel.com\/fr\/#organization"},"potentialAction":[{"@type":"SearchAction","target":{"@type":"EntryPoint","urlTemplate":"https:\/\/www.cesenaticohotel.com\/fr\/?s={search_term_string}"},"query-input":{"@type":"PropertyValueSpecification","valueRequired":true,"valueName":"search_term_string"}}],"inLanguage":"fr-FR"},{"@type":"Organization","@id":"https:\/\/www.cesenaticohotel.com\/fr\/#organization","name":"Cesenatico Hotel","url":"https:\/\/www.cesenaticohotel.com\/fr\/","logo":{"@type":"ImageObject","inLanguage":"fr-FR","@id":"https:\/\/www.cesenaticohotel.com\/fr\/#\/schema\/logo\/image\/","url":"https:\/\/www.cesenaticohotel.com\/wp-content\/uploads\/2023\/05\/logo-organizzazione.jpg","contentUrl":"https:\/\/www.cesenaticohotel.com\/wp-content\/uploads\/2023\/05\/logo-organizzazione.jpg","width":696,"height":696,"caption":"Cesenatico Hotel"},"image":{"@id":"https:\/\/www.cesenaticohotel.com\/fr\/#\/schema\/logo\/image\/"}}]}},"_links":{"self":[{"href":"https:\/\/www.cesenaticohotel.com\/fr\/wp-json\/wp\/v2\/pages\/4383","targetHints":{"allow":["GET"]}}],"collection":[{"href":"https:\/\/www.cesenaticohotel.com\/fr\/wp-json\/wp\/v2\/pages"}],"about":[{"href":"https:\/\/www.cesenaticohotel.com\/fr\/wp-json\/wp\/v2\/types\/page"}],"author":[{"embeddable":true,"href":"https:\/\/www.cesenaticohotel.com\/fr\/wp-json\/wp\/v2\/users\/1"}],"replies":[{"embeddable":true,"href":"https:\/\/www.cesenaticohotel.com\/fr\/wp-json\/wp\/v2\/comments?post=4383"}],"version-history":[{"count":2,"href":"https:\/\/www.cesenaticohotel.com\/fr\/wp-json\/wp\/v2\/pages\/4383\/revisions"}],"predecessor-version":[{"id":5829,"href":"https:\/\/www.cesenaticohotel.com\/fr\/wp-json\/wp\/v2\/pages\/4383\/revisions\/5829"}],"up":[{"embeddable":true,"href":"https:\/\/www.cesenaticohotel.com\/fr\/wp-json\/wp\/v2\/pages\/513"}],"wp:attachment":[{"href":"https:\/\/www.cesenaticohotel.com\/fr\/wp-json\/wp\/v2\/media?parent=4383"}],"curies":[{"name":"wp","href":"https:\/\/api.w.org\/{rel}","templated":true}]}}