{"id":4387,"date":"2023-06-15T13:17:27","date_gmt":"2023-06-15T11:17:27","guid":{"rendered":"https:\/\/www.cesenaticohotel.com\/hotels\/elisabetta-hotel"},"modified":"2023-08-22T09:08:15","modified_gmt":"2023-08-22T07:08:15","slug":"elisabetta-hotel","status":"publish","type":"page","link":"https:\/\/www.cesenaticohotel.com\/fr\/hotels\/elisabetta-hotel","title":{"rendered":"Elisabetta Hotel"},"content":{"rendered":"\n<p><b>Elisabetta Hotel <\/b>\u00e0<b> Cesenatico<\/b> est entour\u00e9 d&#039;un <b>vaste espace ext\u00e9rieur<\/b> \u00e9quip\u00e9 de tables, chaises, parasols et transats, o\u00f9 l&#039;on trouve \u00e9galement une <b>piscine <\/b>ensoleill\u00e9e et un <b>bain \u00e0 remous<\/b>. La plage conventionn\u00e9e se trouve \u00e0 seulement 200 m\u00e8tres et vous pouvez facilement y acc\u00e9der \u00e0 pied ou en utilisant les <b>v\u00e9los<\/b> mis \u00e0 votre disposition gratuitement.<\/p>\n\n\n\n<!--more-->\n\n\n\n<p>En plus du s\u00e9jour \u00e0 l&#039;h\u00f4tel, vous avez le choix entre deux autres formules: la formule Bed &amp; Breakfast \u00e0 <b>Elisabetta Frontemare<\/b>, ou le s\u00e9jour en appartements modernes \u00e0 <b>Elisabetta Residence<\/b>. L&#039;utilisation de la piscine, du parking et de la salle de sport est toujours incluse. Si vous aimez les <b>vacances actives<\/b>, vous pouvez louer des v\u00e9los professionnels et profiter des horaires flexibles des repas; de plus, un local \u00e0 v\u00e9los avec une petite station de r\u00e9paration et une buanderie pour les v\u00eatements techniques sont \u00e0 disposition.<\/p>\n\n\n\n<p>\u00c0 Elisabetta Hotel, vous pourrez d\u00e9guster une excellente <b>cuisine locale<\/b>, avec des produits du terroir. Le petit-d\u00e9jeuner est servi sous forme de buffet, tandis que le d\u00e9jeuner et le d\u00eener proposent un choix de plats, y compris des p\u00e2tes fra\u00eeches faites maison, du poisson et de la viande tous les jours, ainsi que des desserts et des fruits. Des plats pour les enfants sont \u00e9galement disponibles sur demande.<\/p>\n","protected":false},"excerpt":{"rendered":"<p>Elisabetta Hotel \u00e0 Cesenatico est entour\u00e9 d&#039;un vaste espace ext\u00e9rieur \u00e9quip\u00e9 de tables, chaises, parasols et transats, o\u00f9 l&#039;on trouve \u00e9galement une piscine ensoleill\u00e9e et un bain \u00e0 remous. La plage conventionn\u00e9e se trouve \u00e0 seulement 200 m\u00e8tres et vous pouvez facilement y acc\u00e9der \u00e0 pied ou en utilisant les v\u00e9los mis \u00e0 votre disposition &hellip;<\/p>\n","protected":false},"author":1,"featured_media":0,"parent":513,"menu_order":0,"comment_status":"closed","ping_status":"closed","template":"page-templates\/scheda_hotel.php","meta":{"_acf_changed":false,"inline_featured_image":false,"footnotes":""},"class_list":["post-4387","page","type-page","status-publish","hentry"],"acf":[],"yoast_head":"<!-- This site is optimized with the Yoast SEO plugin v27.0 - https:\/\/yoast.com\/product\/yoast-seo-wordpress\/ -->\n<title>Elisabetta Hotel - Cesenatico Hotel<\/title>\n<meta name=\"robots\" content=\"index, follow, max-snippet:-1, max-image-preview:large, max-video-preview:-1\" \/>\n<link rel=\"canonical\" href=\"https:\/\/www.cesenaticohotel.com\/fr\/hotels\/elisabetta-hotel\" \/>\n<meta property=\"og:locale\" content=\"fr_FR\" \/>\n<meta property=\"og:type\" content=\"article\" \/>\n<meta property=\"og:title\" content=\"Elisabetta Hotel - Cesenatico Hotel\" \/>\n<meta property=\"og:description\" content=\"Elisabetta Hotel \u00e0 Cesenatico est entour\u00e9 d&#039;un vaste espace ext\u00e9rieur \u00e9quip\u00e9 de tables, chaises, parasols et transats, o\u00f9 l&#039;on trouve \u00e9galement une piscine ensoleill\u00e9e et un bain \u00e0 remous. La plage conventionn\u00e9e se trouve \u00e0 seulement 200 m\u00e8tres et vous pouvez facilement y acc\u00e9der \u00e0 pied ou en utilisant les v\u00e9los mis \u00e0 votre disposition &hellip;\" \/>\n<meta property=\"og:url\" content=\"https:\/\/www.cesenaticohotel.com\/fr\/hotels\/elisabetta-hotel\" \/>\n<meta property=\"og:site_name\" content=\"Cesenatico Hotel\" \/>\n<meta property=\"article:modified_time\" content=\"2023-08-22T07:08:15+00:00\" \/>\n<meta property=\"og:image\" content=\"https:\/\/www.cesenaticohotel.com\/wp-content\/uploads\/2023\/05\/immagine-sito.jpg\" \/>\n\t<meta property=\"og:image:width\" content=\"1200\" \/>\n\t<meta property=\"og:image:height\" content=\"675\" \/>\n\t<meta property=\"og:image:type\" content=\"image\/jpeg\" \/>\n<meta name=\"twitter:card\" content=\"summary_large_image\" \/>\n<meta name=\"twitter:label1\" content=\"Dur\u00e9e de lecture estim\u00e9e\" \/>\n\t<meta name=\"twitter:data1\" content=\"1 minute\" \/>\n<script type=\"application\/ld+json\" class=\"yoast-schema-graph\">{\"@context\":\"https:\/\/schema.org\",\"@graph\":[{\"@type\":\"WebPage\",\"@id\":\"https:\/\/www.cesenaticohotel.com\/fr\/hotels\/elisabetta-hotel\",\"url\":\"https:\/\/www.cesenaticohotel.com\/fr\/hotels\/elisabetta-hotel\",\"name\":\"Elisabetta Hotel - Cesenatico Hotel\",\"isPartOf\":{\"@id\":\"https:\/\/www.cesenaticohotel.com\/fr\/#website\"},\"datePublished\":\"2023-06-15T11:17:27+00:00\",\"dateModified\":\"2023-08-22T07:08:15+00:00\",\"breadcrumb\":{\"@id\":\"https:\/\/www.cesenaticohotel.com\/fr\/hotels\/elisabetta-hotel#breadcrumb\"},\"inLanguage\":\"fr-FR\",\"potentialAction\":[{\"@type\":\"ReadAction\",\"target\":[\"https:\/\/www.cesenaticohotel.com\/fr\/hotels\/elisabetta-hotel\"]}]},{\"@type\":\"BreadcrumbList\",\"@id\":\"https:\/\/www.cesenaticohotel.com\/fr\/hotels\/elisabetta-hotel#breadcrumb\",\"itemListElement\":[{\"@type\":\"ListItem\",\"position\":1,\"name\":\"Home\",\"item\":\"https:\/\/www.cesenaticohotel.com\/fr\"},{\"@type\":\"ListItem\",\"position\":2,\"name\":\"H\u00f4tel\",\"item\":\"https:\/\/www.cesenaticohotel.com\/fr\/hotels\"},{\"@type\":\"ListItem\",\"position\":3,\"name\":\"Elisabetta Hotel\"}]},{\"@type\":\"WebSite\",\"@id\":\"https:\/\/www.cesenaticohotel.com\/fr\/#website\",\"url\":\"https:\/\/www.cesenaticohotel.com\/fr\/\",\"name\":\"Cesenatico Hotel\",\"description\":\"\",\"publisher\":{\"@id\":\"https:\/\/www.cesenaticohotel.com\/fr\/#organization\"},\"potentialAction\":[{\"@type\":\"SearchAction\",\"target\":{\"@type\":\"EntryPoint\",\"urlTemplate\":\"https:\/\/www.cesenaticohotel.com\/fr\/?s={search_term_string}\"},\"query-input\":{\"@type\":\"PropertyValueSpecification\",\"valueRequired\":true,\"valueName\":\"search_term_string\"}}],\"inLanguage\":\"fr-FR\"},{\"@type\":\"Organization\",\"@id\":\"https:\/\/www.cesenaticohotel.com\/fr\/#organization\",\"name\":\"Cesenatico Hotel\",\"url\":\"https:\/\/www.cesenaticohotel.com\/fr\/\",\"logo\":{\"@type\":\"ImageObject\",\"inLanguage\":\"fr-FR\",\"@id\":\"https:\/\/www.cesenaticohotel.com\/fr\/#\/schema\/logo\/image\/\",\"url\":\"https:\/\/www.cesenaticohotel.com\/wp-content\/uploads\/2023\/05\/logo-organizzazione.jpg\",\"contentUrl\":\"https:\/\/www.cesenaticohotel.com\/wp-content\/uploads\/2023\/05\/logo-organizzazione.jpg\",\"width\":696,\"height\":696,\"caption\":\"Cesenatico Hotel\"},\"image\":{\"@id\":\"https:\/\/www.cesenaticohotel.com\/fr\/#\/schema\/logo\/image\/\"}}]}<\/script>\n<!-- \/ Yoast SEO plugin. -->","yoast_head_json":{"title":"Elisabetta Hotel - Cesenatico Hotel","robots":{"index":"index","follow":"follow","max-snippet":"max-snippet:-1","max-image-preview":"max-image-preview:large","max-video-preview":"max-video-preview:-1"},"canonical":"https:\/\/www.cesenaticohotel.com\/fr\/hotels\/elisabetta-hotel","og_locale":"fr_FR","og_type":"article","og_title":"Elisabetta Hotel - Cesenatico Hotel","og_description":"Elisabetta Hotel \u00e0 Cesenatico est entour\u00e9 d&#039;un vaste espace ext\u00e9rieur \u00e9quip\u00e9 de tables, chaises, parasols et transats, o\u00f9 l&#039;on trouve \u00e9galement une piscine ensoleill\u00e9e et un bain \u00e0 remous. La plage conventionn\u00e9e se trouve \u00e0 seulement 200 m\u00e8tres et vous pouvez facilement y acc\u00e9der \u00e0 pied ou en utilisant les v\u00e9los mis \u00e0 votre disposition &hellip;","og_url":"https:\/\/www.cesenaticohotel.com\/fr\/hotels\/elisabetta-hotel","og_site_name":"Cesenatico Hotel","article_modified_time":"2023-08-22T07:08:15+00:00","og_image":[{"width":1200,"height":675,"url":"https:\/\/www.cesenaticohotel.com\/wp-content\/uploads\/2023\/05\/immagine-sito.jpg","type":"image\/jpeg"}],"twitter_card":"summary_large_image","twitter_misc":{"Dur\u00e9e de lecture estim\u00e9e":"1 minute"},"schema":{"@context":"https:\/\/schema.org","@graph":[{"@type":"WebPage","@id":"https:\/\/www.cesenaticohotel.com\/fr\/hotels\/elisabetta-hotel","url":"https:\/\/www.cesenaticohotel.com\/fr\/hotels\/elisabetta-hotel","name":"Elisabetta Hotel - Cesenatico Hotel","isPartOf":{"@id":"https:\/\/www.cesenaticohotel.com\/fr\/#website"},"datePublished":"2023-06-15T11:17:27+00:00","dateModified":"2023-08-22T07:08:15+00:00","breadcrumb":{"@id":"https:\/\/www.cesenaticohotel.com\/fr\/hotels\/elisabetta-hotel#breadcrumb"},"inLanguage":"fr-FR","potentialAction":[{"@type":"ReadAction","target":["https:\/\/www.cesenaticohotel.com\/fr\/hotels\/elisabetta-hotel"]}]},{"@type":"BreadcrumbList","@id":"https:\/\/www.cesenaticohotel.com\/fr\/hotels\/elisabetta-hotel#breadcrumb","itemListElement":[{"@type":"ListItem","position":1,"name":"Home","item":"https:\/\/www.cesenaticohotel.com\/fr"},{"@type":"ListItem","position":2,"name":"H\u00f4tel","item":"https:\/\/www.cesenaticohotel.com\/fr\/hotels"},{"@type":"ListItem","position":3,"name":"Elisabetta Hotel"}]},{"@type":"WebSite","@id":"https:\/\/www.cesenaticohotel.com\/fr\/#website","url":"https:\/\/www.cesenaticohotel.com\/fr\/","name":"Cesenatico Hotel","description":"","publisher":{"@id":"https:\/\/www.cesenaticohotel.com\/fr\/#organization"},"potentialAction":[{"@type":"SearchAction","target":{"@type":"EntryPoint","urlTemplate":"https:\/\/www.cesenaticohotel.com\/fr\/?s={search_term_string}"},"query-input":{"@type":"PropertyValueSpecification","valueRequired":true,"valueName":"search_term_string"}}],"inLanguage":"fr-FR"},{"@type":"Organization","@id":"https:\/\/www.cesenaticohotel.com\/fr\/#organization","name":"Cesenatico Hotel","url":"https:\/\/www.cesenaticohotel.com\/fr\/","logo":{"@type":"ImageObject","inLanguage":"fr-FR","@id":"https:\/\/www.cesenaticohotel.com\/fr\/#\/schema\/logo\/image\/","url":"https:\/\/www.cesenaticohotel.com\/wp-content\/uploads\/2023\/05\/logo-organizzazione.jpg","contentUrl":"https:\/\/www.cesenaticohotel.com\/wp-content\/uploads\/2023\/05\/logo-organizzazione.jpg","width":696,"height":696,"caption":"Cesenatico Hotel"},"image":{"@id":"https:\/\/www.cesenaticohotel.com\/fr\/#\/schema\/logo\/image\/"}}]}},"_links":{"self":[{"href":"https:\/\/www.cesenaticohotel.com\/fr\/wp-json\/wp\/v2\/pages\/4387","targetHints":{"allow":["GET"]}}],"collection":[{"href":"https:\/\/www.cesenaticohotel.com\/fr\/wp-json\/wp\/v2\/pages"}],"about":[{"href":"https:\/\/www.cesenaticohotel.com\/fr\/wp-json\/wp\/v2\/types\/page"}],"author":[{"embeddable":true,"href":"https:\/\/www.cesenaticohotel.com\/fr\/wp-json\/wp\/v2\/users\/1"}],"replies":[{"embeddable":true,"href":"https:\/\/www.cesenaticohotel.com\/fr\/wp-json\/wp\/v2\/comments?post=4387"}],"version-history":[{"count":2,"href":"https:\/\/www.cesenaticohotel.com\/fr\/wp-json\/wp\/v2\/pages\/4387\/revisions"}],"predecessor-version":[{"id":5830,"href":"https:\/\/www.cesenaticohotel.com\/fr\/wp-json\/wp\/v2\/pages\/4387\/revisions\/5830"}],"up":[{"embeddable":true,"href":"https:\/\/www.cesenaticohotel.com\/fr\/wp-json\/wp\/v2\/pages\/513"}],"wp:attachment":[{"href":"https:\/\/www.cesenaticohotel.com\/fr\/wp-json\/wp\/v2\/media?parent=4387"}],"curies":[{"name":"wp","href":"https:\/\/api.w.org\/{rel}","templated":true}]}}