{"id":443,"date":"2023-04-19T16:53:37","date_gmt":"2023-04-19T14:53:37","guid":{"rendered":"https:\/\/www.cesenaticohotel.com\/hotel\/hotel-verona"},"modified":"2023-08-22T09:06:42","modified_gmt":"2023-08-22T07:06:42","slug":"hotel-verona","status":"publish","type":"page","link":"https:\/\/www.cesenaticohotel.com\/fr\/hotels\/hotel-verona","title":{"rendered":"H\u00f4tel Verona"},"content":{"rendered":"\n<p>L&#039;<b>H\u00f4tel Verona <\/b>est situ\u00e9 au <b>centre de Valverde di Cesenatico<\/b>, un quartier calme et verdoyant, \u00e0 seulement <b>60 m\u00e8tres de la mer <\/b>et de la plage affili\u00e9e. L&#039;h\u00f4tel est entour\u00e9 d&#039;un <b>grand jardin luxuriant<\/b> o\u00f9 vous pourrez vous d\u00e9tendre en toute tranquillit\u00e9, peut-\u00eatre dans la charmante <b>piscine<\/b> sur\u00e9lev\u00e9e, entour\u00e9e de parasols et de chaises longues, dans le<b> jacuzzi <\/b>pour 6 personnes, ou en sirotant un bon cocktail \u00e0 l&#039;ombre.<\/p>\n\n\n\n<!--more-->\n\n\n\n<p>Dans le jardin, il y a aussi une <b>zone de jeux <\/b>s\u00fbre et cl\u00f4tur\u00e9e, et \u00e0 l&#039;int\u00e9rieur de l&#039;h\u00f4tel, vous trouverez une <b>petite salle de sport<\/b> \u00e9quip\u00e9e d&#039;appareils Technogym. Vous pouvez laisser votre voiture dans le<b> parking gratuit<\/b> et vous d\u00e9placer facilement \u00e0 pied ou \u00e0 v\u00e9lo, gr\u00e2ce aux <b>v\u00e9los mis \u00e0 disposition<\/b>.<\/p>\n\n\n\n<p>\u00c0 table, il y a toujours une<b> grande vari\u00e9t\u00e9 de menus<\/b>, avec des plats de viande et de poisson, cuisin\u00e9s frais chaque jour et servis \u00e0 table, ainsi que de nombreux l\u00e9gumes, des buffets d&#039;entr\u00e9es d\u00e9licieuses et des desserts incontournables. Au <b>petit-d\u00e9jeuner<\/b>, vous pourrez choisir parmi de nombreuses propositions sucr\u00e9es et sal\u00e9es du <b>grand buffet am\u00e9ricain<\/b>.<\/p>\n","protected":false},"excerpt":{"rendered":"<p>L&#039;H\u00f4tel Verona est situ\u00e9 au centre de Valverde di Cesenatico, un quartier calme et verdoyant, \u00e0 seulement 60 m\u00e8tres de la mer et de la plage affili\u00e9e. L&#039;h\u00f4tel est entour\u00e9 d&#039;un grand jardin luxuriant o\u00f9 vous pourrez vous d\u00e9tendre en toute tranquillit\u00e9, peut-\u00eatre dans la charmante piscine sur\u00e9lev\u00e9e, entour\u00e9e de parasols et de chaises longues, &hellip;<\/p>\n","protected":false},"author":1,"featured_media":0,"parent":513,"menu_order":0,"comment_status":"closed","ping_status":"closed","template":"page-templates\/scheda_hotel.php","meta":{"_acf_changed":false,"inline_featured_image":false,"footnotes":""},"class_list":["post-443","page","type-page","status-publish","hentry"],"acf":[],"yoast_head":"<!-- This site is optimized with the Yoast SEO plugin v27.6 - https:\/\/yoast.com\/product\/yoast-seo-wordpress\/ -->\n<title>H\u00f4tel Verona*** \u00e0 Cesenatico: h\u00f4tel pour couples et familles<\/title>\n<meta name=\"description\" content=\"L&#039;H\u00f4tel Verona est \u00e0 seulement 60 m\u00e8tres de la plage affili\u00e9e. Grand jardin et piscine sur\u00e9lev\u00e9e, bain \u00e0 remous et parking.\" \/>\n<meta name=\"robots\" content=\"index, follow, max-snippet:-1, max-image-preview:large, max-video-preview:-1\" \/>\n<link rel=\"canonical\" href=\"https:\/\/www.cesenaticohotel.com\/fr\/hotels\/hotel-verona\" \/>\n<meta property=\"og:locale\" content=\"fr_FR\" \/>\n<meta property=\"og:type\" content=\"article\" \/>\n<meta property=\"og:title\" content=\"H\u00f4tel Verona*** \u00e0 Cesenatico: h\u00f4tel pour couples et familles\" \/>\n<meta property=\"og:description\" content=\"L&#039;H\u00f4tel Verona est \u00e0 seulement 60 m\u00e8tres de la plage affili\u00e9e. Grand jardin et piscine sur\u00e9lev\u00e9e, bain \u00e0 remous et parking.\" \/>\n<meta property=\"og:url\" content=\"https:\/\/www.cesenaticohotel.com\/fr\/hotels\/hotel-verona\" \/>\n<meta property=\"og:site_name\" content=\"Cesenatico Hotel\" \/>\n<meta property=\"article:modified_time\" content=\"2023-08-22T07:06:42+00:00\" \/>\n<meta property=\"og:image\" content=\"https:\/\/www.cesenaticohotel.com\/wp-content\/uploads\/2023\/05\/immagine-sito.jpg\" \/>\n\t<meta property=\"og:image:width\" content=\"1200\" \/>\n\t<meta property=\"og:image:height\" content=\"675\" \/>\n\t<meta property=\"og:image:type\" content=\"image\/jpeg\" \/>\n<meta name=\"twitter:card\" content=\"summary_large_image\" \/>\n<meta name=\"twitter:label1\" content=\"Dur\u00e9e de lecture estim\u00e9e\" \/>\n\t<meta name=\"twitter:data1\" content=\"1 minute\" \/>\n<script type=\"application\/ld+json\" class=\"yoast-schema-graph\">{\"@context\":\"https:\\\/\\\/schema.org\",\"@graph\":[{\"@type\":\"WebPage\",\"@id\":\"https:\\\/\\\/www.cesenaticohotel.com\\\/fr\\\/hotels\\\/hotel-verona\",\"url\":\"https:\\\/\\\/www.cesenaticohotel.com\\\/fr\\\/hotels\\\/hotel-verona\",\"name\":\"H\u00f4tel Verona*** \u00e0 Cesenatico: h\u00f4tel pour couples et familles\",\"isPartOf\":{\"@id\":\"https:\\\/\\\/www.cesenaticohotel.com\\\/fr\\\/#website\"},\"datePublished\":\"2023-04-19T14:53:37+00:00\",\"dateModified\":\"2023-08-22T07:06:42+00:00\",\"description\":\"L'H\u00f4tel Verona est \u00e0 seulement 60 m\u00e8tres de la plage affili\u00e9e. Grand jardin et piscine sur\u00e9lev\u00e9e, bain \u00e0 remous et parking.\",\"breadcrumb\":{\"@id\":\"https:\\\/\\\/www.cesenaticohotel.com\\\/fr\\\/hotels\\\/hotel-verona#breadcrumb\"},\"inLanguage\":\"fr-FR\",\"potentialAction\":[{\"@type\":\"ReadAction\",\"target\":[\"https:\\\/\\\/www.cesenaticohotel.com\\\/fr\\\/hotels\\\/hotel-verona\"]}]},{\"@type\":\"BreadcrumbList\",\"@id\":\"https:\\\/\\\/www.cesenaticohotel.com\\\/fr\\\/hotels\\\/hotel-verona#breadcrumb\",\"itemListElement\":[{\"@type\":\"ListItem\",\"position\":1,\"name\":\"Home\",\"item\":\"https:\\\/\\\/www.cesenaticohotel.com\\\/fr\"},{\"@type\":\"ListItem\",\"position\":2,\"name\":\"H\u00f4tel\",\"item\":\"https:\\\/\\\/www.cesenaticohotel.com\\\/fr\\\/hotels\"},{\"@type\":\"ListItem\",\"position\":3,\"name\":\"H\u00f4tel Verona\"}]},{\"@type\":\"WebSite\",\"@id\":\"https:\\\/\\\/www.cesenaticohotel.com\\\/fr\\\/#website\",\"url\":\"https:\\\/\\\/www.cesenaticohotel.com\\\/fr\\\/\",\"name\":\"Cesenatico Hotel\",\"description\":\"\",\"publisher\":{\"@id\":\"https:\\\/\\\/www.cesenaticohotel.com\\\/fr\\\/#organization\"},\"potentialAction\":[{\"@type\":\"SearchAction\",\"target\":{\"@type\":\"EntryPoint\",\"urlTemplate\":\"https:\\\/\\\/www.cesenaticohotel.com\\\/fr\\\/?s={search_term_string}\"},\"query-input\":{\"@type\":\"PropertyValueSpecification\",\"valueRequired\":true,\"valueName\":\"search_term_string\"}}],\"inLanguage\":\"fr-FR\"},{\"@type\":\"Organization\",\"@id\":\"https:\\\/\\\/www.cesenaticohotel.com\\\/fr\\\/#organization\",\"name\":\"Cesenatico Hotel\",\"url\":\"https:\\\/\\\/www.cesenaticohotel.com\\\/fr\\\/\",\"logo\":{\"@type\":\"ImageObject\",\"inLanguage\":\"fr-FR\",\"@id\":\"https:\\\/\\\/www.cesenaticohotel.com\\\/fr\\\/#\\\/schema\\\/logo\\\/image\\\/\",\"url\":\"https:\\\/\\\/www.cesenaticohotel.com\\\/wp-content\\\/uploads\\\/2023\\\/05\\\/logo-organizzazione.jpg\",\"contentUrl\":\"https:\\\/\\\/www.cesenaticohotel.com\\\/wp-content\\\/uploads\\\/2023\\\/05\\\/logo-organizzazione.jpg\",\"width\":696,\"height\":696,\"caption\":\"Cesenatico Hotel\"},\"image\":{\"@id\":\"https:\\\/\\\/www.cesenaticohotel.com\\\/fr\\\/#\\\/schema\\\/logo\\\/image\\\/\"}}]}<\/script>\n<!-- \/ Yoast SEO plugin. -->","yoast_head_json":{"title":"H\u00f4tel Verona*** \u00e0 Cesenatico: h\u00f4tel pour couples et familles","description":"L'H\u00f4tel Verona est \u00e0 seulement 60 m\u00e8tres de la plage affili\u00e9e. Grand jardin et piscine sur\u00e9lev\u00e9e, bain \u00e0 remous et parking.","robots":{"index":"index","follow":"follow","max-snippet":"max-snippet:-1","max-image-preview":"max-image-preview:large","max-video-preview":"max-video-preview:-1"},"canonical":"https:\/\/www.cesenaticohotel.com\/fr\/hotels\/hotel-verona","og_locale":"fr_FR","og_type":"article","og_title":"H\u00f4tel Verona*** \u00e0 Cesenatico: h\u00f4tel pour couples et familles","og_description":"L'H\u00f4tel Verona est \u00e0 seulement 60 m\u00e8tres de la plage affili\u00e9e. Grand jardin et piscine sur\u00e9lev\u00e9e, bain \u00e0 remous et parking.","og_url":"https:\/\/www.cesenaticohotel.com\/fr\/hotels\/hotel-verona","og_site_name":"Cesenatico Hotel","article_modified_time":"2023-08-22T07:06:42+00:00","og_image":[{"width":1200,"height":675,"url":"https:\/\/www.cesenaticohotel.com\/wp-content\/uploads\/2023\/05\/immagine-sito.jpg","type":"image\/jpeg"}],"twitter_card":"summary_large_image","twitter_misc":{"Dur\u00e9e de lecture estim\u00e9e":"1 minute"},"schema":{"@context":"https:\/\/schema.org","@graph":[{"@type":"WebPage","@id":"https:\/\/www.cesenaticohotel.com\/fr\/hotels\/hotel-verona","url":"https:\/\/www.cesenaticohotel.com\/fr\/hotels\/hotel-verona","name":"H\u00f4tel Verona*** \u00e0 Cesenatico: h\u00f4tel pour couples et familles","isPartOf":{"@id":"https:\/\/www.cesenaticohotel.com\/fr\/#website"},"datePublished":"2023-04-19T14:53:37+00:00","dateModified":"2023-08-22T07:06:42+00:00","description":"L'H\u00f4tel Verona est \u00e0 seulement 60 m\u00e8tres de la plage affili\u00e9e. Grand jardin et piscine sur\u00e9lev\u00e9e, bain \u00e0 remous et parking.","breadcrumb":{"@id":"https:\/\/www.cesenaticohotel.com\/fr\/hotels\/hotel-verona#breadcrumb"},"inLanguage":"fr-FR","potentialAction":[{"@type":"ReadAction","target":["https:\/\/www.cesenaticohotel.com\/fr\/hotels\/hotel-verona"]}]},{"@type":"BreadcrumbList","@id":"https:\/\/www.cesenaticohotel.com\/fr\/hotels\/hotel-verona#breadcrumb","itemListElement":[{"@type":"ListItem","position":1,"name":"Home","item":"https:\/\/www.cesenaticohotel.com\/fr"},{"@type":"ListItem","position":2,"name":"H\u00f4tel","item":"https:\/\/www.cesenaticohotel.com\/fr\/hotels"},{"@type":"ListItem","position":3,"name":"H\u00f4tel Verona"}]},{"@type":"WebSite","@id":"https:\/\/www.cesenaticohotel.com\/fr\/#website","url":"https:\/\/www.cesenaticohotel.com\/fr\/","name":"Cesenatico Hotel","description":"","publisher":{"@id":"https:\/\/www.cesenaticohotel.com\/fr\/#organization"},"potentialAction":[{"@type":"SearchAction","target":{"@type":"EntryPoint","urlTemplate":"https:\/\/www.cesenaticohotel.com\/fr\/?s={search_term_string}"},"query-input":{"@type":"PropertyValueSpecification","valueRequired":true,"valueName":"search_term_string"}}],"inLanguage":"fr-FR"},{"@type":"Organization","@id":"https:\/\/www.cesenaticohotel.com\/fr\/#organization","name":"Cesenatico Hotel","url":"https:\/\/www.cesenaticohotel.com\/fr\/","logo":{"@type":"ImageObject","inLanguage":"fr-FR","@id":"https:\/\/www.cesenaticohotel.com\/fr\/#\/schema\/logo\/image\/","url":"https:\/\/www.cesenaticohotel.com\/wp-content\/uploads\/2023\/05\/logo-organizzazione.jpg","contentUrl":"https:\/\/www.cesenaticohotel.com\/wp-content\/uploads\/2023\/05\/logo-organizzazione.jpg","width":696,"height":696,"caption":"Cesenatico Hotel"},"image":{"@id":"https:\/\/www.cesenaticohotel.com\/fr\/#\/schema\/logo\/image\/"}}]}},"_links":{"self":[{"href":"https:\/\/www.cesenaticohotel.com\/fr\/wp-json\/wp\/v2\/pages\/443","targetHints":{"allow":["GET"]}}],"collection":[{"href":"https:\/\/www.cesenaticohotel.com\/fr\/wp-json\/wp\/v2\/pages"}],"about":[{"href":"https:\/\/www.cesenaticohotel.com\/fr\/wp-json\/wp\/v2\/types\/page"}],"author":[{"embeddable":true,"href":"https:\/\/www.cesenaticohotel.com\/fr\/wp-json\/wp\/v2\/users\/1"}],"replies":[{"embeddable":true,"href":"https:\/\/www.cesenaticohotel.com\/fr\/wp-json\/wp\/v2\/comments?post=443"}],"version-history":[{"count":3,"href":"https:\/\/www.cesenaticohotel.com\/fr\/wp-json\/wp\/v2\/pages\/443\/revisions"}],"predecessor-version":[{"id":5672,"href":"https:\/\/www.cesenaticohotel.com\/fr\/wp-json\/wp\/v2\/pages\/443\/revisions\/5672"}],"up":[{"embeddable":true,"href":"https:\/\/www.cesenaticohotel.com\/fr\/wp-json\/wp\/v2\/pages\/513"}],"wp:attachment":[{"href":"https:\/\/www.cesenaticohotel.com\/fr\/wp-json\/wp\/v2\/media?parent=443"}],"curies":[{"name":"wp","href":"https:\/\/api.w.org\/{rel}","templated":true}]}}