{"id":451,"date":"2023-04-19T17:02:32","date_gmt":"2023-04-19T15:02:32","guid":{"rendered":"https:\/\/www.cesenaticohotel.com\/hotel\/hotel-acacia"},"modified":"2023-08-22T09:06:44","modified_gmt":"2023-08-22T07:06:44","slug":"hotel-acacia","status":"publish","type":"page","link":"https:\/\/www.cesenaticohotel.com\/fr\/hotels\/hotel-acacia","title":{"rendered":"H\u00f4tel Acacia"},"content":{"rendered":"\n<p>L&#039;<b>H\u00f4tel Acacia \u00e0 Villamarina di Cesenatico<\/b> b\u00e9n\u00e9ficie d&#039;une situation id\u00e9ale \u00e0 <b>100 m\u00e8tres de la plage<\/b> affili\u00e9e, avec un <b>parasol et deux chaises longues en formule tout compris<\/b>, et \u00e0 proximit\u00e9 de la zone pi\u00e9tonne avec des magasins, des bars et des services.<\/p>\n\n\n\n<!--more-->\n\n\n\n<p>Dans l&#039;h\u00f4tel, vous trouverez <b>une grande piscine avec solarium et espace pour les enfants<\/b>, ainsi qu&#039;un espace bien-\u00eatre comprenant une petite <b>salle de sport<\/b> avec des \u00e9quipements Technogym, un <b>sauna<\/b> finlandais et une <b>salle de massages<\/b>. L&#039;Acacia est \u00e9galement un h\u00f4tel offrant <b>des services aux sportifs et aux cyclistes<\/b>, tels qu&#039;un local \u00e0 v\u00e9los s\u00e9curis\u00e9, un service de location de v\u00e9los, un petit-d\u00e9jeuner renforc\u00e9 et des repas \u00e0 horaires flexibles, des excursions organis\u00e9es \u00e0 v\u00e9lo et des randonn\u00e9es.<\/p>\n\n\n\n<p>Vous pourrez laisser votre voiture dans le <b>parking int\u00e9rieur gratuit<\/b> et profiter en toute tranquillit\u00e9 de votre repos bien m\u00e9rit\u00e9 ou de vos vacances actives, en partant directement depuis l&#039;h\u00f4tel.<\/p>\n\n\n\n<p>Si vous voyagez avec vos enfants, vous trouverez des <b>services pour b\u00e9b\u00e9s<\/b> dans la chambre et la salle \u00e0 manger, un <b>menu pour enfants \u00e0 horaires flexibles, des animations et des divertissements<\/b> pour les petits et les adultes.<\/p>\n\n\n\n<p>La <b>cuisine<\/b> est soigneusement pr\u00e9par\u00e9e, avec des plats et des recettes de la tradition romagnole et des produits de grande qualit\u00e9. Le copieux <b>petit-d\u00e9jeuner buffet <\/b>propose une vari\u00e9t\u00e9 de propositions sucr\u00e9es et sal\u00e9es; le <b>d\u00e9jeuner<\/b> et le<b> d\u00eener<\/b> sont servis \u00e0 table, avec trois menus au choix, toujours avec viande et poisson, un buffet de l\u00e9gumes et des desserts. Pour les enfants, des menus sp\u00e9ciaux sont pr\u00e9par\u00e9s, avec des horaires flexibles. Sur demande, le personnel de cuisine est disponible pour pr\u00e9parer des <b>plats personnalis\u00e9s pour les personnes intol\u00e9rantes<\/b>.<\/p>\n","protected":false},"excerpt":{"rendered":"<p>L&#039;H\u00f4tel Acacia \u00e0 Villamarina di Cesenatico b\u00e9n\u00e9ficie d&#039;une situation id\u00e9ale \u00e0 100 m\u00e8tres de la plage affili\u00e9e, avec un parasol et deux chaises longues en formule tout compris, et \u00e0 proximit\u00e9 de la zone pi\u00e9tonne avec des magasins, des bars et des services.<\/p>\n","protected":false},"author":1,"featured_media":0,"parent":513,"menu_order":0,"comment_status":"closed","ping_status":"closed","template":"page-templates\/scheda_hotel.php","meta":{"_acf_changed":false,"inline_featured_image":false,"footnotes":""},"class_list":["post-451","page","type-page","status-publish","hentry"],"acf":[],"yoast_head":"<!-- This site is optimized with the Yoast SEO plugin v27.0 - https:\/\/yoast.com\/product\/yoast-seo-wordpress\/ -->\n<title>H\u00f4tel Acacia*** \u00e0 Cesenatico: h\u00f4tel pour sportifs et familles<\/title>\n<meta name=\"description\" content=\"L&#039;H\u00f4tel Acacia de Cesenatico est situ\u00e9 \u00e0 100 m\u00e8tres de la plage, avec une grande piscine et solarium, un centre de bien-\u00eatre et des services pour les cyclistes.\" \/>\n<meta name=\"robots\" content=\"index, follow, max-snippet:-1, max-image-preview:large, max-video-preview:-1\" \/>\n<link rel=\"canonical\" href=\"https:\/\/www.cesenaticohotel.com\/fr\/hotels\/hotel-acacia\" \/>\n<meta property=\"og:locale\" content=\"fr_FR\" \/>\n<meta property=\"og:type\" content=\"article\" \/>\n<meta property=\"og:title\" content=\"H\u00f4tel Acacia*** \u00e0 Cesenatico: h\u00f4tel pour sportifs et familles\" \/>\n<meta property=\"og:description\" content=\"L&#039;H\u00f4tel Acacia de Cesenatico est situ\u00e9 \u00e0 100 m\u00e8tres de la plage, avec une grande piscine et solarium, un centre de bien-\u00eatre et des services pour les cyclistes.\" \/>\n<meta property=\"og:url\" content=\"https:\/\/www.cesenaticohotel.com\/fr\/hotels\/hotel-acacia\" \/>\n<meta property=\"og:site_name\" content=\"Cesenatico Hotel\" \/>\n<meta property=\"article:modified_time\" content=\"2023-08-22T07:06:44+00:00\" \/>\n<meta property=\"og:image\" content=\"https:\/\/www.cesenaticohotel.com\/wp-content\/uploads\/2023\/05\/immagine-sito.jpg\" \/>\n\t<meta property=\"og:image:width\" content=\"1200\" \/>\n\t<meta property=\"og:image:height\" content=\"675\" \/>\n\t<meta property=\"og:image:type\" content=\"image\/jpeg\" \/>\n<meta name=\"twitter:card\" content=\"summary_large_image\" \/>\n<meta name=\"twitter:label1\" content=\"Dur\u00e9e de lecture estim\u00e9e\" \/>\n\t<meta name=\"twitter:data1\" content=\"2 minutes\" \/>\n<script type=\"application\/ld+json\" class=\"yoast-schema-graph\">{\"@context\":\"https:\/\/schema.org\",\"@graph\":[{\"@type\":\"WebPage\",\"@id\":\"https:\/\/www.cesenaticohotel.com\/fr\/hotels\/hotel-acacia\",\"url\":\"https:\/\/www.cesenaticohotel.com\/fr\/hotels\/hotel-acacia\",\"name\":\"H\u00f4tel Acacia*** \u00e0 Cesenatico: h\u00f4tel pour sportifs et familles\",\"isPartOf\":{\"@id\":\"https:\/\/www.cesenaticohotel.com\/fr\/#website\"},\"datePublished\":\"2023-04-19T15:02:32+00:00\",\"dateModified\":\"2023-08-22T07:06:44+00:00\",\"description\":\"L'H\u00f4tel Acacia de Cesenatico est situ\u00e9 \u00e0 100 m\u00e8tres de la plage, avec une grande piscine et solarium, un centre de bien-\u00eatre et des services pour les cyclistes.\",\"breadcrumb\":{\"@id\":\"https:\/\/www.cesenaticohotel.com\/fr\/hotels\/hotel-acacia#breadcrumb\"},\"inLanguage\":\"fr-FR\",\"potentialAction\":[{\"@type\":\"ReadAction\",\"target\":[\"https:\/\/www.cesenaticohotel.com\/fr\/hotels\/hotel-acacia\"]}]},{\"@type\":\"BreadcrumbList\",\"@id\":\"https:\/\/www.cesenaticohotel.com\/fr\/hotels\/hotel-acacia#breadcrumb\",\"itemListElement\":[{\"@type\":\"ListItem\",\"position\":1,\"name\":\"Home\",\"item\":\"https:\/\/www.cesenaticohotel.com\/fr\"},{\"@type\":\"ListItem\",\"position\":2,\"name\":\"H\u00f4tel\",\"item\":\"https:\/\/www.cesenaticohotel.com\/fr\/hotels\"},{\"@type\":\"ListItem\",\"position\":3,\"name\":\"H\u00f4tel Acacia\"}]},{\"@type\":\"WebSite\",\"@id\":\"https:\/\/www.cesenaticohotel.com\/fr\/#website\",\"url\":\"https:\/\/www.cesenaticohotel.com\/fr\/\",\"name\":\"Cesenatico Hotel\",\"description\":\"\",\"publisher\":{\"@id\":\"https:\/\/www.cesenaticohotel.com\/fr\/#organization\"},\"potentialAction\":[{\"@type\":\"SearchAction\",\"target\":{\"@type\":\"EntryPoint\",\"urlTemplate\":\"https:\/\/www.cesenaticohotel.com\/fr\/?s={search_term_string}\"},\"query-input\":{\"@type\":\"PropertyValueSpecification\",\"valueRequired\":true,\"valueName\":\"search_term_string\"}}],\"inLanguage\":\"fr-FR\"},{\"@type\":\"Organization\",\"@id\":\"https:\/\/www.cesenaticohotel.com\/fr\/#organization\",\"name\":\"Cesenatico Hotel\",\"url\":\"https:\/\/www.cesenaticohotel.com\/fr\/\",\"logo\":{\"@type\":\"ImageObject\",\"inLanguage\":\"fr-FR\",\"@id\":\"https:\/\/www.cesenaticohotel.com\/fr\/#\/schema\/logo\/image\/\",\"url\":\"https:\/\/www.cesenaticohotel.com\/wp-content\/uploads\/2023\/05\/logo-organizzazione.jpg\",\"contentUrl\":\"https:\/\/www.cesenaticohotel.com\/wp-content\/uploads\/2023\/05\/logo-organizzazione.jpg\",\"width\":696,\"height\":696,\"caption\":\"Cesenatico Hotel\"},\"image\":{\"@id\":\"https:\/\/www.cesenaticohotel.com\/fr\/#\/schema\/logo\/image\/\"}}]}<\/script>\n<!-- \/ Yoast SEO plugin. -->","yoast_head_json":{"title":"H\u00f4tel Acacia*** \u00e0 Cesenatico: h\u00f4tel pour sportifs et familles","description":"L'H\u00f4tel Acacia de Cesenatico est situ\u00e9 \u00e0 100 m\u00e8tres de la plage, avec une grande piscine et solarium, un centre de bien-\u00eatre et des services pour les cyclistes.","robots":{"index":"index","follow":"follow","max-snippet":"max-snippet:-1","max-image-preview":"max-image-preview:large","max-video-preview":"max-video-preview:-1"},"canonical":"https:\/\/www.cesenaticohotel.com\/fr\/hotels\/hotel-acacia","og_locale":"fr_FR","og_type":"article","og_title":"H\u00f4tel Acacia*** \u00e0 Cesenatico: h\u00f4tel pour sportifs et familles","og_description":"L'H\u00f4tel Acacia de Cesenatico est situ\u00e9 \u00e0 100 m\u00e8tres de la plage, avec une grande piscine et solarium, un centre de bien-\u00eatre et des services pour les cyclistes.","og_url":"https:\/\/www.cesenaticohotel.com\/fr\/hotels\/hotel-acacia","og_site_name":"Cesenatico Hotel","article_modified_time":"2023-08-22T07:06:44+00:00","og_image":[{"width":1200,"height":675,"url":"https:\/\/www.cesenaticohotel.com\/wp-content\/uploads\/2023\/05\/immagine-sito.jpg","type":"image\/jpeg"}],"twitter_card":"summary_large_image","twitter_misc":{"Dur\u00e9e de lecture estim\u00e9e":"2 minutes"},"schema":{"@context":"https:\/\/schema.org","@graph":[{"@type":"WebPage","@id":"https:\/\/www.cesenaticohotel.com\/fr\/hotels\/hotel-acacia","url":"https:\/\/www.cesenaticohotel.com\/fr\/hotels\/hotel-acacia","name":"H\u00f4tel Acacia*** \u00e0 Cesenatico: h\u00f4tel pour sportifs et familles","isPartOf":{"@id":"https:\/\/www.cesenaticohotel.com\/fr\/#website"},"datePublished":"2023-04-19T15:02:32+00:00","dateModified":"2023-08-22T07:06:44+00:00","description":"L'H\u00f4tel Acacia de Cesenatico est situ\u00e9 \u00e0 100 m\u00e8tres de la plage, avec une grande piscine et solarium, un centre de bien-\u00eatre et des services pour les cyclistes.","breadcrumb":{"@id":"https:\/\/www.cesenaticohotel.com\/fr\/hotels\/hotel-acacia#breadcrumb"},"inLanguage":"fr-FR","potentialAction":[{"@type":"ReadAction","target":["https:\/\/www.cesenaticohotel.com\/fr\/hotels\/hotel-acacia"]}]},{"@type":"BreadcrumbList","@id":"https:\/\/www.cesenaticohotel.com\/fr\/hotels\/hotel-acacia#breadcrumb","itemListElement":[{"@type":"ListItem","position":1,"name":"Home","item":"https:\/\/www.cesenaticohotel.com\/fr"},{"@type":"ListItem","position":2,"name":"H\u00f4tel","item":"https:\/\/www.cesenaticohotel.com\/fr\/hotels"},{"@type":"ListItem","position":3,"name":"H\u00f4tel Acacia"}]},{"@type":"WebSite","@id":"https:\/\/www.cesenaticohotel.com\/fr\/#website","url":"https:\/\/www.cesenaticohotel.com\/fr\/","name":"Cesenatico Hotel","description":"","publisher":{"@id":"https:\/\/www.cesenaticohotel.com\/fr\/#organization"},"potentialAction":[{"@type":"SearchAction","target":{"@type":"EntryPoint","urlTemplate":"https:\/\/www.cesenaticohotel.com\/fr\/?s={search_term_string}"},"query-input":{"@type":"PropertyValueSpecification","valueRequired":true,"valueName":"search_term_string"}}],"inLanguage":"fr-FR"},{"@type":"Organization","@id":"https:\/\/www.cesenaticohotel.com\/fr\/#organization","name":"Cesenatico Hotel","url":"https:\/\/www.cesenaticohotel.com\/fr\/","logo":{"@type":"ImageObject","inLanguage":"fr-FR","@id":"https:\/\/www.cesenaticohotel.com\/fr\/#\/schema\/logo\/image\/","url":"https:\/\/www.cesenaticohotel.com\/wp-content\/uploads\/2023\/05\/logo-organizzazione.jpg","contentUrl":"https:\/\/www.cesenaticohotel.com\/wp-content\/uploads\/2023\/05\/logo-organizzazione.jpg","width":696,"height":696,"caption":"Cesenatico Hotel"},"image":{"@id":"https:\/\/www.cesenaticohotel.com\/fr\/#\/schema\/logo\/image\/"}}]}},"_links":{"self":[{"href":"https:\/\/www.cesenaticohotel.com\/fr\/wp-json\/wp\/v2\/pages\/451","targetHints":{"allow":["GET"]}}],"collection":[{"href":"https:\/\/www.cesenaticohotel.com\/fr\/wp-json\/wp\/v2\/pages"}],"about":[{"href":"https:\/\/www.cesenaticohotel.com\/fr\/wp-json\/wp\/v2\/types\/page"}],"author":[{"embeddable":true,"href":"https:\/\/www.cesenaticohotel.com\/fr\/wp-json\/wp\/v2\/users\/1"}],"replies":[{"embeddable":true,"href":"https:\/\/www.cesenaticohotel.com\/fr\/wp-json\/wp\/v2\/comments?post=451"}],"version-history":[{"count":3,"href":"https:\/\/www.cesenaticohotel.com\/fr\/wp-json\/wp\/v2\/pages\/451\/revisions"}],"predecessor-version":[{"id":5674,"href":"https:\/\/www.cesenaticohotel.com\/fr\/wp-json\/wp\/v2\/pages\/451\/revisions\/5674"}],"up":[{"embeddable":true,"href":"https:\/\/www.cesenaticohotel.com\/fr\/wp-json\/wp\/v2\/pages\/513"}],"wp:attachment":[{"href":"https:\/\/www.cesenaticohotel.com\/fr\/wp-json\/wp\/v2\/media?parent=451"}],"curies":[{"name":"wp","href":"https:\/\/api.w.org\/{rel}","templated":true}]}}