{"id":493,"date":"2023-04-20T16:33:27","date_gmt":"2023-04-20T14:33:27","guid":{"rendered":"https:\/\/www.cesenaticohotel.com\/automne"},"modified":"2023-08-22T09:06:55","modified_gmt":"2023-08-22T07:06:55","slug":"automne","status":"publish","type":"page","link":"https:\/\/www.cesenaticohotel.com\/fr\/offres-cesenatico\/automne","title":{"rendered":"Automne"},"content":{"rendered":"\n<p><b>Il y a toujours quelque chose \u00e0 faire \u00e0 Cesenatico toute l&#039;ann\u00e9e<\/b>: en automne, vous pouvez explorer la r\u00e9gion, d\u00e9guster le meilleur de la cuisine et du vin local lors des nombreuses f\u00eates et foires, faire de longues promenades sur la plage et faire du v\u00e9lo sur les nombreux itin\u00e9raires cyclotouristiques de l&#039;arri\u00e8re-pays. D\u00e9couvrez les <b>offres des h\u00f4tels de Cesenatico<\/b> pour vos vacances d&#039;automne!<\/p>\n","protected":false},"excerpt":{"rendered":"<p>Il y a toujours quelque chose \u00e0 faire \u00e0 Cesenatico toute l&#039;ann\u00e9e: en automne, vous pouvez explorer la r\u00e9gion, d\u00e9guster le meilleur de la cuisine et du vin local lors des nombreuses f\u00eates et foires, faire de longues promenades sur la plage et faire du v\u00e9lo sur les nombreux itin\u00e9raires cyclotouristiques de l&#039;arri\u00e8re-pays. D\u00e9couvrez les &hellip;<\/p>\n","protected":false},"author":1,"featured_media":0,"parent":523,"menu_order":0,"comment_status":"closed","ping_status":"closed","template":"page-templates\/offerte_periodo.php","meta":{"_acf_changed":false,"inline_featured_image":false,"footnotes":""},"class_list":["post-493","page","type-page","status-publish","hentry"],"acf":[],"yoast_head":"<!-- This site is optimized with the Yoast SEO plugin v27.0 - https:\/\/yoast.com\/product\/yoast-seo-wordpress\/ -->\n<title>Les meilleures offres automnales pour vos vacances \u00e0 Cesenatico<\/title>\n<meta name=\"description\" content=\"La Romagne en automne regorge de festivals et de f\u00eates, et son territoire offre des paysages \u00e0 couper le souffle. R\u00e9servez vos vacances avec des services sur mesure!\" \/>\n<meta name=\"robots\" content=\"index, follow, max-snippet:-1, max-image-preview:large, max-video-preview:-1\" \/>\n<link rel=\"canonical\" href=\"https:\/\/www.cesenaticohotel.com\/fr\/offres-cesenatico\/automne\" \/>\n<meta property=\"og:locale\" content=\"fr_FR\" \/>\n<meta property=\"og:type\" content=\"article\" \/>\n<meta property=\"og:title\" content=\"Les meilleures offres automnales pour vos vacances \u00e0 Cesenatico\" \/>\n<meta property=\"og:description\" content=\"La Romagne en automne regorge de festivals et de f\u00eates, et son territoire offre des paysages \u00e0 couper le souffle. R\u00e9servez vos vacances avec des services sur mesure!\" \/>\n<meta property=\"og:url\" content=\"https:\/\/www.cesenaticohotel.com\/fr\/offres-cesenatico\/automne\" \/>\n<meta property=\"og:site_name\" content=\"Cesenatico Hotel\" \/>\n<meta property=\"article:modified_time\" content=\"2023-08-22T07:06:55+00:00\" \/>\n<meta property=\"og:image\" content=\"https:\/\/www.cesenaticohotel.com\/wp-content\/uploads\/2023\/05\/immagine-sito.jpg\" \/>\n\t<meta property=\"og:image:width\" content=\"1200\" \/>\n\t<meta property=\"og:image:height\" content=\"675\" \/>\n\t<meta property=\"og:image:type\" content=\"image\/jpeg\" \/>\n<meta name=\"twitter:card\" content=\"summary_large_image\" \/>\n<script type=\"application\/ld+json\" class=\"yoast-schema-graph\">{\"@context\":\"https:\/\/schema.org\",\"@graph\":[{\"@type\":\"WebPage\",\"@id\":\"https:\/\/www.cesenaticohotel.com\/fr\/offres-cesenatico\/automne\",\"url\":\"https:\/\/www.cesenaticohotel.com\/fr\/offres-cesenatico\/automne\",\"name\":\"Les meilleures offres automnales pour vos vacances \u00e0 Cesenatico\",\"isPartOf\":{\"@id\":\"https:\/\/www.cesenaticohotel.com\/fr\/#website\"},\"datePublished\":\"2023-04-20T14:33:27+00:00\",\"dateModified\":\"2023-08-22T07:06:55+00:00\",\"description\":\"La Romagne en automne regorge de festivals et de f\u00eates, et son territoire offre des paysages \u00e0 couper le souffle. R\u00e9servez vos vacances avec des services sur mesure!\",\"breadcrumb\":{\"@id\":\"https:\/\/www.cesenaticohotel.com\/fr\/offres-cesenatico\/automne#breadcrumb\"},\"inLanguage\":\"fr-FR\",\"potentialAction\":[{\"@type\":\"ReadAction\",\"target\":[\"https:\/\/www.cesenaticohotel.com\/fr\/offres-cesenatico\/automne\"]}]},{\"@type\":\"BreadcrumbList\",\"@id\":\"https:\/\/www.cesenaticohotel.com\/fr\/offres-cesenatico\/automne#breadcrumb\",\"itemListElement\":[{\"@type\":\"ListItem\",\"position\":1,\"name\":\"Home\",\"item\":\"https:\/\/www.cesenaticohotel.com\/fr\"},{\"@type\":\"ListItem\",\"position\":2,\"name\":\"Offres\",\"item\":\"https:\/\/www.cesenaticohotel.com\/fr\/offres-cesenatico\"},{\"@type\":\"ListItem\",\"position\":3,\"name\":\"Automne\"}]},{\"@type\":\"WebSite\",\"@id\":\"https:\/\/www.cesenaticohotel.com\/fr\/#website\",\"url\":\"https:\/\/www.cesenaticohotel.com\/fr\/\",\"name\":\"Cesenatico Hotel\",\"description\":\"\",\"publisher\":{\"@id\":\"https:\/\/www.cesenaticohotel.com\/fr\/#organization\"},\"potentialAction\":[{\"@type\":\"SearchAction\",\"target\":{\"@type\":\"EntryPoint\",\"urlTemplate\":\"https:\/\/www.cesenaticohotel.com\/fr\/?s={search_term_string}\"},\"query-input\":{\"@type\":\"PropertyValueSpecification\",\"valueRequired\":true,\"valueName\":\"search_term_string\"}}],\"inLanguage\":\"fr-FR\"},{\"@type\":\"Organization\",\"@id\":\"https:\/\/www.cesenaticohotel.com\/fr\/#organization\",\"name\":\"Cesenatico Hotel\",\"url\":\"https:\/\/www.cesenaticohotel.com\/fr\/\",\"logo\":{\"@type\":\"ImageObject\",\"inLanguage\":\"fr-FR\",\"@id\":\"https:\/\/www.cesenaticohotel.com\/fr\/#\/schema\/logo\/image\/\",\"url\":\"https:\/\/www.cesenaticohotel.com\/wp-content\/uploads\/2023\/05\/logo-organizzazione.jpg\",\"contentUrl\":\"https:\/\/www.cesenaticohotel.com\/wp-content\/uploads\/2023\/05\/logo-organizzazione.jpg\",\"width\":696,\"height\":696,\"caption\":\"Cesenatico Hotel\"},\"image\":{\"@id\":\"https:\/\/www.cesenaticohotel.com\/fr\/#\/schema\/logo\/image\/\"}}]}<\/script>\n<!-- \/ Yoast SEO plugin. -->","yoast_head_json":{"title":"Les meilleures offres automnales pour vos vacances \u00e0 Cesenatico","description":"La Romagne en automne regorge de festivals et de f\u00eates, et son territoire offre des paysages \u00e0 couper le souffle. R\u00e9servez vos vacances avec des services sur mesure!","robots":{"index":"index","follow":"follow","max-snippet":"max-snippet:-1","max-image-preview":"max-image-preview:large","max-video-preview":"max-video-preview:-1"},"canonical":"https:\/\/www.cesenaticohotel.com\/fr\/offres-cesenatico\/automne","og_locale":"fr_FR","og_type":"article","og_title":"Les meilleures offres automnales pour vos vacances \u00e0 Cesenatico","og_description":"La Romagne en automne regorge de festivals et de f\u00eates, et son territoire offre des paysages \u00e0 couper le souffle. R\u00e9servez vos vacances avec des services sur mesure!","og_url":"https:\/\/www.cesenaticohotel.com\/fr\/offres-cesenatico\/automne","og_site_name":"Cesenatico Hotel","article_modified_time":"2023-08-22T07:06:55+00:00","og_image":[{"width":1200,"height":675,"url":"https:\/\/www.cesenaticohotel.com\/wp-content\/uploads\/2023\/05\/immagine-sito.jpg","type":"image\/jpeg"}],"twitter_card":"summary_large_image","schema":{"@context":"https:\/\/schema.org","@graph":[{"@type":"WebPage","@id":"https:\/\/www.cesenaticohotel.com\/fr\/offres-cesenatico\/automne","url":"https:\/\/www.cesenaticohotel.com\/fr\/offres-cesenatico\/automne","name":"Les meilleures offres automnales pour vos vacances \u00e0 Cesenatico","isPartOf":{"@id":"https:\/\/www.cesenaticohotel.com\/fr\/#website"},"datePublished":"2023-04-20T14:33:27+00:00","dateModified":"2023-08-22T07:06:55+00:00","description":"La Romagne en automne regorge de festivals et de f\u00eates, et son territoire offre des paysages \u00e0 couper le souffle. R\u00e9servez vos vacances avec des services sur mesure!","breadcrumb":{"@id":"https:\/\/www.cesenaticohotel.com\/fr\/offres-cesenatico\/automne#breadcrumb"},"inLanguage":"fr-FR","potentialAction":[{"@type":"ReadAction","target":["https:\/\/www.cesenaticohotel.com\/fr\/offres-cesenatico\/automne"]}]},{"@type":"BreadcrumbList","@id":"https:\/\/www.cesenaticohotel.com\/fr\/offres-cesenatico\/automne#breadcrumb","itemListElement":[{"@type":"ListItem","position":1,"name":"Home","item":"https:\/\/www.cesenaticohotel.com\/fr"},{"@type":"ListItem","position":2,"name":"Offres","item":"https:\/\/www.cesenaticohotel.com\/fr\/offres-cesenatico"},{"@type":"ListItem","position":3,"name":"Automne"}]},{"@type":"WebSite","@id":"https:\/\/www.cesenaticohotel.com\/fr\/#website","url":"https:\/\/www.cesenaticohotel.com\/fr\/","name":"Cesenatico Hotel","description":"","publisher":{"@id":"https:\/\/www.cesenaticohotel.com\/fr\/#organization"},"potentialAction":[{"@type":"SearchAction","target":{"@type":"EntryPoint","urlTemplate":"https:\/\/www.cesenaticohotel.com\/fr\/?s={search_term_string}"},"query-input":{"@type":"PropertyValueSpecification","valueRequired":true,"valueName":"search_term_string"}}],"inLanguage":"fr-FR"},{"@type":"Organization","@id":"https:\/\/www.cesenaticohotel.com\/fr\/#organization","name":"Cesenatico Hotel","url":"https:\/\/www.cesenaticohotel.com\/fr\/","logo":{"@type":"ImageObject","inLanguage":"fr-FR","@id":"https:\/\/www.cesenaticohotel.com\/fr\/#\/schema\/logo\/image\/","url":"https:\/\/www.cesenaticohotel.com\/wp-content\/uploads\/2023\/05\/logo-organizzazione.jpg","contentUrl":"https:\/\/www.cesenaticohotel.com\/wp-content\/uploads\/2023\/05\/logo-organizzazione.jpg","width":696,"height":696,"caption":"Cesenatico Hotel"},"image":{"@id":"https:\/\/www.cesenaticohotel.com\/fr\/#\/schema\/logo\/image\/"}}]}},"_links":{"self":[{"href":"https:\/\/www.cesenaticohotel.com\/fr\/wp-json\/wp\/v2\/pages\/493","targetHints":{"allow":["GET"]}}],"collection":[{"href":"https:\/\/www.cesenaticohotel.com\/fr\/wp-json\/wp\/v2\/pages"}],"about":[{"href":"https:\/\/www.cesenaticohotel.com\/fr\/wp-json\/wp\/v2\/types\/page"}],"author":[{"embeddable":true,"href":"https:\/\/www.cesenaticohotel.com\/fr\/wp-json\/wp\/v2\/users\/1"}],"replies":[{"embeddable":true,"href":"https:\/\/www.cesenaticohotel.com\/fr\/wp-json\/wp\/v2\/comments?post=493"}],"version-history":[{"count":2,"href":"https:\/\/www.cesenaticohotel.com\/fr\/wp-json\/wp\/v2\/pages\/493\/revisions"}],"predecessor-version":[{"id":5690,"href":"https:\/\/www.cesenaticohotel.com\/fr\/wp-json\/wp\/v2\/pages\/493\/revisions\/5690"}],"up":[{"embeddable":true,"href":"https:\/\/www.cesenaticohotel.com\/fr\/wp-json\/wp\/v2\/pages\/523"}],"wp:attachment":[{"href":"https:\/\/www.cesenaticohotel.com\/fr\/wp-json\/wp\/v2\/media?parent=493"}],"curies":[{"name":"wp","href":"https:\/\/api.w.org\/{rel}","templated":true}]}}