{"id":4958,"date":"2023-07-12T16:29:11","date_gmt":"2023-07-12T14:29:11","guid":{"rendered":"https:\/\/www.cesenaticohotel.com\/hotels\/hotel-admiral"},"modified":"2023-08-22T09:08:19","modified_gmt":"2023-08-22T07:08:19","slug":"hotel-admiral","status":"publish","type":"page","link":"https:\/\/www.cesenaticohotel.com\/fr\/hotels\/hotel-admiral","title":{"rendered":"Hotel Admiral"},"content":{"rendered":"\n<p>L&#039;<b>H\u00f4tel Admiral de Cesenatico <\/b>est situ\u00e9 \u00e0 seulement <b>100 m\u00e8tres de la plage<\/b> affili\u00e9e et \u00e0 proximit\u00e9 du <b>Diamanti Beach Village<\/b>, vous permettant ainsi de choisir chaque jour d&#039;aller \u00e0 la mer ou \u00e0 la piscine.<\/p>\n\n\n\n<!--more-->\n\n\n\n<p>Gr\u00e2ce \u00e0 la <b>formule tout compris<\/b>, le service de plage, l&#039;entr\u00e9e \u00e0 la piscine, l&#039;eau pendant les repas et le parking sont inclus. Des <b>v\u00e9los sont disponibles gratuitement<\/b>, y compris des casques et des si\u00e8ges pour les enfants.<\/p>\n\n\n\n<p>Si vous \u00eates en vacances avec vos enfants, vous trouverez une animation sur la plage au Diamanti Beach Village, une <b>aire de jeux<\/b> \u00e0 l&#039;h\u00f4tel et vous pouvez demander des plats personnalis\u00e9s.<\/p>\n\n\n\n<p>La <b>cuisine<\/b> est un moment de f\u00eate pour tous les clients: vous pouvez d\u00e9guster de d\u00e9licieuses p\u00e2tes fra\u00eeches et des desserts faits maison, des plats de viande et de poisson frais, de nombreuses l\u00e9gumes crus et cuits, des hors-d&#039;\u0153uvre savoureux et des petits-d\u00e9jeuners copieux. Le service est sous forme de <b>buffet<\/b>.<\/p>\n","protected":false},"excerpt":{"rendered":"<p>L&#039;H\u00f4tel Admiral de Cesenatico est situ\u00e9 \u00e0 seulement 100 m\u00e8tres de la plage affili\u00e9e et \u00e0 proximit\u00e9 du Diamanti Beach Village, vous permettant ainsi de choisir chaque jour d&#039;aller \u00e0 la mer ou \u00e0 la piscine.<\/p>\n","protected":false},"author":1,"featured_media":0,"parent":513,"menu_order":0,"comment_status":"closed","ping_status":"closed","template":"page-templates\/scheda_hotel.php","meta":{"_acf_changed":false,"inline_featured_image":false,"footnotes":""},"class_list":["post-4958","page","type-page","status-publish","hentry"],"acf":[],"yoast_head":"<!-- This site is optimized with the Yoast SEO plugin v27.6 - https:\/\/yoast.com\/product\/yoast-seo-wordpress\/ -->\n<title>H\u00f4tel Admiral*** \u00e0 Cesenatico: h\u00f4tel pour couples et familles<\/title>\n<meta name=\"description\" content=\"L&#039;H\u00f4tel Admiral de Cesenatico propose des vacances en formule tout compris, service de plage, piscine affili\u00e9e, restaurant interne et parking.\" \/>\n<meta name=\"robots\" content=\"index, follow, max-snippet:-1, max-image-preview:large, max-video-preview:-1\" \/>\n<link rel=\"canonical\" href=\"https:\/\/www.cesenaticohotel.com\/fr\/hotels\/hotel-admiral\" \/>\n<meta property=\"og:locale\" content=\"fr_FR\" \/>\n<meta property=\"og:type\" content=\"article\" \/>\n<meta property=\"og:title\" content=\"H\u00f4tel Admiral*** \u00e0 Cesenatico: h\u00f4tel pour couples et familles\" \/>\n<meta property=\"og:description\" content=\"L&#039;H\u00f4tel Admiral de Cesenatico propose des vacances en formule tout compris, service de plage, piscine affili\u00e9e, restaurant interne et parking.\" \/>\n<meta property=\"og:url\" content=\"https:\/\/www.cesenaticohotel.com\/fr\/hotels\/hotel-admiral\" \/>\n<meta property=\"og:site_name\" content=\"Cesenatico Hotel\" \/>\n<meta property=\"article:modified_time\" content=\"2023-08-22T07:08:19+00:00\" \/>\n<meta property=\"og:image\" content=\"https:\/\/www.cesenaticohotel.com\/wp-content\/uploads\/2023\/05\/immagine-sito.jpg\" \/>\n\t<meta property=\"og:image:width\" content=\"1200\" \/>\n\t<meta property=\"og:image:height\" content=\"675\" \/>\n\t<meta property=\"og:image:type\" content=\"image\/jpeg\" \/>\n<meta name=\"twitter:card\" content=\"summary_large_image\" \/>\n<meta name=\"twitter:label1\" content=\"Dur\u00e9e de lecture estim\u00e9e\" \/>\n\t<meta name=\"twitter:data1\" content=\"1 minute\" \/>\n<script type=\"application\/ld+json\" class=\"yoast-schema-graph\">{\"@context\":\"https:\\\/\\\/schema.org\",\"@graph\":[{\"@type\":\"WebPage\",\"@id\":\"https:\\\/\\\/www.cesenaticohotel.com\\\/fr\\\/hotels\\\/hotel-admiral\",\"url\":\"https:\\\/\\\/www.cesenaticohotel.com\\\/fr\\\/hotels\\\/hotel-admiral\",\"name\":\"H\u00f4tel Admiral*** \u00e0 Cesenatico: h\u00f4tel pour couples et familles\",\"isPartOf\":{\"@id\":\"https:\\\/\\\/www.cesenaticohotel.com\\\/fr\\\/#website\"},\"datePublished\":\"2023-07-12T14:29:11+00:00\",\"dateModified\":\"2023-08-22T07:08:19+00:00\",\"description\":\"L'H\u00f4tel Admiral de Cesenatico propose des vacances en formule tout compris, service de plage, piscine affili\u00e9e, restaurant interne et parking.\",\"breadcrumb\":{\"@id\":\"https:\\\/\\\/www.cesenaticohotel.com\\\/fr\\\/hotels\\\/hotel-admiral#breadcrumb\"},\"inLanguage\":\"fr-FR\",\"potentialAction\":[{\"@type\":\"ReadAction\",\"target\":[\"https:\\\/\\\/www.cesenaticohotel.com\\\/fr\\\/hotels\\\/hotel-admiral\"]}]},{\"@type\":\"BreadcrumbList\",\"@id\":\"https:\\\/\\\/www.cesenaticohotel.com\\\/fr\\\/hotels\\\/hotel-admiral#breadcrumb\",\"itemListElement\":[{\"@type\":\"ListItem\",\"position\":1,\"name\":\"Home\",\"item\":\"https:\\\/\\\/www.cesenaticohotel.com\\\/fr\"},{\"@type\":\"ListItem\",\"position\":2,\"name\":\"H\u00f4tel\",\"item\":\"https:\\\/\\\/www.cesenaticohotel.com\\\/fr\\\/hotels\"},{\"@type\":\"ListItem\",\"position\":3,\"name\":\"Hotel Admiral\"}]},{\"@type\":\"WebSite\",\"@id\":\"https:\\\/\\\/www.cesenaticohotel.com\\\/fr\\\/#website\",\"url\":\"https:\\\/\\\/www.cesenaticohotel.com\\\/fr\\\/\",\"name\":\"Cesenatico Hotel\",\"description\":\"\",\"publisher\":{\"@id\":\"https:\\\/\\\/www.cesenaticohotel.com\\\/fr\\\/#organization\"},\"potentialAction\":[{\"@type\":\"SearchAction\",\"target\":{\"@type\":\"EntryPoint\",\"urlTemplate\":\"https:\\\/\\\/www.cesenaticohotel.com\\\/fr\\\/?s={search_term_string}\"},\"query-input\":{\"@type\":\"PropertyValueSpecification\",\"valueRequired\":true,\"valueName\":\"search_term_string\"}}],\"inLanguage\":\"fr-FR\"},{\"@type\":\"Organization\",\"@id\":\"https:\\\/\\\/www.cesenaticohotel.com\\\/fr\\\/#organization\",\"name\":\"Cesenatico Hotel\",\"url\":\"https:\\\/\\\/www.cesenaticohotel.com\\\/fr\\\/\",\"logo\":{\"@type\":\"ImageObject\",\"inLanguage\":\"fr-FR\",\"@id\":\"https:\\\/\\\/www.cesenaticohotel.com\\\/fr\\\/#\\\/schema\\\/logo\\\/image\\\/\",\"url\":\"https:\\\/\\\/www.cesenaticohotel.com\\\/wp-content\\\/uploads\\\/2023\\\/05\\\/logo-organizzazione.jpg\",\"contentUrl\":\"https:\\\/\\\/www.cesenaticohotel.com\\\/wp-content\\\/uploads\\\/2023\\\/05\\\/logo-organizzazione.jpg\",\"width\":696,\"height\":696,\"caption\":\"Cesenatico Hotel\"},\"image\":{\"@id\":\"https:\\\/\\\/www.cesenaticohotel.com\\\/fr\\\/#\\\/schema\\\/logo\\\/image\\\/\"}}]}<\/script>\n<!-- \/ Yoast SEO plugin. -->","yoast_head_json":{"title":"H\u00f4tel Admiral*** \u00e0 Cesenatico: h\u00f4tel pour couples et familles","description":"L'H\u00f4tel Admiral de Cesenatico propose des vacances en formule tout compris, service de plage, piscine affili\u00e9e, restaurant interne et parking.","robots":{"index":"index","follow":"follow","max-snippet":"max-snippet:-1","max-image-preview":"max-image-preview:large","max-video-preview":"max-video-preview:-1"},"canonical":"https:\/\/www.cesenaticohotel.com\/fr\/hotels\/hotel-admiral","og_locale":"fr_FR","og_type":"article","og_title":"H\u00f4tel Admiral*** \u00e0 Cesenatico: h\u00f4tel pour couples et familles","og_description":"L'H\u00f4tel Admiral de Cesenatico propose des vacances en formule tout compris, service de plage, piscine affili\u00e9e, restaurant interne et parking.","og_url":"https:\/\/www.cesenaticohotel.com\/fr\/hotels\/hotel-admiral","og_site_name":"Cesenatico Hotel","article_modified_time":"2023-08-22T07:08:19+00:00","og_image":[{"width":1200,"height":675,"url":"https:\/\/www.cesenaticohotel.com\/wp-content\/uploads\/2023\/05\/immagine-sito.jpg","type":"image\/jpeg"}],"twitter_card":"summary_large_image","twitter_misc":{"Dur\u00e9e de lecture estim\u00e9e":"1 minute"},"schema":{"@context":"https:\/\/schema.org","@graph":[{"@type":"WebPage","@id":"https:\/\/www.cesenaticohotel.com\/fr\/hotels\/hotel-admiral","url":"https:\/\/www.cesenaticohotel.com\/fr\/hotels\/hotel-admiral","name":"H\u00f4tel Admiral*** \u00e0 Cesenatico: h\u00f4tel pour couples et familles","isPartOf":{"@id":"https:\/\/www.cesenaticohotel.com\/fr\/#website"},"datePublished":"2023-07-12T14:29:11+00:00","dateModified":"2023-08-22T07:08:19+00:00","description":"L'H\u00f4tel Admiral de Cesenatico propose des vacances en formule tout compris, service de plage, piscine affili\u00e9e, restaurant interne et parking.","breadcrumb":{"@id":"https:\/\/www.cesenaticohotel.com\/fr\/hotels\/hotel-admiral#breadcrumb"},"inLanguage":"fr-FR","potentialAction":[{"@type":"ReadAction","target":["https:\/\/www.cesenaticohotel.com\/fr\/hotels\/hotel-admiral"]}]},{"@type":"BreadcrumbList","@id":"https:\/\/www.cesenaticohotel.com\/fr\/hotels\/hotel-admiral#breadcrumb","itemListElement":[{"@type":"ListItem","position":1,"name":"Home","item":"https:\/\/www.cesenaticohotel.com\/fr"},{"@type":"ListItem","position":2,"name":"H\u00f4tel","item":"https:\/\/www.cesenaticohotel.com\/fr\/hotels"},{"@type":"ListItem","position":3,"name":"Hotel Admiral"}]},{"@type":"WebSite","@id":"https:\/\/www.cesenaticohotel.com\/fr\/#website","url":"https:\/\/www.cesenaticohotel.com\/fr\/","name":"Cesenatico Hotel","description":"","publisher":{"@id":"https:\/\/www.cesenaticohotel.com\/fr\/#organization"},"potentialAction":[{"@type":"SearchAction","target":{"@type":"EntryPoint","urlTemplate":"https:\/\/www.cesenaticohotel.com\/fr\/?s={search_term_string}"},"query-input":{"@type":"PropertyValueSpecification","valueRequired":true,"valueName":"search_term_string"}}],"inLanguage":"fr-FR"},{"@type":"Organization","@id":"https:\/\/www.cesenaticohotel.com\/fr\/#organization","name":"Cesenatico Hotel","url":"https:\/\/www.cesenaticohotel.com\/fr\/","logo":{"@type":"ImageObject","inLanguage":"fr-FR","@id":"https:\/\/www.cesenaticohotel.com\/fr\/#\/schema\/logo\/image\/","url":"https:\/\/www.cesenaticohotel.com\/wp-content\/uploads\/2023\/05\/logo-organizzazione.jpg","contentUrl":"https:\/\/www.cesenaticohotel.com\/wp-content\/uploads\/2023\/05\/logo-organizzazione.jpg","width":696,"height":696,"caption":"Cesenatico Hotel"},"image":{"@id":"https:\/\/www.cesenaticohotel.com\/fr\/#\/schema\/logo\/image\/"}}]}},"_links":{"self":[{"href":"https:\/\/www.cesenaticohotel.com\/fr\/wp-json\/wp\/v2\/pages\/4958","targetHints":{"allow":["GET"]}}],"collection":[{"href":"https:\/\/www.cesenaticohotel.com\/fr\/wp-json\/wp\/v2\/pages"}],"about":[{"href":"https:\/\/www.cesenaticohotel.com\/fr\/wp-json\/wp\/v2\/types\/page"}],"author":[{"embeddable":true,"href":"https:\/\/www.cesenaticohotel.com\/fr\/wp-json\/wp\/v2\/users\/1"}],"replies":[{"embeddable":true,"href":"https:\/\/www.cesenaticohotel.com\/fr\/wp-json\/wp\/v2\/comments?post=4958"}],"version-history":[{"count":2,"href":"https:\/\/www.cesenaticohotel.com\/fr\/wp-json\/wp\/v2\/pages\/4958\/revisions"}],"predecessor-version":[{"id":5832,"href":"https:\/\/www.cesenaticohotel.com\/fr\/wp-json\/wp\/v2\/pages\/4958\/revisions\/5832"}],"up":[{"embeddable":true,"href":"https:\/\/www.cesenaticohotel.com\/fr\/wp-json\/wp\/v2\/pages\/513"}],"wp:attachment":[{"href":"https:\/\/www.cesenaticohotel.com\/fr\/wp-json\/wp\/v2\/media?parent=4958"}],"curies":[{"name":"wp","href":"https:\/\/api.w.org\/{rel}","templated":true}]}}