{"id":5266,"date":"2023-07-18T16:26:39","date_gmt":"2023-07-18T14:26:39","guid":{"rendered":"https:\/\/www.cesenaticohotel.com\/hotels\/grand-hotel-cesenatico"},"modified":"2023-08-22T09:08:21","modified_gmt":"2023-08-22T07:08:21","slug":"grand-hotel-cesenatico","status":"publish","type":"page","link":"https:\/\/www.cesenaticohotel.com\/fr\/hotels\/grand-hotel-cesenatico","title":{"rendered":"Grand Hotel Cesenatico"},"content":{"rendered":"\n<p>Avec son emplacement magnifique au c\u0153ur de Cesenatico et en premi\u00e8re ligne sur la mer, le <b>Grand Hotel Cesenatico<\/b> a toujours \u00e9t\u00e9 une r\u00e9f\u00e9rence pour des <b>vacances \u00e0 l&#039;atmosph\u00e8re exclusive<\/b>.<\/p>\n\n\n\n<p>Le raffin\u00e9 palais historique de 1929, caract\u00e9ris\u00e9 par les <b>conforts les plus modernes<\/b> <b>de l&#039;h\u00f4tellerie<\/b> et par une attention m\u00e9ticuleuse aux d\u00e9tails, est l&#039;endroit id\u00e9al pour ceux qui recherchent des s\u00e9jours styl\u00e9s \u00e0 Cesenatico. Aimez-vous passer de longues journ\u00e9es relaxantes \u00e0 la plage? L&#039;<b>\u00e9tablissement baln\u00e9aire priv\u00e9<\/b>, exclusivement r\u00e9serv\u00e9 aux clients, est juste en face de l&#039;h\u00f4tel avec des transats, des parasols, une cabine priv\u00e9e toujours disponibles. Vous pouvez \u00e9galement d\u00e9jeuner dans l&#039;\u00e9l\u00e9gant <b>restaurant en front de mer<\/b>. Si vous pr\u00e9f\u00e9rez la <b>piscine<\/b>, au Grand Hotel Cesenatico, vous trouverez une magnifique piscine \u00e0 quelques m\u00e8tres de la plage, entour\u00e9e de transats et de parasols.<\/p>\n\n\n\n<!--more-->\n\n\n\n<p>L&#039;<b>exp\u00e9rience culinaire <\/b>au Grand Hotel Cesenatico englobe le meilleur de la cuisine italienne revisit\u00e9 avec cr\u00e9ativit\u00e9 et un service de premi\u00e8re classe. Le chef propose des sp\u00e9cialit\u00e9s pr\u00e9par\u00e9es fra\u00eeches chaque jour, servies dans la <b>salle au style Liberty<\/b> qui fait revivre l&#039;enchantement du pass\u00e9. Des mati\u00e8res premi\u00e8res de tr\u00e8s haute qualit\u00e9, de la saisonnalit\u00e9, de la fra\u00eecheur, une attention aux <b>besoins des enfants<\/b>, des <b>intol\u00e9rants<\/b> et des <b>c\u0153liaques<\/b> viennent compl\u00e9ter l&#039;offre \u0153no-gastronomique. Le <b>petit-d\u00e9jeuner<\/b> est servi aussi bien en salle que sur la <b>terrasse panoramique avec vue sur la mer<\/b>.<\/p>\n\n\n\n<p>L&#039;h\u00f4tel organise des e<b>xcursions guid\u00e9es \u00e0 v\u00e9lo<\/b>, des le\u00e7ons de <b>tennis<\/b> sur le court priv\u00e9, des <b>f\u00eates<\/b> th\u00e9matiques sur la plage. Le <b>parking<\/b> est \u00e0 disposition des clients, ainsi que la <b>borne de recharge<\/b> pour les voitures \u00e9lectriques et les <b>v\u00e9los<\/b> en libre-service.<\/p>\n","protected":false},"excerpt":{"rendered":"<p>Avec son emplacement magnifique au c\u0153ur de Cesenatico et en premi\u00e8re ligne sur la mer, le Grand Hotel Cesenatico a toujours \u00e9t\u00e9 une r\u00e9f\u00e9rence pour des vacances \u00e0 l&#039;atmosph\u00e8re exclusive. Le raffin\u00e9 palais historique de 1929, caract\u00e9ris\u00e9 par les conforts les plus modernes de l&#039;h\u00f4tellerie et par une attention m\u00e9ticuleuse aux d\u00e9tails, est l&#039;endroit id\u00e9al &hellip;<\/p>\n","protected":false},"author":1,"featured_media":0,"parent":513,"menu_order":0,"comment_status":"closed","ping_status":"closed","template":"page-templates\/scheda_hotel.php","meta":{"_acf_changed":false,"inline_featured_image":false,"footnotes":""},"class_list":["post-5266","page","type-page","status-publish","hentry"],"acf":[],"yoast_head":"<!-- This site is optimized with the Yoast SEO plugin v27.0 - https:\/\/yoast.com\/product\/yoast-seo-wordpress\/ -->\n<title>Grand Hotel Cesenatico**** \u00e0 Cesenatico: h\u00f4tel pour couples et familles<\/title>\n<meta name=\"description\" content=\"Le Grand Hotel Cesenatico est en face de la plage priv\u00e9e, avec piscine, un excellent restaurant et une atmosph\u00e8re exclusive.\" \/>\n<meta name=\"robots\" content=\"index, follow, max-snippet:-1, max-image-preview:large, max-video-preview:-1\" \/>\n<link rel=\"canonical\" href=\"https:\/\/www.cesenaticohotel.com\/fr\/hotels\/grand-hotel-cesenatico\" \/>\n<meta property=\"og:locale\" content=\"fr_FR\" \/>\n<meta property=\"og:type\" content=\"article\" \/>\n<meta property=\"og:title\" content=\"Grand Hotel Cesenatico**** \u00e0 Cesenatico: h\u00f4tel pour couples et familles\" \/>\n<meta property=\"og:description\" content=\"Le Grand Hotel Cesenatico est en face de la plage priv\u00e9e, avec piscine, un excellent restaurant et une atmosph\u00e8re exclusive.\" \/>\n<meta property=\"og:url\" content=\"https:\/\/www.cesenaticohotel.com\/fr\/hotels\/grand-hotel-cesenatico\" \/>\n<meta property=\"og:site_name\" content=\"Cesenatico Hotel\" \/>\n<meta property=\"article:modified_time\" content=\"2023-08-22T07:08:21+00:00\" \/>\n<meta property=\"og:image\" content=\"https:\/\/www.cesenaticohotel.com\/wp-content\/uploads\/2023\/05\/immagine-sito.jpg\" \/>\n\t<meta property=\"og:image:width\" content=\"1200\" \/>\n\t<meta property=\"og:image:height\" content=\"675\" \/>\n\t<meta property=\"og:image:type\" content=\"image\/jpeg\" \/>\n<meta name=\"twitter:card\" content=\"summary_large_image\" \/>\n<meta name=\"twitter:label1\" content=\"Dur\u00e9e de lecture estim\u00e9e\" \/>\n\t<meta name=\"twitter:data1\" content=\"2 minutes\" \/>\n<script type=\"application\/ld+json\" class=\"yoast-schema-graph\">{\"@context\":\"https:\/\/schema.org\",\"@graph\":[{\"@type\":\"WebPage\",\"@id\":\"https:\/\/www.cesenaticohotel.com\/fr\/hotels\/grand-hotel-cesenatico\",\"url\":\"https:\/\/www.cesenaticohotel.com\/fr\/hotels\/grand-hotel-cesenatico\",\"name\":\"Grand Hotel Cesenatico**** \u00e0 Cesenatico: h\u00f4tel pour couples et familles\",\"isPartOf\":{\"@id\":\"https:\/\/www.cesenaticohotel.com\/fr\/#website\"},\"datePublished\":\"2023-07-18T14:26:39+00:00\",\"dateModified\":\"2023-08-22T07:08:21+00:00\",\"description\":\"Le Grand Hotel Cesenatico est en face de la plage priv\u00e9e, avec piscine, un excellent restaurant et une atmosph\u00e8re exclusive.\",\"breadcrumb\":{\"@id\":\"https:\/\/www.cesenaticohotel.com\/fr\/hotels\/grand-hotel-cesenatico#breadcrumb\"},\"inLanguage\":\"fr-FR\",\"potentialAction\":[{\"@type\":\"ReadAction\",\"target\":[\"https:\/\/www.cesenaticohotel.com\/fr\/hotels\/grand-hotel-cesenatico\"]}]},{\"@type\":\"BreadcrumbList\",\"@id\":\"https:\/\/www.cesenaticohotel.com\/fr\/hotels\/grand-hotel-cesenatico#breadcrumb\",\"itemListElement\":[{\"@type\":\"ListItem\",\"position\":1,\"name\":\"Home\",\"item\":\"https:\/\/www.cesenaticohotel.com\/fr\"},{\"@type\":\"ListItem\",\"position\":2,\"name\":\"H\u00f4tel\",\"item\":\"https:\/\/www.cesenaticohotel.com\/fr\/hotels\"},{\"@type\":\"ListItem\",\"position\":3,\"name\":\"Grand Hotel Cesenatico\"}]},{\"@type\":\"WebSite\",\"@id\":\"https:\/\/www.cesenaticohotel.com\/fr\/#website\",\"url\":\"https:\/\/www.cesenaticohotel.com\/fr\/\",\"name\":\"Cesenatico Hotel\",\"description\":\"\",\"publisher\":{\"@id\":\"https:\/\/www.cesenaticohotel.com\/fr\/#organization\"},\"potentialAction\":[{\"@type\":\"SearchAction\",\"target\":{\"@type\":\"EntryPoint\",\"urlTemplate\":\"https:\/\/www.cesenaticohotel.com\/fr\/?s={search_term_string}\"},\"query-input\":{\"@type\":\"PropertyValueSpecification\",\"valueRequired\":true,\"valueName\":\"search_term_string\"}}],\"inLanguage\":\"fr-FR\"},{\"@type\":\"Organization\",\"@id\":\"https:\/\/www.cesenaticohotel.com\/fr\/#organization\",\"name\":\"Cesenatico Hotel\",\"url\":\"https:\/\/www.cesenaticohotel.com\/fr\/\",\"logo\":{\"@type\":\"ImageObject\",\"inLanguage\":\"fr-FR\",\"@id\":\"https:\/\/www.cesenaticohotel.com\/fr\/#\/schema\/logo\/image\/\",\"url\":\"https:\/\/www.cesenaticohotel.com\/wp-content\/uploads\/2023\/05\/logo-organizzazione.jpg\",\"contentUrl\":\"https:\/\/www.cesenaticohotel.com\/wp-content\/uploads\/2023\/05\/logo-organizzazione.jpg\",\"width\":696,\"height\":696,\"caption\":\"Cesenatico Hotel\"},\"image\":{\"@id\":\"https:\/\/www.cesenaticohotel.com\/fr\/#\/schema\/logo\/image\/\"}}]}<\/script>\n<!-- \/ Yoast SEO plugin. -->","yoast_head_json":{"title":"Grand Hotel Cesenatico**** \u00e0 Cesenatico: h\u00f4tel pour couples et familles","description":"Le Grand Hotel Cesenatico est en face de la plage priv\u00e9e, avec piscine, un excellent restaurant et une atmosph\u00e8re exclusive.","robots":{"index":"index","follow":"follow","max-snippet":"max-snippet:-1","max-image-preview":"max-image-preview:large","max-video-preview":"max-video-preview:-1"},"canonical":"https:\/\/www.cesenaticohotel.com\/fr\/hotels\/grand-hotel-cesenatico","og_locale":"fr_FR","og_type":"article","og_title":"Grand Hotel Cesenatico**** \u00e0 Cesenatico: h\u00f4tel pour couples et familles","og_description":"Le Grand Hotel Cesenatico est en face de la plage priv\u00e9e, avec piscine, un excellent restaurant et une atmosph\u00e8re exclusive.","og_url":"https:\/\/www.cesenaticohotel.com\/fr\/hotels\/grand-hotel-cesenatico","og_site_name":"Cesenatico Hotel","article_modified_time":"2023-08-22T07:08:21+00:00","og_image":[{"width":1200,"height":675,"url":"https:\/\/www.cesenaticohotel.com\/wp-content\/uploads\/2023\/05\/immagine-sito.jpg","type":"image\/jpeg"}],"twitter_card":"summary_large_image","twitter_misc":{"Dur\u00e9e de lecture estim\u00e9e":"2 minutes"},"schema":{"@context":"https:\/\/schema.org","@graph":[{"@type":"WebPage","@id":"https:\/\/www.cesenaticohotel.com\/fr\/hotels\/grand-hotel-cesenatico","url":"https:\/\/www.cesenaticohotel.com\/fr\/hotels\/grand-hotel-cesenatico","name":"Grand Hotel Cesenatico**** \u00e0 Cesenatico: h\u00f4tel pour couples et familles","isPartOf":{"@id":"https:\/\/www.cesenaticohotel.com\/fr\/#website"},"datePublished":"2023-07-18T14:26:39+00:00","dateModified":"2023-08-22T07:08:21+00:00","description":"Le Grand Hotel Cesenatico est en face de la plage priv\u00e9e, avec piscine, un excellent restaurant et une atmosph\u00e8re exclusive.","breadcrumb":{"@id":"https:\/\/www.cesenaticohotel.com\/fr\/hotels\/grand-hotel-cesenatico#breadcrumb"},"inLanguage":"fr-FR","potentialAction":[{"@type":"ReadAction","target":["https:\/\/www.cesenaticohotel.com\/fr\/hotels\/grand-hotel-cesenatico"]}]},{"@type":"BreadcrumbList","@id":"https:\/\/www.cesenaticohotel.com\/fr\/hotels\/grand-hotel-cesenatico#breadcrumb","itemListElement":[{"@type":"ListItem","position":1,"name":"Home","item":"https:\/\/www.cesenaticohotel.com\/fr"},{"@type":"ListItem","position":2,"name":"H\u00f4tel","item":"https:\/\/www.cesenaticohotel.com\/fr\/hotels"},{"@type":"ListItem","position":3,"name":"Grand Hotel Cesenatico"}]},{"@type":"WebSite","@id":"https:\/\/www.cesenaticohotel.com\/fr\/#website","url":"https:\/\/www.cesenaticohotel.com\/fr\/","name":"Cesenatico Hotel","description":"","publisher":{"@id":"https:\/\/www.cesenaticohotel.com\/fr\/#organization"},"potentialAction":[{"@type":"SearchAction","target":{"@type":"EntryPoint","urlTemplate":"https:\/\/www.cesenaticohotel.com\/fr\/?s={search_term_string}"},"query-input":{"@type":"PropertyValueSpecification","valueRequired":true,"valueName":"search_term_string"}}],"inLanguage":"fr-FR"},{"@type":"Organization","@id":"https:\/\/www.cesenaticohotel.com\/fr\/#organization","name":"Cesenatico Hotel","url":"https:\/\/www.cesenaticohotel.com\/fr\/","logo":{"@type":"ImageObject","inLanguage":"fr-FR","@id":"https:\/\/www.cesenaticohotel.com\/fr\/#\/schema\/logo\/image\/","url":"https:\/\/www.cesenaticohotel.com\/wp-content\/uploads\/2023\/05\/logo-organizzazione.jpg","contentUrl":"https:\/\/www.cesenaticohotel.com\/wp-content\/uploads\/2023\/05\/logo-organizzazione.jpg","width":696,"height":696,"caption":"Cesenatico Hotel"},"image":{"@id":"https:\/\/www.cesenaticohotel.com\/fr\/#\/schema\/logo\/image\/"}}]}},"_links":{"self":[{"href":"https:\/\/www.cesenaticohotel.com\/fr\/wp-json\/wp\/v2\/pages\/5266","targetHints":{"allow":["GET"]}}],"collection":[{"href":"https:\/\/www.cesenaticohotel.com\/fr\/wp-json\/wp\/v2\/pages"}],"about":[{"href":"https:\/\/www.cesenaticohotel.com\/fr\/wp-json\/wp\/v2\/types\/page"}],"author":[{"embeddable":true,"href":"https:\/\/www.cesenaticohotel.com\/fr\/wp-json\/wp\/v2\/users\/1"}],"replies":[{"embeddable":true,"href":"https:\/\/www.cesenaticohotel.com\/fr\/wp-json\/wp\/v2\/comments?post=5266"}],"version-history":[{"count":2,"href":"https:\/\/www.cesenaticohotel.com\/fr\/wp-json\/wp\/v2\/pages\/5266\/revisions"}],"predecessor-version":[{"id":5833,"href":"https:\/\/www.cesenaticohotel.com\/fr\/wp-json\/wp\/v2\/pages\/5266\/revisions\/5833"}],"up":[{"embeddable":true,"href":"https:\/\/www.cesenaticohotel.com\/fr\/wp-json\/wp\/v2\/pages\/513"}],"wp:attachment":[{"href":"https:\/\/www.cesenaticohotel.com\/fr\/wp-json\/wp\/v2\/media?parent=5266"}],"curies":[{"name":"wp","href":"https:\/\/api.w.org\/{rel}","templated":true}]}}