{"id":5720,"date":"2023-04-26T12:22:17","date_gmt":"2023-04-26T10:22:17","guid":{"rendered":"https:\/\/www.cesenaticohotel.com\/experiences-cesenatico\/sport-et-bien-etre"},"modified":"2024-07-16T10:56:54","modified_gmt":"2024-07-16T08:56:54","slug":"sport-et-bien-etre","status":"publish","type":"page","link":"https:\/\/www.cesenaticohotel.com\/fr\/experiences-cesenatico\/sport-et-bien-etre","title":{"rendered":"Sport et bien-\u00eatre"},"content":{"rendered":"\n<p>Manifestations sportives, rassemblements, comp\u00e9titions, Granfondo: d\u00e9couvrez le riche calendrier d&rsquo;<b>\u00e9v\u00e9nements sportifs et de bien-\u00eatre \u00e0 Cesenatico<\/b> et en <strong>Romagne<\/strong>.<\/p>\n","protected":false},"excerpt":{"rendered":"<p>Manifestations sportives, rassemblements, comp\u00e9titions, Granfondo: d\u00e9couvrez le riche calendrier d&rsquo;\u00e9v\u00e9nements sportifs et de bien-\u00eatre \u00e0 Cesenatico et en Romagne.<\/p>\n","protected":false},"author":1,"featured_media":0,"parent":675,"menu_order":0,"comment_status":"closed","ping_status":"closed","template":"page-templates\/esperienze_categoria.php","meta":{"_acf_changed":false,"inline_featured_image":false,"footnotes":""},"class_list":["post-5720","page","type-page","status-publish","hentry"],"acf":[],"yoast_head":"<!-- This site is optimized with the Yoast SEO plugin v27.0 - https:\/\/yoast.com\/product\/yoast-seo-wordpress\/ -->\n<title>Les meilleurs \u00e9v\u00e9nements sportifs \u00e0 Cesenatico: informations et billets<\/title>\n<meta name=\"description\" content=\"Le calendrier des \u00e9v\u00e9nements sportifs et bien-\u00eatre \u00e0 Cesenatico est riche en manifestations. Participez aux rassemblements et assistez aux granfondo\" \/>\n<meta name=\"robots\" content=\"noindex, nofollow\" \/>\n<meta property=\"og:locale\" content=\"fr_FR\" \/>\n<meta property=\"og:type\" content=\"article\" \/>\n<meta property=\"og:title\" content=\"Les meilleurs \u00e9v\u00e9nements sportifs \u00e0 Cesenatico: informations et billets\" \/>\n<meta property=\"og:description\" content=\"Le calendrier des \u00e9v\u00e9nements sportifs et bien-\u00eatre \u00e0 Cesenatico est riche en manifestations. Participez aux rassemblements et assistez aux granfondo\" \/>\n<meta property=\"og:url\" content=\"https:\/\/www.cesenaticohotel.com\/fr\/experiences-cesenatico\/sport-et-bien-etre\" \/>\n<meta property=\"og:site_name\" content=\"Cesenatico Hotel\" \/>\n<meta property=\"article:modified_time\" content=\"2024-07-16T08:56:54+00:00\" \/>\n<meta property=\"og:image\" content=\"https:\/\/www.cesenaticohotel.com\/wp-content\/uploads\/2023\/05\/immagine-sito.jpg\" \/>\n\t<meta property=\"og:image:width\" content=\"1200\" \/>\n\t<meta property=\"og:image:height\" content=\"675\" \/>\n\t<meta property=\"og:image:type\" content=\"image\/jpeg\" \/>\n<meta name=\"twitter:card\" content=\"summary_large_image\" \/>\n<meta name=\"twitter:label1\" content=\"Dur\u00e9e de lecture estim\u00e9e\" \/>\n\t<meta name=\"twitter:data1\" content=\"1 minute\" \/>\n<script type=\"application\/ld+json\" class=\"yoast-schema-graph\">{\"@context\":\"https:\/\/schema.org\",\"@graph\":[{\"@type\":\"WebPage\",\"@id\":\"https:\/\/www.cesenaticohotel.com\/fr\/experiences-cesenatico\/sport-et-bien-etre\",\"url\":\"https:\/\/www.cesenaticohotel.com\/fr\/experiences-cesenatico\/sport-et-bien-etre\",\"name\":\"Les meilleurs \u00e9v\u00e9nements sportifs \u00e0 Cesenatico: informations et billets\",\"isPartOf\":{\"@id\":\"https:\/\/www.cesenaticohotel.com\/fr\/#website\"},\"datePublished\":\"2023-04-26T10:22:17+00:00\",\"dateModified\":\"2024-07-16T08:56:54+00:00\",\"description\":\"Le calendrier des \u00e9v\u00e9nements sportifs et bien-\u00eatre \u00e0 Cesenatico est riche en manifestations. Participez aux rassemblements et assistez aux granfondo\",\"breadcrumb\":{\"@id\":\"https:\/\/www.cesenaticohotel.com\/fr\/experiences-cesenatico\/sport-et-bien-etre#breadcrumb\"},\"inLanguage\":\"fr-FR\",\"potentialAction\":[{\"@type\":\"ReadAction\",\"target\":[\"https:\/\/www.cesenaticohotel.com\/fr\/experiences-cesenatico\/sport-et-bien-etre\"]}]},{\"@type\":\"BreadcrumbList\",\"@id\":\"https:\/\/www.cesenaticohotel.com\/fr\/experiences-cesenatico\/sport-et-bien-etre#breadcrumb\",\"itemListElement\":[{\"@type\":\"ListItem\",\"position\":1,\"name\":\"Home\",\"item\":\"https:\/\/www.cesenaticohotel.com\/fr\"},{\"@type\":\"ListItem\",\"position\":2,\"name\":\"Exp\u00e9riences\",\"item\":\"https:\/\/www.cesenaticohotel.com\/fr\/experiences-cesenatico\"},{\"@type\":\"ListItem\",\"position\":3,\"name\":\"Sport et bien-\u00eatre\"}]},{\"@type\":\"WebSite\",\"@id\":\"https:\/\/www.cesenaticohotel.com\/fr\/#website\",\"url\":\"https:\/\/www.cesenaticohotel.com\/fr\/\",\"name\":\"Cesenatico Hotel\",\"description\":\"\",\"publisher\":{\"@id\":\"https:\/\/www.cesenaticohotel.com\/fr\/#organization\"},\"potentialAction\":[{\"@type\":\"SearchAction\",\"target\":{\"@type\":\"EntryPoint\",\"urlTemplate\":\"https:\/\/www.cesenaticohotel.com\/fr\/?s={search_term_string}\"},\"query-input\":{\"@type\":\"PropertyValueSpecification\",\"valueRequired\":true,\"valueName\":\"search_term_string\"}}],\"inLanguage\":\"fr-FR\"},{\"@type\":\"Organization\",\"@id\":\"https:\/\/www.cesenaticohotel.com\/fr\/#organization\",\"name\":\"Cesenatico Hotel\",\"url\":\"https:\/\/www.cesenaticohotel.com\/fr\/\",\"logo\":{\"@type\":\"ImageObject\",\"inLanguage\":\"fr-FR\",\"@id\":\"https:\/\/www.cesenaticohotel.com\/fr\/#\/schema\/logo\/image\/\",\"url\":\"https:\/\/www.cesenaticohotel.com\/wp-content\/uploads\/2023\/05\/logo-organizzazione.jpg\",\"contentUrl\":\"https:\/\/www.cesenaticohotel.com\/wp-content\/uploads\/2023\/05\/logo-organizzazione.jpg\",\"width\":696,\"height\":696,\"caption\":\"Cesenatico Hotel\"},\"image\":{\"@id\":\"https:\/\/www.cesenaticohotel.com\/fr\/#\/schema\/logo\/image\/\"}}]}<\/script>\n<!-- \/ Yoast SEO plugin. -->","yoast_head_json":{"title":"Les meilleurs \u00e9v\u00e9nements sportifs \u00e0 Cesenatico: informations et billets","description":"Le calendrier des \u00e9v\u00e9nements sportifs et bien-\u00eatre \u00e0 Cesenatico est riche en manifestations. Participez aux rassemblements et assistez aux granfondo","robots":{"index":"noindex","follow":"nofollow"},"og_locale":"fr_FR","og_type":"article","og_title":"Les meilleurs \u00e9v\u00e9nements sportifs \u00e0 Cesenatico: informations et billets","og_description":"Le calendrier des \u00e9v\u00e9nements sportifs et bien-\u00eatre \u00e0 Cesenatico est riche en manifestations. Participez aux rassemblements et assistez aux granfondo","og_url":"https:\/\/www.cesenaticohotel.com\/fr\/experiences-cesenatico\/sport-et-bien-etre","og_site_name":"Cesenatico Hotel","article_modified_time":"2024-07-16T08:56:54+00:00","og_image":[{"width":1200,"height":675,"url":"https:\/\/www.cesenaticohotel.com\/wp-content\/uploads\/2023\/05\/immagine-sito.jpg","type":"image\/jpeg"}],"twitter_card":"summary_large_image","twitter_misc":{"Dur\u00e9e de lecture estim\u00e9e":"1 minute"},"schema":{"@context":"https:\/\/schema.org","@graph":[{"@type":"WebPage","@id":"https:\/\/www.cesenaticohotel.com\/fr\/experiences-cesenatico\/sport-et-bien-etre","url":"https:\/\/www.cesenaticohotel.com\/fr\/experiences-cesenatico\/sport-et-bien-etre","name":"Les meilleurs \u00e9v\u00e9nements sportifs \u00e0 Cesenatico: informations et billets","isPartOf":{"@id":"https:\/\/www.cesenaticohotel.com\/fr\/#website"},"datePublished":"2023-04-26T10:22:17+00:00","dateModified":"2024-07-16T08:56:54+00:00","description":"Le calendrier des \u00e9v\u00e9nements sportifs et bien-\u00eatre \u00e0 Cesenatico est riche en manifestations. Participez aux rassemblements et assistez aux granfondo","breadcrumb":{"@id":"https:\/\/www.cesenaticohotel.com\/fr\/experiences-cesenatico\/sport-et-bien-etre#breadcrumb"},"inLanguage":"fr-FR","potentialAction":[{"@type":"ReadAction","target":["https:\/\/www.cesenaticohotel.com\/fr\/experiences-cesenatico\/sport-et-bien-etre"]}]},{"@type":"BreadcrumbList","@id":"https:\/\/www.cesenaticohotel.com\/fr\/experiences-cesenatico\/sport-et-bien-etre#breadcrumb","itemListElement":[{"@type":"ListItem","position":1,"name":"Home","item":"https:\/\/www.cesenaticohotel.com\/fr"},{"@type":"ListItem","position":2,"name":"Exp\u00e9riences","item":"https:\/\/www.cesenaticohotel.com\/fr\/experiences-cesenatico"},{"@type":"ListItem","position":3,"name":"Sport et bien-\u00eatre"}]},{"@type":"WebSite","@id":"https:\/\/www.cesenaticohotel.com\/fr\/#website","url":"https:\/\/www.cesenaticohotel.com\/fr\/","name":"Cesenatico Hotel","description":"","publisher":{"@id":"https:\/\/www.cesenaticohotel.com\/fr\/#organization"},"potentialAction":[{"@type":"SearchAction","target":{"@type":"EntryPoint","urlTemplate":"https:\/\/www.cesenaticohotel.com\/fr\/?s={search_term_string}"},"query-input":{"@type":"PropertyValueSpecification","valueRequired":true,"valueName":"search_term_string"}}],"inLanguage":"fr-FR"},{"@type":"Organization","@id":"https:\/\/www.cesenaticohotel.com\/fr\/#organization","name":"Cesenatico Hotel","url":"https:\/\/www.cesenaticohotel.com\/fr\/","logo":{"@type":"ImageObject","inLanguage":"fr-FR","@id":"https:\/\/www.cesenaticohotel.com\/fr\/#\/schema\/logo\/image\/","url":"https:\/\/www.cesenaticohotel.com\/wp-content\/uploads\/2023\/05\/logo-organizzazione.jpg","contentUrl":"https:\/\/www.cesenaticohotel.com\/wp-content\/uploads\/2023\/05\/logo-organizzazione.jpg","width":696,"height":696,"caption":"Cesenatico Hotel"},"image":{"@id":"https:\/\/www.cesenaticohotel.com\/fr\/#\/schema\/logo\/image\/"}}]}},"_links":{"self":[{"href":"https:\/\/www.cesenaticohotel.com\/fr\/wp-json\/wp\/v2\/pages\/5720","targetHints":{"allow":["GET"]}}],"collection":[{"href":"https:\/\/www.cesenaticohotel.com\/fr\/wp-json\/wp\/v2\/pages"}],"about":[{"href":"https:\/\/www.cesenaticohotel.com\/fr\/wp-json\/wp\/v2\/types\/page"}],"author":[{"embeddable":true,"href":"https:\/\/www.cesenaticohotel.com\/fr\/wp-json\/wp\/v2\/users\/1"}],"replies":[{"embeddable":true,"href":"https:\/\/www.cesenaticohotel.com\/fr\/wp-json\/wp\/v2\/comments?post=5720"}],"version-history":[{"count":2,"href":"https:\/\/www.cesenaticohotel.com\/fr\/wp-json\/wp\/v2\/pages\/5720\/revisions"}],"predecessor-version":[{"id":8814,"href":"https:\/\/www.cesenaticohotel.com\/fr\/wp-json\/wp\/v2\/pages\/5720\/revisions\/8814"}],"up":[{"embeddable":true,"href":"https:\/\/www.cesenaticohotel.com\/fr\/wp-json\/wp\/v2\/pages\/675"}],"wp:attachment":[{"href":"https:\/\/www.cesenaticohotel.com\/fr\/wp-json\/wp\/v2\/media?parent=5720"}],"curies":[{"name":"wp","href":"https:\/\/api.w.org\/{rel}","templated":true}]}}