{"id":5722,"date":"2023-04-26T12:23:06","date_gmt":"2023-04-26T10:23:06","guid":{"rendered":"https:\/\/www.cesenaticohotel.com\/experiences-cesenatico\/evenements"},"modified":"2024-07-16T10:59:11","modified_gmt":"2024-07-16T08:59:11","slug":"evenements","status":"publish","type":"page","link":"https:\/\/www.cesenaticohotel.com\/fr\/experiences-cesenatico\/evenements","title":{"rendered":"\u00c9v\u00e9nements"},"content":{"rendered":"\n<p>Des <strong>\u00e9v\u00e8nements <\/strong>se tiennent <strong>tout au long de l\u2019ann\u00e9e <\/strong>\u00e0 <strong>Cesenatico <\/strong>et en <strong>Romagne<\/strong>: d\u00e9couvrez-les tous!<\/p>\n","protected":false},"excerpt":{"rendered":"<p>Des \u00e9v\u00e8nements se tiennent tout au long de l\u2019ann\u00e9e \u00e0 Cesenatico et en Romagne: d\u00e9couvrez-les tous!<\/p>\n","protected":false},"author":1,"featured_media":0,"parent":675,"menu_order":0,"comment_status":"closed","ping_status":"closed","template":"page-templates\/esperienze_categoria.php","meta":{"_acf_changed":false,"inline_featured_image":false,"footnotes":""},"class_list":["post-5722","page","type-page","status-publish","hentry"],"acf":[],"yoast_head":"<!-- This site is optimized with the Yoast SEO plugin v27.0 - https:\/\/yoast.com\/product\/yoast-seo-wordpress\/ -->\n<title>Tous les \u00e9v\u00e9nements incontournables de Cesenatico: informations et billets<\/title>\n<meta name=\"description\" content=\"\u00c0 Cesenatico et sur la Riviera Romagnola, les \u00e9v\u00e9nements ont lieu toute l&#039;ann\u00e9: r\u00e9servez en ligne pour participer sans faire la queue aux plus passionnants\" \/>\n<meta name=\"robots\" content=\"noindex, nofollow\" \/>\n<meta property=\"og:locale\" content=\"fr_FR\" \/>\n<meta property=\"og:type\" content=\"article\" \/>\n<meta property=\"og:title\" content=\"Tous les \u00e9v\u00e9nements incontournables de Cesenatico: informations et billets\" \/>\n<meta property=\"og:description\" content=\"\u00c0 Cesenatico et sur la Riviera Romagnola, les \u00e9v\u00e9nements ont lieu toute l&#039;ann\u00e9: r\u00e9servez en ligne pour participer sans faire la queue aux plus passionnants\" \/>\n<meta property=\"og:url\" content=\"https:\/\/www.cesenaticohotel.com\/fr\/experiences-cesenatico\/evenements\" \/>\n<meta property=\"og:site_name\" content=\"Cesenatico Hotel\" \/>\n<meta property=\"article:modified_time\" content=\"2024-07-16T08:59:11+00:00\" \/>\n<meta property=\"og:image\" content=\"https:\/\/www.cesenaticohotel.com\/wp-content\/uploads\/2023\/05\/immagine-sito.jpg\" \/>\n\t<meta property=\"og:image:width\" content=\"1200\" \/>\n\t<meta property=\"og:image:height\" content=\"675\" \/>\n\t<meta property=\"og:image:type\" content=\"image\/jpeg\" \/>\n<meta name=\"twitter:card\" content=\"summary_large_image\" \/>\n<meta name=\"twitter:label1\" content=\"Dur\u00e9e de lecture estim\u00e9e\" \/>\n\t<meta name=\"twitter:data1\" content=\"1 minute\" \/>\n<script type=\"application\/ld+json\" class=\"yoast-schema-graph\">{\"@context\":\"https:\/\/schema.org\",\"@graph\":[{\"@type\":\"WebPage\",\"@id\":\"https:\/\/www.cesenaticohotel.com\/fr\/experiences-cesenatico\/evenements\",\"url\":\"https:\/\/www.cesenaticohotel.com\/fr\/experiences-cesenatico\/evenements\",\"name\":\"Tous les \u00e9v\u00e9nements incontournables de Cesenatico: informations et billets\",\"isPartOf\":{\"@id\":\"https:\/\/www.cesenaticohotel.com\/fr\/#website\"},\"datePublished\":\"2023-04-26T10:23:06+00:00\",\"dateModified\":\"2024-07-16T08:59:11+00:00\",\"description\":\"\u00c0 Cesenatico et sur la Riviera Romagnola, les \u00e9v\u00e9nements ont lieu toute l'ann\u00e9: r\u00e9servez en ligne pour participer sans faire la queue aux plus passionnants\",\"breadcrumb\":{\"@id\":\"https:\/\/www.cesenaticohotel.com\/fr\/experiences-cesenatico\/evenements#breadcrumb\"},\"inLanguage\":\"fr-FR\",\"potentialAction\":[{\"@type\":\"ReadAction\",\"target\":[\"https:\/\/www.cesenaticohotel.com\/fr\/experiences-cesenatico\/evenements\"]}]},{\"@type\":\"BreadcrumbList\",\"@id\":\"https:\/\/www.cesenaticohotel.com\/fr\/experiences-cesenatico\/evenements#breadcrumb\",\"itemListElement\":[{\"@type\":\"ListItem\",\"position\":1,\"name\":\"Home\",\"item\":\"https:\/\/www.cesenaticohotel.com\/fr\"},{\"@type\":\"ListItem\",\"position\":2,\"name\":\"Exp\u00e9riences\",\"item\":\"https:\/\/www.cesenaticohotel.com\/fr\/experiences-cesenatico\"},{\"@type\":\"ListItem\",\"position\":3,\"name\":\"\u00c9v\u00e9nements\"}]},{\"@type\":\"WebSite\",\"@id\":\"https:\/\/www.cesenaticohotel.com\/fr\/#website\",\"url\":\"https:\/\/www.cesenaticohotel.com\/fr\/\",\"name\":\"Cesenatico Hotel\",\"description\":\"\",\"publisher\":{\"@id\":\"https:\/\/www.cesenaticohotel.com\/fr\/#organization\"},\"potentialAction\":[{\"@type\":\"SearchAction\",\"target\":{\"@type\":\"EntryPoint\",\"urlTemplate\":\"https:\/\/www.cesenaticohotel.com\/fr\/?s={search_term_string}\"},\"query-input\":{\"@type\":\"PropertyValueSpecification\",\"valueRequired\":true,\"valueName\":\"search_term_string\"}}],\"inLanguage\":\"fr-FR\"},{\"@type\":\"Organization\",\"@id\":\"https:\/\/www.cesenaticohotel.com\/fr\/#organization\",\"name\":\"Cesenatico Hotel\",\"url\":\"https:\/\/www.cesenaticohotel.com\/fr\/\",\"logo\":{\"@type\":\"ImageObject\",\"inLanguage\":\"fr-FR\",\"@id\":\"https:\/\/www.cesenaticohotel.com\/fr\/#\/schema\/logo\/image\/\",\"url\":\"https:\/\/www.cesenaticohotel.com\/wp-content\/uploads\/2023\/05\/logo-organizzazione.jpg\",\"contentUrl\":\"https:\/\/www.cesenaticohotel.com\/wp-content\/uploads\/2023\/05\/logo-organizzazione.jpg\",\"width\":696,\"height\":696,\"caption\":\"Cesenatico Hotel\"},\"image\":{\"@id\":\"https:\/\/www.cesenaticohotel.com\/fr\/#\/schema\/logo\/image\/\"}}]}<\/script>\n<!-- \/ Yoast SEO plugin. -->","yoast_head_json":{"title":"Tous les \u00e9v\u00e9nements incontournables de Cesenatico: informations et billets","description":"\u00c0 Cesenatico et sur la Riviera Romagnola, les \u00e9v\u00e9nements ont lieu toute l'ann\u00e9: r\u00e9servez en ligne pour participer sans faire la queue aux plus passionnants","robots":{"index":"noindex","follow":"nofollow"},"og_locale":"fr_FR","og_type":"article","og_title":"Tous les \u00e9v\u00e9nements incontournables de Cesenatico: informations et billets","og_description":"\u00c0 Cesenatico et sur la Riviera Romagnola, les \u00e9v\u00e9nements ont lieu toute l'ann\u00e9: r\u00e9servez en ligne pour participer sans faire la queue aux plus passionnants","og_url":"https:\/\/www.cesenaticohotel.com\/fr\/experiences-cesenatico\/evenements","og_site_name":"Cesenatico Hotel","article_modified_time":"2024-07-16T08:59:11+00:00","og_image":[{"width":1200,"height":675,"url":"https:\/\/www.cesenaticohotel.com\/wp-content\/uploads\/2023\/05\/immagine-sito.jpg","type":"image\/jpeg"}],"twitter_card":"summary_large_image","twitter_misc":{"Dur\u00e9e de lecture estim\u00e9e":"1 minute"},"schema":{"@context":"https:\/\/schema.org","@graph":[{"@type":"WebPage","@id":"https:\/\/www.cesenaticohotel.com\/fr\/experiences-cesenatico\/evenements","url":"https:\/\/www.cesenaticohotel.com\/fr\/experiences-cesenatico\/evenements","name":"Tous les \u00e9v\u00e9nements incontournables de Cesenatico: informations et billets","isPartOf":{"@id":"https:\/\/www.cesenaticohotel.com\/fr\/#website"},"datePublished":"2023-04-26T10:23:06+00:00","dateModified":"2024-07-16T08:59:11+00:00","description":"\u00c0 Cesenatico et sur la Riviera Romagnola, les \u00e9v\u00e9nements ont lieu toute l'ann\u00e9: r\u00e9servez en ligne pour participer sans faire la queue aux plus passionnants","breadcrumb":{"@id":"https:\/\/www.cesenaticohotel.com\/fr\/experiences-cesenatico\/evenements#breadcrumb"},"inLanguage":"fr-FR","potentialAction":[{"@type":"ReadAction","target":["https:\/\/www.cesenaticohotel.com\/fr\/experiences-cesenatico\/evenements"]}]},{"@type":"BreadcrumbList","@id":"https:\/\/www.cesenaticohotel.com\/fr\/experiences-cesenatico\/evenements#breadcrumb","itemListElement":[{"@type":"ListItem","position":1,"name":"Home","item":"https:\/\/www.cesenaticohotel.com\/fr"},{"@type":"ListItem","position":2,"name":"Exp\u00e9riences","item":"https:\/\/www.cesenaticohotel.com\/fr\/experiences-cesenatico"},{"@type":"ListItem","position":3,"name":"\u00c9v\u00e9nements"}]},{"@type":"WebSite","@id":"https:\/\/www.cesenaticohotel.com\/fr\/#website","url":"https:\/\/www.cesenaticohotel.com\/fr\/","name":"Cesenatico Hotel","description":"","publisher":{"@id":"https:\/\/www.cesenaticohotel.com\/fr\/#organization"},"potentialAction":[{"@type":"SearchAction","target":{"@type":"EntryPoint","urlTemplate":"https:\/\/www.cesenaticohotel.com\/fr\/?s={search_term_string}"},"query-input":{"@type":"PropertyValueSpecification","valueRequired":true,"valueName":"search_term_string"}}],"inLanguage":"fr-FR"},{"@type":"Organization","@id":"https:\/\/www.cesenaticohotel.com\/fr\/#organization","name":"Cesenatico Hotel","url":"https:\/\/www.cesenaticohotel.com\/fr\/","logo":{"@type":"ImageObject","inLanguage":"fr-FR","@id":"https:\/\/www.cesenaticohotel.com\/fr\/#\/schema\/logo\/image\/","url":"https:\/\/www.cesenaticohotel.com\/wp-content\/uploads\/2023\/05\/logo-organizzazione.jpg","contentUrl":"https:\/\/www.cesenaticohotel.com\/wp-content\/uploads\/2023\/05\/logo-organizzazione.jpg","width":696,"height":696,"caption":"Cesenatico Hotel"},"image":{"@id":"https:\/\/www.cesenaticohotel.com\/fr\/#\/schema\/logo\/image\/"}}]}},"_links":{"self":[{"href":"https:\/\/www.cesenaticohotel.com\/fr\/wp-json\/wp\/v2\/pages\/5722","targetHints":{"allow":["GET"]}}],"collection":[{"href":"https:\/\/www.cesenaticohotel.com\/fr\/wp-json\/wp\/v2\/pages"}],"about":[{"href":"https:\/\/www.cesenaticohotel.com\/fr\/wp-json\/wp\/v2\/types\/page"}],"author":[{"embeddable":true,"href":"https:\/\/www.cesenaticohotel.com\/fr\/wp-json\/wp\/v2\/users\/1"}],"replies":[{"embeddable":true,"href":"https:\/\/www.cesenaticohotel.com\/fr\/wp-json\/wp\/v2\/comments?post=5722"}],"version-history":[{"count":2,"href":"https:\/\/www.cesenaticohotel.com\/fr\/wp-json\/wp\/v2\/pages\/5722\/revisions"}],"predecessor-version":[{"id":8818,"href":"https:\/\/www.cesenaticohotel.com\/fr\/wp-json\/wp\/v2\/pages\/5722\/revisions\/8818"}],"up":[{"embeddable":true,"href":"https:\/\/www.cesenaticohotel.com\/fr\/wp-json\/wp\/v2\/pages\/675"}],"wp:attachment":[{"href":"https:\/\/www.cesenaticohotel.com\/fr\/wp-json\/wp\/v2\/media?parent=5722"}],"curies":[{"name":"wp","href":"https:\/\/api.w.org\/{rel}","templated":true}]}}