{"id":5724,"date":"2023-04-26T12:22:25","date_gmt":"2023-04-26T10:22:25","guid":{"rendered":"https:\/\/www.cesenaticohotel.com\/experiences-cesenatico\/divertissement"},"modified":"2023-08-22T09:08:35","modified_gmt":"2023-08-22T07:08:35","slug":"divertissement","status":"publish","type":"page","link":"https:\/\/www.cesenaticohotel.com\/fr\/experiences-cesenatico\/divertissement","title":{"rendered":"Divertissement"},"content":{"rendered":"\n<p><b>Cesenatico<\/b> est le point de d\u00e9part id\u00e9al pour visiter les <b>parcs les plus c\u00e9l\u00e8bres de la Riviera Romagnola<\/b>: r\u00e9servez votre billet ici et <b>\u00e9vitez la file<\/b> d&#039;attente \u00e0 l&#039;entr\u00e9e!<\/p>\n","protected":false},"excerpt":{"rendered":"<p>Cesenatico est le point de d\u00e9part id\u00e9al pour visiter les parcs les plus c\u00e9l\u00e8bres de la Riviera Romagnola: r\u00e9servez votre billet ici et \u00e9vitez la file d&#039;attente \u00e0 l&#039;entr\u00e9e!<\/p>\n","protected":false},"author":1,"featured_media":0,"parent":675,"menu_order":0,"comment_status":"closed","ping_status":"closed","template":"page-templates\/esperienze_categoria.php","meta":{"_acf_changed":false,"inline_featured_image":false,"footnotes":""},"class_list":["post-5724","page","type-page","status-publish","hentry"],"acf":[],"yoast_head":"<!-- This site is optimized with the Yoast SEO plugin v27.0 - https:\/\/yoast.com\/product\/yoast-seo-wordpress\/ -->\n<title>D\u00e9couvrez toute la joie de vivre de la Riviera: informations et billets<\/title>\n<meta name=\"description\" content=\"R\u00e9servez vos billets pour les parcs d&#039;attractions et les entr\u00e9es aux meilleurs \u00e9v\u00e9nements \u00e0 Cesenatico et ses environs, et \u00e9vitez les files d&#039;attente \u00e0 l&#039;entr\u00e9e!\" \/>\n<meta name=\"robots\" content=\"index, follow, max-snippet:-1, max-image-preview:large, max-video-preview:-1\" \/>\n<link rel=\"canonical\" href=\"https:\/\/www.cesenaticohotel.com\/fr\/experiences-cesenatico\/divertissement\" \/>\n<meta property=\"og:locale\" content=\"fr_FR\" \/>\n<meta property=\"og:type\" content=\"article\" \/>\n<meta property=\"og:title\" content=\"D\u00e9couvrez toute la joie de vivre de la Riviera: informations et billets\" \/>\n<meta property=\"og:description\" content=\"R\u00e9servez vos billets pour les parcs d&#039;attractions et les entr\u00e9es aux meilleurs \u00e9v\u00e9nements \u00e0 Cesenatico et ses environs, et \u00e9vitez les files d&#039;attente \u00e0 l&#039;entr\u00e9e!\" \/>\n<meta property=\"og:url\" content=\"https:\/\/www.cesenaticohotel.com\/fr\/experiences-cesenatico\/divertissement\" \/>\n<meta property=\"og:site_name\" content=\"Cesenatico Hotel\" \/>\n<meta property=\"article:modified_time\" content=\"2023-08-22T07:08:35+00:00\" \/>\n<meta property=\"og:image\" content=\"https:\/\/www.cesenaticohotel.com\/wp-content\/uploads\/2023\/05\/immagine-sito.jpg\" \/>\n\t<meta property=\"og:image:width\" content=\"1200\" \/>\n\t<meta property=\"og:image:height\" content=\"675\" \/>\n\t<meta property=\"og:image:type\" content=\"image\/jpeg\" \/>\n<meta name=\"twitter:card\" content=\"summary_large_image\" \/>\n<script type=\"application\/ld+json\" class=\"yoast-schema-graph\">{\"@context\":\"https:\/\/schema.org\",\"@graph\":[{\"@type\":\"WebPage\",\"@id\":\"https:\/\/www.cesenaticohotel.com\/fr\/experiences-cesenatico\/divertissement\",\"url\":\"https:\/\/www.cesenaticohotel.com\/fr\/experiences-cesenatico\/divertissement\",\"name\":\"D\u00e9couvrez toute la joie de vivre de la Riviera: informations et billets\",\"isPartOf\":{\"@id\":\"https:\/\/www.cesenaticohotel.com\/fr\/#website\"},\"datePublished\":\"2023-04-26T10:22:25+00:00\",\"dateModified\":\"2023-08-22T07:08:35+00:00\",\"description\":\"R\u00e9servez vos billets pour les parcs d'attractions et les entr\u00e9es aux meilleurs \u00e9v\u00e9nements \u00e0 Cesenatico et ses environs, et \u00e9vitez les files d'attente \u00e0 l'entr\u00e9e!\",\"breadcrumb\":{\"@id\":\"https:\/\/www.cesenaticohotel.com\/fr\/experiences-cesenatico\/divertissement#breadcrumb\"},\"inLanguage\":\"fr-FR\",\"potentialAction\":[{\"@type\":\"ReadAction\",\"target\":[\"https:\/\/www.cesenaticohotel.com\/fr\/experiences-cesenatico\/divertissement\"]}]},{\"@type\":\"BreadcrumbList\",\"@id\":\"https:\/\/www.cesenaticohotel.com\/fr\/experiences-cesenatico\/divertissement#breadcrumb\",\"itemListElement\":[{\"@type\":\"ListItem\",\"position\":1,\"name\":\"Home\",\"item\":\"https:\/\/www.cesenaticohotel.com\/fr\"},{\"@type\":\"ListItem\",\"position\":2,\"name\":\"Exp\u00e9riences\",\"item\":\"https:\/\/www.cesenaticohotel.com\/fr\/experiences-cesenatico\"},{\"@type\":\"ListItem\",\"position\":3,\"name\":\"Divertissement\"}]},{\"@type\":\"WebSite\",\"@id\":\"https:\/\/www.cesenaticohotel.com\/fr\/#website\",\"url\":\"https:\/\/www.cesenaticohotel.com\/fr\/\",\"name\":\"Cesenatico Hotel\",\"description\":\"\",\"publisher\":{\"@id\":\"https:\/\/www.cesenaticohotel.com\/fr\/#organization\"},\"potentialAction\":[{\"@type\":\"SearchAction\",\"target\":{\"@type\":\"EntryPoint\",\"urlTemplate\":\"https:\/\/www.cesenaticohotel.com\/fr\/?s={search_term_string}\"},\"query-input\":{\"@type\":\"PropertyValueSpecification\",\"valueRequired\":true,\"valueName\":\"search_term_string\"}}],\"inLanguage\":\"fr-FR\"},{\"@type\":\"Organization\",\"@id\":\"https:\/\/www.cesenaticohotel.com\/fr\/#organization\",\"name\":\"Cesenatico Hotel\",\"url\":\"https:\/\/www.cesenaticohotel.com\/fr\/\",\"logo\":{\"@type\":\"ImageObject\",\"inLanguage\":\"fr-FR\",\"@id\":\"https:\/\/www.cesenaticohotel.com\/fr\/#\/schema\/logo\/image\/\",\"url\":\"https:\/\/www.cesenaticohotel.com\/wp-content\/uploads\/2023\/05\/logo-organizzazione.jpg\",\"contentUrl\":\"https:\/\/www.cesenaticohotel.com\/wp-content\/uploads\/2023\/05\/logo-organizzazione.jpg\",\"width\":696,\"height\":696,\"caption\":\"Cesenatico Hotel\"},\"image\":{\"@id\":\"https:\/\/www.cesenaticohotel.com\/fr\/#\/schema\/logo\/image\/\"}}]}<\/script>\n<!-- \/ Yoast SEO plugin. -->","yoast_head_json":{"title":"D\u00e9couvrez toute la joie de vivre de la Riviera: informations et billets","description":"R\u00e9servez vos billets pour les parcs d'attractions et les entr\u00e9es aux meilleurs \u00e9v\u00e9nements \u00e0 Cesenatico et ses environs, et \u00e9vitez les files d'attente \u00e0 l'entr\u00e9e!","robots":{"index":"index","follow":"follow","max-snippet":"max-snippet:-1","max-image-preview":"max-image-preview:large","max-video-preview":"max-video-preview:-1"},"canonical":"https:\/\/www.cesenaticohotel.com\/fr\/experiences-cesenatico\/divertissement","og_locale":"fr_FR","og_type":"article","og_title":"D\u00e9couvrez toute la joie de vivre de la Riviera: informations et billets","og_description":"R\u00e9servez vos billets pour les parcs d'attractions et les entr\u00e9es aux meilleurs \u00e9v\u00e9nements \u00e0 Cesenatico et ses environs, et \u00e9vitez les files d'attente \u00e0 l'entr\u00e9e!","og_url":"https:\/\/www.cesenaticohotel.com\/fr\/experiences-cesenatico\/divertissement","og_site_name":"Cesenatico Hotel","article_modified_time":"2023-08-22T07:08:35+00:00","og_image":[{"width":1200,"height":675,"url":"https:\/\/www.cesenaticohotel.com\/wp-content\/uploads\/2023\/05\/immagine-sito.jpg","type":"image\/jpeg"}],"twitter_card":"summary_large_image","schema":{"@context":"https:\/\/schema.org","@graph":[{"@type":"WebPage","@id":"https:\/\/www.cesenaticohotel.com\/fr\/experiences-cesenatico\/divertissement","url":"https:\/\/www.cesenaticohotel.com\/fr\/experiences-cesenatico\/divertissement","name":"D\u00e9couvrez toute la joie de vivre de la Riviera: informations et billets","isPartOf":{"@id":"https:\/\/www.cesenaticohotel.com\/fr\/#website"},"datePublished":"2023-04-26T10:22:25+00:00","dateModified":"2023-08-22T07:08:35+00:00","description":"R\u00e9servez vos billets pour les parcs d'attractions et les entr\u00e9es aux meilleurs \u00e9v\u00e9nements \u00e0 Cesenatico et ses environs, et \u00e9vitez les files d'attente \u00e0 l'entr\u00e9e!","breadcrumb":{"@id":"https:\/\/www.cesenaticohotel.com\/fr\/experiences-cesenatico\/divertissement#breadcrumb"},"inLanguage":"fr-FR","potentialAction":[{"@type":"ReadAction","target":["https:\/\/www.cesenaticohotel.com\/fr\/experiences-cesenatico\/divertissement"]}]},{"@type":"BreadcrumbList","@id":"https:\/\/www.cesenaticohotel.com\/fr\/experiences-cesenatico\/divertissement#breadcrumb","itemListElement":[{"@type":"ListItem","position":1,"name":"Home","item":"https:\/\/www.cesenaticohotel.com\/fr"},{"@type":"ListItem","position":2,"name":"Exp\u00e9riences","item":"https:\/\/www.cesenaticohotel.com\/fr\/experiences-cesenatico"},{"@type":"ListItem","position":3,"name":"Divertissement"}]},{"@type":"WebSite","@id":"https:\/\/www.cesenaticohotel.com\/fr\/#website","url":"https:\/\/www.cesenaticohotel.com\/fr\/","name":"Cesenatico Hotel","description":"","publisher":{"@id":"https:\/\/www.cesenaticohotel.com\/fr\/#organization"},"potentialAction":[{"@type":"SearchAction","target":{"@type":"EntryPoint","urlTemplate":"https:\/\/www.cesenaticohotel.com\/fr\/?s={search_term_string}"},"query-input":{"@type":"PropertyValueSpecification","valueRequired":true,"valueName":"search_term_string"}}],"inLanguage":"fr-FR"},{"@type":"Organization","@id":"https:\/\/www.cesenaticohotel.com\/fr\/#organization","name":"Cesenatico Hotel","url":"https:\/\/www.cesenaticohotel.com\/fr\/","logo":{"@type":"ImageObject","inLanguage":"fr-FR","@id":"https:\/\/www.cesenaticohotel.com\/fr\/#\/schema\/logo\/image\/","url":"https:\/\/www.cesenaticohotel.com\/wp-content\/uploads\/2023\/05\/logo-organizzazione.jpg","contentUrl":"https:\/\/www.cesenaticohotel.com\/wp-content\/uploads\/2023\/05\/logo-organizzazione.jpg","width":696,"height":696,"caption":"Cesenatico Hotel"},"image":{"@id":"https:\/\/www.cesenaticohotel.com\/fr\/#\/schema\/logo\/image\/"}}]}},"_links":{"self":[{"href":"https:\/\/www.cesenaticohotel.com\/fr\/wp-json\/wp\/v2\/pages\/5724","targetHints":{"allow":["GET"]}}],"collection":[{"href":"https:\/\/www.cesenaticohotel.com\/fr\/wp-json\/wp\/v2\/pages"}],"about":[{"href":"https:\/\/www.cesenaticohotel.com\/fr\/wp-json\/wp\/v2\/types\/page"}],"author":[{"embeddable":true,"href":"https:\/\/www.cesenaticohotel.com\/fr\/wp-json\/wp\/v2\/users\/1"}],"replies":[{"embeddable":true,"href":"https:\/\/www.cesenaticohotel.com\/fr\/wp-json\/wp\/v2\/comments?post=5724"}],"version-history":[{"count":1,"href":"https:\/\/www.cesenaticohotel.com\/fr\/wp-json\/wp\/v2\/pages\/5724\/revisions"}],"predecessor-version":[{"id":5725,"href":"https:\/\/www.cesenaticohotel.com\/fr\/wp-json\/wp\/v2\/pages\/5724\/revisions\/5725"}],"up":[{"embeddable":true,"href":"https:\/\/www.cesenaticohotel.com\/fr\/wp-json\/wp\/v2\/pages\/675"}],"wp:attachment":[{"href":"https:\/\/www.cesenaticohotel.com\/fr\/wp-json\/wp\/v2\/media?parent=5724"}],"curies":[{"name":"wp","href":"https:\/\/api.w.org\/{rel}","templated":true}]}}