{"id":598,"date":"2023-04-26T09:38:21","date_gmt":"2023-04-26T07:38:21","guid":{"rendered":"https:\/\/www.cesenaticohotel.com\/hotels\/hotel-imperiale"},"modified":"2023-08-22T09:07:15","modified_gmt":"2023-08-22T07:07:15","slug":"hotel-imperiale","status":"publish","type":"page","link":"https:\/\/www.cesenaticohotel.com\/fr\/hotels\/hotel-imperiale","title":{"rendered":"H\u00f4tel Imperiale"},"content":{"rendered":"\n<p>L&#039;<b>Hotel Imperiale \u00e0 Cesenatico <\/b>se trouve \u00e0 <b>90 m\u00e8tres de la plage priv\u00e9e<\/b>, un \u00e9tablissement moderne avec animation pour enfants et adultes, un bar avec une belle terrasse vue mer, un parasol et deux chaises longues inclus dans la formule tout compris.<\/p>\n\n\n\n<!--more-->\n\n\n\n<p>Si vous \u00eates en <b>vacances avec des enfants<\/b>, l&#039;h\u00f4tel met \u00e0 disposition des lits b\u00e9b\u00e9 et des barri\u00e8res de protection dans les chambres sur demande, des menus pour b\u00e9b\u00e9s et la possibilit\u00e9 d&#039;avancer l&#039;heure des repas.<\/p>\n\n\n\n<p>La <b>cuisine est tr\u00e8s soign\u00e9e<\/b>, chaque jour vous trouverez des plats de la tradition romagnole, r\u00e9gionale et nationale, principalement \u00e0 base de produits Km 0 et de mati\u00e8res premi\u00e8res. Au <b>petit-d\u00e9jeuner<\/b>, il y a des g\u00e2teaux et des beignets faits maison, des brioches, du yaourt, des \u0153ufs, des charcuteries, des fromages, du caf\u00e9, du th\u00e9, du cappuccino, des jus de fruits. Au <b>d\u00e9jeuner<\/b> et au <b>d\u00eener<\/b>, <b>les menus sont au choix<\/b>, toujours avec viande et poisson, accompagn\u00e9s d&#039;un buffet de salades, de l\u00e9gumes de saison et de fruits. Des <b>d\u00eeners \u00e0 th\u00e8me<\/b> sont organis\u00e9s chaque semaine.<\/p>\n\n\n\n<p>L&#039;H\u00f4tel Imperiale dispose d&#039;<b>espaces ext\u00e9rieur<\/b>s \u00e9quip\u00e9s pour la d\u00e9tente, d&#039;un <b>solarium au dernier \u00e9tage<\/b> et d&#039;un <b>parking priv\u00e9<\/b>. De plus, les <b>petits animaux<\/b> <b>sont les bienvenus.<\/b><\/p>\n","protected":false},"excerpt":{"rendered":"<p>L&#039;Hotel Imperiale \u00e0 Cesenatico se trouve \u00e0 90 m\u00e8tres de la plage priv\u00e9e, un \u00e9tablissement moderne avec animation pour enfants et adultes, un bar avec une belle terrasse vue mer, un parasol et deux chaises longues inclus dans la formule tout compris.<\/p>\n","protected":false},"author":1,"featured_media":0,"parent":513,"menu_order":0,"comment_status":"closed","ping_status":"closed","template":"page-templates\/scheda_hotel.php","meta":{"_acf_changed":false,"inline_featured_image":false,"footnotes":""},"class_list":["post-598","page","type-page","status-publish","hentry"],"acf":[],"yoast_head":"<!-- This site is optimized with the Yoast SEO plugin v27.0 - https:\/\/yoast.com\/product\/yoast-seo-wordpress\/ -->\n<title>H\u00f4tel Imperiale*** \u00e0 Cesenatico: h\u00f4tel pour familles<\/title>\n<meta name=\"description\" content=\"L&#039;H\u00f4tel Imperiale poss\u00e8de une plage priv\u00e9e \u00e0 seulement 90 m\u00e8tres, une animation et des services pour les enfants. Parking priv\u00e9 et animaux domestiques bienvenus\" \/>\n<meta name=\"robots\" content=\"index, follow, max-snippet:-1, max-image-preview:large, max-video-preview:-1\" \/>\n<link rel=\"canonical\" href=\"https:\/\/www.cesenaticohotel.com\/fr\/hotels\/hotel-imperiale\" \/>\n<meta property=\"og:locale\" content=\"fr_FR\" \/>\n<meta property=\"og:type\" content=\"article\" \/>\n<meta property=\"og:title\" content=\"H\u00f4tel Imperiale*** \u00e0 Cesenatico: h\u00f4tel pour familles\" \/>\n<meta property=\"og:description\" content=\"L&#039;H\u00f4tel Imperiale poss\u00e8de une plage priv\u00e9e \u00e0 seulement 90 m\u00e8tres, une animation et des services pour les enfants. Parking priv\u00e9 et animaux domestiques bienvenus\" \/>\n<meta property=\"og:url\" content=\"https:\/\/www.cesenaticohotel.com\/fr\/hotels\/hotel-imperiale\" \/>\n<meta property=\"og:site_name\" content=\"Cesenatico Hotel\" \/>\n<meta property=\"article:modified_time\" content=\"2023-08-22T07:07:15+00:00\" \/>\n<meta property=\"og:image\" content=\"https:\/\/www.cesenaticohotel.com\/wp-content\/uploads\/2023\/05\/immagine-sito.jpg\" \/>\n\t<meta property=\"og:image:width\" content=\"1200\" \/>\n\t<meta property=\"og:image:height\" content=\"675\" \/>\n\t<meta property=\"og:image:type\" content=\"image\/jpeg\" \/>\n<meta name=\"twitter:card\" content=\"summary_large_image\" \/>\n<meta name=\"twitter:label1\" content=\"Dur\u00e9e de lecture estim\u00e9e\" \/>\n\t<meta name=\"twitter:data1\" content=\"1 minute\" \/>\n<script type=\"application\/ld+json\" class=\"yoast-schema-graph\">{\"@context\":\"https:\/\/schema.org\",\"@graph\":[{\"@type\":\"WebPage\",\"@id\":\"https:\/\/www.cesenaticohotel.com\/fr\/hotels\/hotel-imperiale\",\"url\":\"https:\/\/www.cesenaticohotel.com\/fr\/hotels\/hotel-imperiale\",\"name\":\"H\u00f4tel Imperiale*** \u00e0 Cesenatico: h\u00f4tel pour familles\",\"isPartOf\":{\"@id\":\"https:\/\/www.cesenaticohotel.com\/fr\/#website\"},\"datePublished\":\"2023-04-26T07:38:21+00:00\",\"dateModified\":\"2023-08-22T07:07:15+00:00\",\"description\":\"L'H\u00f4tel Imperiale poss\u00e8de une plage priv\u00e9e \u00e0 seulement 90 m\u00e8tres, une animation et des services pour les enfants. Parking priv\u00e9 et animaux domestiques bienvenus\",\"breadcrumb\":{\"@id\":\"https:\/\/www.cesenaticohotel.com\/fr\/hotels\/hotel-imperiale#breadcrumb\"},\"inLanguage\":\"fr-FR\",\"potentialAction\":[{\"@type\":\"ReadAction\",\"target\":[\"https:\/\/www.cesenaticohotel.com\/fr\/hotels\/hotel-imperiale\"]}]},{\"@type\":\"BreadcrumbList\",\"@id\":\"https:\/\/www.cesenaticohotel.com\/fr\/hotels\/hotel-imperiale#breadcrumb\",\"itemListElement\":[{\"@type\":\"ListItem\",\"position\":1,\"name\":\"Home\",\"item\":\"https:\/\/www.cesenaticohotel.com\/fr\"},{\"@type\":\"ListItem\",\"position\":2,\"name\":\"H\u00f4tel\",\"item\":\"https:\/\/www.cesenaticohotel.com\/fr\/hotels\"},{\"@type\":\"ListItem\",\"position\":3,\"name\":\"H\u00f4tel Imperiale\"}]},{\"@type\":\"WebSite\",\"@id\":\"https:\/\/www.cesenaticohotel.com\/fr\/#website\",\"url\":\"https:\/\/www.cesenaticohotel.com\/fr\/\",\"name\":\"Cesenatico Hotel\",\"description\":\"\",\"publisher\":{\"@id\":\"https:\/\/www.cesenaticohotel.com\/fr\/#organization\"},\"potentialAction\":[{\"@type\":\"SearchAction\",\"target\":{\"@type\":\"EntryPoint\",\"urlTemplate\":\"https:\/\/www.cesenaticohotel.com\/fr\/?s={search_term_string}\"},\"query-input\":{\"@type\":\"PropertyValueSpecification\",\"valueRequired\":true,\"valueName\":\"search_term_string\"}}],\"inLanguage\":\"fr-FR\"},{\"@type\":\"Organization\",\"@id\":\"https:\/\/www.cesenaticohotel.com\/fr\/#organization\",\"name\":\"Cesenatico Hotel\",\"url\":\"https:\/\/www.cesenaticohotel.com\/fr\/\",\"logo\":{\"@type\":\"ImageObject\",\"inLanguage\":\"fr-FR\",\"@id\":\"https:\/\/www.cesenaticohotel.com\/fr\/#\/schema\/logo\/image\/\",\"url\":\"https:\/\/www.cesenaticohotel.com\/wp-content\/uploads\/2023\/05\/logo-organizzazione.jpg\",\"contentUrl\":\"https:\/\/www.cesenaticohotel.com\/wp-content\/uploads\/2023\/05\/logo-organizzazione.jpg\",\"width\":696,\"height\":696,\"caption\":\"Cesenatico Hotel\"},\"image\":{\"@id\":\"https:\/\/www.cesenaticohotel.com\/fr\/#\/schema\/logo\/image\/\"}}]}<\/script>\n<!-- \/ Yoast SEO plugin. -->","yoast_head_json":{"title":"H\u00f4tel Imperiale*** \u00e0 Cesenatico: h\u00f4tel pour familles","description":"L'H\u00f4tel Imperiale poss\u00e8de une plage priv\u00e9e \u00e0 seulement 90 m\u00e8tres, une animation et des services pour les enfants. Parking priv\u00e9 et animaux domestiques bienvenus","robots":{"index":"index","follow":"follow","max-snippet":"max-snippet:-1","max-image-preview":"max-image-preview:large","max-video-preview":"max-video-preview:-1"},"canonical":"https:\/\/www.cesenaticohotel.com\/fr\/hotels\/hotel-imperiale","og_locale":"fr_FR","og_type":"article","og_title":"H\u00f4tel Imperiale*** \u00e0 Cesenatico: h\u00f4tel pour familles","og_description":"L'H\u00f4tel Imperiale poss\u00e8de une plage priv\u00e9e \u00e0 seulement 90 m\u00e8tres, une animation et des services pour les enfants. Parking priv\u00e9 et animaux domestiques bienvenus","og_url":"https:\/\/www.cesenaticohotel.com\/fr\/hotels\/hotel-imperiale","og_site_name":"Cesenatico Hotel","article_modified_time":"2023-08-22T07:07:15+00:00","og_image":[{"width":1200,"height":675,"url":"https:\/\/www.cesenaticohotel.com\/wp-content\/uploads\/2023\/05\/immagine-sito.jpg","type":"image\/jpeg"}],"twitter_card":"summary_large_image","twitter_misc":{"Dur\u00e9e de lecture estim\u00e9e":"1 minute"},"schema":{"@context":"https:\/\/schema.org","@graph":[{"@type":"WebPage","@id":"https:\/\/www.cesenaticohotel.com\/fr\/hotels\/hotel-imperiale","url":"https:\/\/www.cesenaticohotel.com\/fr\/hotels\/hotel-imperiale","name":"H\u00f4tel Imperiale*** \u00e0 Cesenatico: h\u00f4tel pour familles","isPartOf":{"@id":"https:\/\/www.cesenaticohotel.com\/fr\/#website"},"datePublished":"2023-04-26T07:38:21+00:00","dateModified":"2023-08-22T07:07:15+00:00","description":"L'H\u00f4tel Imperiale poss\u00e8de une plage priv\u00e9e \u00e0 seulement 90 m\u00e8tres, une animation et des services pour les enfants. Parking priv\u00e9 et animaux domestiques bienvenus","breadcrumb":{"@id":"https:\/\/www.cesenaticohotel.com\/fr\/hotels\/hotel-imperiale#breadcrumb"},"inLanguage":"fr-FR","potentialAction":[{"@type":"ReadAction","target":["https:\/\/www.cesenaticohotel.com\/fr\/hotels\/hotel-imperiale"]}]},{"@type":"BreadcrumbList","@id":"https:\/\/www.cesenaticohotel.com\/fr\/hotels\/hotel-imperiale#breadcrumb","itemListElement":[{"@type":"ListItem","position":1,"name":"Home","item":"https:\/\/www.cesenaticohotel.com\/fr"},{"@type":"ListItem","position":2,"name":"H\u00f4tel","item":"https:\/\/www.cesenaticohotel.com\/fr\/hotels"},{"@type":"ListItem","position":3,"name":"H\u00f4tel Imperiale"}]},{"@type":"WebSite","@id":"https:\/\/www.cesenaticohotel.com\/fr\/#website","url":"https:\/\/www.cesenaticohotel.com\/fr\/","name":"Cesenatico Hotel","description":"","publisher":{"@id":"https:\/\/www.cesenaticohotel.com\/fr\/#organization"},"potentialAction":[{"@type":"SearchAction","target":{"@type":"EntryPoint","urlTemplate":"https:\/\/www.cesenaticohotel.com\/fr\/?s={search_term_string}"},"query-input":{"@type":"PropertyValueSpecification","valueRequired":true,"valueName":"search_term_string"}}],"inLanguage":"fr-FR"},{"@type":"Organization","@id":"https:\/\/www.cesenaticohotel.com\/fr\/#organization","name":"Cesenatico Hotel","url":"https:\/\/www.cesenaticohotel.com\/fr\/","logo":{"@type":"ImageObject","inLanguage":"fr-FR","@id":"https:\/\/www.cesenaticohotel.com\/fr\/#\/schema\/logo\/image\/","url":"https:\/\/www.cesenaticohotel.com\/wp-content\/uploads\/2023\/05\/logo-organizzazione.jpg","contentUrl":"https:\/\/www.cesenaticohotel.com\/wp-content\/uploads\/2023\/05\/logo-organizzazione.jpg","width":696,"height":696,"caption":"Cesenatico Hotel"},"image":{"@id":"https:\/\/www.cesenaticohotel.com\/fr\/#\/schema\/logo\/image\/"}}]}},"_links":{"self":[{"href":"https:\/\/www.cesenaticohotel.com\/fr\/wp-json\/wp\/v2\/pages\/598","targetHints":{"allow":["GET"]}}],"collection":[{"href":"https:\/\/www.cesenaticohotel.com\/fr\/wp-json\/wp\/v2\/pages"}],"about":[{"href":"https:\/\/www.cesenaticohotel.com\/fr\/wp-json\/wp\/v2\/types\/page"}],"author":[{"embeddable":true,"href":"https:\/\/www.cesenaticohotel.com\/fr\/wp-json\/wp\/v2\/users\/1"}],"replies":[{"embeddable":true,"href":"https:\/\/www.cesenaticohotel.com\/fr\/wp-json\/wp\/v2\/comments?post=598"}],"version-history":[{"count":3,"href":"https:\/\/www.cesenaticohotel.com\/fr\/wp-json\/wp\/v2\/pages\/598\/revisions"}],"predecessor-version":[{"id":5713,"href":"https:\/\/www.cesenaticohotel.com\/fr\/wp-json\/wp\/v2\/pages\/598\/revisions\/5713"}],"up":[{"embeddable":true,"href":"https:\/\/www.cesenaticohotel.com\/fr\/wp-json\/wp\/v2\/pages\/513"}],"wp:attachment":[{"href":"https:\/\/www.cesenaticohotel.com\/fr\/wp-json\/wp\/v2\/media?parent=598"}],"curies":[{"name":"wp","href":"https:\/\/api.w.org\/{rel}","templated":true}]}}