{"id":606,"date":"2023-04-26T10:05:34","date_gmt":"2023-04-26T08:05:34","guid":{"rendered":"https:\/\/www.cesenaticohotel.com\/hotels\/hotel-garden"},"modified":"2023-08-22T09:07:16","modified_gmt":"2023-08-22T07:07:16","slug":"hotel-garden","status":"publish","type":"page","link":"https:\/\/www.cesenaticohotel.com\/fr\/hotels\/hotel-garden","title":{"rendered":"H\u00f4tel Garden"},"content":{"rendered":"\n<p>L&#039;<b>Hotel Garden <\/b>est situ\u00e9 sur le front de mer, <b>en face de la plage<\/b> affili\u00e9e avec animation, vous permettant ainsi d&#039;alterner entre d\u00e9tente sous le parasol et heures insouciantes dans la<b> piscine<\/b> de l&#039;h\u00f4tel, avec <b>solarium et terrasse<\/b> \u00e9quip\u00e9e,<b> bar<\/b> \u00e0 cocktails et service de <b>sauvetage<\/b> pour que les enfants puissent jouer en toute s\u00e9curit\u00e9.<\/p>\n\n\n\n<!--more-->\n\n\n\n<p>Avec la <b>formule tout compris<\/b>, vous avez la garantie de vacances sans soucis et enti\u00e8rement relaxantes, comprenant \u00e9galement le service de plage avec un parasol et deux chaises longues.<\/p>\n\n\n\n<p>L&#039;h\u00f4tel propose un <b>parking<\/b>, des <b>v\u00e9los<\/b> gratuits, un <b>local \u00e0 v\u00e9los<\/b>, <b>une aire de jeux<\/b> pour les plus petits, ainsi que des chaises hautes et des baignoires pour b\u00e9b\u00e9s; de plus, les petits <b>animaux domestiques<\/b> sont les bienvenus.<\/p>\n\n\n\n<p>\u00c0 table, vous trouverez <b>des p\u00e2tes et des desserts faits maison<\/b>, ne manquez pas les passatelli et les lasagnes, du poisson frais comme les petits sardins au four accompagn\u00e9s de piadina, et bien d&#039;autres d\u00e9licieux plats de tradition. Pour les <b>enfants<\/b>, le personnel est toujours disponible pour pr\u00e9parer des plats simples et authentiques, ou des <b>bouillons et des pur\u00e9es pour le sevrage<\/b>. Les mati\u00e8res premi\u00e8res sont soigneusement s\u00e9lectionn\u00e9es parmi les meilleurs produits km 0.<\/p>\n","protected":false},"excerpt":{"rendered":"<p>L&#039;Hotel Garden est situ\u00e9 sur le front de mer, en face de la plage affili\u00e9e avec animation, vous permettant ainsi d&#039;alterner entre d\u00e9tente sous le parasol et heures insouciantes dans la piscine de l&#039;h\u00f4tel, avec solarium et terrasse \u00e9quip\u00e9e, bar \u00e0 cocktails et service de sauvetage pour que les enfants puissent jouer en toute s\u00e9curit\u00e9.<\/p>\n","protected":false},"author":1,"featured_media":0,"parent":513,"menu_order":0,"comment_status":"closed","ping_status":"closed","template":"page-templates\/scheda_hotel.php","meta":{"_acf_changed":false,"inline_featured_image":false,"footnotes":""},"class_list":["post-606","page","type-page","status-publish","hentry"],"acf":[],"yoast_head":"<!-- This site is optimized with the Yoast SEO plugin v27.0 - https:\/\/yoast.com\/product\/yoast-seo-wordpress\/ -->\n<title>H\u00f4tel Garden*** \u00e0 Cesenatico: h\u00f4tel pour sportifs et familles<\/title>\n<meta name=\"description\" content=\"L&#039;H\u00f4tel Garden est directement sur la mer avec plage affili\u00e9e, piscine avec solarium, aire de jeux et piscine ext\u00e9rieure priv\u00e9e\" \/>\n<meta name=\"robots\" content=\"index, follow, max-snippet:-1, max-image-preview:large, max-video-preview:-1\" \/>\n<link rel=\"canonical\" href=\"https:\/\/www.cesenaticohotel.com\/fr\/hotels\/hotel-garden\" \/>\n<meta property=\"og:locale\" content=\"fr_FR\" \/>\n<meta property=\"og:type\" content=\"article\" \/>\n<meta property=\"og:title\" content=\"H\u00f4tel Garden*** \u00e0 Cesenatico: h\u00f4tel pour sportifs et familles\" \/>\n<meta property=\"og:description\" content=\"L&#039;H\u00f4tel Garden est directement sur la mer avec plage affili\u00e9e, piscine avec solarium, aire de jeux et piscine ext\u00e9rieure priv\u00e9e\" \/>\n<meta property=\"og:url\" content=\"https:\/\/www.cesenaticohotel.com\/fr\/hotels\/hotel-garden\" \/>\n<meta property=\"og:site_name\" content=\"Cesenatico Hotel\" \/>\n<meta property=\"article:modified_time\" content=\"2023-08-22T07:07:16+00:00\" \/>\n<meta property=\"og:image\" content=\"https:\/\/www.cesenaticohotel.com\/wp-content\/uploads\/2023\/05\/immagine-sito.jpg\" \/>\n\t<meta property=\"og:image:width\" content=\"1200\" \/>\n\t<meta property=\"og:image:height\" content=\"675\" \/>\n\t<meta property=\"og:image:type\" content=\"image\/jpeg\" \/>\n<meta name=\"twitter:card\" content=\"summary_large_image\" \/>\n<meta name=\"twitter:label1\" content=\"Dur\u00e9e de lecture estim\u00e9e\" \/>\n\t<meta name=\"twitter:data1\" content=\"1 minute\" \/>\n<script type=\"application\/ld+json\" class=\"yoast-schema-graph\">{\"@context\":\"https:\/\/schema.org\",\"@graph\":[{\"@type\":\"WebPage\",\"@id\":\"https:\/\/www.cesenaticohotel.com\/fr\/hotels\/hotel-garden\",\"url\":\"https:\/\/www.cesenaticohotel.com\/fr\/hotels\/hotel-garden\",\"name\":\"H\u00f4tel Garden*** \u00e0 Cesenatico: h\u00f4tel pour sportifs et familles\",\"isPartOf\":{\"@id\":\"https:\/\/www.cesenaticohotel.com\/fr\/#website\"},\"datePublished\":\"2023-04-26T08:05:34+00:00\",\"dateModified\":\"2023-08-22T07:07:16+00:00\",\"description\":\"L'H\u00f4tel Garden est directement sur la mer avec plage affili\u00e9e, piscine avec solarium, aire de jeux et piscine ext\u00e9rieure priv\u00e9e\",\"breadcrumb\":{\"@id\":\"https:\/\/www.cesenaticohotel.com\/fr\/hotels\/hotel-garden#breadcrumb\"},\"inLanguage\":\"fr-FR\",\"potentialAction\":[{\"@type\":\"ReadAction\",\"target\":[\"https:\/\/www.cesenaticohotel.com\/fr\/hotels\/hotel-garden\"]}]},{\"@type\":\"BreadcrumbList\",\"@id\":\"https:\/\/www.cesenaticohotel.com\/fr\/hotels\/hotel-garden#breadcrumb\",\"itemListElement\":[{\"@type\":\"ListItem\",\"position\":1,\"name\":\"Home\",\"item\":\"https:\/\/www.cesenaticohotel.com\/fr\"},{\"@type\":\"ListItem\",\"position\":2,\"name\":\"H\u00f4tel\",\"item\":\"https:\/\/www.cesenaticohotel.com\/fr\/hotels\"},{\"@type\":\"ListItem\",\"position\":3,\"name\":\"H\u00f4tel Garden\"}]},{\"@type\":\"WebSite\",\"@id\":\"https:\/\/www.cesenaticohotel.com\/fr\/#website\",\"url\":\"https:\/\/www.cesenaticohotel.com\/fr\/\",\"name\":\"Cesenatico Hotel\",\"description\":\"\",\"publisher\":{\"@id\":\"https:\/\/www.cesenaticohotel.com\/fr\/#organization\"},\"potentialAction\":[{\"@type\":\"SearchAction\",\"target\":{\"@type\":\"EntryPoint\",\"urlTemplate\":\"https:\/\/www.cesenaticohotel.com\/fr\/?s={search_term_string}\"},\"query-input\":{\"@type\":\"PropertyValueSpecification\",\"valueRequired\":true,\"valueName\":\"search_term_string\"}}],\"inLanguage\":\"fr-FR\"},{\"@type\":\"Organization\",\"@id\":\"https:\/\/www.cesenaticohotel.com\/fr\/#organization\",\"name\":\"Cesenatico Hotel\",\"url\":\"https:\/\/www.cesenaticohotel.com\/fr\/\",\"logo\":{\"@type\":\"ImageObject\",\"inLanguage\":\"fr-FR\",\"@id\":\"https:\/\/www.cesenaticohotel.com\/fr\/#\/schema\/logo\/image\/\",\"url\":\"https:\/\/www.cesenaticohotel.com\/wp-content\/uploads\/2023\/05\/logo-organizzazione.jpg\",\"contentUrl\":\"https:\/\/www.cesenaticohotel.com\/wp-content\/uploads\/2023\/05\/logo-organizzazione.jpg\",\"width\":696,\"height\":696,\"caption\":\"Cesenatico Hotel\"},\"image\":{\"@id\":\"https:\/\/www.cesenaticohotel.com\/fr\/#\/schema\/logo\/image\/\"}}]}<\/script>\n<!-- \/ Yoast SEO plugin. -->","yoast_head_json":{"title":"H\u00f4tel Garden*** \u00e0 Cesenatico: h\u00f4tel pour sportifs et familles","description":"L'H\u00f4tel Garden est directement sur la mer avec plage affili\u00e9e, piscine avec solarium, aire de jeux et piscine ext\u00e9rieure priv\u00e9e","robots":{"index":"index","follow":"follow","max-snippet":"max-snippet:-1","max-image-preview":"max-image-preview:large","max-video-preview":"max-video-preview:-1"},"canonical":"https:\/\/www.cesenaticohotel.com\/fr\/hotels\/hotel-garden","og_locale":"fr_FR","og_type":"article","og_title":"H\u00f4tel Garden*** \u00e0 Cesenatico: h\u00f4tel pour sportifs et familles","og_description":"L'H\u00f4tel Garden est directement sur la mer avec plage affili\u00e9e, piscine avec solarium, aire de jeux et piscine ext\u00e9rieure priv\u00e9e","og_url":"https:\/\/www.cesenaticohotel.com\/fr\/hotels\/hotel-garden","og_site_name":"Cesenatico Hotel","article_modified_time":"2023-08-22T07:07:16+00:00","og_image":[{"width":1200,"height":675,"url":"https:\/\/www.cesenaticohotel.com\/wp-content\/uploads\/2023\/05\/immagine-sito.jpg","type":"image\/jpeg"}],"twitter_card":"summary_large_image","twitter_misc":{"Dur\u00e9e de lecture estim\u00e9e":"1 minute"},"schema":{"@context":"https:\/\/schema.org","@graph":[{"@type":"WebPage","@id":"https:\/\/www.cesenaticohotel.com\/fr\/hotels\/hotel-garden","url":"https:\/\/www.cesenaticohotel.com\/fr\/hotels\/hotel-garden","name":"H\u00f4tel Garden*** \u00e0 Cesenatico: h\u00f4tel pour sportifs et familles","isPartOf":{"@id":"https:\/\/www.cesenaticohotel.com\/fr\/#website"},"datePublished":"2023-04-26T08:05:34+00:00","dateModified":"2023-08-22T07:07:16+00:00","description":"L'H\u00f4tel Garden est directement sur la mer avec plage affili\u00e9e, piscine avec solarium, aire de jeux et piscine ext\u00e9rieure priv\u00e9e","breadcrumb":{"@id":"https:\/\/www.cesenaticohotel.com\/fr\/hotels\/hotel-garden#breadcrumb"},"inLanguage":"fr-FR","potentialAction":[{"@type":"ReadAction","target":["https:\/\/www.cesenaticohotel.com\/fr\/hotels\/hotel-garden"]}]},{"@type":"BreadcrumbList","@id":"https:\/\/www.cesenaticohotel.com\/fr\/hotels\/hotel-garden#breadcrumb","itemListElement":[{"@type":"ListItem","position":1,"name":"Home","item":"https:\/\/www.cesenaticohotel.com\/fr"},{"@type":"ListItem","position":2,"name":"H\u00f4tel","item":"https:\/\/www.cesenaticohotel.com\/fr\/hotels"},{"@type":"ListItem","position":3,"name":"H\u00f4tel Garden"}]},{"@type":"WebSite","@id":"https:\/\/www.cesenaticohotel.com\/fr\/#website","url":"https:\/\/www.cesenaticohotel.com\/fr\/","name":"Cesenatico Hotel","description":"","publisher":{"@id":"https:\/\/www.cesenaticohotel.com\/fr\/#organization"},"potentialAction":[{"@type":"SearchAction","target":{"@type":"EntryPoint","urlTemplate":"https:\/\/www.cesenaticohotel.com\/fr\/?s={search_term_string}"},"query-input":{"@type":"PropertyValueSpecification","valueRequired":true,"valueName":"search_term_string"}}],"inLanguage":"fr-FR"},{"@type":"Organization","@id":"https:\/\/www.cesenaticohotel.com\/fr\/#organization","name":"Cesenatico Hotel","url":"https:\/\/www.cesenaticohotel.com\/fr\/","logo":{"@type":"ImageObject","inLanguage":"fr-FR","@id":"https:\/\/www.cesenaticohotel.com\/fr\/#\/schema\/logo\/image\/","url":"https:\/\/www.cesenaticohotel.com\/wp-content\/uploads\/2023\/05\/logo-organizzazione.jpg","contentUrl":"https:\/\/www.cesenaticohotel.com\/wp-content\/uploads\/2023\/05\/logo-organizzazione.jpg","width":696,"height":696,"caption":"Cesenatico Hotel"},"image":{"@id":"https:\/\/www.cesenaticohotel.com\/fr\/#\/schema\/logo\/image\/"}}]}},"_links":{"self":[{"href":"https:\/\/www.cesenaticohotel.com\/fr\/wp-json\/wp\/v2\/pages\/606","targetHints":{"allow":["GET"]}}],"collection":[{"href":"https:\/\/www.cesenaticohotel.com\/fr\/wp-json\/wp\/v2\/pages"}],"about":[{"href":"https:\/\/www.cesenaticohotel.com\/fr\/wp-json\/wp\/v2\/types\/page"}],"author":[{"embeddable":true,"href":"https:\/\/www.cesenaticohotel.com\/fr\/wp-json\/wp\/v2\/users\/1"}],"replies":[{"embeddable":true,"href":"https:\/\/www.cesenaticohotel.com\/fr\/wp-json\/wp\/v2\/comments?post=606"}],"version-history":[{"count":3,"href":"https:\/\/www.cesenaticohotel.com\/fr\/wp-json\/wp\/v2\/pages\/606\/revisions"}],"predecessor-version":[{"id":5715,"href":"https:\/\/www.cesenaticohotel.com\/fr\/wp-json\/wp\/v2\/pages\/606\/revisions\/5715"}],"up":[{"embeddable":true,"href":"https:\/\/www.cesenaticohotel.com\/fr\/wp-json\/wp\/v2\/pages\/513"}],"wp:attachment":[{"href":"https:\/\/www.cesenaticohotel.com\/fr\/wp-json\/wp\/v2\/media?parent=606"}],"curies":[{"name":"wp","href":"https:\/\/api.w.org\/{rel}","templated":true}]}}