{"id":6864,"date":"2024-01-29T16:40:43","date_gmt":"2024-01-29T15:40:43","guid":{"rendered":"https:\/\/www.cesenaticohotel.com\/hotels\/hotel-metron"},"modified":"2024-06-03T11:28:37","modified_gmt":"2024-06-03T09:28:37","slug":"hotel-metron","status":"publish","type":"page","link":"https:\/\/www.cesenaticohotel.com\/fr\/hotels\/hotel-metron","title":{"rendered":"Hotel Metron"},"content":{"rendered":"\n<p><b>L&#039;H\u00f4tel Metron de Cesenatico<\/b> se trouve dans un endroit pratique et tranquille, \u00e0 quelques minutes \u00e0 pied de la plage conventionn\u00e9e. L&#039;h\u00f4tel dispose d&#039;une <b>v\u00e9randa<\/b> ext\u00e9rieure \u00e9quip\u00e9e, d&#039;une grande <b>terrasse<\/b> solarium au dernier \u00e9tage avec des chaises longues pour bronzer, d&#039;un <b>bar<\/b> ouvert de 8h00 \u00e0 24h00, d&#039;un <b>parking<\/b> pour voitures, et de <b>v\u00e9los<\/b> \u00e0 usage gratuit.<\/p>\n\n\n\n<p>L&#039;h\u00f4tel propose un service de <b>demi-pension avec d\u00eener<\/b>. La <b>cuisine maison<\/b>, y compris avec des produits \u00e0 kilom\u00e8tre z\u00e9ro, est tr\u00e8s appr\u00e9ci\u00e9e des clients et est directement g\u00e9r\u00e9e par les propri\u00e9taires. Le <b>petit-d\u00e9jeuner<\/b> est sous forme de <b>buffet<\/b>, tandis que le <b>d\u00eener propose un menu au choix<\/b>, o\u00f9 le poisson frais, les desserts faits maison, le buffet d&#039;entr\u00e9es et de l\u00e9gumes ne manquent jamais. Pour ceux qui voyagent avec des enfants, des menus pour b\u00e9b\u00e9s et un coin repas pour b\u00e9b\u00e9s sont disponibles.<\/p>\n\n\n\n\n\n<p>Les <b>animaux<\/b> domestiques sont les <b>bienvenus<\/b>.<\/p>\n\n\n","protected":false},"excerpt":{"rendered":"<p>L&#039;H\u00f4tel Metron de Cesenatico se trouve dans un endroit pratique et tranquille, \u00e0 quelques minutes \u00e0 pied de la plage conventionn\u00e9e. L&#039;h\u00f4tel dispose d&#039;une v\u00e9randa ext\u00e9rieure \u00e9quip\u00e9e, d&#039;une grande terrasse solarium au dernier \u00e9tage avec des chaises longues pour bronzer, d&#039;un bar ouvert de 8h00 \u00e0 24h00, d&#039;un parking pour voitures, et de v\u00e9los \u00e0 &hellip;<\/p>\n","protected":false},"author":1,"featured_media":0,"parent":513,"menu_order":0,"comment_status":"closed","ping_status":"closed","template":"page-templates\/scheda_hotel.php","meta":{"_acf_changed":false,"inline_featured_image":false,"footnotes":""},"class_list":["post-6864","page","type-page","status-publish","hentry"],"acf":[],"yoast_head":"<!-- This site is optimized with the Yoast SEO plugin v27.0 - https:\/\/yoast.com\/product\/yoast-seo-wordpress\/ -->\n<title>Hotel Metron - Cesenatico Hotel<\/title>\n<meta name=\"robots\" content=\"index, follow, max-snippet:-1, max-image-preview:large, max-video-preview:-1\" \/>\n<link rel=\"canonical\" href=\"https:\/\/www.cesenaticohotel.com\/fr\/hotels\/hotel-metron\" \/>\n<meta property=\"og:locale\" content=\"fr_FR\" \/>\n<meta property=\"og:type\" content=\"article\" \/>\n<meta property=\"og:title\" content=\"Hotel Metron - Cesenatico Hotel\" \/>\n<meta property=\"og:description\" content=\"L&#039;H\u00f4tel Metron de Cesenatico se trouve dans un endroit pratique et tranquille, \u00e0 quelques minutes \u00e0 pied de la plage conventionn\u00e9e. L&#039;h\u00f4tel dispose d&#039;une v\u00e9randa ext\u00e9rieure \u00e9quip\u00e9e, d&#039;une grande terrasse solarium au dernier \u00e9tage avec des chaises longues pour bronzer, d&#039;un bar ouvert de 8h00 \u00e0 24h00, d&#039;un parking pour voitures, et de v\u00e9los \u00e0 &hellip;\" \/>\n<meta property=\"og:url\" content=\"https:\/\/www.cesenaticohotel.com\/fr\/hotels\/hotel-metron\" \/>\n<meta property=\"og:site_name\" content=\"Cesenatico Hotel\" \/>\n<meta property=\"article:modified_time\" content=\"2024-06-03T09:28:37+00:00\" \/>\n<meta property=\"og:image\" content=\"https:\/\/www.cesenaticohotel.com\/wp-content\/uploads\/2023\/05\/immagine-sito.jpg\" \/>\n\t<meta property=\"og:image:width\" content=\"1200\" \/>\n\t<meta property=\"og:image:height\" content=\"675\" \/>\n\t<meta property=\"og:image:type\" content=\"image\/jpeg\" \/>\n<meta name=\"twitter:card\" content=\"summary_large_image\" \/>\n<meta name=\"twitter:label1\" content=\"Dur\u00e9e de lecture estim\u00e9e\" \/>\n\t<meta name=\"twitter:data1\" content=\"1 minute\" \/>\n<script type=\"application\/ld+json\" class=\"yoast-schema-graph\">{\"@context\":\"https:\/\/schema.org\",\"@graph\":[{\"@type\":\"WebPage\",\"@id\":\"https:\/\/www.cesenaticohotel.com\/fr\/hotels\/hotel-metron\",\"url\":\"https:\/\/www.cesenaticohotel.com\/fr\/hotels\/hotel-metron\",\"name\":\"Hotel Metron - Cesenatico Hotel\",\"isPartOf\":{\"@id\":\"https:\/\/www.cesenaticohotel.com\/fr\/#website\"},\"datePublished\":\"2024-01-29T15:40:43+00:00\",\"dateModified\":\"2024-06-03T09:28:37+00:00\",\"breadcrumb\":{\"@id\":\"https:\/\/www.cesenaticohotel.com\/fr\/hotels\/hotel-metron#breadcrumb\"},\"inLanguage\":\"fr-FR\",\"potentialAction\":[{\"@type\":\"ReadAction\",\"target\":[\"https:\/\/www.cesenaticohotel.com\/fr\/hotels\/hotel-metron\"]}]},{\"@type\":\"BreadcrumbList\",\"@id\":\"https:\/\/www.cesenaticohotel.com\/fr\/hotels\/hotel-metron#breadcrumb\",\"itemListElement\":[{\"@type\":\"ListItem\",\"position\":1,\"name\":\"Home\",\"item\":\"https:\/\/www.cesenaticohotel.com\/fr\"},{\"@type\":\"ListItem\",\"position\":2,\"name\":\"H\u00f4tel\",\"item\":\"https:\/\/www.cesenaticohotel.com\/fr\/hotels\"},{\"@type\":\"ListItem\",\"position\":3,\"name\":\"Hotel Metron\"}]},{\"@type\":\"WebSite\",\"@id\":\"https:\/\/www.cesenaticohotel.com\/fr\/#website\",\"url\":\"https:\/\/www.cesenaticohotel.com\/fr\/\",\"name\":\"Cesenatico Hotel\",\"description\":\"\",\"publisher\":{\"@id\":\"https:\/\/www.cesenaticohotel.com\/fr\/#organization\"},\"potentialAction\":[{\"@type\":\"SearchAction\",\"target\":{\"@type\":\"EntryPoint\",\"urlTemplate\":\"https:\/\/www.cesenaticohotel.com\/fr\/?s={search_term_string}\"},\"query-input\":{\"@type\":\"PropertyValueSpecification\",\"valueRequired\":true,\"valueName\":\"search_term_string\"}}],\"inLanguage\":\"fr-FR\"},{\"@type\":\"Organization\",\"@id\":\"https:\/\/www.cesenaticohotel.com\/fr\/#organization\",\"name\":\"Cesenatico Hotel\",\"url\":\"https:\/\/www.cesenaticohotel.com\/fr\/\",\"logo\":{\"@type\":\"ImageObject\",\"inLanguage\":\"fr-FR\",\"@id\":\"https:\/\/www.cesenaticohotel.com\/fr\/#\/schema\/logo\/image\/\",\"url\":\"https:\/\/www.cesenaticohotel.com\/wp-content\/uploads\/2023\/05\/logo-organizzazione.jpg\",\"contentUrl\":\"https:\/\/www.cesenaticohotel.com\/wp-content\/uploads\/2023\/05\/logo-organizzazione.jpg\",\"width\":696,\"height\":696,\"caption\":\"Cesenatico Hotel\"},\"image\":{\"@id\":\"https:\/\/www.cesenaticohotel.com\/fr\/#\/schema\/logo\/image\/\"}}]}<\/script>\n<!-- \/ Yoast SEO plugin. -->","yoast_head_json":{"title":"Hotel Metron - Cesenatico Hotel","robots":{"index":"index","follow":"follow","max-snippet":"max-snippet:-1","max-image-preview":"max-image-preview:large","max-video-preview":"max-video-preview:-1"},"canonical":"https:\/\/www.cesenaticohotel.com\/fr\/hotels\/hotel-metron","og_locale":"fr_FR","og_type":"article","og_title":"Hotel Metron - Cesenatico Hotel","og_description":"L&#039;H\u00f4tel Metron de Cesenatico se trouve dans un endroit pratique et tranquille, \u00e0 quelques minutes \u00e0 pied de la plage conventionn\u00e9e. L&#039;h\u00f4tel dispose d&#039;une v\u00e9randa ext\u00e9rieure \u00e9quip\u00e9e, d&#039;une grande terrasse solarium au dernier \u00e9tage avec des chaises longues pour bronzer, d&#039;un bar ouvert de 8h00 \u00e0 24h00, d&#039;un parking pour voitures, et de v\u00e9los \u00e0 &hellip;","og_url":"https:\/\/www.cesenaticohotel.com\/fr\/hotels\/hotel-metron","og_site_name":"Cesenatico Hotel","article_modified_time":"2024-06-03T09:28:37+00:00","og_image":[{"width":1200,"height":675,"url":"https:\/\/www.cesenaticohotel.com\/wp-content\/uploads\/2023\/05\/immagine-sito.jpg","type":"image\/jpeg"}],"twitter_card":"summary_large_image","twitter_misc":{"Dur\u00e9e de lecture estim\u00e9e":"1 minute"},"schema":{"@context":"https:\/\/schema.org","@graph":[{"@type":"WebPage","@id":"https:\/\/www.cesenaticohotel.com\/fr\/hotels\/hotel-metron","url":"https:\/\/www.cesenaticohotel.com\/fr\/hotels\/hotel-metron","name":"Hotel Metron - Cesenatico Hotel","isPartOf":{"@id":"https:\/\/www.cesenaticohotel.com\/fr\/#website"},"datePublished":"2024-01-29T15:40:43+00:00","dateModified":"2024-06-03T09:28:37+00:00","breadcrumb":{"@id":"https:\/\/www.cesenaticohotel.com\/fr\/hotels\/hotel-metron#breadcrumb"},"inLanguage":"fr-FR","potentialAction":[{"@type":"ReadAction","target":["https:\/\/www.cesenaticohotel.com\/fr\/hotels\/hotel-metron"]}]},{"@type":"BreadcrumbList","@id":"https:\/\/www.cesenaticohotel.com\/fr\/hotels\/hotel-metron#breadcrumb","itemListElement":[{"@type":"ListItem","position":1,"name":"Home","item":"https:\/\/www.cesenaticohotel.com\/fr"},{"@type":"ListItem","position":2,"name":"H\u00f4tel","item":"https:\/\/www.cesenaticohotel.com\/fr\/hotels"},{"@type":"ListItem","position":3,"name":"Hotel Metron"}]},{"@type":"WebSite","@id":"https:\/\/www.cesenaticohotel.com\/fr\/#website","url":"https:\/\/www.cesenaticohotel.com\/fr\/","name":"Cesenatico Hotel","description":"","publisher":{"@id":"https:\/\/www.cesenaticohotel.com\/fr\/#organization"},"potentialAction":[{"@type":"SearchAction","target":{"@type":"EntryPoint","urlTemplate":"https:\/\/www.cesenaticohotel.com\/fr\/?s={search_term_string}"},"query-input":{"@type":"PropertyValueSpecification","valueRequired":true,"valueName":"search_term_string"}}],"inLanguage":"fr-FR"},{"@type":"Organization","@id":"https:\/\/www.cesenaticohotel.com\/fr\/#organization","name":"Cesenatico Hotel","url":"https:\/\/www.cesenaticohotel.com\/fr\/","logo":{"@type":"ImageObject","inLanguage":"fr-FR","@id":"https:\/\/www.cesenaticohotel.com\/fr\/#\/schema\/logo\/image\/","url":"https:\/\/www.cesenaticohotel.com\/wp-content\/uploads\/2023\/05\/logo-organizzazione.jpg","contentUrl":"https:\/\/www.cesenaticohotel.com\/wp-content\/uploads\/2023\/05\/logo-organizzazione.jpg","width":696,"height":696,"caption":"Cesenatico Hotel"},"image":{"@id":"https:\/\/www.cesenaticohotel.com\/fr\/#\/schema\/logo\/image\/"}}]}},"_links":{"self":[{"href":"https:\/\/www.cesenaticohotel.com\/fr\/wp-json\/wp\/v2\/pages\/6864","targetHints":{"allow":["GET"]}}],"collection":[{"href":"https:\/\/www.cesenaticohotel.com\/fr\/wp-json\/wp\/v2\/pages"}],"about":[{"href":"https:\/\/www.cesenaticohotel.com\/fr\/wp-json\/wp\/v2\/types\/page"}],"author":[{"embeddable":true,"href":"https:\/\/www.cesenaticohotel.com\/fr\/wp-json\/wp\/v2\/users\/1"}],"replies":[{"embeddable":true,"href":"https:\/\/www.cesenaticohotel.com\/fr\/wp-json\/wp\/v2\/comments?post=6864"}],"version-history":[{"count":2,"href":"https:\/\/www.cesenaticohotel.com\/fr\/wp-json\/wp\/v2\/pages\/6864\/revisions"}],"predecessor-version":[{"id":8667,"href":"https:\/\/www.cesenaticohotel.com\/fr\/wp-json\/wp\/v2\/pages\/6864\/revisions\/8667"}],"up":[{"embeddable":true,"href":"https:\/\/www.cesenaticohotel.com\/fr\/wp-json\/wp\/v2\/pages\/513"}],"wp:attachment":[{"href":"https:\/\/www.cesenaticohotel.com\/fr\/wp-json\/wp\/v2\/media?parent=6864"}],"curies":[{"name":"wp","href":"https:\/\/api.w.org\/{rel}","templated":true}]}}