{"id":6983,"date":"2024-02-05T16:11:58","date_gmt":"2024-02-05T15:11:58","guid":{"rendered":"https:\/\/www.cesenaticohotel.com\/hotels\/hotel-apollo"},"modified":"2024-06-03T11:28:38","modified_gmt":"2024-06-03T09:28:38","slug":"hotel-apollo","status":"publish","type":"page","link":"https:\/\/www.cesenaticohotel.com\/fr\/hotels\/hotel-apollo","title":{"rendered":"Hotel Apollo"},"content":{"rendered":"\n<p><b>L&#039;H\u00f4tel Apollo \u00e0 Valverde di Cesenatico<\/b> se trouve \u00e0 <b>50 m\u00e8tres de la mer<\/b>. L&#039;h\u00f4tel dispose d&#039;une <b>piscine<\/b>, d&#039;un <b>jacuzzi<\/b> et d&#039;un <b>solarium<\/b> avec des chaises longues o\u00f9 vous pouvez vous d\u00e9tendre en toute tranquillit\u00e9.<\/p>\n\n\n\n<!--more-->\n\n\n\n<p>Si vous \u00eates en <b>vacances<\/b> avec des <b>enfants<\/b>, l&#039;H\u00f4tel Apollo propose une <b>aire de jeux ext\u00e9rieure<\/b>, des poussettes, des chaises hautes, des lits b\u00e9b\u00e9, des baignoires pour b\u00e9b\u00e9, des chauffe-biberons, des <b>menus pour b\u00e9b\u00e9s<\/b> et tout le n\u00e9cessaire pour <b>les repas<\/b>, avec des horaires de repas flexibles.<\/p>\n\n\n\n<p>Pour ceux qui choisissent Cesenatico pour des <b>vacances actives<\/b>, une gamme de services d\u00e9di\u00e9s est disponible, comme des <b>plats \u00e9nerg\u00e9tiques<\/b> personnalis\u00e9s et un <b>buffet au retour<\/b> des excursions, la possibilit\u00e9 d&#039;utiliser la <b>salle de sport<\/b> et de demander des <b>massages sportifs<\/b>, ainsi que le lavage des v\u00eatements techniques. De plus, l&#039;emplacement de l&#039;H\u00f4tel Apollo est id\u00e9al pour sortir en v\u00e9lo et p\u00e9daler sur certaines des plus belles routes de toute la Romagne.<\/p>\n\n\n\n<p><b>Le restaurant de l&#039;H\u00f4tel Apollo <\/b>propose des plats de la <b>tradition romagnole<\/b>, comme de d\u00e9licieuses recettes \u00e0 base de poisson de l&#039;Adriatique, du rago\u00fbt longuement mijot\u00e9, et de la piadina croustillante. Le <b>petit-d\u00e9jeuner est sous forme de buffet<\/b>, tandis que le <b>d\u00e9jeuner et le d\u00eener<\/b> sont avec un menu au choix, toujours accompagn\u00e9 d&#039;un <b>buffet d&#039;entr\u00e9es et de l\u00e9gumes<\/b>. Chaque semaine, des ap\u00e9ritifs, des soir\u00e9es \u00e0 th\u00e8me et des go\u00fbters pour les enfants sont organis\u00e9s.<\/p>\n\n\n\n<p>\u00c0 l&#039;H\u00f4tel Apollo, <b>les petits animaux de compagnie<\/b> sont les bienvenus.<\/p>\n","protected":false},"excerpt":{"rendered":"<p>L&#039;H\u00f4tel Apollo \u00e0 Valverde di Cesenatico se trouve \u00e0 50 m\u00e8tres de la mer. L&#039;h\u00f4tel dispose d&#039;une piscine, d&#039;un jacuzzi et d&#039;un solarium avec des chaises longues o\u00f9 vous pouvez vous d\u00e9tendre en toute tranquillit\u00e9.<\/p>\n","protected":false},"author":1,"featured_media":0,"parent":513,"menu_order":0,"comment_status":"closed","ping_status":"closed","template":"page-templates\/scheda_hotel.php","meta":{"_acf_changed":false,"inline_featured_image":false,"footnotes":""},"class_list":["post-6983","page","type-page","status-publish","hentry"],"acf":[],"yoast_head":"<!-- This site is optimized with the Yoast SEO plugin v27.0 - https:\/\/yoast.com\/product\/yoast-seo-wordpress\/ -->\n<title>Hotel Apollo - Cesenatico Hotel<\/title>\n<meta name=\"robots\" content=\"index, follow, max-snippet:-1, max-image-preview:large, max-video-preview:-1\" \/>\n<link rel=\"canonical\" href=\"https:\/\/www.cesenaticohotel.com\/fr\/hotels\/hotel-apollo\" \/>\n<meta property=\"og:locale\" content=\"fr_FR\" \/>\n<meta property=\"og:type\" content=\"article\" \/>\n<meta property=\"og:title\" content=\"Hotel Apollo - Cesenatico Hotel\" \/>\n<meta property=\"og:description\" content=\"L&#039;H\u00f4tel Apollo \u00e0 Valverde di Cesenatico se trouve \u00e0 50 m\u00e8tres de la mer. L&#039;h\u00f4tel dispose d&#039;une piscine, d&#039;un jacuzzi et d&#039;un solarium avec des chaises longues o\u00f9 vous pouvez vous d\u00e9tendre en toute tranquillit\u00e9.\" \/>\n<meta property=\"og:url\" content=\"https:\/\/www.cesenaticohotel.com\/fr\/hotels\/hotel-apollo\" \/>\n<meta property=\"og:site_name\" content=\"Cesenatico Hotel\" \/>\n<meta property=\"article:modified_time\" content=\"2024-06-03T09:28:38+00:00\" \/>\n<meta property=\"og:image\" content=\"https:\/\/www.cesenaticohotel.com\/wp-content\/uploads\/2023\/05\/immagine-sito.jpg\" \/>\n\t<meta property=\"og:image:width\" content=\"1200\" \/>\n\t<meta property=\"og:image:height\" content=\"675\" \/>\n\t<meta property=\"og:image:type\" content=\"image\/jpeg\" \/>\n<meta name=\"twitter:card\" content=\"summary_large_image\" \/>\n<meta name=\"twitter:label1\" content=\"Dur\u00e9e de lecture estim\u00e9e\" \/>\n\t<meta name=\"twitter:data1\" content=\"1 minute\" \/>\n<script type=\"application\/ld+json\" class=\"yoast-schema-graph\">{\"@context\":\"https:\/\/schema.org\",\"@graph\":[{\"@type\":\"WebPage\",\"@id\":\"https:\/\/www.cesenaticohotel.com\/fr\/hotels\/hotel-apollo\",\"url\":\"https:\/\/www.cesenaticohotel.com\/fr\/hotels\/hotel-apollo\",\"name\":\"Hotel Apollo - Cesenatico Hotel\",\"isPartOf\":{\"@id\":\"https:\/\/www.cesenaticohotel.com\/fr\/#website\"},\"datePublished\":\"2024-02-05T15:11:58+00:00\",\"dateModified\":\"2024-06-03T09:28:38+00:00\",\"breadcrumb\":{\"@id\":\"https:\/\/www.cesenaticohotel.com\/fr\/hotels\/hotel-apollo#breadcrumb\"},\"inLanguage\":\"fr-FR\",\"potentialAction\":[{\"@type\":\"ReadAction\",\"target\":[\"https:\/\/www.cesenaticohotel.com\/fr\/hotels\/hotel-apollo\"]}]},{\"@type\":\"BreadcrumbList\",\"@id\":\"https:\/\/www.cesenaticohotel.com\/fr\/hotels\/hotel-apollo#breadcrumb\",\"itemListElement\":[{\"@type\":\"ListItem\",\"position\":1,\"name\":\"Home\",\"item\":\"https:\/\/www.cesenaticohotel.com\/fr\"},{\"@type\":\"ListItem\",\"position\":2,\"name\":\"H\u00f4tel\",\"item\":\"https:\/\/www.cesenaticohotel.com\/fr\/hotels\"},{\"@type\":\"ListItem\",\"position\":3,\"name\":\"Hotel Apollo\"}]},{\"@type\":\"WebSite\",\"@id\":\"https:\/\/www.cesenaticohotel.com\/fr\/#website\",\"url\":\"https:\/\/www.cesenaticohotel.com\/fr\/\",\"name\":\"Cesenatico Hotel\",\"description\":\"\",\"publisher\":{\"@id\":\"https:\/\/www.cesenaticohotel.com\/fr\/#organization\"},\"potentialAction\":[{\"@type\":\"SearchAction\",\"target\":{\"@type\":\"EntryPoint\",\"urlTemplate\":\"https:\/\/www.cesenaticohotel.com\/fr\/?s={search_term_string}\"},\"query-input\":{\"@type\":\"PropertyValueSpecification\",\"valueRequired\":true,\"valueName\":\"search_term_string\"}}],\"inLanguage\":\"fr-FR\"},{\"@type\":\"Organization\",\"@id\":\"https:\/\/www.cesenaticohotel.com\/fr\/#organization\",\"name\":\"Cesenatico Hotel\",\"url\":\"https:\/\/www.cesenaticohotel.com\/fr\/\",\"logo\":{\"@type\":\"ImageObject\",\"inLanguage\":\"fr-FR\",\"@id\":\"https:\/\/www.cesenaticohotel.com\/fr\/#\/schema\/logo\/image\/\",\"url\":\"https:\/\/www.cesenaticohotel.com\/wp-content\/uploads\/2023\/05\/logo-organizzazione.jpg\",\"contentUrl\":\"https:\/\/www.cesenaticohotel.com\/wp-content\/uploads\/2023\/05\/logo-organizzazione.jpg\",\"width\":696,\"height\":696,\"caption\":\"Cesenatico Hotel\"},\"image\":{\"@id\":\"https:\/\/www.cesenaticohotel.com\/fr\/#\/schema\/logo\/image\/\"}}]}<\/script>\n<!-- \/ Yoast SEO plugin. -->","yoast_head_json":{"title":"Hotel Apollo - Cesenatico Hotel","robots":{"index":"index","follow":"follow","max-snippet":"max-snippet:-1","max-image-preview":"max-image-preview:large","max-video-preview":"max-video-preview:-1"},"canonical":"https:\/\/www.cesenaticohotel.com\/fr\/hotels\/hotel-apollo","og_locale":"fr_FR","og_type":"article","og_title":"Hotel Apollo - Cesenatico Hotel","og_description":"L&#039;H\u00f4tel Apollo \u00e0 Valverde di Cesenatico se trouve \u00e0 50 m\u00e8tres de la mer. L&#039;h\u00f4tel dispose d&#039;une piscine, d&#039;un jacuzzi et d&#039;un solarium avec des chaises longues o\u00f9 vous pouvez vous d\u00e9tendre en toute tranquillit\u00e9.","og_url":"https:\/\/www.cesenaticohotel.com\/fr\/hotels\/hotel-apollo","og_site_name":"Cesenatico Hotel","article_modified_time":"2024-06-03T09:28:38+00:00","og_image":[{"width":1200,"height":675,"url":"https:\/\/www.cesenaticohotel.com\/wp-content\/uploads\/2023\/05\/immagine-sito.jpg","type":"image\/jpeg"}],"twitter_card":"summary_large_image","twitter_misc":{"Dur\u00e9e de lecture estim\u00e9e":"1 minute"},"schema":{"@context":"https:\/\/schema.org","@graph":[{"@type":"WebPage","@id":"https:\/\/www.cesenaticohotel.com\/fr\/hotels\/hotel-apollo","url":"https:\/\/www.cesenaticohotel.com\/fr\/hotels\/hotel-apollo","name":"Hotel Apollo - Cesenatico Hotel","isPartOf":{"@id":"https:\/\/www.cesenaticohotel.com\/fr\/#website"},"datePublished":"2024-02-05T15:11:58+00:00","dateModified":"2024-06-03T09:28:38+00:00","breadcrumb":{"@id":"https:\/\/www.cesenaticohotel.com\/fr\/hotels\/hotel-apollo#breadcrumb"},"inLanguage":"fr-FR","potentialAction":[{"@type":"ReadAction","target":["https:\/\/www.cesenaticohotel.com\/fr\/hotels\/hotel-apollo"]}]},{"@type":"BreadcrumbList","@id":"https:\/\/www.cesenaticohotel.com\/fr\/hotels\/hotel-apollo#breadcrumb","itemListElement":[{"@type":"ListItem","position":1,"name":"Home","item":"https:\/\/www.cesenaticohotel.com\/fr"},{"@type":"ListItem","position":2,"name":"H\u00f4tel","item":"https:\/\/www.cesenaticohotel.com\/fr\/hotels"},{"@type":"ListItem","position":3,"name":"Hotel Apollo"}]},{"@type":"WebSite","@id":"https:\/\/www.cesenaticohotel.com\/fr\/#website","url":"https:\/\/www.cesenaticohotel.com\/fr\/","name":"Cesenatico Hotel","description":"","publisher":{"@id":"https:\/\/www.cesenaticohotel.com\/fr\/#organization"},"potentialAction":[{"@type":"SearchAction","target":{"@type":"EntryPoint","urlTemplate":"https:\/\/www.cesenaticohotel.com\/fr\/?s={search_term_string}"},"query-input":{"@type":"PropertyValueSpecification","valueRequired":true,"valueName":"search_term_string"}}],"inLanguage":"fr-FR"},{"@type":"Organization","@id":"https:\/\/www.cesenaticohotel.com\/fr\/#organization","name":"Cesenatico Hotel","url":"https:\/\/www.cesenaticohotel.com\/fr\/","logo":{"@type":"ImageObject","inLanguage":"fr-FR","@id":"https:\/\/www.cesenaticohotel.com\/fr\/#\/schema\/logo\/image\/","url":"https:\/\/www.cesenaticohotel.com\/wp-content\/uploads\/2023\/05\/logo-organizzazione.jpg","contentUrl":"https:\/\/www.cesenaticohotel.com\/wp-content\/uploads\/2023\/05\/logo-organizzazione.jpg","width":696,"height":696,"caption":"Cesenatico Hotel"},"image":{"@id":"https:\/\/www.cesenaticohotel.com\/fr\/#\/schema\/logo\/image\/"}}]}},"_links":{"self":[{"href":"https:\/\/www.cesenaticohotel.com\/fr\/wp-json\/wp\/v2\/pages\/6983","targetHints":{"allow":["GET"]}}],"collection":[{"href":"https:\/\/www.cesenaticohotel.com\/fr\/wp-json\/wp\/v2\/pages"}],"about":[{"href":"https:\/\/www.cesenaticohotel.com\/fr\/wp-json\/wp\/v2\/types\/page"}],"author":[{"embeddable":true,"href":"https:\/\/www.cesenaticohotel.com\/fr\/wp-json\/wp\/v2\/users\/1"}],"replies":[{"embeddable":true,"href":"https:\/\/www.cesenaticohotel.com\/fr\/wp-json\/wp\/v2\/comments?post=6983"}],"version-history":[{"count":2,"href":"https:\/\/www.cesenaticohotel.com\/fr\/wp-json\/wp\/v2\/pages\/6983\/revisions"}],"predecessor-version":[{"id":8668,"href":"https:\/\/www.cesenaticohotel.com\/fr\/wp-json\/wp\/v2\/pages\/6983\/revisions\/8668"}],"up":[{"embeddable":true,"href":"https:\/\/www.cesenaticohotel.com\/fr\/wp-json\/wp\/v2\/pages\/513"}],"wp:attachment":[{"href":"https:\/\/www.cesenaticohotel.com\/fr\/wp-json\/wp\/v2\/media?parent=6983"}],"curies":[{"name":"wp","href":"https:\/\/api.w.org\/{rel}","templated":true}]}}