{"id":7175,"date":"2024-02-14T10:24:14","date_gmt":"2024-02-14T09:24:14","guid":{"rendered":"https:\/\/www.cesenaticohotel.com\/hotels\/hotel-bisanzio"},"modified":"2024-06-03T11:28:40","modified_gmt":"2024-06-03T09:28:40","slug":"hotel-bisanzio","status":"publish","type":"page","link":"https:\/\/www.cesenaticohotel.com\/fr\/hotels\/hotel-bisanzio","title":{"rendered":"Hotel Bisanzio"},"content":{"rendered":"\n<p><b>L&#039;H\u00f4tel<\/b> <b>Bisanzio<\/b>, situ\u00e9 dans un emplacement enviable \u00e0 Cesenatico, offre non seulement un s\u00e9jour exceptionnel, mais aussi une exp\u00e9rience culinaire inoubliable. Situ\u00e9 directement <b>au bord de la mer<\/b>, sans avoir \u00e0 traverser de routes, il repr\u00e9sente le choix parfait pour ceux qui souhaitent des vacances relaxantes \u00e0 la plage. <b>Au<\/b> <b>c\u0153ur de Cesenatico<\/b>, entre le petit port et la Piazza del Grattacielo, les invit\u00e9s peuvent profiter de belles promenades en famille le soir.<\/p>\n\n\n\n<!--more-->\n\n\n\n<p>Pour le d\u00e9jeuner et le d\u00eener, une vari\u00e9t\u00e9 de <b>plats principaux<\/b> et <b>secondaires<\/b> pr\u00e9par\u00e9s avec des <b>viandes<\/b> et <b>des<\/b> <b>poissons<\/b> frais satisferont les palais les plus exigeants, tandis que des <b>menus<\/b> sp\u00e9ciaux d\u00e9di\u00e9s aux <b>enfants<\/b> garantissent leur satisfaction. Pour ceux qui souhaitent profiter de chaque instant \u00e0 la plage, le &quot;<b>Menu<\/b> <b>Mer<\/b>&quot;, une option savoureuse \u00e0 <b>d\u00e9guster<\/b> directement <b>sous<\/b> <b>le<\/b> <b>parasol<\/b>, est disponible.<\/p>\n\n\n\n<p>Pendant le s\u00e9jour, les invit\u00e9s peuvent participer \u00e0 des <b>soir\u00e9es \u00e0 th\u00e8me<\/b> organis\u00e9es par l&#039;h\u00f4tel, comme la soir\u00e9e romagnole, la soir\u00e9e espagnole, la soir\u00e9e des pirates et le grand gala.<\/p>\n\n\n\n<p>La cordialit\u00e9 et l&#039;attention sont des \u00e9l\u00e9ments fondamentaux de l&#039;hospitalit\u00e9 offerte par l&#039;H\u00f4tel Bisanzio, qui se distingue par ses <b>services<\/b> d\u00e9di\u00e9s aux <b>enfants<\/b>, le rendant accueillant pour les familles. En plus de son emplacement strat\u00e9gique, l&#039;h\u00f4tel offre une s\u00e9rie de services pour garantir un s\u00e9jour confortable et agr\u00e9able, y compris un <b>parking<\/b> <b>priv\u00e9<\/b>, une petite <b>piscine<\/b> <b>avec<\/b> <b>jacuzzi<\/b> et chaises longues, des <b>chambres spacieuses<\/b> avec balcon et vue sur la mer, et <b>un petit-d\u00e9jeuner copieux<\/b> pour bien commencer la journ\u00e9e. De plus, les clients peuvent profiter d&#039;une <b>petite plage priv\u00e9e<\/b>, \u00e9quip\u00e9e et adjacente \u00e0 la <b>piscine<\/b>.<\/p>\n","protected":false},"excerpt":{"rendered":"<p>L&#039;H\u00f4tel Bisanzio, situ\u00e9 dans un emplacement enviable \u00e0 Cesenatico, offre non seulement un s\u00e9jour exceptionnel, mais aussi une exp\u00e9rience culinaire inoubliable. Situ\u00e9 directement au bord de la mer, sans avoir \u00e0 traverser de routes, il repr\u00e9sente le choix parfait pour ceux qui souhaitent des vacances relaxantes \u00e0 la plage. Au c\u0153ur de Cesenatico, entre le &hellip;<\/p>\n","protected":false},"author":1,"featured_media":0,"parent":513,"menu_order":0,"comment_status":"closed","ping_status":"closed","template":"page-templates\/scheda_hotel.php","meta":{"_acf_changed":false,"inline_featured_image":false,"footnotes":""},"class_list":["post-7175","page","type-page","status-publish","hentry"],"acf":[],"yoast_head":"<!-- This site is optimized with the Yoast SEO plugin v27.0 - https:\/\/yoast.com\/product\/yoast-seo-wordpress\/ -->\n<title>Hotel Bisanzio - Cesenatico Hotel<\/title>\n<meta name=\"robots\" content=\"index, follow, max-snippet:-1, max-image-preview:large, max-video-preview:-1\" \/>\n<link rel=\"canonical\" href=\"https:\/\/www.cesenaticohotel.com\/fr\/hotels\/hotel-bisanzio\" \/>\n<meta property=\"og:locale\" content=\"fr_FR\" \/>\n<meta property=\"og:type\" content=\"article\" \/>\n<meta property=\"og:title\" content=\"Hotel Bisanzio - Cesenatico Hotel\" \/>\n<meta property=\"og:description\" content=\"L&#039;H\u00f4tel Bisanzio, situ\u00e9 dans un emplacement enviable \u00e0 Cesenatico, offre non seulement un s\u00e9jour exceptionnel, mais aussi une exp\u00e9rience culinaire inoubliable. Situ\u00e9 directement au bord de la mer, sans avoir \u00e0 traverser de routes, il repr\u00e9sente le choix parfait pour ceux qui souhaitent des vacances relaxantes \u00e0 la plage. Au c\u0153ur de Cesenatico, entre le &hellip;\" \/>\n<meta property=\"og:url\" content=\"https:\/\/www.cesenaticohotel.com\/fr\/hotels\/hotel-bisanzio\" \/>\n<meta property=\"og:site_name\" content=\"Cesenatico Hotel\" \/>\n<meta property=\"article:modified_time\" content=\"2024-06-03T09:28:40+00:00\" \/>\n<meta property=\"og:image\" content=\"https:\/\/www.cesenaticohotel.com\/wp-content\/uploads\/2023\/05\/immagine-sito.jpg\" \/>\n\t<meta property=\"og:image:width\" content=\"1200\" \/>\n\t<meta property=\"og:image:height\" content=\"675\" \/>\n\t<meta property=\"og:image:type\" content=\"image\/jpeg\" \/>\n<meta name=\"twitter:card\" content=\"summary_large_image\" \/>\n<meta name=\"twitter:label1\" content=\"Dur\u00e9e de lecture estim\u00e9e\" \/>\n\t<meta name=\"twitter:data1\" content=\"2 minutes\" \/>\n<script type=\"application\/ld+json\" class=\"yoast-schema-graph\">{\"@context\":\"https:\/\/schema.org\",\"@graph\":[{\"@type\":\"WebPage\",\"@id\":\"https:\/\/www.cesenaticohotel.com\/fr\/hotels\/hotel-bisanzio\",\"url\":\"https:\/\/www.cesenaticohotel.com\/fr\/hotels\/hotel-bisanzio\",\"name\":\"Hotel Bisanzio - Cesenatico Hotel\",\"isPartOf\":{\"@id\":\"https:\/\/www.cesenaticohotel.com\/fr\/#website\"},\"datePublished\":\"2024-02-14T09:24:14+00:00\",\"dateModified\":\"2024-06-03T09:28:40+00:00\",\"breadcrumb\":{\"@id\":\"https:\/\/www.cesenaticohotel.com\/fr\/hotels\/hotel-bisanzio#breadcrumb\"},\"inLanguage\":\"fr-FR\",\"potentialAction\":[{\"@type\":\"ReadAction\",\"target\":[\"https:\/\/www.cesenaticohotel.com\/fr\/hotels\/hotel-bisanzio\"]}]},{\"@type\":\"BreadcrumbList\",\"@id\":\"https:\/\/www.cesenaticohotel.com\/fr\/hotels\/hotel-bisanzio#breadcrumb\",\"itemListElement\":[{\"@type\":\"ListItem\",\"position\":1,\"name\":\"Home\",\"item\":\"https:\/\/www.cesenaticohotel.com\/fr\"},{\"@type\":\"ListItem\",\"position\":2,\"name\":\"H\u00f4tel\",\"item\":\"https:\/\/www.cesenaticohotel.com\/fr\/hotels\"},{\"@type\":\"ListItem\",\"position\":3,\"name\":\"Hotel Bisanzio\"}]},{\"@type\":\"WebSite\",\"@id\":\"https:\/\/www.cesenaticohotel.com\/fr\/#website\",\"url\":\"https:\/\/www.cesenaticohotel.com\/fr\/\",\"name\":\"Cesenatico Hotel\",\"description\":\"\",\"publisher\":{\"@id\":\"https:\/\/www.cesenaticohotel.com\/fr\/#organization\"},\"potentialAction\":[{\"@type\":\"SearchAction\",\"target\":{\"@type\":\"EntryPoint\",\"urlTemplate\":\"https:\/\/www.cesenaticohotel.com\/fr\/?s={search_term_string}\"},\"query-input\":{\"@type\":\"PropertyValueSpecification\",\"valueRequired\":true,\"valueName\":\"search_term_string\"}}],\"inLanguage\":\"fr-FR\"},{\"@type\":\"Organization\",\"@id\":\"https:\/\/www.cesenaticohotel.com\/fr\/#organization\",\"name\":\"Cesenatico Hotel\",\"url\":\"https:\/\/www.cesenaticohotel.com\/fr\/\",\"logo\":{\"@type\":\"ImageObject\",\"inLanguage\":\"fr-FR\",\"@id\":\"https:\/\/www.cesenaticohotel.com\/fr\/#\/schema\/logo\/image\/\",\"url\":\"https:\/\/www.cesenaticohotel.com\/wp-content\/uploads\/2023\/05\/logo-organizzazione.jpg\",\"contentUrl\":\"https:\/\/www.cesenaticohotel.com\/wp-content\/uploads\/2023\/05\/logo-organizzazione.jpg\",\"width\":696,\"height\":696,\"caption\":\"Cesenatico Hotel\"},\"image\":{\"@id\":\"https:\/\/www.cesenaticohotel.com\/fr\/#\/schema\/logo\/image\/\"}}]}<\/script>\n<!-- \/ Yoast SEO plugin. -->","yoast_head_json":{"title":"Hotel Bisanzio - Cesenatico Hotel","robots":{"index":"index","follow":"follow","max-snippet":"max-snippet:-1","max-image-preview":"max-image-preview:large","max-video-preview":"max-video-preview:-1"},"canonical":"https:\/\/www.cesenaticohotel.com\/fr\/hotels\/hotel-bisanzio","og_locale":"fr_FR","og_type":"article","og_title":"Hotel Bisanzio - Cesenatico Hotel","og_description":"L&#039;H\u00f4tel Bisanzio, situ\u00e9 dans un emplacement enviable \u00e0 Cesenatico, offre non seulement un s\u00e9jour exceptionnel, mais aussi une exp\u00e9rience culinaire inoubliable. Situ\u00e9 directement au bord de la mer, sans avoir \u00e0 traverser de routes, il repr\u00e9sente le choix parfait pour ceux qui souhaitent des vacances relaxantes \u00e0 la plage. Au c\u0153ur de Cesenatico, entre le &hellip;","og_url":"https:\/\/www.cesenaticohotel.com\/fr\/hotels\/hotel-bisanzio","og_site_name":"Cesenatico Hotel","article_modified_time":"2024-06-03T09:28:40+00:00","og_image":[{"width":1200,"height":675,"url":"https:\/\/www.cesenaticohotel.com\/wp-content\/uploads\/2023\/05\/immagine-sito.jpg","type":"image\/jpeg"}],"twitter_card":"summary_large_image","twitter_misc":{"Dur\u00e9e de lecture estim\u00e9e":"2 minutes"},"schema":{"@context":"https:\/\/schema.org","@graph":[{"@type":"WebPage","@id":"https:\/\/www.cesenaticohotel.com\/fr\/hotels\/hotel-bisanzio","url":"https:\/\/www.cesenaticohotel.com\/fr\/hotels\/hotel-bisanzio","name":"Hotel Bisanzio - Cesenatico Hotel","isPartOf":{"@id":"https:\/\/www.cesenaticohotel.com\/fr\/#website"},"datePublished":"2024-02-14T09:24:14+00:00","dateModified":"2024-06-03T09:28:40+00:00","breadcrumb":{"@id":"https:\/\/www.cesenaticohotel.com\/fr\/hotels\/hotel-bisanzio#breadcrumb"},"inLanguage":"fr-FR","potentialAction":[{"@type":"ReadAction","target":["https:\/\/www.cesenaticohotel.com\/fr\/hotels\/hotel-bisanzio"]}]},{"@type":"BreadcrumbList","@id":"https:\/\/www.cesenaticohotel.com\/fr\/hotels\/hotel-bisanzio#breadcrumb","itemListElement":[{"@type":"ListItem","position":1,"name":"Home","item":"https:\/\/www.cesenaticohotel.com\/fr"},{"@type":"ListItem","position":2,"name":"H\u00f4tel","item":"https:\/\/www.cesenaticohotel.com\/fr\/hotels"},{"@type":"ListItem","position":3,"name":"Hotel Bisanzio"}]},{"@type":"WebSite","@id":"https:\/\/www.cesenaticohotel.com\/fr\/#website","url":"https:\/\/www.cesenaticohotel.com\/fr\/","name":"Cesenatico Hotel","description":"","publisher":{"@id":"https:\/\/www.cesenaticohotel.com\/fr\/#organization"},"potentialAction":[{"@type":"SearchAction","target":{"@type":"EntryPoint","urlTemplate":"https:\/\/www.cesenaticohotel.com\/fr\/?s={search_term_string}"},"query-input":{"@type":"PropertyValueSpecification","valueRequired":true,"valueName":"search_term_string"}}],"inLanguage":"fr-FR"},{"@type":"Organization","@id":"https:\/\/www.cesenaticohotel.com\/fr\/#organization","name":"Cesenatico Hotel","url":"https:\/\/www.cesenaticohotel.com\/fr\/","logo":{"@type":"ImageObject","inLanguage":"fr-FR","@id":"https:\/\/www.cesenaticohotel.com\/fr\/#\/schema\/logo\/image\/","url":"https:\/\/www.cesenaticohotel.com\/wp-content\/uploads\/2023\/05\/logo-organizzazione.jpg","contentUrl":"https:\/\/www.cesenaticohotel.com\/wp-content\/uploads\/2023\/05\/logo-organizzazione.jpg","width":696,"height":696,"caption":"Cesenatico Hotel"},"image":{"@id":"https:\/\/www.cesenaticohotel.com\/fr\/#\/schema\/logo\/image\/"}}]}},"_links":{"self":[{"href":"https:\/\/www.cesenaticohotel.com\/fr\/wp-json\/wp\/v2\/pages\/7175","targetHints":{"allow":["GET"]}}],"collection":[{"href":"https:\/\/www.cesenaticohotel.com\/fr\/wp-json\/wp\/v2\/pages"}],"about":[{"href":"https:\/\/www.cesenaticohotel.com\/fr\/wp-json\/wp\/v2\/types\/page"}],"author":[{"embeddable":true,"href":"https:\/\/www.cesenaticohotel.com\/fr\/wp-json\/wp\/v2\/users\/1"}],"replies":[{"embeddable":true,"href":"https:\/\/www.cesenaticohotel.com\/fr\/wp-json\/wp\/v2\/comments?post=7175"}],"version-history":[{"count":2,"href":"https:\/\/www.cesenaticohotel.com\/fr\/wp-json\/wp\/v2\/pages\/7175\/revisions"}],"predecessor-version":[{"id":8672,"href":"https:\/\/www.cesenaticohotel.com\/fr\/wp-json\/wp\/v2\/pages\/7175\/revisions\/8672"}],"up":[{"embeddable":true,"href":"https:\/\/www.cesenaticohotel.com\/fr\/wp-json\/wp\/v2\/pages\/513"}],"wp:attachment":[{"href":"https:\/\/www.cesenaticohotel.com\/fr\/wp-json\/wp\/v2\/media?parent=7175"}],"curies":[{"name":"wp","href":"https:\/\/api.w.org\/{rel}","templated":true}]}}