{"id":7460,"date":"2024-02-19T15:01:11","date_gmt":"2024-02-19T14:01:11","guid":{"rendered":"https:\/\/www.cesenaticohotel.com\/hotels\/hotel-diplomatic"},"modified":"2024-06-03T11:28:40","modified_gmt":"2024-06-03T09:28:40","slug":"hotel-diplomatic","status":"publish","type":"page","link":"https:\/\/www.cesenaticohotel.com\/fr\/hotels\/hotel-diplomatic","title":{"rendered":"Hotel Diplomatique"},"content":{"rendered":"\n<p>Situ\u00e9 \u00e0 seulement <b>200 m\u00e8tres de la plage, l&#039;h\u00f4tel Diplomatic \u00e0 Valverde di Cesenatico<\/b> offre une exp\u00e9rience inoubliable au c\u0153ur des beaut\u00e9s de cette localit\u00e9.<\/p>\n\n\n\n<!--more-->\n\n\n\n<p>Voici pourquoi c&rsquo;est le choix id\u00e9al!<\/p>\n\n\n\n<p><b>Vacances familiales sans soucis<\/b>: c&#039;est l&#039;h\u00f4tel parfait \u00e0 Cesenatico pour des vacances en famille sans soucis. Ses chambres spacieuses et accueillantes sont sp\u00e9cialement con\u00e7ues pour les familles, fournissant des berceaux, des barri\u00e8res de protection, des pots, des r\u00e9ducteurs de WC et bien plus encore pour les petits h\u00f4tes. <b>Divertissement<\/b> <b>pour<\/b> <b>tous<\/b>: la piscine avec jacuzzi est id\u00e9ale pour se d\u00e9tendre et savourer un ap\u00e9ritif en plein air, tandis que le restaurant propose une large s\u00e9lection de menus de viande et de poisson, ainsi que des bouillons et des pur\u00e9es de l\u00e9gumes pour les plus petits. L&#039;\u00e9quipe d&#039;animation est \u00e0 disposition pour garantir le divertissement des enfants. <b>Formule<\/b> <b>Tout<\/b> <b>Inclus<\/b>: avec la formule Tout Inclus, les vacances sont sans souci. Pension compl\u00e8te, boissons aux repas, climatisation et Wi-Fi dans la chambre ne sont que quelques-unes des commodit\u00e9s offertes. De plus, les clients peuvent se servir librement aux distributeurs en libre-service pour le caf\u00e9, les jus, les boissons et les alcools jusqu&#039;\u00e0 12\u00b0.<\/p>\n\n\n\n\n","protected":false},"excerpt":{"rendered":"<p>Situ\u00e9 \u00e0 seulement 200 m\u00e8tres de la plage, l&#039;h\u00f4tel Diplomatic \u00e0 Valverde di Cesenatico offre une exp\u00e9rience inoubliable au c\u0153ur des beaut\u00e9s de cette localit\u00e9.<\/p>\n","protected":false},"author":1,"featured_media":0,"parent":513,"menu_order":0,"comment_status":"closed","ping_status":"closed","template":"page-templates\/scheda_hotel.php","meta":{"_acf_changed":false,"inline_featured_image":false,"footnotes":""},"class_list":["post-7460","page","type-page","status-publish","hentry"],"acf":[],"yoast_head":"<!-- This site is optimized with the Yoast SEO plugin v27.0 - https:\/\/yoast.com\/product\/yoast-seo-wordpress\/ -->\n<title>Hotel Diplomatique - Cesenatico Hotel<\/title>\n<meta name=\"robots\" content=\"index, follow, max-snippet:-1, max-image-preview:large, max-video-preview:-1\" \/>\n<link rel=\"canonical\" href=\"https:\/\/www.cesenaticohotel.com\/fr\/hotels\/hotel-diplomatic\" \/>\n<meta property=\"og:locale\" content=\"fr_FR\" \/>\n<meta property=\"og:type\" content=\"article\" \/>\n<meta property=\"og:title\" content=\"Hotel Diplomatique - Cesenatico Hotel\" \/>\n<meta property=\"og:description\" content=\"Situ\u00e9 \u00e0 seulement 200 m\u00e8tres de la plage, l&#039;h\u00f4tel Diplomatic \u00e0 Valverde di Cesenatico offre une exp\u00e9rience inoubliable au c\u0153ur des beaut\u00e9s de cette localit\u00e9.\" \/>\n<meta property=\"og:url\" content=\"https:\/\/www.cesenaticohotel.com\/fr\/hotels\/hotel-diplomatic\" \/>\n<meta property=\"og:site_name\" content=\"Cesenatico Hotel\" \/>\n<meta property=\"article:modified_time\" content=\"2024-06-03T09:28:40+00:00\" \/>\n<meta property=\"og:image\" content=\"https:\/\/www.cesenaticohotel.com\/wp-content\/uploads\/2023\/05\/immagine-sito.jpg\" \/>\n\t<meta property=\"og:image:width\" content=\"1200\" \/>\n\t<meta property=\"og:image:height\" content=\"675\" \/>\n\t<meta property=\"og:image:type\" content=\"image\/jpeg\" \/>\n<meta name=\"twitter:card\" content=\"summary_large_image\" \/>\n<meta name=\"twitter:label1\" content=\"Dur\u00e9e de lecture estim\u00e9e\" \/>\n\t<meta name=\"twitter:data1\" content=\"1 minute\" \/>\n<script type=\"application\/ld+json\" class=\"yoast-schema-graph\">{\"@context\":\"https:\/\/schema.org\",\"@graph\":[{\"@type\":\"WebPage\",\"@id\":\"https:\/\/www.cesenaticohotel.com\/fr\/hotels\/hotel-diplomatic\",\"url\":\"https:\/\/www.cesenaticohotel.com\/fr\/hotels\/hotel-diplomatic\",\"name\":\"Hotel Diplomatique - Cesenatico Hotel\",\"isPartOf\":{\"@id\":\"https:\/\/www.cesenaticohotel.com\/fr\/#website\"},\"datePublished\":\"2024-02-19T14:01:11+00:00\",\"dateModified\":\"2024-06-03T09:28:40+00:00\",\"breadcrumb\":{\"@id\":\"https:\/\/www.cesenaticohotel.com\/fr\/hotels\/hotel-diplomatic#breadcrumb\"},\"inLanguage\":\"fr-FR\",\"potentialAction\":[{\"@type\":\"ReadAction\",\"target\":[\"https:\/\/www.cesenaticohotel.com\/fr\/hotels\/hotel-diplomatic\"]}]},{\"@type\":\"BreadcrumbList\",\"@id\":\"https:\/\/www.cesenaticohotel.com\/fr\/hotels\/hotel-diplomatic#breadcrumb\",\"itemListElement\":[{\"@type\":\"ListItem\",\"position\":1,\"name\":\"Home\",\"item\":\"https:\/\/www.cesenaticohotel.com\/fr\"},{\"@type\":\"ListItem\",\"position\":2,\"name\":\"H\u00f4tel\",\"item\":\"https:\/\/www.cesenaticohotel.com\/fr\/hotels\"},{\"@type\":\"ListItem\",\"position\":3,\"name\":\"Hotel Diplomatique\"}]},{\"@type\":\"WebSite\",\"@id\":\"https:\/\/www.cesenaticohotel.com\/fr\/#website\",\"url\":\"https:\/\/www.cesenaticohotel.com\/fr\/\",\"name\":\"Cesenatico Hotel\",\"description\":\"\",\"publisher\":{\"@id\":\"https:\/\/www.cesenaticohotel.com\/fr\/#organization\"},\"potentialAction\":[{\"@type\":\"SearchAction\",\"target\":{\"@type\":\"EntryPoint\",\"urlTemplate\":\"https:\/\/www.cesenaticohotel.com\/fr\/?s={search_term_string}\"},\"query-input\":{\"@type\":\"PropertyValueSpecification\",\"valueRequired\":true,\"valueName\":\"search_term_string\"}}],\"inLanguage\":\"fr-FR\"},{\"@type\":\"Organization\",\"@id\":\"https:\/\/www.cesenaticohotel.com\/fr\/#organization\",\"name\":\"Cesenatico Hotel\",\"url\":\"https:\/\/www.cesenaticohotel.com\/fr\/\",\"logo\":{\"@type\":\"ImageObject\",\"inLanguage\":\"fr-FR\",\"@id\":\"https:\/\/www.cesenaticohotel.com\/fr\/#\/schema\/logo\/image\/\",\"url\":\"https:\/\/www.cesenaticohotel.com\/wp-content\/uploads\/2023\/05\/logo-organizzazione.jpg\",\"contentUrl\":\"https:\/\/www.cesenaticohotel.com\/wp-content\/uploads\/2023\/05\/logo-organizzazione.jpg\",\"width\":696,\"height\":696,\"caption\":\"Cesenatico Hotel\"},\"image\":{\"@id\":\"https:\/\/www.cesenaticohotel.com\/fr\/#\/schema\/logo\/image\/\"}}]}<\/script>\n<!-- \/ Yoast SEO plugin. -->","yoast_head_json":{"title":"Hotel Diplomatique - Cesenatico Hotel","robots":{"index":"index","follow":"follow","max-snippet":"max-snippet:-1","max-image-preview":"max-image-preview:large","max-video-preview":"max-video-preview:-1"},"canonical":"https:\/\/www.cesenaticohotel.com\/fr\/hotels\/hotel-diplomatic","og_locale":"fr_FR","og_type":"article","og_title":"Hotel Diplomatique - Cesenatico Hotel","og_description":"Situ\u00e9 \u00e0 seulement 200 m\u00e8tres de la plage, l&#039;h\u00f4tel Diplomatic \u00e0 Valverde di Cesenatico offre une exp\u00e9rience inoubliable au c\u0153ur des beaut\u00e9s de cette localit\u00e9.","og_url":"https:\/\/www.cesenaticohotel.com\/fr\/hotels\/hotel-diplomatic","og_site_name":"Cesenatico Hotel","article_modified_time":"2024-06-03T09:28:40+00:00","og_image":[{"width":1200,"height":675,"url":"https:\/\/www.cesenaticohotel.com\/wp-content\/uploads\/2023\/05\/immagine-sito.jpg","type":"image\/jpeg"}],"twitter_card":"summary_large_image","twitter_misc":{"Dur\u00e9e de lecture estim\u00e9e":"1 minute"},"schema":{"@context":"https:\/\/schema.org","@graph":[{"@type":"WebPage","@id":"https:\/\/www.cesenaticohotel.com\/fr\/hotels\/hotel-diplomatic","url":"https:\/\/www.cesenaticohotel.com\/fr\/hotels\/hotel-diplomatic","name":"Hotel Diplomatique - Cesenatico Hotel","isPartOf":{"@id":"https:\/\/www.cesenaticohotel.com\/fr\/#website"},"datePublished":"2024-02-19T14:01:11+00:00","dateModified":"2024-06-03T09:28:40+00:00","breadcrumb":{"@id":"https:\/\/www.cesenaticohotel.com\/fr\/hotels\/hotel-diplomatic#breadcrumb"},"inLanguage":"fr-FR","potentialAction":[{"@type":"ReadAction","target":["https:\/\/www.cesenaticohotel.com\/fr\/hotels\/hotel-diplomatic"]}]},{"@type":"BreadcrumbList","@id":"https:\/\/www.cesenaticohotel.com\/fr\/hotels\/hotel-diplomatic#breadcrumb","itemListElement":[{"@type":"ListItem","position":1,"name":"Home","item":"https:\/\/www.cesenaticohotel.com\/fr"},{"@type":"ListItem","position":2,"name":"H\u00f4tel","item":"https:\/\/www.cesenaticohotel.com\/fr\/hotels"},{"@type":"ListItem","position":3,"name":"Hotel Diplomatique"}]},{"@type":"WebSite","@id":"https:\/\/www.cesenaticohotel.com\/fr\/#website","url":"https:\/\/www.cesenaticohotel.com\/fr\/","name":"Cesenatico Hotel","description":"","publisher":{"@id":"https:\/\/www.cesenaticohotel.com\/fr\/#organization"},"potentialAction":[{"@type":"SearchAction","target":{"@type":"EntryPoint","urlTemplate":"https:\/\/www.cesenaticohotel.com\/fr\/?s={search_term_string}"},"query-input":{"@type":"PropertyValueSpecification","valueRequired":true,"valueName":"search_term_string"}}],"inLanguage":"fr-FR"},{"@type":"Organization","@id":"https:\/\/www.cesenaticohotel.com\/fr\/#organization","name":"Cesenatico Hotel","url":"https:\/\/www.cesenaticohotel.com\/fr\/","logo":{"@type":"ImageObject","inLanguage":"fr-FR","@id":"https:\/\/www.cesenaticohotel.com\/fr\/#\/schema\/logo\/image\/","url":"https:\/\/www.cesenaticohotel.com\/wp-content\/uploads\/2023\/05\/logo-organizzazione.jpg","contentUrl":"https:\/\/www.cesenaticohotel.com\/wp-content\/uploads\/2023\/05\/logo-organizzazione.jpg","width":696,"height":696,"caption":"Cesenatico Hotel"},"image":{"@id":"https:\/\/www.cesenaticohotel.com\/fr\/#\/schema\/logo\/image\/"}}]}},"_links":{"self":[{"href":"https:\/\/www.cesenaticohotel.com\/fr\/wp-json\/wp\/v2\/pages\/7460","targetHints":{"allow":["GET"]}}],"collection":[{"href":"https:\/\/www.cesenaticohotel.com\/fr\/wp-json\/wp\/v2\/pages"}],"about":[{"href":"https:\/\/www.cesenaticohotel.com\/fr\/wp-json\/wp\/v2\/types\/page"}],"author":[{"embeddable":true,"href":"https:\/\/www.cesenaticohotel.com\/fr\/wp-json\/wp\/v2\/users\/1"}],"replies":[{"embeddable":true,"href":"https:\/\/www.cesenaticohotel.com\/fr\/wp-json\/wp\/v2\/comments?post=7460"}],"version-history":[{"count":3,"href":"https:\/\/www.cesenaticohotel.com\/fr\/wp-json\/wp\/v2\/pages\/7460\/revisions"}],"predecessor-version":[{"id":8674,"href":"https:\/\/www.cesenaticohotel.com\/fr\/wp-json\/wp\/v2\/pages\/7460\/revisions\/8674"}],"up":[{"embeddable":true,"href":"https:\/\/www.cesenaticohotel.com\/fr\/wp-json\/wp\/v2\/pages\/513"}],"wp:attachment":[{"href":"https:\/\/www.cesenaticohotel.com\/fr\/wp-json\/wp\/v2\/media?parent=7460"}],"curies":[{"name":"wp","href":"https:\/\/api.w.org\/{rel}","templated":true}]}}