{"id":7707,"date":"2024-03-01T17:23:14","date_gmt":"2024-03-01T16:23:14","guid":{"rendered":"https:\/\/www.cesenaticohotel.com\/hotels\/hotel-blue"},"modified":"2024-06-03T11:28:42","modified_gmt":"2024-06-03T09:28:42","slug":"hotel-blue","status":"publish","type":"page","link":"https:\/\/www.cesenaticohotel.com\/fr\/hotels\/hotel-blue","title":{"rendered":"Hotel Blue"},"content":{"rendered":"\n<p><b>L&#039;H\u00f4tel Blue de Cesenatico<\/b>, situ\u00e9 dans une position enviable, repr\u00e9sente une bonne option pour ceux qui recherchent un s\u00e9jour confortable et relaxant. Avec une position \u00e0 seulement <b>400 m\u00e8tres de la plage de Cesenatico<\/b>, l&#039;H\u00f4tel Blue offre aux invit\u00e9s un acc\u00e8s privil\u00e9gi\u00e9 \u00e0 la beaut\u00e9 du littoral.<\/p>\n\n\n\n<!--more-->\n\n\n\n<p>De plus, la <b>proximit\u00e9<\/b> d&#039;attractions telles que le Grattacielo Marinella, la Piazza Andrea Costa, <b>l&#039;Espace Pantani, le Mus\u00e9e de la Marine et le Port Canal L\u00e9onardesque<\/b> rend son emplacement encore plus avantageux, permettant aux invit\u00e9s d&#039;explorer facilement les environs. Les chambres sont con\u00e7ues pour offrir un confort ad\u00e9quat, offrant des services tels que la climatisation, une connexion Wi-Fi gratuite, une t\u00e9l\u00e9vision \u00e0 \u00e9cran plat et des balcons avec vue. L&#039;attention aux d\u00e9tails est une priorit\u00e9, assurant que les besoins des invit\u00e9s sont satisfaits avec courtoisie et promptitude. L&#039;atmosph\u00e8re accueillante et relaxante est encore renforc\u00e9e par son <b>bar lounge<\/b>, o\u00f9 les invit\u00e9s peuvent savourer un ap\u00e9ritif en toute tranquillit\u00e9.<\/p>\n\n\n","protected":false},"excerpt":{"rendered":"<p>L&#039;H\u00f4tel Blue de Cesenatico, situ\u00e9 dans une position enviable, repr\u00e9sente une bonne option pour ceux qui recherchent un s\u00e9jour confortable et relaxant. Avec une position \u00e0 seulement 400 m\u00e8tres de la plage de Cesenatico, l&#039;H\u00f4tel Blue offre aux invit\u00e9s un acc\u00e8s privil\u00e9gi\u00e9 \u00e0 la beaut\u00e9 du littoral.<\/p>\n","protected":false},"author":1,"featured_media":0,"parent":513,"menu_order":0,"comment_status":"closed","ping_status":"closed","template":"page-templates\/scheda_hotel.php","meta":{"_acf_changed":false,"inline_featured_image":false,"footnotes":""},"class_list":["post-7707","page","type-page","status-publish","hentry"],"acf":[],"yoast_head":"<!-- This site is optimized with the Yoast SEO plugin v27.0 - https:\/\/yoast.com\/product\/yoast-seo-wordpress\/ -->\n<title>Hotel Blue - Cesenatico Hotel<\/title>\n<meta name=\"robots\" content=\"index, follow, max-snippet:-1, max-image-preview:large, max-video-preview:-1\" \/>\n<link rel=\"canonical\" href=\"https:\/\/www.cesenaticohotel.com\/fr\/hotels\/hotel-blue\" \/>\n<meta property=\"og:locale\" content=\"fr_FR\" \/>\n<meta property=\"og:type\" content=\"article\" \/>\n<meta property=\"og:title\" content=\"Hotel Blue - Cesenatico Hotel\" \/>\n<meta property=\"og:description\" content=\"L&#039;H\u00f4tel Blue de Cesenatico, situ\u00e9 dans une position enviable, repr\u00e9sente une bonne option pour ceux qui recherchent un s\u00e9jour confortable et relaxant. Avec une position \u00e0 seulement 400 m\u00e8tres de la plage de Cesenatico, l&#039;H\u00f4tel Blue offre aux invit\u00e9s un acc\u00e8s privil\u00e9gi\u00e9 \u00e0 la beaut\u00e9 du littoral.\" \/>\n<meta property=\"og:url\" content=\"https:\/\/www.cesenaticohotel.com\/fr\/hotels\/hotel-blue\" \/>\n<meta property=\"og:site_name\" content=\"Cesenatico Hotel\" \/>\n<meta property=\"article:modified_time\" content=\"2024-06-03T09:28:42+00:00\" \/>\n<meta property=\"og:image\" content=\"https:\/\/www.cesenaticohotel.com\/wp-content\/uploads\/2023\/05\/immagine-sito.jpg\" \/>\n\t<meta property=\"og:image:width\" content=\"1200\" \/>\n\t<meta property=\"og:image:height\" content=\"675\" \/>\n\t<meta property=\"og:image:type\" content=\"image\/jpeg\" \/>\n<meta name=\"twitter:card\" content=\"summary_large_image\" \/>\n<meta name=\"twitter:label1\" content=\"Dur\u00e9e de lecture estim\u00e9e\" \/>\n\t<meta name=\"twitter:data1\" content=\"1 minute\" \/>\n<script type=\"application\/ld+json\" class=\"yoast-schema-graph\">{\"@context\":\"https:\/\/schema.org\",\"@graph\":[{\"@type\":\"WebPage\",\"@id\":\"https:\/\/www.cesenaticohotel.com\/fr\/hotels\/hotel-blue\",\"url\":\"https:\/\/www.cesenaticohotel.com\/fr\/hotels\/hotel-blue\",\"name\":\"Hotel Blue - Cesenatico Hotel\",\"isPartOf\":{\"@id\":\"https:\/\/www.cesenaticohotel.com\/fr\/#website\"},\"datePublished\":\"2024-03-01T16:23:14+00:00\",\"dateModified\":\"2024-06-03T09:28:42+00:00\",\"breadcrumb\":{\"@id\":\"https:\/\/www.cesenaticohotel.com\/fr\/hotels\/hotel-blue#breadcrumb\"},\"inLanguage\":\"fr-FR\",\"potentialAction\":[{\"@type\":\"ReadAction\",\"target\":[\"https:\/\/www.cesenaticohotel.com\/fr\/hotels\/hotel-blue\"]}]},{\"@type\":\"BreadcrumbList\",\"@id\":\"https:\/\/www.cesenaticohotel.com\/fr\/hotels\/hotel-blue#breadcrumb\",\"itemListElement\":[{\"@type\":\"ListItem\",\"position\":1,\"name\":\"Home\",\"item\":\"https:\/\/www.cesenaticohotel.com\/fr\"},{\"@type\":\"ListItem\",\"position\":2,\"name\":\"H\u00f4tel\",\"item\":\"https:\/\/www.cesenaticohotel.com\/fr\/hotels\"},{\"@type\":\"ListItem\",\"position\":3,\"name\":\"Hotel Blue\"}]},{\"@type\":\"WebSite\",\"@id\":\"https:\/\/www.cesenaticohotel.com\/fr\/#website\",\"url\":\"https:\/\/www.cesenaticohotel.com\/fr\/\",\"name\":\"Cesenatico Hotel\",\"description\":\"\",\"publisher\":{\"@id\":\"https:\/\/www.cesenaticohotel.com\/fr\/#organization\"},\"potentialAction\":[{\"@type\":\"SearchAction\",\"target\":{\"@type\":\"EntryPoint\",\"urlTemplate\":\"https:\/\/www.cesenaticohotel.com\/fr\/?s={search_term_string}\"},\"query-input\":{\"@type\":\"PropertyValueSpecification\",\"valueRequired\":true,\"valueName\":\"search_term_string\"}}],\"inLanguage\":\"fr-FR\"},{\"@type\":\"Organization\",\"@id\":\"https:\/\/www.cesenaticohotel.com\/fr\/#organization\",\"name\":\"Cesenatico Hotel\",\"url\":\"https:\/\/www.cesenaticohotel.com\/fr\/\",\"logo\":{\"@type\":\"ImageObject\",\"inLanguage\":\"fr-FR\",\"@id\":\"https:\/\/www.cesenaticohotel.com\/fr\/#\/schema\/logo\/image\/\",\"url\":\"https:\/\/www.cesenaticohotel.com\/wp-content\/uploads\/2023\/05\/logo-organizzazione.jpg\",\"contentUrl\":\"https:\/\/www.cesenaticohotel.com\/wp-content\/uploads\/2023\/05\/logo-organizzazione.jpg\",\"width\":696,\"height\":696,\"caption\":\"Cesenatico Hotel\"},\"image\":{\"@id\":\"https:\/\/www.cesenaticohotel.com\/fr\/#\/schema\/logo\/image\/\"}}]}<\/script>\n<!-- \/ Yoast SEO plugin. -->","yoast_head_json":{"title":"Hotel Blue - Cesenatico Hotel","robots":{"index":"index","follow":"follow","max-snippet":"max-snippet:-1","max-image-preview":"max-image-preview:large","max-video-preview":"max-video-preview:-1"},"canonical":"https:\/\/www.cesenaticohotel.com\/fr\/hotels\/hotel-blue","og_locale":"fr_FR","og_type":"article","og_title":"Hotel Blue - Cesenatico Hotel","og_description":"L&#039;H\u00f4tel Blue de Cesenatico, situ\u00e9 dans une position enviable, repr\u00e9sente une bonne option pour ceux qui recherchent un s\u00e9jour confortable et relaxant. Avec une position \u00e0 seulement 400 m\u00e8tres de la plage de Cesenatico, l&#039;H\u00f4tel Blue offre aux invit\u00e9s un acc\u00e8s privil\u00e9gi\u00e9 \u00e0 la beaut\u00e9 du littoral.","og_url":"https:\/\/www.cesenaticohotel.com\/fr\/hotels\/hotel-blue","og_site_name":"Cesenatico Hotel","article_modified_time":"2024-06-03T09:28:42+00:00","og_image":[{"width":1200,"height":675,"url":"https:\/\/www.cesenaticohotel.com\/wp-content\/uploads\/2023\/05\/immagine-sito.jpg","type":"image\/jpeg"}],"twitter_card":"summary_large_image","twitter_misc":{"Dur\u00e9e de lecture estim\u00e9e":"1 minute"},"schema":{"@context":"https:\/\/schema.org","@graph":[{"@type":"WebPage","@id":"https:\/\/www.cesenaticohotel.com\/fr\/hotels\/hotel-blue","url":"https:\/\/www.cesenaticohotel.com\/fr\/hotels\/hotel-blue","name":"Hotel Blue - Cesenatico Hotel","isPartOf":{"@id":"https:\/\/www.cesenaticohotel.com\/fr\/#website"},"datePublished":"2024-03-01T16:23:14+00:00","dateModified":"2024-06-03T09:28:42+00:00","breadcrumb":{"@id":"https:\/\/www.cesenaticohotel.com\/fr\/hotels\/hotel-blue#breadcrumb"},"inLanguage":"fr-FR","potentialAction":[{"@type":"ReadAction","target":["https:\/\/www.cesenaticohotel.com\/fr\/hotels\/hotel-blue"]}]},{"@type":"BreadcrumbList","@id":"https:\/\/www.cesenaticohotel.com\/fr\/hotels\/hotel-blue#breadcrumb","itemListElement":[{"@type":"ListItem","position":1,"name":"Home","item":"https:\/\/www.cesenaticohotel.com\/fr"},{"@type":"ListItem","position":2,"name":"H\u00f4tel","item":"https:\/\/www.cesenaticohotel.com\/fr\/hotels"},{"@type":"ListItem","position":3,"name":"Hotel Blue"}]},{"@type":"WebSite","@id":"https:\/\/www.cesenaticohotel.com\/fr\/#website","url":"https:\/\/www.cesenaticohotel.com\/fr\/","name":"Cesenatico Hotel","description":"","publisher":{"@id":"https:\/\/www.cesenaticohotel.com\/fr\/#organization"},"potentialAction":[{"@type":"SearchAction","target":{"@type":"EntryPoint","urlTemplate":"https:\/\/www.cesenaticohotel.com\/fr\/?s={search_term_string}"},"query-input":{"@type":"PropertyValueSpecification","valueRequired":true,"valueName":"search_term_string"}}],"inLanguage":"fr-FR"},{"@type":"Organization","@id":"https:\/\/www.cesenaticohotel.com\/fr\/#organization","name":"Cesenatico Hotel","url":"https:\/\/www.cesenaticohotel.com\/fr\/","logo":{"@type":"ImageObject","inLanguage":"fr-FR","@id":"https:\/\/www.cesenaticohotel.com\/fr\/#\/schema\/logo\/image\/","url":"https:\/\/www.cesenaticohotel.com\/wp-content\/uploads\/2023\/05\/logo-organizzazione.jpg","contentUrl":"https:\/\/www.cesenaticohotel.com\/wp-content\/uploads\/2023\/05\/logo-organizzazione.jpg","width":696,"height":696,"caption":"Cesenatico Hotel"},"image":{"@id":"https:\/\/www.cesenaticohotel.com\/fr\/#\/schema\/logo\/image\/"}}]}},"_links":{"self":[{"href":"https:\/\/www.cesenaticohotel.com\/fr\/wp-json\/wp\/v2\/pages\/7707","targetHints":{"allow":["GET"]}}],"collection":[{"href":"https:\/\/www.cesenaticohotel.com\/fr\/wp-json\/wp\/v2\/pages"}],"about":[{"href":"https:\/\/www.cesenaticohotel.com\/fr\/wp-json\/wp\/v2\/types\/page"}],"author":[{"embeddable":true,"href":"https:\/\/www.cesenaticohotel.com\/fr\/wp-json\/wp\/v2\/users\/1"}],"replies":[{"embeddable":true,"href":"https:\/\/www.cesenaticohotel.com\/fr\/wp-json\/wp\/v2\/comments?post=7707"}],"version-history":[{"count":2,"href":"https:\/\/www.cesenaticohotel.com\/fr\/wp-json\/wp\/v2\/pages\/7707\/revisions"}],"predecessor-version":[{"id":8678,"href":"https:\/\/www.cesenaticohotel.com\/fr\/wp-json\/wp\/v2\/pages\/7707\/revisions\/8678"}],"up":[{"embeddable":true,"href":"https:\/\/www.cesenaticohotel.com\/fr\/wp-json\/wp\/v2\/pages\/513"}],"wp:attachment":[{"href":"https:\/\/www.cesenaticohotel.com\/fr\/wp-json\/wp\/v2\/media?parent=7707"}],"curies":[{"name":"wp","href":"https:\/\/api.w.org\/{rel}","templated":true}]}}