{"id":7814,"date":"2024-03-04T11:46:07","date_gmt":"2024-03-04T10:46:07","guid":{"rendered":"https:\/\/www.cesenaticohotel.com\/hotels\/hotel-abel-residence"},"modified":"2024-06-03T11:28:42","modified_gmt":"2024-06-03T09:28:42","slug":"hotel-abel-residence","status":"publish","type":"page","link":"https:\/\/www.cesenaticohotel.com\/fr\/hotels\/hotel-abel-residence","title":{"rendered":"Hotel Abel &#038; Residence"},"content":{"rendered":"\n<p><b>L&#039;H\u00f4tel Abel &amp; R\u00e9sidence<\/b>, situ\u00e9 \u00e0 seulement <b>30 m\u00e8tres de la plage de Cesenatico<\/b>, offre une hospitalit\u00e9 sans pareille. Avec une <b>cuisine excellente<\/b> et une position strat\u00e9gique pour explorer la ville, il repr\u00e9sente un choix id\u00e9al pour un s\u00e9jour tranquille et confortable \u00e0 Cesenatico.<\/p>\n\n\n\n<!--more-->\n\n\n\n<p>L&#039;h\u00f4tel propose une <b>cuisine renomm\u00e9e<\/b> pour ses plats typiques de la Romagne et un large buffet de sp\u00e9cialit\u00e9s locales et de d\u00e9lices italiens. Les sp\u00e9cialit\u00e9s et les plats classiques sont pr\u00e9par\u00e9s avec passion et d\u00e9vouement. Le <b>petit-d\u00e9jeuner<\/b>, disponible dans une vari\u00e9t\u00e9 de produits sucr\u00e9s et sal\u00e9s, est un moyen parfait de commencer la journ\u00e9e. Les chambres sont con\u00e7ues pour offrir le maximum de confort, avec climatisation, TV \u00e0 \u00e9cran plat, coffre-fort, salle de bains privative avec s\u00e8che-cheveux et articles de toilette. De plus, des <b>v\u00e9los sont disponibles gratuitement<\/b> et une connexion Wi-Fi est disponible pour rendre votre s\u00e9jour encore plus agr\u00e9able.<\/p>\n","protected":false},"excerpt":{"rendered":"<p>L&#039;H\u00f4tel Abel &amp; R\u00e9sidence, situ\u00e9 \u00e0 seulement 30 m\u00e8tres de la plage de Cesenatico, offre une hospitalit\u00e9 sans pareille. Avec une cuisine excellente et une position strat\u00e9gique pour explorer la ville, il repr\u00e9sente un choix id\u00e9al pour un s\u00e9jour tranquille et confortable \u00e0 Cesenatico.<\/p>\n","protected":false},"author":1,"featured_media":0,"parent":513,"menu_order":0,"comment_status":"closed","ping_status":"closed","template":"page-templates\/scheda_hotel.php","meta":{"_acf_changed":false,"inline_featured_image":false,"footnotes":""},"class_list":["post-7814","page","type-page","status-publish","hentry"],"acf":[],"yoast_head":"<!-- This site is optimized with the Yoast SEO plugin v27.0 - https:\/\/yoast.com\/product\/yoast-seo-wordpress\/ -->\n<title>Hotel Abel &amp; Residence - Cesenatico Hotel<\/title>\n<meta name=\"robots\" content=\"index, follow, max-snippet:-1, max-image-preview:large, max-video-preview:-1\" \/>\n<link rel=\"canonical\" href=\"https:\/\/www.cesenaticohotel.com\/fr\/hotels\/hotel-abel-residence\" \/>\n<meta property=\"og:locale\" content=\"fr_FR\" \/>\n<meta property=\"og:type\" content=\"article\" \/>\n<meta property=\"og:title\" content=\"Hotel Abel &amp; Residence - Cesenatico Hotel\" \/>\n<meta property=\"og:description\" content=\"L&#039;H\u00f4tel Abel &amp; R\u00e9sidence, situ\u00e9 \u00e0 seulement 30 m\u00e8tres de la plage de Cesenatico, offre une hospitalit\u00e9 sans pareille. Avec une cuisine excellente et une position strat\u00e9gique pour explorer la ville, il repr\u00e9sente un choix id\u00e9al pour un s\u00e9jour tranquille et confortable \u00e0 Cesenatico.\" \/>\n<meta property=\"og:url\" content=\"https:\/\/www.cesenaticohotel.com\/fr\/hotels\/hotel-abel-residence\" \/>\n<meta property=\"og:site_name\" content=\"Cesenatico Hotel\" \/>\n<meta property=\"article:modified_time\" content=\"2024-06-03T09:28:42+00:00\" \/>\n<meta property=\"og:image\" content=\"https:\/\/www.cesenaticohotel.com\/wp-content\/uploads\/2023\/05\/immagine-sito.jpg\" \/>\n\t<meta property=\"og:image:width\" content=\"1200\" \/>\n\t<meta property=\"og:image:height\" content=\"675\" \/>\n\t<meta property=\"og:image:type\" content=\"image\/jpeg\" \/>\n<meta name=\"twitter:card\" content=\"summary_large_image\" \/>\n<meta name=\"twitter:label1\" content=\"Dur\u00e9e de lecture estim\u00e9e\" \/>\n\t<meta name=\"twitter:data1\" content=\"1 minute\" \/>\n<script type=\"application\/ld+json\" class=\"yoast-schema-graph\">{\"@context\":\"https:\/\/schema.org\",\"@graph\":[{\"@type\":\"WebPage\",\"@id\":\"https:\/\/www.cesenaticohotel.com\/fr\/hotels\/hotel-abel-residence\",\"url\":\"https:\/\/www.cesenaticohotel.com\/fr\/hotels\/hotel-abel-residence\",\"name\":\"Hotel Abel & Residence - Cesenatico Hotel\",\"isPartOf\":{\"@id\":\"https:\/\/www.cesenaticohotel.com\/fr\/#website\"},\"datePublished\":\"2024-03-04T10:46:07+00:00\",\"dateModified\":\"2024-06-03T09:28:42+00:00\",\"breadcrumb\":{\"@id\":\"https:\/\/www.cesenaticohotel.com\/fr\/hotels\/hotel-abel-residence#breadcrumb\"},\"inLanguage\":\"fr-FR\",\"potentialAction\":[{\"@type\":\"ReadAction\",\"target\":[\"https:\/\/www.cesenaticohotel.com\/fr\/hotels\/hotel-abel-residence\"]}]},{\"@type\":\"BreadcrumbList\",\"@id\":\"https:\/\/www.cesenaticohotel.com\/fr\/hotels\/hotel-abel-residence#breadcrumb\",\"itemListElement\":[{\"@type\":\"ListItem\",\"position\":1,\"name\":\"Home\",\"item\":\"https:\/\/www.cesenaticohotel.com\/fr\"},{\"@type\":\"ListItem\",\"position\":2,\"name\":\"H\u00f4tel\",\"item\":\"https:\/\/www.cesenaticohotel.com\/fr\/hotels\"},{\"@type\":\"ListItem\",\"position\":3,\"name\":\"Hotel Abel &#038; Residence\"}]},{\"@type\":\"WebSite\",\"@id\":\"https:\/\/www.cesenaticohotel.com\/fr\/#website\",\"url\":\"https:\/\/www.cesenaticohotel.com\/fr\/\",\"name\":\"Cesenatico Hotel\",\"description\":\"\",\"publisher\":{\"@id\":\"https:\/\/www.cesenaticohotel.com\/fr\/#organization\"},\"potentialAction\":[{\"@type\":\"SearchAction\",\"target\":{\"@type\":\"EntryPoint\",\"urlTemplate\":\"https:\/\/www.cesenaticohotel.com\/fr\/?s={search_term_string}\"},\"query-input\":{\"@type\":\"PropertyValueSpecification\",\"valueRequired\":true,\"valueName\":\"search_term_string\"}}],\"inLanguage\":\"fr-FR\"},{\"@type\":\"Organization\",\"@id\":\"https:\/\/www.cesenaticohotel.com\/fr\/#organization\",\"name\":\"Cesenatico Hotel\",\"url\":\"https:\/\/www.cesenaticohotel.com\/fr\/\",\"logo\":{\"@type\":\"ImageObject\",\"inLanguage\":\"fr-FR\",\"@id\":\"https:\/\/www.cesenaticohotel.com\/fr\/#\/schema\/logo\/image\/\",\"url\":\"https:\/\/www.cesenaticohotel.com\/wp-content\/uploads\/2023\/05\/logo-organizzazione.jpg\",\"contentUrl\":\"https:\/\/www.cesenaticohotel.com\/wp-content\/uploads\/2023\/05\/logo-organizzazione.jpg\",\"width\":696,\"height\":696,\"caption\":\"Cesenatico Hotel\"},\"image\":{\"@id\":\"https:\/\/www.cesenaticohotel.com\/fr\/#\/schema\/logo\/image\/\"}}]}<\/script>\n<!-- \/ Yoast SEO plugin. -->","yoast_head_json":{"title":"Hotel Abel & Residence - Cesenatico Hotel","robots":{"index":"index","follow":"follow","max-snippet":"max-snippet:-1","max-image-preview":"max-image-preview:large","max-video-preview":"max-video-preview:-1"},"canonical":"https:\/\/www.cesenaticohotel.com\/fr\/hotels\/hotel-abel-residence","og_locale":"fr_FR","og_type":"article","og_title":"Hotel Abel & Residence - Cesenatico Hotel","og_description":"L&#039;H\u00f4tel Abel &amp; R\u00e9sidence, situ\u00e9 \u00e0 seulement 30 m\u00e8tres de la plage de Cesenatico, offre une hospitalit\u00e9 sans pareille. Avec une cuisine excellente et une position strat\u00e9gique pour explorer la ville, il repr\u00e9sente un choix id\u00e9al pour un s\u00e9jour tranquille et confortable \u00e0 Cesenatico.","og_url":"https:\/\/www.cesenaticohotel.com\/fr\/hotels\/hotel-abel-residence","og_site_name":"Cesenatico Hotel","article_modified_time":"2024-06-03T09:28:42+00:00","og_image":[{"width":1200,"height":675,"url":"https:\/\/www.cesenaticohotel.com\/wp-content\/uploads\/2023\/05\/immagine-sito.jpg","type":"image\/jpeg"}],"twitter_card":"summary_large_image","twitter_misc":{"Dur\u00e9e de lecture estim\u00e9e":"1 minute"},"schema":{"@context":"https:\/\/schema.org","@graph":[{"@type":"WebPage","@id":"https:\/\/www.cesenaticohotel.com\/fr\/hotels\/hotel-abel-residence","url":"https:\/\/www.cesenaticohotel.com\/fr\/hotels\/hotel-abel-residence","name":"Hotel Abel & Residence - Cesenatico Hotel","isPartOf":{"@id":"https:\/\/www.cesenaticohotel.com\/fr\/#website"},"datePublished":"2024-03-04T10:46:07+00:00","dateModified":"2024-06-03T09:28:42+00:00","breadcrumb":{"@id":"https:\/\/www.cesenaticohotel.com\/fr\/hotels\/hotel-abel-residence#breadcrumb"},"inLanguage":"fr-FR","potentialAction":[{"@type":"ReadAction","target":["https:\/\/www.cesenaticohotel.com\/fr\/hotels\/hotel-abel-residence"]}]},{"@type":"BreadcrumbList","@id":"https:\/\/www.cesenaticohotel.com\/fr\/hotels\/hotel-abel-residence#breadcrumb","itemListElement":[{"@type":"ListItem","position":1,"name":"Home","item":"https:\/\/www.cesenaticohotel.com\/fr"},{"@type":"ListItem","position":2,"name":"H\u00f4tel","item":"https:\/\/www.cesenaticohotel.com\/fr\/hotels"},{"@type":"ListItem","position":3,"name":"Hotel Abel &#038; Residence"}]},{"@type":"WebSite","@id":"https:\/\/www.cesenaticohotel.com\/fr\/#website","url":"https:\/\/www.cesenaticohotel.com\/fr\/","name":"Cesenatico Hotel","description":"","publisher":{"@id":"https:\/\/www.cesenaticohotel.com\/fr\/#organization"},"potentialAction":[{"@type":"SearchAction","target":{"@type":"EntryPoint","urlTemplate":"https:\/\/www.cesenaticohotel.com\/fr\/?s={search_term_string}"},"query-input":{"@type":"PropertyValueSpecification","valueRequired":true,"valueName":"search_term_string"}}],"inLanguage":"fr-FR"},{"@type":"Organization","@id":"https:\/\/www.cesenaticohotel.com\/fr\/#organization","name":"Cesenatico Hotel","url":"https:\/\/www.cesenaticohotel.com\/fr\/","logo":{"@type":"ImageObject","inLanguage":"fr-FR","@id":"https:\/\/www.cesenaticohotel.com\/fr\/#\/schema\/logo\/image\/","url":"https:\/\/www.cesenaticohotel.com\/wp-content\/uploads\/2023\/05\/logo-organizzazione.jpg","contentUrl":"https:\/\/www.cesenaticohotel.com\/wp-content\/uploads\/2023\/05\/logo-organizzazione.jpg","width":696,"height":696,"caption":"Cesenatico Hotel"},"image":{"@id":"https:\/\/www.cesenaticohotel.com\/fr\/#\/schema\/logo\/image\/"}}]}},"_links":{"self":[{"href":"https:\/\/www.cesenaticohotel.com\/fr\/wp-json\/wp\/v2\/pages\/7814","targetHints":{"allow":["GET"]}}],"collection":[{"href":"https:\/\/www.cesenaticohotel.com\/fr\/wp-json\/wp\/v2\/pages"}],"about":[{"href":"https:\/\/www.cesenaticohotel.com\/fr\/wp-json\/wp\/v2\/types\/page"}],"author":[{"embeddable":true,"href":"https:\/\/www.cesenaticohotel.com\/fr\/wp-json\/wp\/v2\/users\/1"}],"replies":[{"embeddable":true,"href":"https:\/\/www.cesenaticohotel.com\/fr\/wp-json\/wp\/v2\/comments?post=7814"}],"version-history":[{"count":2,"href":"https:\/\/www.cesenaticohotel.com\/fr\/wp-json\/wp\/v2\/pages\/7814\/revisions"}],"predecessor-version":[{"id":8679,"href":"https:\/\/www.cesenaticohotel.com\/fr\/wp-json\/wp\/v2\/pages\/7814\/revisions\/8679"}],"up":[{"embeddable":true,"href":"https:\/\/www.cesenaticohotel.com\/fr\/wp-json\/wp\/v2\/pages\/513"}],"wp:attachment":[{"href":"https:\/\/www.cesenaticohotel.com\/fr\/wp-json\/wp\/v2\/media?parent=7814"}],"curies":[{"name":"wp","href":"https:\/\/api.w.org\/{rel}","templated":true}]}}