{"id":7822,"date":"2024-03-07T12:51:39","date_gmt":"2024-03-07T11:51:39","guid":{"rendered":"https:\/\/www.cesenaticohotel.com\/hotels\/hotel-principe"},"modified":"2024-06-03T11:28:42","modified_gmt":"2024-06-03T09:28:42","slug":"hotel-principe","status":"publish","type":"page","link":"https:\/\/www.cesenaticohotel.com\/fr\/hotels\/hotel-principe","title":{"rendered":"Hotel Principe"},"content":{"rendered":"\n<p><b>L&#039;H\u00f4tel<\/b> <b>Principe<\/b> b\u00e9n\u00e9ficie d&#039;une situation strat\u00e9gique \u00e0 seulement 5 km de <b>Cesenatico<\/b> et \u00e0 <b>30<\/b> <b>m\u00e8tres<\/b> <b>de<\/b> <b>la<\/b> <b>plage<\/b>, ce qui le rend pratique pour rejoindre le centre &#8211; peut-\u00eatre en profitant des <b>v\u00e9los disponibles gratuitement<\/b> &#8211; et les parcs d&#039;attractions les plus c\u00e9l\u00e8bres de la Riviera Romagnola.<\/p>\n\n\n\n<!--more-->\n\n\n\n<p>\u00c0 l&#039;H\u00f4tel Principe, vous pouvez \u00e9galement opter pour une <b>formule tout compris<\/b> avantageuse, pour des vacances sans souci. La <b>cuisine<\/b>, avec ses recettes r\u00e9gionales et romagnoles, est <b>directement g\u00e9r\u00e9e par la propri\u00e9taire<\/b>, qui s\u00e9lectionne soigneusement les meilleures mati\u00e8res premi\u00e8res et pr\u00e9pare tout frais chaque jour. <b>Le petit-d\u00e9jeune<\/b>r propose un <b>buffet<\/b> riche en brioches sucr\u00e9es et sal\u00e9es, des p\u00e2tisseries maison telles que le g\u00e2teau au yaourt, la tarte et le g\u00e2teau au chocolat, des charcuteries de qualit\u00e9 sup\u00e9rieure, divers types de fromages, du yaourt, des jus de fruits, du caf\u00e9 et bien plus encore. Au <b>d\u00e9jeuner<\/b> et au <b>d\u00eener<\/b>, <b>servis<\/b> <b>\u00e0<\/b> <b>table<\/b> dans la salle de restaurant lumineuse, ne manquent jamais les poissons frais de l&#039;Adriatique, les recettes \u00e0 base de viande et un buffet avec beaucoup de l\u00e9gumes et de fruits de saison.<\/p>\n\n\n\n<p>L&#039;H\u00f4tel Principe dispose d&#039;un grand jardin, d&#039;un <b>bar<\/b> et d&#039;un <b>parking int\u00e9rieur gratuit<\/b> \u00e0 la disposition des clients.<\/p>\n","protected":false},"excerpt":{"rendered":"<p>L&#039;H\u00f4tel Principe b\u00e9n\u00e9ficie d&#039;une situation strat\u00e9gique \u00e0 seulement 5 km de Cesenatico et \u00e0 30 m\u00e8tres de la plage, ce qui le rend pratique pour rejoindre le centre &#8211; peut-\u00eatre en profitant des v\u00e9los disponibles gratuitement &#8211; et les parcs d&#039;attractions les plus c\u00e9l\u00e8bres de la Riviera Romagnola.<\/p>\n","protected":false},"author":1,"featured_media":0,"parent":513,"menu_order":0,"comment_status":"closed","ping_status":"closed","template":"page-templates\/scheda_hotel.php","meta":{"_acf_changed":false,"inline_featured_image":false,"footnotes":""},"class_list":["post-7822","page","type-page","status-publish","hentry"],"acf":[],"yoast_head":"<!-- This site is optimized with the Yoast SEO plugin v27.0 - https:\/\/yoast.com\/product\/yoast-seo-wordpress\/ -->\n<title>Hotel Principe - Cesenatico Hotel<\/title>\n<meta name=\"robots\" content=\"index, follow, max-snippet:-1, max-image-preview:large, max-video-preview:-1\" \/>\n<link rel=\"canonical\" href=\"https:\/\/www.cesenaticohotel.com\/fr\/hotels\/hotel-principe\" \/>\n<meta property=\"og:locale\" content=\"fr_FR\" \/>\n<meta property=\"og:type\" content=\"article\" \/>\n<meta property=\"og:title\" content=\"Hotel Principe - Cesenatico Hotel\" \/>\n<meta property=\"og:description\" content=\"L&#039;H\u00f4tel Principe b\u00e9n\u00e9ficie d&#039;une situation strat\u00e9gique \u00e0 seulement 5 km de Cesenatico et \u00e0 30 m\u00e8tres de la plage, ce qui le rend pratique pour rejoindre le centre &#8211; peut-\u00eatre en profitant des v\u00e9los disponibles gratuitement &#8211; et les parcs d&#039;attractions les plus c\u00e9l\u00e8bres de la Riviera Romagnola.\" \/>\n<meta property=\"og:url\" content=\"https:\/\/www.cesenaticohotel.com\/fr\/hotels\/hotel-principe\" \/>\n<meta property=\"og:site_name\" content=\"Cesenatico Hotel\" \/>\n<meta property=\"article:modified_time\" content=\"2024-06-03T09:28:42+00:00\" \/>\n<meta property=\"og:image\" content=\"https:\/\/www.cesenaticohotel.com\/wp-content\/uploads\/2023\/05\/immagine-sito.jpg\" \/>\n\t<meta property=\"og:image:width\" content=\"1200\" \/>\n\t<meta property=\"og:image:height\" content=\"675\" \/>\n\t<meta property=\"og:image:type\" content=\"image\/jpeg\" \/>\n<meta name=\"twitter:card\" content=\"summary_large_image\" \/>\n<meta name=\"twitter:label1\" content=\"Dur\u00e9e de lecture estim\u00e9e\" \/>\n\t<meta name=\"twitter:data1\" content=\"1 minute\" \/>\n<script type=\"application\/ld+json\" class=\"yoast-schema-graph\">{\"@context\":\"https:\/\/schema.org\",\"@graph\":[{\"@type\":\"WebPage\",\"@id\":\"https:\/\/www.cesenaticohotel.com\/fr\/hotels\/hotel-principe\",\"url\":\"https:\/\/www.cesenaticohotel.com\/fr\/hotels\/hotel-principe\",\"name\":\"Hotel Principe - Cesenatico Hotel\",\"isPartOf\":{\"@id\":\"https:\/\/www.cesenaticohotel.com\/fr\/#website\"},\"datePublished\":\"2024-03-07T11:51:39+00:00\",\"dateModified\":\"2024-06-03T09:28:42+00:00\",\"breadcrumb\":{\"@id\":\"https:\/\/www.cesenaticohotel.com\/fr\/hotels\/hotel-principe#breadcrumb\"},\"inLanguage\":\"fr-FR\",\"potentialAction\":[{\"@type\":\"ReadAction\",\"target\":[\"https:\/\/www.cesenaticohotel.com\/fr\/hotels\/hotel-principe\"]}]},{\"@type\":\"BreadcrumbList\",\"@id\":\"https:\/\/www.cesenaticohotel.com\/fr\/hotels\/hotel-principe#breadcrumb\",\"itemListElement\":[{\"@type\":\"ListItem\",\"position\":1,\"name\":\"Home\",\"item\":\"https:\/\/www.cesenaticohotel.com\/fr\"},{\"@type\":\"ListItem\",\"position\":2,\"name\":\"H\u00f4tel\",\"item\":\"https:\/\/www.cesenaticohotel.com\/fr\/hotels\"},{\"@type\":\"ListItem\",\"position\":3,\"name\":\"Hotel Principe\"}]},{\"@type\":\"WebSite\",\"@id\":\"https:\/\/www.cesenaticohotel.com\/fr\/#website\",\"url\":\"https:\/\/www.cesenaticohotel.com\/fr\/\",\"name\":\"Cesenatico Hotel\",\"description\":\"\",\"publisher\":{\"@id\":\"https:\/\/www.cesenaticohotel.com\/fr\/#organization\"},\"potentialAction\":[{\"@type\":\"SearchAction\",\"target\":{\"@type\":\"EntryPoint\",\"urlTemplate\":\"https:\/\/www.cesenaticohotel.com\/fr\/?s={search_term_string}\"},\"query-input\":{\"@type\":\"PropertyValueSpecification\",\"valueRequired\":true,\"valueName\":\"search_term_string\"}}],\"inLanguage\":\"fr-FR\"},{\"@type\":\"Organization\",\"@id\":\"https:\/\/www.cesenaticohotel.com\/fr\/#organization\",\"name\":\"Cesenatico Hotel\",\"url\":\"https:\/\/www.cesenaticohotel.com\/fr\/\",\"logo\":{\"@type\":\"ImageObject\",\"inLanguage\":\"fr-FR\",\"@id\":\"https:\/\/www.cesenaticohotel.com\/fr\/#\/schema\/logo\/image\/\",\"url\":\"https:\/\/www.cesenaticohotel.com\/wp-content\/uploads\/2023\/05\/logo-organizzazione.jpg\",\"contentUrl\":\"https:\/\/www.cesenaticohotel.com\/wp-content\/uploads\/2023\/05\/logo-organizzazione.jpg\",\"width\":696,\"height\":696,\"caption\":\"Cesenatico Hotel\"},\"image\":{\"@id\":\"https:\/\/www.cesenaticohotel.com\/fr\/#\/schema\/logo\/image\/\"}}]}<\/script>\n<!-- \/ Yoast SEO plugin. -->","yoast_head_json":{"title":"Hotel Principe - Cesenatico Hotel","robots":{"index":"index","follow":"follow","max-snippet":"max-snippet:-1","max-image-preview":"max-image-preview:large","max-video-preview":"max-video-preview:-1"},"canonical":"https:\/\/www.cesenaticohotel.com\/fr\/hotels\/hotel-principe","og_locale":"fr_FR","og_type":"article","og_title":"Hotel Principe - Cesenatico Hotel","og_description":"L&#039;H\u00f4tel Principe b\u00e9n\u00e9ficie d&#039;une situation strat\u00e9gique \u00e0 seulement 5 km de Cesenatico et \u00e0 30 m\u00e8tres de la plage, ce qui le rend pratique pour rejoindre le centre &#8211; peut-\u00eatre en profitant des v\u00e9los disponibles gratuitement &#8211; et les parcs d&#039;attractions les plus c\u00e9l\u00e8bres de la Riviera Romagnola.","og_url":"https:\/\/www.cesenaticohotel.com\/fr\/hotels\/hotel-principe","og_site_name":"Cesenatico Hotel","article_modified_time":"2024-06-03T09:28:42+00:00","og_image":[{"width":1200,"height":675,"url":"https:\/\/www.cesenaticohotel.com\/wp-content\/uploads\/2023\/05\/immagine-sito.jpg","type":"image\/jpeg"}],"twitter_card":"summary_large_image","twitter_misc":{"Dur\u00e9e de lecture estim\u00e9e":"1 minute"},"schema":{"@context":"https:\/\/schema.org","@graph":[{"@type":"WebPage","@id":"https:\/\/www.cesenaticohotel.com\/fr\/hotels\/hotel-principe","url":"https:\/\/www.cesenaticohotel.com\/fr\/hotels\/hotel-principe","name":"Hotel Principe - Cesenatico Hotel","isPartOf":{"@id":"https:\/\/www.cesenaticohotel.com\/fr\/#website"},"datePublished":"2024-03-07T11:51:39+00:00","dateModified":"2024-06-03T09:28:42+00:00","breadcrumb":{"@id":"https:\/\/www.cesenaticohotel.com\/fr\/hotels\/hotel-principe#breadcrumb"},"inLanguage":"fr-FR","potentialAction":[{"@type":"ReadAction","target":["https:\/\/www.cesenaticohotel.com\/fr\/hotels\/hotel-principe"]}]},{"@type":"BreadcrumbList","@id":"https:\/\/www.cesenaticohotel.com\/fr\/hotels\/hotel-principe#breadcrumb","itemListElement":[{"@type":"ListItem","position":1,"name":"Home","item":"https:\/\/www.cesenaticohotel.com\/fr"},{"@type":"ListItem","position":2,"name":"H\u00f4tel","item":"https:\/\/www.cesenaticohotel.com\/fr\/hotels"},{"@type":"ListItem","position":3,"name":"Hotel Principe"}]},{"@type":"WebSite","@id":"https:\/\/www.cesenaticohotel.com\/fr\/#website","url":"https:\/\/www.cesenaticohotel.com\/fr\/","name":"Cesenatico Hotel","description":"","publisher":{"@id":"https:\/\/www.cesenaticohotel.com\/fr\/#organization"},"potentialAction":[{"@type":"SearchAction","target":{"@type":"EntryPoint","urlTemplate":"https:\/\/www.cesenaticohotel.com\/fr\/?s={search_term_string}"},"query-input":{"@type":"PropertyValueSpecification","valueRequired":true,"valueName":"search_term_string"}}],"inLanguage":"fr-FR"},{"@type":"Organization","@id":"https:\/\/www.cesenaticohotel.com\/fr\/#organization","name":"Cesenatico Hotel","url":"https:\/\/www.cesenaticohotel.com\/fr\/","logo":{"@type":"ImageObject","inLanguage":"fr-FR","@id":"https:\/\/www.cesenaticohotel.com\/fr\/#\/schema\/logo\/image\/","url":"https:\/\/www.cesenaticohotel.com\/wp-content\/uploads\/2023\/05\/logo-organizzazione.jpg","contentUrl":"https:\/\/www.cesenaticohotel.com\/wp-content\/uploads\/2023\/05\/logo-organizzazione.jpg","width":696,"height":696,"caption":"Cesenatico Hotel"},"image":{"@id":"https:\/\/www.cesenaticohotel.com\/fr\/#\/schema\/logo\/image\/"}}]}},"_links":{"self":[{"href":"https:\/\/www.cesenaticohotel.com\/fr\/wp-json\/wp\/v2\/pages\/7822","targetHints":{"allow":["GET"]}}],"collection":[{"href":"https:\/\/www.cesenaticohotel.com\/fr\/wp-json\/wp\/v2\/pages"}],"about":[{"href":"https:\/\/www.cesenaticohotel.com\/fr\/wp-json\/wp\/v2\/types\/page"}],"author":[{"embeddable":true,"href":"https:\/\/www.cesenaticohotel.com\/fr\/wp-json\/wp\/v2\/users\/1"}],"replies":[{"embeddable":true,"href":"https:\/\/www.cesenaticohotel.com\/fr\/wp-json\/wp\/v2\/comments?post=7822"}],"version-history":[{"count":2,"href":"https:\/\/www.cesenaticohotel.com\/fr\/wp-json\/wp\/v2\/pages\/7822\/revisions"}],"predecessor-version":[{"id":8680,"href":"https:\/\/www.cesenaticohotel.com\/fr\/wp-json\/wp\/v2\/pages\/7822\/revisions\/8680"}],"up":[{"embeddable":true,"href":"https:\/\/www.cesenaticohotel.com\/fr\/wp-json\/wp\/v2\/pages\/513"}],"wp:attachment":[{"href":"https:\/\/www.cesenaticohotel.com\/fr\/wp-json\/wp\/v2\/media?parent=7822"}],"curies":[{"name":"wp","href":"https:\/\/api.w.org\/{rel}","templated":true}]}}