{"id":7991,"date":"2024-03-15T11:06:50","date_gmt":"2024-03-15T10:06:50","guid":{"rendered":"https:\/\/www.cesenaticohotel.com\/hotels\/hotel-esplanade"},"modified":"2024-06-03T11:28:43","modified_gmt":"2024-06-03T09:28:43","slug":"hotel-esplanade","status":"publish","type":"page","link":"https:\/\/www.cesenaticohotel.com\/fr\/hotels\/hotel-esplanade","title":{"rendered":"Hotel Esplanade"},"content":{"rendered":"\n<p>L&#039;H\u00f4tel Esplanade est un h\u00f4tel 3 \u00e9toiles avec <b>vue sur la mer<\/b>, situ\u00e9 au centre de Cesenatico, \u00e0 quelques pas de la grande roue. Depuis l&#039;exclusif <b>Rooftop<\/b>, vous pouvez admirer une vue imprenable sur toute la c\u00f4te, tout en vous relaxant sur les transats ou dans la <b>piscine \u00e0 jets hydromassants<\/b>.<\/p>\n\n\n\n<!--more-->\n\n\n\n<p>La plage priv\u00e9e avec laquelle il est associ\u00e9 propose un excellent <b>service<\/b> <b>d&#039;animation<\/b> pour les enfants. Les chambres offrent un <b>confort<\/b> maximal et les <b>animaux<\/b> <b>de<\/b> <b>compagnie<\/b> sont les bienvenus. La cuisine propose des plats de la meilleure <b>tradition romagnole<\/b>, avec des produits <b>locaux<\/b>. Une fois par semaine, une soir\u00e9e d\u00e9gustation est pr\u00e9vue sur la <b>terrasse<\/b> <b>panoramique<\/b>. En plus du chef, un p\u00e2tissier vous r\u00e9galera au petit d\u00e9jeuner avec des <b>g\u00e2teaux<\/b> et des <b>tartes<\/b> <b>maison<\/b>, tandis qu&#039;au d\u00e9jeuner et au d\u00eener, vous pourrez choisir parmi 5 propositions de desserts.<\/p>\n\n\n\n<p><b>La formule all inclusive<\/b> est \u00e9galement disponible avec <b>des boissons<\/b> \u00e0 <b>volont\u00e9<\/b> pendant les repas, un <b>service de plage<\/b> (1 parasol et 2 transats), <b>et l&#039;entr\u00e9e \u00e0 Atlantica<\/b> les jours d&#039;ouverture. Des accords pour des billets \u00e0 tarif r\u00e9duit sont \u00e9galement disponibles pour les parcs d&#039;attractions.<\/p>\n","protected":false},"excerpt":{"rendered":"<p>L&#039;H\u00f4tel Esplanade est un h\u00f4tel 3 \u00e9toiles avec vue sur la mer, situ\u00e9 au centre de Cesenatico, \u00e0 quelques pas de la grande roue. Depuis l&#039;exclusif Rooftop, vous pouvez admirer une vue imprenable sur toute la c\u00f4te, tout en vous relaxant sur les transats ou dans la piscine \u00e0 jets hydromassants.<\/p>\n","protected":false},"author":1,"featured_media":0,"parent":513,"menu_order":0,"comment_status":"closed","ping_status":"closed","template":"page-templates\/scheda_hotel.php","meta":{"_acf_changed":false,"inline_featured_image":false,"footnotes":""},"class_list":["post-7991","page","type-page","status-publish","hentry"],"acf":[],"yoast_head":"<!-- This site is optimized with the Yoast SEO plugin v27.0 - https:\/\/yoast.com\/product\/yoast-seo-wordpress\/ -->\n<title>Hotel Esplanade - Cesenatico Hotel<\/title>\n<meta name=\"robots\" content=\"index, follow, max-snippet:-1, max-image-preview:large, max-video-preview:-1\" \/>\n<link rel=\"canonical\" href=\"https:\/\/www.cesenaticohotel.com\/fr\/hotels\/hotel-esplanade\" \/>\n<meta property=\"og:locale\" content=\"fr_FR\" \/>\n<meta property=\"og:type\" content=\"article\" \/>\n<meta property=\"og:title\" content=\"Hotel Esplanade - Cesenatico Hotel\" \/>\n<meta property=\"og:description\" content=\"L&#039;H\u00f4tel Esplanade est un h\u00f4tel 3 \u00e9toiles avec vue sur la mer, situ\u00e9 au centre de Cesenatico, \u00e0 quelques pas de la grande roue. Depuis l&#039;exclusif Rooftop, vous pouvez admirer une vue imprenable sur toute la c\u00f4te, tout en vous relaxant sur les transats ou dans la piscine \u00e0 jets hydromassants.\" \/>\n<meta property=\"og:url\" content=\"https:\/\/www.cesenaticohotel.com\/fr\/hotels\/hotel-esplanade\" \/>\n<meta property=\"og:site_name\" content=\"Cesenatico Hotel\" \/>\n<meta property=\"article:modified_time\" content=\"2024-06-03T09:28:43+00:00\" \/>\n<meta property=\"og:image\" content=\"https:\/\/www.cesenaticohotel.com\/wp-content\/uploads\/2023\/05\/immagine-sito.jpg\" \/>\n\t<meta property=\"og:image:width\" content=\"1200\" \/>\n\t<meta property=\"og:image:height\" content=\"675\" \/>\n\t<meta property=\"og:image:type\" content=\"image\/jpeg\" \/>\n<meta name=\"twitter:card\" content=\"summary_large_image\" \/>\n<meta name=\"twitter:label1\" content=\"Dur\u00e9e de lecture estim\u00e9e\" \/>\n\t<meta name=\"twitter:data1\" content=\"1 minute\" \/>\n<script type=\"application\/ld+json\" class=\"yoast-schema-graph\">{\"@context\":\"https:\/\/schema.org\",\"@graph\":[{\"@type\":\"WebPage\",\"@id\":\"https:\/\/www.cesenaticohotel.com\/fr\/hotels\/hotel-esplanade\",\"url\":\"https:\/\/www.cesenaticohotel.com\/fr\/hotels\/hotel-esplanade\",\"name\":\"Hotel Esplanade - Cesenatico Hotel\",\"isPartOf\":{\"@id\":\"https:\/\/www.cesenaticohotel.com\/fr\/#website\"},\"datePublished\":\"2024-03-15T10:06:50+00:00\",\"dateModified\":\"2024-06-03T09:28:43+00:00\",\"breadcrumb\":{\"@id\":\"https:\/\/www.cesenaticohotel.com\/fr\/hotels\/hotel-esplanade#breadcrumb\"},\"inLanguage\":\"fr-FR\",\"potentialAction\":[{\"@type\":\"ReadAction\",\"target\":[\"https:\/\/www.cesenaticohotel.com\/fr\/hotels\/hotel-esplanade\"]}]},{\"@type\":\"BreadcrumbList\",\"@id\":\"https:\/\/www.cesenaticohotel.com\/fr\/hotels\/hotel-esplanade#breadcrumb\",\"itemListElement\":[{\"@type\":\"ListItem\",\"position\":1,\"name\":\"Home\",\"item\":\"https:\/\/www.cesenaticohotel.com\/fr\"},{\"@type\":\"ListItem\",\"position\":2,\"name\":\"H\u00f4tel\",\"item\":\"https:\/\/www.cesenaticohotel.com\/fr\/hotels\"},{\"@type\":\"ListItem\",\"position\":3,\"name\":\"Hotel Esplanade\"}]},{\"@type\":\"WebSite\",\"@id\":\"https:\/\/www.cesenaticohotel.com\/fr\/#website\",\"url\":\"https:\/\/www.cesenaticohotel.com\/fr\/\",\"name\":\"Cesenatico Hotel\",\"description\":\"\",\"publisher\":{\"@id\":\"https:\/\/www.cesenaticohotel.com\/fr\/#organization\"},\"potentialAction\":[{\"@type\":\"SearchAction\",\"target\":{\"@type\":\"EntryPoint\",\"urlTemplate\":\"https:\/\/www.cesenaticohotel.com\/fr\/?s={search_term_string}\"},\"query-input\":{\"@type\":\"PropertyValueSpecification\",\"valueRequired\":true,\"valueName\":\"search_term_string\"}}],\"inLanguage\":\"fr-FR\"},{\"@type\":\"Organization\",\"@id\":\"https:\/\/www.cesenaticohotel.com\/fr\/#organization\",\"name\":\"Cesenatico Hotel\",\"url\":\"https:\/\/www.cesenaticohotel.com\/fr\/\",\"logo\":{\"@type\":\"ImageObject\",\"inLanguage\":\"fr-FR\",\"@id\":\"https:\/\/www.cesenaticohotel.com\/fr\/#\/schema\/logo\/image\/\",\"url\":\"https:\/\/www.cesenaticohotel.com\/wp-content\/uploads\/2023\/05\/logo-organizzazione.jpg\",\"contentUrl\":\"https:\/\/www.cesenaticohotel.com\/wp-content\/uploads\/2023\/05\/logo-organizzazione.jpg\",\"width\":696,\"height\":696,\"caption\":\"Cesenatico Hotel\"},\"image\":{\"@id\":\"https:\/\/www.cesenaticohotel.com\/fr\/#\/schema\/logo\/image\/\"}}]}<\/script>\n<!-- \/ Yoast SEO plugin. -->","yoast_head_json":{"title":"Hotel Esplanade - Cesenatico Hotel","robots":{"index":"index","follow":"follow","max-snippet":"max-snippet:-1","max-image-preview":"max-image-preview:large","max-video-preview":"max-video-preview:-1"},"canonical":"https:\/\/www.cesenaticohotel.com\/fr\/hotels\/hotel-esplanade","og_locale":"fr_FR","og_type":"article","og_title":"Hotel Esplanade - Cesenatico Hotel","og_description":"L&#039;H\u00f4tel Esplanade est un h\u00f4tel 3 \u00e9toiles avec vue sur la mer, situ\u00e9 au centre de Cesenatico, \u00e0 quelques pas de la grande roue. Depuis l&#039;exclusif Rooftop, vous pouvez admirer une vue imprenable sur toute la c\u00f4te, tout en vous relaxant sur les transats ou dans la piscine \u00e0 jets hydromassants.","og_url":"https:\/\/www.cesenaticohotel.com\/fr\/hotels\/hotel-esplanade","og_site_name":"Cesenatico Hotel","article_modified_time":"2024-06-03T09:28:43+00:00","og_image":[{"width":1200,"height":675,"url":"https:\/\/www.cesenaticohotel.com\/wp-content\/uploads\/2023\/05\/immagine-sito.jpg","type":"image\/jpeg"}],"twitter_card":"summary_large_image","twitter_misc":{"Dur\u00e9e de lecture estim\u00e9e":"1 minute"},"schema":{"@context":"https:\/\/schema.org","@graph":[{"@type":"WebPage","@id":"https:\/\/www.cesenaticohotel.com\/fr\/hotels\/hotel-esplanade","url":"https:\/\/www.cesenaticohotel.com\/fr\/hotels\/hotel-esplanade","name":"Hotel Esplanade - Cesenatico Hotel","isPartOf":{"@id":"https:\/\/www.cesenaticohotel.com\/fr\/#website"},"datePublished":"2024-03-15T10:06:50+00:00","dateModified":"2024-06-03T09:28:43+00:00","breadcrumb":{"@id":"https:\/\/www.cesenaticohotel.com\/fr\/hotels\/hotel-esplanade#breadcrumb"},"inLanguage":"fr-FR","potentialAction":[{"@type":"ReadAction","target":["https:\/\/www.cesenaticohotel.com\/fr\/hotels\/hotel-esplanade"]}]},{"@type":"BreadcrumbList","@id":"https:\/\/www.cesenaticohotel.com\/fr\/hotels\/hotel-esplanade#breadcrumb","itemListElement":[{"@type":"ListItem","position":1,"name":"Home","item":"https:\/\/www.cesenaticohotel.com\/fr"},{"@type":"ListItem","position":2,"name":"H\u00f4tel","item":"https:\/\/www.cesenaticohotel.com\/fr\/hotels"},{"@type":"ListItem","position":3,"name":"Hotel Esplanade"}]},{"@type":"WebSite","@id":"https:\/\/www.cesenaticohotel.com\/fr\/#website","url":"https:\/\/www.cesenaticohotel.com\/fr\/","name":"Cesenatico Hotel","description":"","publisher":{"@id":"https:\/\/www.cesenaticohotel.com\/fr\/#organization"},"potentialAction":[{"@type":"SearchAction","target":{"@type":"EntryPoint","urlTemplate":"https:\/\/www.cesenaticohotel.com\/fr\/?s={search_term_string}"},"query-input":{"@type":"PropertyValueSpecification","valueRequired":true,"valueName":"search_term_string"}}],"inLanguage":"fr-FR"},{"@type":"Organization","@id":"https:\/\/www.cesenaticohotel.com\/fr\/#organization","name":"Cesenatico Hotel","url":"https:\/\/www.cesenaticohotel.com\/fr\/","logo":{"@type":"ImageObject","inLanguage":"fr-FR","@id":"https:\/\/www.cesenaticohotel.com\/fr\/#\/schema\/logo\/image\/","url":"https:\/\/www.cesenaticohotel.com\/wp-content\/uploads\/2023\/05\/logo-organizzazione.jpg","contentUrl":"https:\/\/www.cesenaticohotel.com\/wp-content\/uploads\/2023\/05\/logo-organizzazione.jpg","width":696,"height":696,"caption":"Cesenatico Hotel"},"image":{"@id":"https:\/\/www.cesenaticohotel.com\/fr\/#\/schema\/logo\/image\/"}}]}},"_links":{"self":[{"href":"https:\/\/www.cesenaticohotel.com\/fr\/wp-json\/wp\/v2\/pages\/7991","targetHints":{"allow":["GET"]}}],"collection":[{"href":"https:\/\/www.cesenaticohotel.com\/fr\/wp-json\/wp\/v2\/pages"}],"about":[{"href":"https:\/\/www.cesenaticohotel.com\/fr\/wp-json\/wp\/v2\/types\/page"}],"author":[{"embeddable":true,"href":"https:\/\/www.cesenaticohotel.com\/fr\/wp-json\/wp\/v2\/users\/1"}],"replies":[{"embeddable":true,"href":"https:\/\/www.cesenaticohotel.com\/fr\/wp-json\/wp\/v2\/comments?post=7991"}],"version-history":[{"count":2,"href":"https:\/\/www.cesenaticohotel.com\/fr\/wp-json\/wp\/v2\/pages\/7991\/revisions"}],"predecessor-version":[{"id":8681,"href":"https:\/\/www.cesenaticohotel.com\/fr\/wp-json\/wp\/v2\/pages\/7991\/revisions\/8681"}],"up":[{"embeddable":true,"href":"https:\/\/www.cesenaticohotel.com\/fr\/wp-json\/wp\/v2\/pages\/513"}],"wp:attachment":[{"href":"https:\/\/www.cesenaticohotel.com\/fr\/wp-json\/wp\/v2\/media?parent=7991"}],"curies":[{"name":"wp","href":"https:\/\/api.w.org\/{rel}","templated":true}]}}