{"id":9436,"date":"2025-01-27T16:42:17","date_gmt":"2025-01-27T15:42:17","guid":{"rendered":"https:\/\/www.cesenaticohotel.com\/hotels\/hotel-baltic"},"modified":"2025-02-11T17:07:22","modified_gmt":"2025-02-11T16:07:22","slug":"hotel-baltic","status":"publish","type":"page","link":"https:\/\/www.cesenaticohotel.com\/fr\/hotels\/hotel-baltic","title":{"rendered":"Hotel Baltic"},"content":{"rendered":"\n<p>Situ\u00e9 \u00e0 seulement <b>50 m\u00e8tres<\/b> de la mer, <b>l&#039;H\u00f4tel Baltic de Cesenatico<\/b> offre une exp\u00e9rience de s\u00e9jour plac\u00e9e sous le signe de la d\u00e9tente et du confort, gr\u00e2ce \u00e9galement \u00e0 sa <b>formule tout compris.<\/b><\/p>\n\n\n\n<!--more-->\n\n\n\n<p>Son <b>emplacement privil\u00e9gi\u00e9<\/b> sur le pittoresque <b>Port-Canal<\/b>, con\u00e7u par L\u00e9onard de Vinci, permet de plonger dans l\u2019animation locale, avec ses rues commer\u00e7antes, ses bars et ses promenades au bord de l\u2019eau \u00e0 port\u00e9e de main.<\/p>\n\n\n\n\n\n<p>La formule <b>tout compris<\/b> inclut \u00e9galement le <b>service de plage<\/b> avec parasol et transats, l&#039;utilisation de <b>v\u00e9los <\/b>\u2013 id\u00e9aux pour explorer les environs de mani\u00e8re \u00e9cologique et agr\u00e9able \u2013 ainsi qu\u2019une place de <b>parking<\/b> dans le stationnement priv\u00e9 (sous r\u00e9serve de disponibilit\u00e9).<\/p>\n\n\n\n\n\n<p>La <b>cuisine de l&#039;h\u00f4tel<\/b> est un v\u00e9ritable point fort: chaque jour, des plats \u00e0 base de viande, de poisson et des options v\u00e9g\u00e9tariennes sont servis \u00e0 table, garantissant un service attentif et personnalis\u00e9. Si vous \u00eates en <b>vacances avec vos enfants<\/b>, le <b>chef <\/b>peut pr\u00e9parer des <b>repas adapt\u00e9s aux tout-petits<\/b> sur demande: renseignez-vous aupr\u00e8s du personnel de salle. Dans votre chambre, vous pouvez demander des <b>lits b\u00e9b\u00e9, des lits d\u2019appoint, des barri\u00e8res de s\u00e9curit\u00e9 et des chauffe-biberons<\/b> (sous r\u00e9serve de disponibilit\u00e9).<\/p>\n\n\n\n\n\n<p>Apr\u00e8s une journ\u00e9e \u00e0 la plage ou une balade dans le centre de Cesenatico, d\u00e9tendez-vous dans le <b>jardin<\/b>, un havre de paix r\u00e9serv\u00e9 aux clients de l&#039;h\u00f4tel.<\/p>\n\n\n","protected":false},"excerpt":{"rendered":"<p>Situ\u00e9 \u00e0 seulement 50 m\u00e8tres de la mer, l&#039;H\u00f4tel Baltic de Cesenatico offre une exp\u00e9rience de s\u00e9jour plac\u00e9e sous le signe de la d\u00e9tente et du confort, gr\u00e2ce \u00e9galement \u00e0 sa formule tout compris.<\/p>\n","protected":false},"author":1,"featured_media":0,"parent":513,"menu_order":0,"comment_status":"closed","ping_status":"closed","template":"page-templates\/scheda_hotel.php","meta":{"_acf_changed":false,"inline_featured_image":false,"footnotes":""},"class_list":["post-9436","page","type-page","status-publish","hentry"],"acf":[],"yoast_head":"<!-- This site is optimized with the Yoast SEO plugin v27.0 - https:\/\/yoast.com\/product\/yoast-seo-wordpress\/ -->\n<title>Hotel Baltic - Cesenatico Hotel<\/title>\n<meta name=\"robots\" content=\"index, follow, max-snippet:-1, max-image-preview:large, max-video-preview:-1\" \/>\n<link rel=\"canonical\" href=\"https:\/\/www.cesenaticohotel.com\/fr\/hotels\/hotel-baltic\" \/>\n<meta property=\"og:locale\" content=\"fr_FR\" \/>\n<meta property=\"og:type\" content=\"article\" \/>\n<meta property=\"og:title\" content=\"Hotel Baltic - Cesenatico Hotel\" \/>\n<meta property=\"og:description\" content=\"Situ\u00e9 \u00e0 seulement 50 m\u00e8tres de la mer, l&#039;H\u00f4tel Baltic de Cesenatico offre une exp\u00e9rience de s\u00e9jour plac\u00e9e sous le signe de la d\u00e9tente et du confort, gr\u00e2ce \u00e9galement \u00e0 sa formule tout compris.\" \/>\n<meta property=\"og:url\" content=\"https:\/\/www.cesenaticohotel.com\/fr\/hotels\/hotel-baltic\" \/>\n<meta property=\"og:site_name\" content=\"Cesenatico Hotel\" \/>\n<meta property=\"article:modified_time\" content=\"2025-02-11T16:07:22+00:00\" \/>\n<meta property=\"og:image\" content=\"https:\/\/www.cesenaticohotel.com\/wp-content\/uploads\/2023\/05\/immagine-sito.jpg\" \/>\n\t<meta property=\"og:image:width\" content=\"1200\" \/>\n\t<meta property=\"og:image:height\" content=\"675\" \/>\n\t<meta property=\"og:image:type\" content=\"image\/jpeg\" \/>\n<meta name=\"twitter:card\" content=\"summary_large_image\" \/>\n<meta name=\"twitter:label1\" content=\"Dur\u00e9e de lecture estim\u00e9e\" \/>\n\t<meta name=\"twitter:data1\" content=\"1 minute\" \/>\n<script type=\"application\/ld+json\" class=\"yoast-schema-graph\">{\"@context\":\"https:\/\/schema.org\",\"@graph\":[{\"@type\":\"WebPage\",\"@id\":\"https:\/\/www.cesenaticohotel.com\/fr\/hotels\/hotel-baltic\",\"url\":\"https:\/\/www.cesenaticohotel.com\/fr\/hotels\/hotel-baltic\",\"name\":\"Hotel Baltic - Cesenatico Hotel\",\"isPartOf\":{\"@id\":\"https:\/\/www.cesenaticohotel.com\/fr\/#website\"},\"datePublished\":\"2025-01-27T15:42:17+00:00\",\"dateModified\":\"2025-02-11T16:07:22+00:00\",\"breadcrumb\":{\"@id\":\"https:\/\/www.cesenaticohotel.com\/fr\/hotels\/hotel-baltic#breadcrumb\"},\"inLanguage\":\"fr-FR\",\"potentialAction\":[{\"@type\":\"ReadAction\",\"target\":[\"https:\/\/www.cesenaticohotel.com\/fr\/hotels\/hotel-baltic\"]}]},{\"@type\":\"BreadcrumbList\",\"@id\":\"https:\/\/www.cesenaticohotel.com\/fr\/hotels\/hotel-baltic#breadcrumb\",\"itemListElement\":[{\"@type\":\"ListItem\",\"position\":1,\"name\":\"Home\",\"item\":\"https:\/\/www.cesenaticohotel.com\/fr\"},{\"@type\":\"ListItem\",\"position\":2,\"name\":\"H\u00f4tel\",\"item\":\"https:\/\/www.cesenaticohotel.com\/fr\/hotels\"},{\"@type\":\"ListItem\",\"position\":3,\"name\":\"Hotel Baltic\"}]},{\"@type\":\"WebSite\",\"@id\":\"https:\/\/www.cesenaticohotel.com\/fr\/#website\",\"url\":\"https:\/\/www.cesenaticohotel.com\/fr\/\",\"name\":\"Cesenatico Hotel\",\"description\":\"\",\"publisher\":{\"@id\":\"https:\/\/www.cesenaticohotel.com\/fr\/#organization\"},\"potentialAction\":[{\"@type\":\"SearchAction\",\"target\":{\"@type\":\"EntryPoint\",\"urlTemplate\":\"https:\/\/www.cesenaticohotel.com\/fr\/?s={search_term_string}\"},\"query-input\":{\"@type\":\"PropertyValueSpecification\",\"valueRequired\":true,\"valueName\":\"search_term_string\"}}],\"inLanguage\":\"fr-FR\"},{\"@type\":\"Organization\",\"@id\":\"https:\/\/www.cesenaticohotel.com\/fr\/#organization\",\"name\":\"Cesenatico Hotel\",\"url\":\"https:\/\/www.cesenaticohotel.com\/fr\/\",\"logo\":{\"@type\":\"ImageObject\",\"inLanguage\":\"fr-FR\",\"@id\":\"https:\/\/www.cesenaticohotel.com\/fr\/#\/schema\/logo\/image\/\",\"url\":\"https:\/\/www.cesenaticohotel.com\/wp-content\/uploads\/2023\/05\/logo-organizzazione.jpg\",\"contentUrl\":\"https:\/\/www.cesenaticohotel.com\/wp-content\/uploads\/2023\/05\/logo-organizzazione.jpg\",\"width\":696,\"height\":696,\"caption\":\"Cesenatico Hotel\"},\"image\":{\"@id\":\"https:\/\/www.cesenaticohotel.com\/fr\/#\/schema\/logo\/image\/\"}}]}<\/script>\n<!-- \/ Yoast SEO plugin. -->","yoast_head_json":{"title":"Hotel Baltic - Cesenatico Hotel","robots":{"index":"index","follow":"follow","max-snippet":"max-snippet:-1","max-image-preview":"max-image-preview:large","max-video-preview":"max-video-preview:-1"},"canonical":"https:\/\/www.cesenaticohotel.com\/fr\/hotels\/hotel-baltic","og_locale":"fr_FR","og_type":"article","og_title":"Hotel Baltic - Cesenatico Hotel","og_description":"Situ\u00e9 \u00e0 seulement 50 m\u00e8tres de la mer, l&#039;H\u00f4tel Baltic de Cesenatico offre une exp\u00e9rience de s\u00e9jour plac\u00e9e sous le signe de la d\u00e9tente et du confort, gr\u00e2ce \u00e9galement \u00e0 sa formule tout compris.","og_url":"https:\/\/www.cesenaticohotel.com\/fr\/hotels\/hotel-baltic","og_site_name":"Cesenatico Hotel","article_modified_time":"2025-02-11T16:07:22+00:00","og_image":[{"width":1200,"height":675,"url":"https:\/\/www.cesenaticohotel.com\/wp-content\/uploads\/2023\/05\/immagine-sito.jpg","type":"image\/jpeg"}],"twitter_card":"summary_large_image","twitter_misc":{"Dur\u00e9e de lecture estim\u00e9e":"1 minute"},"schema":{"@context":"https:\/\/schema.org","@graph":[{"@type":"WebPage","@id":"https:\/\/www.cesenaticohotel.com\/fr\/hotels\/hotel-baltic","url":"https:\/\/www.cesenaticohotel.com\/fr\/hotels\/hotel-baltic","name":"Hotel Baltic - Cesenatico Hotel","isPartOf":{"@id":"https:\/\/www.cesenaticohotel.com\/fr\/#website"},"datePublished":"2025-01-27T15:42:17+00:00","dateModified":"2025-02-11T16:07:22+00:00","breadcrumb":{"@id":"https:\/\/www.cesenaticohotel.com\/fr\/hotels\/hotel-baltic#breadcrumb"},"inLanguage":"fr-FR","potentialAction":[{"@type":"ReadAction","target":["https:\/\/www.cesenaticohotel.com\/fr\/hotels\/hotel-baltic"]}]},{"@type":"BreadcrumbList","@id":"https:\/\/www.cesenaticohotel.com\/fr\/hotels\/hotel-baltic#breadcrumb","itemListElement":[{"@type":"ListItem","position":1,"name":"Home","item":"https:\/\/www.cesenaticohotel.com\/fr"},{"@type":"ListItem","position":2,"name":"H\u00f4tel","item":"https:\/\/www.cesenaticohotel.com\/fr\/hotels"},{"@type":"ListItem","position":3,"name":"Hotel Baltic"}]},{"@type":"WebSite","@id":"https:\/\/www.cesenaticohotel.com\/fr\/#website","url":"https:\/\/www.cesenaticohotel.com\/fr\/","name":"Cesenatico Hotel","description":"","publisher":{"@id":"https:\/\/www.cesenaticohotel.com\/fr\/#organization"},"potentialAction":[{"@type":"SearchAction","target":{"@type":"EntryPoint","urlTemplate":"https:\/\/www.cesenaticohotel.com\/fr\/?s={search_term_string}"},"query-input":{"@type":"PropertyValueSpecification","valueRequired":true,"valueName":"search_term_string"}}],"inLanguage":"fr-FR"},{"@type":"Organization","@id":"https:\/\/www.cesenaticohotel.com\/fr\/#organization","name":"Cesenatico Hotel","url":"https:\/\/www.cesenaticohotel.com\/fr\/","logo":{"@type":"ImageObject","inLanguage":"fr-FR","@id":"https:\/\/www.cesenaticohotel.com\/fr\/#\/schema\/logo\/image\/","url":"https:\/\/www.cesenaticohotel.com\/wp-content\/uploads\/2023\/05\/logo-organizzazione.jpg","contentUrl":"https:\/\/www.cesenaticohotel.com\/wp-content\/uploads\/2023\/05\/logo-organizzazione.jpg","width":696,"height":696,"caption":"Cesenatico Hotel"},"image":{"@id":"https:\/\/www.cesenaticohotel.com\/fr\/#\/schema\/logo\/image\/"}}]}},"_links":{"self":[{"href":"https:\/\/www.cesenaticohotel.com\/fr\/wp-json\/wp\/v2\/pages\/9436","targetHints":{"allow":["GET"]}}],"collection":[{"href":"https:\/\/www.cesenaticohotel.com\/fr\/wp-json\/wp\/v2\/pages"}],"about":[{"href":"https:\/\/www.cesenaticohotel.com\/fr\/wp-json\/wp\/v2\/types\/page"}],"author":[{"embeddable":true,"href":"https:\/\/www.cesenaticohotel.com\/fr\/wp-json\/wp\/v2\/users\/1"}],"replies":[{"embeddable":true,"href":"https:\/\/www.cesenaticohotel.com\/fr\/wp-json\/wp\/v2\/comments?post=9436"}],"version-history":[{"count":2,"href":"https:\/\/www.cesenaticohotel.com\/fr\/wp-json\/wp\/v2\/pages\/9436\/revisions"}],"predecessor-version":[{"id":9655,"href":"https:\/\/www.cesenaticohotel.com\/fr\/wp-json\/wp\/v2\/pages\/9436\/revisions\/9655"}],"up":[{"embeddable":true,"href":"https:\/\/www.cesenaticohotel.com\/fr\/wp-json\/wp\/v2\/pages\/513"}],"wp:attachment":[{"href":"https:\/\/www.cesenaticohotel.com\/fr\/wp-json\/wp\/v2\/media?parent=9436"}],"curies":[{"name":"wp","href":"https:\/\/api.w.org\/{rel}","templated":true}]}}