{"id":9659,"date":"2025-02-11T17:20:43","date_gmt":"2025-02-11T16:20:43","guid":{"rendered":"https:\/\/www.cesenaticohotel.com\/hotels\/hotel-milano"},"modified":"2025-03-27T09:47:25","modified_gmt":"2025-03-27T08:47:25","slug":"hotel-milano","status":"publish","type":"page","link":"https:\/\/www.cesenaticohotel.com\/fr\/hotels\/hotel-milano","title":{"rendered":"H\u00f4tel Milano"},"content":{"rendered":"\n<p>Situ\u00e9 directement sur les principales avenues de <b>Cesenatico<\/b>, Viale Carducci et Viale dei Mille, <b>l&#039;H\u00f4tel Milano<\/b> est un h\u00f4tel 3 \u00e9toiles accueillant, id\u00e9al pour les familles en qu\u00eate de d\u00e9tente et de divertissement, \u00e0 seulement <b>80 m\u00e8tres<\/b> de la mer.<\/p>\n\n\n\n<!--more-->\n\n\n\n<p>L&#039;\u00e9tablissement dispose d&#039;une <b>piscine<\/b> avec hydromassage, situ\u00e9e dans un grand <b>jardin<\/b>, parfaite pour des moments de loisirs et de bien-\u00eatre. Pour les plus petits, de nombreux services sont pr\u00e9vus, notamment une <b>aire de jeux<\/b>, un <b>coin b\u00e9b\u00e9<\/b> disponible 24h\/24 avec tout le n\u00e9cessaire pour pr\u00e9parer les <b>repas<\/b>, des chaises hautes, des couverts pour enfants, des r\u00e9hausseurs pour les chaises du restaurant. De plus, vous pouvez demander en chambre des berceaux, des lits de camping, des barri\u00e8res de lit, un chauffe-biberon, un r\u00e9ducteur de WC et une table \u00e0 langer.<\/p>\n\n\n\n<p>La <b>bonne cuisine romagnole<\/b> est la fiert\u00e9 de l&#039;H\u00f4tel Milano, avec des plats pr\u00e9par\u00e9s \u00e0 base d&#039;ingr\u00e9dients frais et soigneusement s\u00e9lectionn\u00e9s. Chaque jour, vous pourrez d\u00e9guster des recettes \u00e0 base de viande et de poisson frais, un riche buffet d&#039;entr\u00e9es, des accompagnements de l\u00e9gumes, de la glace artisanale et d&#039;excellents desserts faits maison.<\/p>\n\n\n\n<p>L&#039;H\u00f4tel Milano propose \u00e9galement une formule <b>tout compris<\/b>, qui inclut le service <b>plage avec parasol et transats<\/b> r\u00e9serv\u00e9s ainsi qu&#039;une place de <b>parking<\/b> priv\u00e9e.<\/p>\n","protected":false},"excerpt":{"rendered":"<p>Situ\u00e9 directement sur les principales avenues de Cesenatico, Viale Carducci et Viale dei Mille, l&#039;H\u00f4tel Milano est un h\u00f4tel 3 \u00e9toiles accueillant, id\u00e9al pour les familles en qu\u00eate de d\u00e9tente et de divertissement, \u00e0 seulement 80 m\u00e8tres de la mer.<\/p>\n","protected":false},"author":1,"featured_media":0,"parent":513,"menu_order":0,"comment_status":"closed","ping_status":"closed","template":"page-templates\/scheda_hotel.php","meta":{"_acf_changed":false,"inline_featured_image":false,"footnotes":""},"class_list":["post-9659","page","type-page","status-publish","hentry"],"acf":[],"yoast_head":"<!-- This site is optimized with the Yoast SEO plugin v27.0 - https:\/\/yoast.com\/product\/yoast-seo-wordpress\/ -->\n<title>H\u00f4tel Milano - Cesenatico Hotel<\/title>\n<meta name=\"robots\" content=\"index, follow, max-snippet:-1, max-image-preview:large, max-video-preview:-1\" \/>\n<link rel=\"canonical\" href=\"https:\/\/www.cesenaticohotel.com\/fr\/hotels\/hotel-milano\" \/>\n<meta property=\"og:locale\" content=\"fr_FR\" \/>\n<meta property=\"og:type\" content=\"article\" \/>\n<meta property=\"og:title\" content=\"H\u00f4tel Milano - Cesenatico Hotel\" \/>\n<meta property=\"og:description\" content=\"Situ\u00e9 directement sur les principales avenues de Cesenatico, Viale Carducci et Viale dei Mille, l&#039;H\u00f4tel Milano est un h\u00f4tel 3 \u00e9toiles accueillant, id\u00e9al pour les familles en qu\u00eate de d\u00e9tente et de divertissement, \u00e0 seulement 80 m\u00e8tres de la mer.\" \/>\n<meta property=\"og:url\" content=\"https:\/\/www.cesenaticohotel.com\/fr\/hotels\/hotel-milano\" \/>\n<meta property=\"og:site_name\" content=\"Cesenatico Hotel\" \/>\n<meta property=\"article:modified_time\" content=\"2025-03-27T08:47:25+00:00\" \/>\n<meta property=\"og:image\" content=\"https:\/\/www.cesenaticohotel.com\/wp-content\/uploads\/2023\/05\/immagine-sito.jpg\" \/>\n\t<meta property=\"og:image:width\" content=\"1200\" \/>\n\t<meta property=\"og:image:height\" content=\"675\" \/>\n\t<meta property=\"og:image:type\" content=\"image\/jpeg\" \/>\n<meta name=\"twitter:card\" content=\"summary_large_image\" \/>\n<meta name=\"twitter:label1\" content=\"Dur\u00e9e de lecture estim\u00e9e\" \/>\n\t<meta name=\"twitter:data1\" content=\"1 minute\" \/>\n<script type=\"application\/ld+json\" class=\"yoast-schema-graph\">{\"@context\":\"https:\/\/schema.org\",\"@graph\":[{\"@type\":\"WebPage\",\"@id\":\"https:\/\/www.cesenaticohotel.com\/fr\/hotels\/hotel-milano\",\"url\":\"https:\/\/www.cesenaticohotel.com\/fr\/hotels\/hotel-milano\",\"name\":\"H\u00f4tel Milano - Cesenatico Hotel\",\"isPartOf\":{\"@id\":\"https:\/\/www.cesenaticohotel.com\/fr\/#website\"},\"datePublished\":\"2025-02-11T16:20:43+00:00\",\"dateModified\":\"2025-03-27T08:47:25+00:00\",\"breadcrumb\":{\"@id\":\"https:\/\/www.cesenaticohotel.com\/fr\/hotels\/hotel-milano#breadcrumb\"},\"inLanguage\":\"fr-FR\",\"potentialAction\":[{\"@type\":\"ReadAction\",\"target\":[\"https:\/\/www.cesenaticohotel.com\/fr\/hotels\/hotel-milano\"]}]},{\"@type\":\"BreadcrumbList\",\"@id\":\"https:\/\/www.cesenaticohotel.com\/fr\/hotels\/hotel-milano#breadcrumb\",\"itemListElement\":[{\"@type\":\"ListItem\",\"position\":1,\"name\":\"Home\",\"item\":\"https:\/\/www.cesenaticohotel.com\/fr\"},{\"@type\":\"ListItem\",\"position\":2,\"name\":\"H\u00f4tel\",\"item\":\"https:\/\/www.cesenaticohotel.com\/fr\/hotels\"},{\"@type\":\"ListItem\",\"position\":3,\"name\":\"H\u00f4tel Milano\"}]},{\"@type\":\"WebSite\",\"@id\":\"https:\/\/www.cesenaticohotel.com\/fr\/#website\",\"url\":\"https:\/\/www.cesenaticohotel.com\/fr\/\",\"name\":\"Cesenatico Hotel\",\"description\":\"\",\"publisher\":{\"@id\":\"https:\/\/www.cesenaticohotel.com\/fr\/#organization\"},\"potentialAction\":[{\"@type\":\"SearchAction\",\"target\":{\"@type\":\"EntryPoint\",\"urlTemplate\":\"https:\/\/www.cesenaticohotel.com\/fr\/?s={search_term_string}\"},\"query-input\":{\"@type\":\"PropertyValueSpecification\",\"valueRequired\":true,\"valueName\":\"search_term_string\"}}],\"inLanguage\":\"fr-FR\"},{\"@type\":\"Organization\",\"@id\":\"https:\/\/www.cesenaticohotel.com\/fr\/#organization\",\"name\":\"Cesenatico Hotel\",\"url\":\"https:\/\/www.cesenaticohotel.com\/fr\/\",\"logo\":{\"@type\":\"ImageObject\",\"inLanguage\":\"fr-FR\",\"@id\":\"https:\/\/www.cesenaticohotel.com\/fr\/#\/schema\/logo\/image\/\",\"url\":\"https:\/\/www.cesenaticohotel.com\/wp-content\/uploads\/2023\/05\/logo-organizzazione.jpg\",\"contentUrl\":\"https:\/\/www.cesenaticohotel.com\/wp-content\/uploads\/2023\/05\/logo-organizzazione.jpg\",\"width\":696,\"height\":696,\"caption\":\"Cesenatico Hotel\"},\"image\":{\"@id\":\"https:\/\/www.cesenaticohotel.com\/fr\/#\/schema\/logo\/image\/\"}}]}<\/script>\n<!-- \/ Yoast SEO plugin. -->","yoast_head_json":{"title":"H\u00f4tel Milano - Cesenatico Hotel","robots":{"index":"index","follow":"follow","max-snippet":"max-snippet:-1","max-image-preview":"max-image-preview:large","max-video-preview":"max-video-preview:-1"},"canonical":"https:\/\/www.cesenaticohotel.com\/fr\/hotels\/hotel-milano","og_locale":"fr_FR","og_type":"article","og_title":"H\u00f4tel Milano - Cesenatico Hotel","og_description":"Situ\u00e9 directement sur les principales avenues de Cesenatico, Viale Carducci et Viale dei Mille, l&#039;H\u00f4tel Milano est un h\u00f4tel 3 \u00e9toiles accueillant, id\u00e9al pour les familles en qu\u00eate de d\u00e9tente et de divertissement, \u00e0 seulement 80 m\u00e8tres de la mer.","og_url":"https:\/\/www.cesenaticohotel.com\/fr\/hotels\/hotel-milano","og_site_name":"Cesenatico Hotel","article_modified_time":"2025-03-27T08:47:25+00:00","og_image":[{"width":1200,"height":675,"url":"https:\/\/www.cesenaticohotel.com\/wp-content\/uploads\/2023\/05\/immagine-sito.jpg","type":"image\/jpeg"}],"twitter_card":"summary_large_image","twitter_misc":{"Dur\u00e9e de lecture estim\u00e9e":"1 minute"},"schema":{"@context":"https:\/\/schema.org","@graph":[{"@type":"WebPage","@id":"https:\/\/www.cesenaticohotel.com\/fr\/hotels\/hotel-milano","url":"https:\/\/www.cesenaticohotel.com\/fr\/hotels\/hotel-milano","name":"H\u00f4tel Milano - Cesenatico Hotel","isPartOf":{"@id":"https:\/\/www.cesenaticohotel.com\/fr\/#website"},"datePublished":"2025-02-11T16:20:43+00:00","dateModified":"2025-03-27T08:47:25+00:00","breadcrumb":{"@id":"https:\/\/www.cesenaticohotel.com\/fr\/hotels\/hotel-milano#breadcrumb"},"inLanguage":"fr-FR","potentialAction":[{"@type":"ReadAction","target":["https:\/\/www.cesenaticohotel.com\/fr\/hotels\/hotel-milano"]}]},{"@type":"BreadcrumbList","@id":"https:\/\/www.cesenaticohotel.com\/fr\/hotels\/hotel-milano#breadcrumb","itemListElement":[{"@type":"ListItem","position":1,"name":"Home","item":"https:\/\/www.cesenaticohotel.com\/fr"},{"@type":"ListItem","position":2,"name":"H\u00f4tel","item":"https:\/\/www.cesenaticohotel.com\/fr\/hotels"},{"@type":"ListItem","position":3,"name":"H\u00f4tel Milano"}]},{"@type":"WebSite","@id":"https:\/\/www.cesenaticohotel.com\/fr\/#website","url":"https:\/\/www.cesenaticohotel.com\/fr\/","name":"Cesenatico Hotel","description":"","publisher":{"@id":"https:\/\/www.cesenaticohotel.com\/fr\/#organization"},"potentialAction":[{"@type":"SearchAction","target":{"@type":"EntryPoint","urlTemplate":"https:\/\/www.cesenaticohotel.com\/fr\/?s={search_term_string}"},"query-input":{"@type":"PropertyValueSpecification","valueRequired":true,"valueName":"search_term_string"}}],"inLanguage":"fr-FR"},{"@type":"Organization","@id":"https:\/\/www.cesenaticohotel.com\/fr\/#organization","name":"Cesenatico Hotel","url":"https:\/\/www.cesenaticohotel.com\/fr\/","logo":{"@type":"ImageObject","inLanguage":"fr-FR","@id":"https:\/\/www.cesenaticohotel.com\/fr\/#\/schema\/logo\/image\/","url":"https:\/\/www.cesenaticohotel.com\/wp-content\/uploads\/2023\/05\/logo-organizzazione.jpg","contentUrl":"https:\/\/www.cesenaticohotel.com\/wp-content\/uploads\/2023\/05\/logo-organizzazione.jpg","width":696,"height":696,"caption":"Cesenatico Hotel"},"image":{"@id":"https:\/\/www.cesenaticohotel.com\/fr\/#\/schema\/logo\/image\/"}}]}},"_links":{"self":[{"href":"https:\/\/www.cesenaticohotel.com\/fr\/wp-json\/wp\/v2\/pages\/9659","targetHints":{"allow":["GET"]}}],"collection":[{"href":"https:\/\/www.cesenaticohotel.com\/fr\/wp-json\/wp\/v2\/pages"}],"about":[{"href":"https:\/\/www.cesenaticohotel.com\/fr\/wp-json\/wp\/v2\/types\/page"}],"author":[{"embeddable":true,"href":"https:\/\/www.cesenaticohotel.com\/fr\/wp-json\/wp\/v2\/users\/1"}],"replies":[{"embeddable":true,"href":"https:\/\/www.cesenaticohotel.com\/fr\/wp-json\/wp\/v2\/comments?post=9659"}],"version-history":[{"count":3,"href":"https:\/\/www.cesenaticohotel.com\/fr\/wp-json\/wp\/v2\/pages\/9659\/revisions"}],"predecessor-version":[{"id":10235,"href":"https:\/\/www.cesenaticohotel.com\/fr\/wp-json\/wp\/v2\/pages\/9659\/revisions\/10235"}],"up":[{"embeddable":true,"href":"https:\/\/www.cesenaticohotel.com\/fr\/wp-json\/wp\/v2\/pages\/513"}],"wp:attachment":[{"href":"https:\/\/www.cesenaticohotel.com\/fr\/wp-json\/wp\/v2\/media?parent=9659"}],"curies":[{"name":"wp","href":"https:\/\/api.w.org\/{rel}","templated":true}]}}