{"id":9665,"date":"2025-02-11T17:48:43","date_gmt":"2025-02-11T16:48:43","guid":{"rendered":"https:\/\/www.cesenaticohotel.com\/hotels\/hotel-ori"},"modified":"2025-03-27T09:47:26","modified_gmt":"2025-03-27T08:47:26","slug":"hotel-ori","status":"publish","type":"page","link":"https:\/\/www.cesenaticohotel.com\/fr\/hotels\/hotel-ori","title":{"rendered":"Hotel Ori"},"content":{"rendered":"\n<p>Situ\u00e9 \u00e0 seulement <b>30 m\u00e8tres<\/b> <b>de la<\/b> <b>plage<\/b> et \u00e0 courte distance du centre de <b>Cesenatico<\/b>, l&#039;<b>H\u00f4tel Ori <\/b>offre la possibilit\u00e9 d\u2019un s\u00e9jour <b>all inclusive<\/b> sous le signe de la d\u00e9tente.<\/p>\n\n\n\n<!--more-->\n\n\n\n<p>L&#039;\u00e9tablissement dispose d&#039;une <b>magnifique piscine<\/b>, id\u00e9ale pour se rafra\u00eechir lors des chaudes journ\u00e9es estivales, d&#039;une cour avec <b>espace d\u00e9tente<\/b> et d&#039;une <b>terrasse<\/b> \u00e9quip\u00e9e.<\/p>\n\n\n\n<p>Le <b>restaurant <\/b>de l&#039;<b>H\u00f4tel Ori <\/b>propose des plats de la cuisine traditionnelle pr\u00e9par\u00e9s avec des ingr\u00e9dients soigneusement s\u00e9lectionn\u00e9s. En plus du petit-d\u00e9jeuner buffet, la formule all inclusive comprend le d\u00e9jeuner et le d\u00eener avec trois menus au choix, boissons incluses.<\/p>\n\n\n\n<p>Le service plage avec <b>un parasol et deux transats<\/b>, un <b>parking priv\u00e9<\/b> garanti et des <b>v\u00e9los<\/b> \u00e0 disposition pour explorer les environs sont \u00e9galement <b>inclus<\/b>. Sa <b>situation strat\u00e9gique<\/b> permet d&#039;acc\u00e9der facilement au Porto Canale, riche en boutiques et en lieux typiques.<\/p>\n","protected":false},"excerpt":{"rendered":"<p>Situ\u00e9 \u00e0 seulement 30 m\u00e8tres de la plage et \u00e0 courte distance du centre de Cesenatico, l&#039;H\u00f4tel Ori offre la possibilit\u00e9 d\u2019un s\u00e9jour all inclusive sous le signe de la d\u00e9tente.<\/p>\n","protected":false},"author":1,"featured_media":0,"parent":513,"menu_order":0,"comment_status":"closed","ping_status":"closed","template":"page-templates\/scheda_hotel.php","meta":{"_acf_changed":false,"inline_featured_image":false,"footnotes":""},"class_list":["post-9665","page","type-page","status-publish","hentry"],"acf":[],"yoast_head":"<!-- This site is optimized with the Yoast SEO plugin v27.0 - https:\/\/yoast.com\/product\/yoast-seo-wordpress\/ -->\n<title>Hotel Ori - Cesenatico Hotel<\/title>\n<meta name=\"robots\" content=\"index, follow, max-snippet:-1, max-image-preview:large, max-video-preview:-1\" \/>\n<link rel=\"canonical\" href=\"https:\/\/www.cesenaticohotel.com\/fr\/hotels\/hotel-ori\" \/>\n<meta property=\"og:locale\" content=\"fr_FR\" \/>\n<meta property=\"og:type\" content=\"article\" \/>\n<meta property=\"og:title\" content=\"Hotel Ori - Cesenatico Hotel\" \/>\n<meta property=\"og:description\" content=\"Situ\u00e9 \u00e0 seulement 30 m\u00e8tres de la plage et \u00e0 courte distance du centre de Cesenatico, l&#039;H\u00f4tel Ori offre la possibilit\u00e9 d\u2019un s\u00e9jour all inclusive sous le signe de la d\u00e9tente.\" \/>\n<meta property=\"og:url\" content=\"https:\/\/www.cesenaticohotel.com\/fr\/hotels\/hotel-ori\" \/>\n<meta property=\"og:site_name\" content=\"Cesenatico Hotel\" \/>\n<meta property=\"article:modified_time\" content=\"2025-03-27T08:47:26+00:00\" \/>\n<meta property=\"og:image\" content=\"https:\/\/www.cesenaticohotel.com\/wp-content\/uploads\/2023\/05\/immagine-sito.jpg\" \/>\n\t<meta property=\"og:image:width\" content=\"1200\" \/>\n\t<meta property=\"og:image:height\" content=\"675\" \/>\n\t<meta property=\"og:image:type\" content=\"image\/jpeg\" \/>\n<meta name=\"twitter:card\" content=\"summary_large_image\" \/>\n<meta name=\"twitter:label1\" content=\"Dur\u00e9e de lecture estim\u00e9e\" \/>\n\t<meta name=\"twitter:data1\" content=\"1 minute\" \/>\n<script type=\"application\/ld+json\" class=\"yoast-schema-graph\">{\"@context\":\"https:\/\/schema.org\",\"@graph\":[{\"@type\":\"WebPage\",\"@id\":\"https:\/\/www.cesenaticohotel.com\/fr\/hotels\/hotel-ori\",\"url\":\"https:\/\/www.cesenaticohotel.com\/fr\/hotels\/hotel-ori\",\"name\":\"Hotel Ori - Cesenatico Hotel\",\"isPartOf\":{\"@id\":\"https:\/\/www.cesenaticohotel.com\/fr\/#website\"},\"datePublished\":\"2025-02-11T16:48:43+00:00\",\"dateModified\":\"2025-03-27T08:47:26+00:00\",\"breadcrumb\":{\"@id\":\"https:\/\/www.cesenaticohotel.com\/fr\/hotels\/hotel-ori#breadcrumb\"},\"inLanguage\":\"fr-FR\",\"potentialAction\":[{\"@type\":\"ReadAction\",\"target\":[\"https:\/\/www.cesenaticohotel.com\/fr\/hotels\/hotel-ori\"]}]},{\"@type\":\"BreadcrumbList\",\"@id\":\"https:\/\/www.cesenaticohotel.com\/fr\/hotels\/hotel-ori#breadcrumb\",\"itemListElement\":[{\"@type\":\"ListItem\",\"position\":1,\"name\":\"Home\",\"item\":\"https:\/\/www.cesenaticohotel.com\/fr\"},{\"@type\":\"ListItem\",\"position\":2,\"name\":\"H\u00f4tel\",\"item\":\"https:\/\/www.cesenaticohotel.com\/fr\/hotels\"},{\"@type\":\"ListItem\",\"position\":3,\"name\":\"Hotel Ori\"}]},{\"@type\":\"WebSite\",\"@id\":\"https:\/\/www.cesenaticohotel.com\/fr\/#website\",\"url\":\"https:\/\/www.cesenaticohotel.com\/fr\/\",\"name\":\"Cesenatico Hotel\",\"description\":\"\",\"publisher\":{\"@id\":\"https:\/\/www.cesenaticohotel.com\/fr\/#organization\"},\"potentialAction\":[{\"@type\":\"SearchAction\",\"target\":{\"@type\":\"EntryPoint\",\"urlTemplate\":\"https:\/\/www.cesenaticohotel.com\/fr\/?s={search_term_string}\"},\"query-input\":{\"@type\":\"PropertyValueSpecification\",\"valueRequired\":true,\"valueName\":\"search_term_string\"}}],\"inLanguage\":\"fr-FR\"},{\"@type\":\"Organization\",\"@id\":\"https:\/\/www.cesenaticohotel.com\/fr\/#organization\",\"name\":\"Cesenatico Hotel\",\"url\":\"https:\/\/www.cesenaticohotel.com\/fr\/\",\"logo\":{\"@type\":\"ImageObject\",\"inLanguage\":\"fr-FR\",\"@id\":\"https:\/\/www.cesenaticohotel.com\/fr\/#\/schema\/logo\/image\/\",\"url\":\"https:\/\/www.cesenaticohotel.com\/wp-content\/uploads\/2023\/05\/logo-organizzazione.jpg\",\"contentUrl\":\"https:\/\/www.cesenaticohotel.com\/wp-content\/uploads\/2023\/05\/logo-organizzazione.jpg\",\"width\":696,\"height\":696,\"caption\":\"Cesenatico Hotel\"},\"image\":{\"@id\":\"https:\/\/www.cesenaticohotel.com\/fr\/#\/schema\/logo\/image\/\"}}]}<\/script>\n<!-- \/ Yoast SEO plugin. -->","yoast_head_json":{"title":"Hotel Ori - Cesenatico Hotel","robots":{"index":"index","follow":"follow","max-snippet":"max-snippet:-1","max-image-preview":"max-image-preview:large","max-video-preview":"max-video-preview:-1"},"canonical":"https:\/\/www.cesenaticohotel.com\/fr\/hotels\/hotel-ori","og_locale":"fr_FR","og_type":"article","og_title":"Hotel Ori - Cesenatico Hotel","og_description":"Situ\u00e9 \u00e0 seulement 30 m\u00e8tres de la plage et \u00e0 courte distance du centre de Cesenatico, l&#039;H\u00f4tel Ori offre la possibilit\u00e9 d\u2019un s\u00e9jour all inclusive sous le signe de la d\u00e9tente.","og_url":"https:\/\/www.cesenaticohotel.com\/fr\/hotels\/hotel-ori","og_site_name":"Cesenatico Hotel","article_modified_time":"2025-03-27T08:47:26+00:00","og_image":[{"width":1200,"height":675,"url":"https:\/\/www.cesenaticohotel.com\/wp-content\/uploads\/2023\/05\/immagine-sito.jpg","type":"image\/jpeg"}],"twitter_card":"summary_large_image","twitter_misc":{"Dur\u00e9e de lecture estim\u00e9e":"1 minute"},"schema":{"@context":"https:\/\/schema.org","@graph":[{"@type":"WebPage","@id":"https:\/\/www.cesenaticohotel.com\/fr\/hotels\/hotel-ori","url":"https:\/\/www.cesenaticohotel.com\/fr\/hotels\/hotel-ori","name":"Hotel Ori - Cesenatico Hotel","isPartOf":{"@id":"https:\/\/www.cesenaticohotel.com\/fr\/#website"},"datePublished":"2025-02-11T16:48:43+00:00","dateModified":"2025-03-27T08:47:26+00:00","breadcrumb":{"@id":"https:\/\/www.cesenaticohotel.com\/fr\/hotels\/hotel-ori#breadcrumb"},"inLanguage":"fr-FR","potentialAction":[{"@type":"ReadAction","target":["https:\/\/www.cesenaticohotel.com\/fr\/hotels\/hotel-ori"]}]},{"@type":"BreadcrumbList","@id":"https:\/\/www.cesenaticohotel.com\/fr\/hotels\/hotel-ori#breadcrumb","itemListElement":[{"@type":"ListItem","position":1,"name":"Home","item":"https:\/\/www.cesenaticohotel.com\/fr"},{"@type":"ListItem","position":2,"name":"H\u00f4tel","item":"https:\/\/www.cesenaticohotel.com\/fr\/hotels"},{"@type":"ListItem","position":3,"name":"Hotel Ori"}]},{"@type":"WebSite","@id":"https:\/\/www.cesenaticohotel.com\/fr\/#website","url":"https:\/\/www.cesenaticohotel.com\/fr\/","name":"Cesenatico Hotel","description":"","publisher":{"@id":"https:\/\/www.cesenaticohotel.com\/fr\/#organization"},"potentialAction":[{"@type":"SearchAction","target":{"@type":"EntryPoint","urlTemplate":"https:\/\/www.cesenaticohotel.com\/fr\/?s={search_term_string}"},"query-input":{"@type":"PropertyValueSpecification","valueRequired":true,"valueName":"search_term_string"}}],"inLanguage":"fr-FR"},{"@type":"Organization","@id":"https:\/\/www.cesenaticohotel.com\/fr\/#organization","name":"Cesenatico Hotel","url":"https:\/\/www.cesenaticohotel.com\/fr\/","logo":{"@type":"ImageObject","inLanguage":"fr-FR","@id":"https:\/\/www.cesenaticohotel.com\/fr\/#\/schema\/logo\/image\/","url":"https:\/\/www.cesenaticohotel.com\/wp-content\/uploads\/2023\/05\/logo-organizzazione.jpg","contentUrl":"https:\/\/www.cesenaticohotel.com\/wp-content\/uploads\/2023\/05\/logo-organizzazione.jpg","width":696,"height":696,"caption":"Cesenatico Hotel"},"image":{"@id":"https:\/\/www.cesenaticohotel.com\/fr\/#\/schema\/logo\/image\/"}}]}},"_links":{"self":[{"href":"https:\/\/www.cesenaticohotel.com\/fr\/wp-json\/wp\/v2\/pages\/9665","targetHints":{"allow":["GET"]}}],"collection":[{"href":"https:\/\/www.cesenaticohotel.com\/fr\/wp-json\/wp\/v2\/pages"}],"about":[{"href":"https:\/\/www.cesenaticohotel.com\/fr\/wp-json\/wp\/v2\/types\/page"}],"author":[{"embeddable":true,"href":"https:\/\/www.cesenaticohotel.com\/fr\/wp-json\/wp\/v2\/users\/1"}],"replies":[{"embeddable":true,"href":"https:\/\/www.cesenaticohotel.com\/fr\/wp-json\/wp\/v2\/comments?post=9665"}],"version-history":[{"count":2,"href":"https:\/\/www.cesenaticohotel.com\/fr\/wp-json\/wp\/v2\/pages\/9665\/revisions"}],"predecessor-version":[{"id":10236,"href":"https:\/\/www.cesenaticohotel.com\/fr\/wp-json\/wp\/v2\/pages\/9665\/revisions\/10236"}],"up":[{"embeddable":true,"href":"https:\/\/www.cesenaticohotel.com\/fr\/wp-json\/wp\/v2\/pages\/513"}],"wp:attachment":[{"href":"https:\/\/www.cesenaticohotel.com\/fr\/wp-json\/wp\/v2\/media?parent=9665"}],"curies":[{"name":"wp","href":"https:\/\/api.w.org\/{rel}","templated":true}]}}