{"id":970,"date":"2023-04-26T12:03:33","date_gmt":"2023-04-26T10:03:33","guid":{"rendered":"https:\/\/www.cesenaticohotel.com\/hotels\/cesenatico-camping-village"},"modified":"2023-08-22T09:07:19","modified_gmt":"2023-08-22T07:07:19","slug":"cesenatico-camping-village","status":"publish","type":"page","link":"https:\/\/www.cesenaticohotel.com\/fr\/hotels\/cesenatico-camping-village","title":{"rendered":"Cesenatico Camping Village"},"content":{"rendered":"\n<p>Il <b>Cesenatico Camping Village<\/b> est nich\u00e9 dans la verdure et se trouve juste en face de la <b>plage priv\u00e9e<\/b> avec une aire de jeux pour enfants, des terrains de sport et beaucoup d&#039;espace entre les parasols. Un emplacement parfait pour des vacances ax\u00e9es sur la d\u00e9tente en plein air et le divertissement, <b>accessible m\u00eame aux personnes \u00e0 mobilit\u00e9 r\u00e9duite<\/b>.<\/p>\n\n\n\n<!--more-->\n\n\n\n<p>Le camping dispose <b>d&#039;un beau parc aquatique avec une piscine semi-olympique<\/b>, une <b>piscine moyenne<\/b> pour les enfants et une <b>petite piscine<\/b> id\u00e9ale pour les b\u00e9b\u00e9s, <b>2 bains \u00e0 remous<\/b>, un <b>sauna <\/b>et un bain turc, 4000 m\u00b2 de solarium avec parasols et chaises longues, un <b>kiosque<\/b> au bord de la piscine pour des glaces et des cocktails frais.<\/p>\n\n\n\n<p>Un <b>riche programme d&#039;animation<\/b> avec des activit\u00e9s diurnes et nocturnes est con\u00e7u pour divertir les adultes et les enfants de tous \u00e2ges: Mini Club de 4 \u00e0 8 ans; Junior Club de 9 \u00e0 12 ans; Teen Club pour les adolescents de 13 \u00e0 17 ans; activit\u00e9s sportives, fitness et promenades pour les adultes.<\/p>\n\n\n\n<p>Au Cesenatico Camping Village, les <b>animaux sont les bienvenus<\/b> dans les <b>mobil-homes Pet Friendly<\/b>, dans l&#039;espace \u00e9quip\u00e9 pour le bain, et dans la zone de lavage pour chiens. \u00c0 proximit\u00e9 du camping, il y a une plage pour animaux affili\u00e9e.<\/p>\n\n\n\n<p>\u00c0 l&#039;int\u00e9rieur du camping et \u00e0 la plage, vous trouverez des <b>bars<\/b>, des <b>restaurants<\/b>, des <b>pizzerias<\/b> et des <b>kiosques \u00e0 piadina<\/b>, vous permettant de d\u00e9cider librement ce que vous souhaitez manger chaque jour parmi de d\u00e9licieux plats de viande et de poisson, des l\u00e9gumes frais, des salades, des collations app\u00e9tissantes, des ap\u00e9ritifs ou un d\u00e9licieux dessert. Le <b>petit-d\u00e9jeuner<\/b> est sous forme de buffet avec des brioches, des tartes, des g\u00e2teaux, des beignets, des biscuits, des charcuteries, des fromages, des \u0153ufs, du bacon, des yaourts, des fruits frais et bien plus encore. Vous avez \u00e9galement la possibilit\u00e9 de choisir des <b>formules en demi-pension ou pension compl\u00e8te<\/b>, avec deux premiers plats et deux plats principaux au choix, ou bien pizza, fruits, dessert, eau, 1\/4 de vin par personne, boissons \u00e0 la pression.<\/p>\n","protected":false},"excerpt":{"rendered":"<p>Il Cesenatico Camping Village est nich\u00e9 dans la verdure et se trouve juste en face de la plage priv\u00e9e avec une aire de jeux pour enfants, des terrains de sport et beaucoup d&#039;espace entre les parasols. Un emplacement parfait pour des vacances ax\u00e9es sur la d\u00e9tente en plein air et le divertissement, accessible m\u00eame aux &hellip;<\/p>\n","protected":false},"author":1,"featured_media":0,"parent":513,"menu_order":0,"comment_status":"closed","ping_status":"closed","template":"page-templates\/scheda_hotel.php","meta":{"_acf_changed":false,"inline_featured_image":false,"footnotes":""},"class_list":["post-970","page","type-page","status-publish","hentry"],"acf":[],"yoast_head":"<!-- This site is optimized with the Yoast SEO plugin v27.0 - https:\/\/yoast.com\/product\/yoast-seo-wordpress\/ -->\n<title>Camping Village Cesenatico***: pet hotel avec centre de bien-\u00eatre<\/title>\n<meta name=\"description\" content=\"Le Camping Village Cesenatico dispose d&#039;une plage priv\u00e9e avec animation et parc aquatique! Accessible aux personnes \u00e0 mobilit\u00e9 r\u00e9duite. Animaux bienvenus.\" \/>\n<meta name=\"robots\" content=\"index, follow, max-snippet:-1, max-image-preview:large, max-video-preview:-1\" \/>\n<link rel=\"canonical\" href=\"https:\/\/www.cesenaticohotel.com\/fr\/hotels\/cesenatico-camping-village\" \/>\n<meta property=\"og:locale\" content=\"fr_FR\" \/>\n<meta property=\"og:type\" content=\"article\" \/>\n<meta property=\"og:title\" content=\"Camping Village Cesenatico***: pet hotel avec centre de bien-\u00eatre\" \/>\n<meta property=\"og:description\" content=\"Le Camping Village Cesenatico dispose d&#039;une plage priv\u00e9e avec animation et parc aquatique! Accessible aux personnes \u00e0 mobilit\u00e9 r\u00e9duite. Animaux bienvenus.\" \/>\n<meta property=\"og:url\" content=\"https:\/\/www.cesenaticohotel.com\/fr\/hotels\/cesenatico-camping-village\" \/>\n<meta property=\"og:site_name\" content=\"Cesenatico Hotel\" \/>\n<meta property=\"article:modified_time\" content=\"2023-08-22T07:07:19+00:00\" \/>\n<meta property=\"og:image\" content=\"https:\/\/www.cesenaticohotel.com\/wp-content\/uploads\/2023\/05\/immagine-sito.jpg\" \/>\n\t<meta property=\"og:image:width\" content=\"1200\" \/>\n\t<meta property=\"og:image:height\" content=\"675\" \/>\n\t<meta property=\"og:image:type\" content=\"image\/jpeg\" \/>\n<meta name=\"twitter:card\" content=\"summary_large_image\" \/>\n<meta name=\"twitter:label1\" content=\"Dur\u00e9e de lecture estim\u00e9e\" \/>\n\t<meta name=\"twitter:data1\" content=\"2 minutes\" \/>\n<script type=\"application\/ld+json\" class=\"yoast-schema-graph\">{\"@context\":\"https:\/\/schema.org\",\"@graph\":[{\"@type\":\"WebPage\",\"@id\":\"https:\/\/www.cesenaticohotel.com\/fr\/hotels\/cesenatico-camping-village\",\"url\":\"https:\/\/www.cesenaticohotel.com\/fr\/hotels\/cesenatico-camping-village\",\"name\":\"Camping Village Cesenatico***: pet hotel avec centre de bien-\u00eatre\",\"isPartOf\":{\"@id\":\"https:\/\/www.cesenaticohotel.com\/fr\/#website\"},\"datePublished\":\"2023-04-26T10:03:33+00:00\",\"dateModified\":\"2023-08-22T07:07:19+00:00\",\"description\":\"Le Camping Village Cesenatico dispose d'une plage priv\u00e9e avec animation et parc aquatique! Accessible aux personnes \u00e0 mobilit\u00e9 r\u00e9duite. Animaux bienvenus.\",\"breadcrumb\":{\"@id\":\"https:\/\/www.cesenaticohotel.com\/fr\/hotels\/cesenatico-camping-village#breadcrumb\"},\"inLanguage\":\"fr-FR\",\"potentialAction\":[{\"@type\":\"ReadAction\",\"target\":[\"https:\/\/www.cesenaticohotel.com\/fr\/hotels\/cesenatico-camping-village\"]}]},{\"@type\":\"BreadcrumbList\",\"@id\":\"https:\/\/www.cesenaticohotel.com\/fr\/hotels\/cesenatico-camping-village#breadcrumb\",\"itemListElement\":[{\"@type\":\"ListItem\",\"position\":1,\"name\":\"Home\",\"item\":\"https:\/\/www.cesenaticohotel.com\/fr\"},{\"@type\":\"ListItem\",\"position\":2,\"name\":\"H\u00f4tel\",\"item\":\"https:\/\/www.cesenaticohotel.com\/fr\/hotels\"},{\"@type\":\"ListItem\",\"position\":3,\"name\":\"Cesenatico Camping Village\"}]},{\"@type\":\"WebSite\",\"@id\":\"https:\/\/www.cesenaticohotel.com\/fr\/#website\",\"url\":\"https:\/\/www.cesenaticohotel.com\/fr\/\",\"name\":\"Cesenatico Hotel\",\"description\":\"\",\"publisher\":{\"@id\":\"https:\/\/www.cesenaticohotel.com\/fr\/#organization\"},\"potentialAction\":[{\"@type\":\"SearchAction\",\"target\":{\"@type\":\"EntryPoint\",\"urlTemplate\":\"https:\/\/www.cesenaticohotel.com\/fr\/?s={search_term_string}\"},\"query-input\":{\"@type\":\"PropertyValueSpecification\",\"valueRequired\":true,\"valueName\":\"search_term_string\"}}],\"inLanguage\":\"fr-FR\"},{\"@type\":\"Organization\",\"@id\":\"https:\/\/www.cesenaticohotel.com\/fr\/#organization\",\"name\":\"Cesenatico Hotel\",\"url\":\"https:\/\/www.cesenaticohotel.com\/fr\/\",\"logo\":{\"@type\":\"ImageObject\",\"inLanguage\":\"fr-FR\",\"@id\":\"https:\/\/www.cesenaticohotel.com\/fr\/#\/schema\/logo\/image\/\",\"url\":\"https:\/\/www.cesenaticohotel.com\/wp-content\/uploads\/2023\/05\/logo-organizzazione.jpg\",\"contentUrl\":\"https:\/\/www.cesenaticohotel.com\/wp-content\/uploads\/2023\/05\/logo-organizzazione.jpg\",\"width\":696,\"height\":696,\"caption\":\"Cesenatico Hotel\"},\"image\":{\"@id\":\"https:\/\/www.cesenaticohotel.com\/fr\/#\/schema\/logo\/image\/\"}}]}<\/script>\n<!-- \/ Yoast SEO plugin. -->","yoast_head_json":{"title":"Camping Village Cesenatico***: pet hotel avec centre de bien-\u00eatre","description":"Le Camping Village Cesenatico dispose d'une plage priv\u00e9e avec animation et parc aquatique! Accessible aux personnes \u00e0 mobilit\u00e9 r\u00e9duite. Animaux bienvenus.","robots":{"index":"index","follow":"follow","max-snippet":"max-snippet:-1","max-image-preview":"max-image-preview:large","max-video-preview":"max-video-preview:-1"},"canonical":"https:\/\/www.cesenaticohotel.com\/fr\/hotels\/cesenatico-camping-village","og_locale":"fr_FR","og_type":"article","og_title":"Camping Village Cesenatico***: pet hotel avec centre de bien-\u00eatre","og_description":"Le Camping Village Cesenatico dispose d'une plage priv\u00e9e avec animation et parc aquatique! Accessible aux personnes \u00e0 mobilit\u00e9 r\u00e9duite. Animaux bienvenus.","og_url":"https:\/\/www.cesenaticohotel.com\/fr\/hotels\/cesenatico-camping-village","og_site_name":"Cesenatico Hotel","article_modified_time":"2023-08-22T07:07:19+00:00","og_image":[{"width":1200,"height":675,"url":"https:\/\/www.cesenaticohotel.com\/wp-content\/uploads\/2023\/05\/immagine-sito.jpg","type":"image\/jpeg"}],"twitter_card":"summary_large_image","twitter_misc":{"Dur\u00e9e de lecture estim\u00e9e":"2 minutes"},"schema":{"@context":"https:\/\/schema.org","@graph":[{"@type":"WebPage","@id":"https:\/\/www.cesenaticohotel.com\/fr\/hotels\/cesenatico-camping-village","url":"https:\/\/www.cesenaticohotel.com\/fr\/hotels\/cesenatico-camping-village","name":"Camping Village Cesenatico***: pet hotel avec centre de bien-\u00eatre","isPartOf":{"@id":"https:\/\/www.cesenaticohotel.com\/fr\/#website"},"datePublished":"2023-04-26T10:03:33+00:00","dateModified":"2023-08-22T07:07:19+00:00","description":"Le Camping Village Cesenatico dispose d'une plage priv\u00e9e avec animation et parc aquatique! Accessible aux personnes \u00e0 mobilit\u00e9 r\u00e9duite. Animaux bienvenus.","breadcrumb":{"@id":"https:\/\/www.cesenaticohotel.com\/fr\/hotels\/cesenatico-camping-village#breadcrumb"},"inLanguage":"fr-FR","potentialAction":[{"@type":"ReadAction","target":["https:\/\/www.cesenaticohotel.com\/fr\/hotels\/cesenatico-camping-village"]}]},{"@type":"BreadcrumbList","@id":"https:\/\/www.cesenaticohotel.com\/fr\/hotels\/cesenatico-camping-village#breadcrumb","itemListElement":[{"@type":"ListItem","position":1,"name":"Home","item":"https:\/\/www.cesenaticohotel.com\/fr"},{"@type":"ListItem","position":2,"name":"H\u00f4tel","item":"https:\/\/www.cesenaticohotel.com\/fr\/hotels"},{"@type":"ListItem","position":3,"name":"Cesenatico Camping Village"}]},{"@type":"WebSite","@id":"https:\/\/www.cesenaticohotel.com\/fr\/#website","url":"https:\/\/www.cesenaticohotel.com\/fr\/","name":"Cesenatico Hotel","description":"","publisher":{"@id":"https:\/\/www.cesenaticohotel.com\/fr\/#organization"},"potentialAction":[{"@type":"SearchAction","target":{"@type":"EntryPoint","urlTemplate":"https:\/\/www.cesenaticohotel.com\/fr\/?s={search_term_string}"},"query-input":{"@type":"PropertyValueSpecification","valueRequired":true,"valueName":"search_term_string"}}],"inLanguage":"fr-FR"},{"@type":"Organization","@id":"https:\/\/www.cesenaticohotel.com\/fr\/#organization","name":"Cesenatico Hotel","url":"https:\/\/www.cesenaticohotel.com\/fr\/","logo":{"@type":"ImageObject","inLanguage":"fr-FR","@id":"https:\/\/www.cesenaticohotel.com\/fr\/#\/schema\/logo\/image\/","url":"https:\/\/www.cesenaticohotel.com\/wp-content\/uploads\/2023\/05\/logo-organizzazione.jpg","contentUrl":"https:\/\/www.cesenaticohotel.com\/wp-content\/uploads\/2023\/05\/logo-organizzazione.jpg","width":696,"height":696,"caption":"Cesenatico Hotel"},"image":{"@id":"https:\/\/www.cesenaticohotel.com\/fr\/#\/schema\/logo\/image\/"}}]}},"_links":{"self":[{"href":"https:\/\/www.cesenaticohotel.com\/fr\/wp-json\/wp\/v2\/pages\/970","targetHints":{"allow":["GET"]}}],"collection":[{"href":"https:\/\/www.cesenaticohotel.com\/fr\/wp-json\/wp\/v2\/pages"}],"about":[{"href":"https:\/\/www.cesenaticohotel.com\/fr\/wp-json\/wp\/v2\/types\/page"}],"author":[{"embeddable":true,"href":"https:\/\/www.cesenaticohotel.com\/fr\/wp-json\/wp\/v2\/users\/1"}],"replies":[{"embeddable":true,"href":"https:\/\/www.cesenaticohotel.com\/fr\/wp-json\/wp\/v2\/comments?post=970"}],"version-history":[{"count":2,"href":"https:\/\/www.cesenaticohotel.com\/fr\/wp-json\/wp\/v2\/pages\/970\/revisions"}],"predecessor-version":[{"id":5716,"href":"https:\/\/www.cesenaticohotel.com\/fr\/wp-json\/wp\/v2\/pages\/970\/revisions\/5716"}],"up":[{"embeddable":true,"href":"https:\/\/www.cesenaticohotel.com\/fr\/wp-json\/wp\/v2\/pages\/513"}],"wp:attachment":[{"href":"https:\/\/www.cesenaticohotel.com\/fr\/wp-json\/wp\/v2\/media?parent=970"}],"curies":[{"name":"wp","href":"https:\/\/api.w.org\/{rel}","templated":true}]}}